{"id":10144,"date":"2020-07-06T12:45:15","date_gmt":"2020-07-06T10:45:15","guid":{"rendered":"https:\/\/www.pacteindustrial.org\/?page_id=10144"},"modified":"2021-02-26T10:24:53","modified_gmt":"2021-02-26T08:24:53","slug":"avis-legal","status":"publish","type":"page","link":"https:\/\/www.pacteindustrial.org\/ca\/avis-legal\/","title":{"rendered":"Av\u00eds Legal"},"content":{"rendered":"\t\t<div data-elementor-type=\"wp-page\" data-elementor-id=\"10144\" class=\"elementor elementor-10144\" data-elementor-settings=\"[]\">\n\t\t\t\t\t\t<div class=\"elementor-inner\">\n\t\t\t\t\t\t\t<div class=\"elementor-section-wrap\">\n\t\t\t\t\t\t\t<section class=\"elementor-section elementor-top-section elementor-element elementor-element-19096774 elementor-section-boxed elementor-section-height-default elementor-section-height-default\" data-id=\"19096774\" data-element_type=\"section\">\n\t\t\t\t\t\t<div class=\"elementor-container elementor-column-gap-default\">\n\t\t\t\t\t\t\t<div class=\"elementor-row\">\n\t\t\t\t\t<div class=\"elementor-column elementor-col-100 elementor-top-column elementor-element elementor-element-c4225f3\" data-id=\"c4225f3\" data-element_type=\"column\">\n\t\t\t<div class=\"elementor-column-wrap elementor-element-populated\">\n\t\t\t\t\t\t\t<div class=\"elementor-widget-wrap\">\n\t\t\t\t\t\t<div class=\"elementor-element elementor-element-889a806 elementor-widget elementor-widget-heading\" data-id=\"889a806\" data-element_type=\"widget\" data-widget_type=\"heading.default\">\n\t\t\t\t<div class=\"elementor-widget-container\">\n\t\t\t<h2 class=\"elementor-heading-title elementor-size-default\"><h1>Av\u00eds legal<\/h1><\/h2>\t\t<\/div>\n\t\t\t\t<\/div>\n\t\t\t\t<div class=\"elementor-element elementor-element-1613d5d3 elementor-widget elementor-widget-text-editor\" data-id=\"1613d5d3\" data-element_type=\"widget\" data-widget_type=\"text-editor.default\">\n\t\t\t\t<div class=\"elementor-widget-container\">\n\t\t\t\t\t\t\t\t<div class=\"elementor-text-editor elementor-clearfix\">\n\t\t\t\t\t<p>El titular del lloc web allotjat a la URL <strong>www.pacteindustrial.org<\/strong> \u00e9s l&#8217;<strong>Associaci\u00f3 Pacte Industrial de la Regi\u00f3 Metropolitana de Barcelona<\/strong>, les dades d\u2019identificaci\u00f3 de la qual s\u00f3n les seg\u00fcents:<\/p>\n<p>\u00a0<\/p>\n<ul>\n<li>Adre\u00e7a: Can Masover. Parc Can Buxeres. Av. Josep Tarradellas s\/n. 08906 L\u2019Hospitalet de Llobregat<\/li>\n<li>CIF: G-61524070<\/li>\n<li>Tel\u00e8fon:\u00a093 260 02 22<\/li>\n<li>Dades registrals: L&#8217;Associaci\u00f3 Pacte Industrial de la Regi\u00f3 Metropolitana de Barcelona est\u00e0 inscrita en el Registre d&#8217;Associacions, de la Direcci\u00f3 General de Dret i d&#8217;Entitats Jur\u00eddiques del Departament de Just\u00edcia de la Generalitat de Catalunya, amb el n\u00famero 20424 de la secci\u00f3 1a del Registre de Barcelona (resoluci\u00f3 amb data 26 de febrer de 1998).<\/li>\n<\/ul>\t\t\t\t\t<\/div>\n\t\t\t\t\t\t<\/div>\n\t\t\t\t<\/div>\n\t\t\t\t<div class=\"elementor-element elementor-element-f4d0ea5 elementor-widget elementor-widget-text-editor\" data-id=\"f4d0ea5\" data-element_type=\"widget\" data-widget_type=\"text-editor.default\">\n\t\t\t\t<div class=\"elementor-widget-container\">\n\t\t\t\t\t\t\t\t<div class=\"elementor-text-editor elementor-clearfix\">\n\t\t\t\t\t<h4><span style=\"font-weight: bolder;\">Propietat intel\u00b7lectual i Industrial relativa a el contingut de la web<\/span><\/h4>\n<div><span style=\"font-weight: bolder;\">\u00a0<\/span><\/div>\n<p>La totalitat d&#8217;aquesta p\u00e0gina: text, imatges, marques, gr\u00e0fics, logotips, combinacions de colors, aix\u00ed com l&#8217;estructura, selecci\u00f3, ordenaci\u00f3 i presentaci\u00f3 dels seus continguts, es troba protegida per les lleis sobre Propietat Intel\u00b7lectual i industrial, quedant prohibida la seva reproducci\u00f3, distribuci\u00f3, comunicaci\u00f3 p\u00fablica i transformaci\u00f3, excepte per a \u00fas personal i privat.<\/p>\n<p>\u00a0<\/p>\n<p>\u00a0<\/p>\n<p>El bon o mal \u00fas d&#8217;aquesta p\u00e0gina i dels seus continguts est\u00e0 sota la responsabilitat de l&#8217;usuari.<\/p>\n<p>\u00a0<\/p>\n<p><!-- \/wp:paragraph --><\/p>\n<p><!-- wp:paragraph --><\/p>\n<p>Aix\u00ed mateix, queda prohibida la reproducci\u00f3, retransmissi\u00f3, c\u00f2pia, cessi\u00f3 o redifusi\u00f3, total o parcial, de la informaci\u00f3 continguda en la p\u00e0gina (www.pacteindustrial.org), qualsevol que fos la seva finalitat i el mitj\u00e0 utilitzat per a aix\u00f2, sense autoritzaci\u00f3 pr\u00e8via de l&#8217;Associaci\u00f3 Pacte Industrial de la Regi\u00f3 Metropolitana de Barcelona.<\/p>\n<p>\u00a0<\/p>\n<p>La vulneraci\u00f3 dels drets de propietat intel\u00b7lectual i industrial continguts en aquest lloc web, aix\u00ed com la infracci\u00f3 de la normativa que els protegeix, comportar\u00e0 les responsabilitats civils i \/ o penals que en cada cas corresponguin.<\/p>\n<p>\u00a0<\/p>\n<p><!-- \/wp:paragraph --><\/p>\n<p><!-- wp:paragraph --><\/p>\n<p>El Pacte Industrial no garanteix que el web i el servidor estiguin lliures de virus i no es fa responsable dels danys causats per l&#8217;acc\u00e9s al web o per la impossibilitat d&#8217;accedir-hi.<\/p>\n<p>\u00a0<\/p>\n<p>\u00a0<\/p>\n<p><!-- \/wp:paragraph --><\/p>\n<p><!-- wp:paragraph --><\/p>\n<p><strong>Enlla\u00e7os<\/strong><\/p>\n<p><!-- \/wp:paragraph --><\/p>\n<p><!-- wp:paragraph --><\/p>\n<p>El web posa a la disposici\u00f3 dels usuaris enlla\u00e7os que els permeten accedir a p\u00e0gines web de tercers amb l\u2019objectiu facilitar la recerca de continguts, informaci\u00f3 i serveis disponibles a Internet. El fet d\u2019incloure enlla\u00e7os no implica necess\u00e0riament l\u2019acceptaci\u00f3 i aprovaci\u00f3\u00a0dels continguts i\/o els serveis de la p\u00e0gina web enlla\u00e7ada.<\/p>\n<p>\u00a0<\/p>\n<p>\u00a0<\/p>\n<p><!-- \/wp:paragraph --><\/p>\n<p><!-- wp:heading {\"level\":4} --><\/p>\n<h4><strong>Conflictes i compet\u00e8ncia judicial<\/strong><\/h4>\n<p><!-- \/wp:heading --><\/p>\n<p><!-- wp:paragraph --><\/p>\n<p>Els possibles conflictes relatius a aquesta web es regiran exclusivament per la legislaci\u00f3 espanyola i catalana, essent els jutjats de L\u2019Hospitalet de Llobregat els \u00fanics competents. Tota persona, independentment de la jurisdicci\u00f3 territorial des de la qual es produeixi el seu acc\u00e9s, accepta el compliment i respecte d\u2019aquesta cl\u00e0usula amb ren\u00fancia expressa a qualsevol altre fur que li pogu\u00e9s correspondre.<\/p>\n<p><!-- \/wp:paragraph --><\/p>\t\t\t\t\t<\/div>\n\t\t\t\t\t\t<\/div>\n\t\t\t\t<\/div>\n\t\t\t\t\t\t<\/div>\n\t\t\t\t\t<\/div>\n\t\t<\/div>\n\t\t\t\t\t\t\t\t<\/div>\n\t\t\t\t\t<\/div>\n\t\t<\/section>\n\t\t\t\t\t\t<\/div>\n\t\t\t\t\t\t<\/div>\n\t\t\t\t\t<\/div>\n\t\t","protected":false},"excerpt":{"rendered":"<p>Av\u00eds legal El titular del lloc web allotjat a la URL www.pacteindustrial.org \u00e9s l&#8217;Associaci\u00f3 Pacte Industrial de la Regi\u00f3 Metropolitana de Barcelona, les dades d\u2019identificaci\u00f3 de la qual s\u00f3n les seg\u00fcents: \u00a0 Adre\u00e7a: Can Masover. Parc Can Buxeres. Av. Josep Tarradellas s\/n. 08906 L\u2019Hospitalet de Llobregat CIF: G-61524070 Tel\u00e8fon:\u00a093 260 02 22 Dades registrals: L&#8217;Associaci\u00f3 [&#8230;]<\/p>\n","protected":false},"author":1,"featured_media":0,"parent":0,"menu_order":0,"comment_status":"closed","ping_status":"closed","template":"elementor_header_footer","meta":[],"yoast_head":"<!-- This site is optimized with the Yoast SEO plugin v16.1.1 - https:\/\/yoast.com\/wordpress\/plugins\/seo\/ -->\n<title>Av\u00eds Legal - Pacte Industrial RMB<\/title>\n<link rel=\"canonical\" href=\"https:\/\/www.pacteindustrial.org\/ca\/avis-legal\/\" \/>\n<meta property=\"og:locale\" content=\"ca_ES\" \/>\n<meta property=\"og:type\" content=\"article\" \/>\n<meta property=\"og:title\" content=\"Av\u00eds Legal - Pacte Industrial RMB\" \/>\n<meta property=\"og:description\" content=\"Av\u00eds legal El titular del lloc web allotjat a la URL www.pacteindustrial.org \u00e9s l&#8217;Associaci\u00f3 Pacte Industrial de la Regi\u00f3 Metropolitana de Barcelona, les dades d\u2019identificaci\u00f3 de la qual s\u00f3n les seg\u00fcents: \u00a0 Adre\u00e7a: Can Masover. Parc Can Buxeres. Av. Josep Tarradellas s\/n. 08906 L\u2019Hospitalet de Llobregat CIF: G-61524070 Tel\u00e8fon:\u00a093 260 02 22 Dades registrals: L&#8217;Associaci\u00f3 [...]\" \/>\n<meta property=\"og:url\" content=\"https:\/\/www.pacteindustrial.org\/ca\/avis-legal\/\" \/>\n<meta property=\"og:site_name\" content=\"Pacte Industrial RMB\" \/>\n<meta property=\"article:modified_time\" content=\"2021-02-26T08:24:53+00:00\" \/>\n<meta name=\"twitter:card\" content=\"summary_large_image\" \/>\n<meta name=\"twitter:label1\" content=\"Temps estimat de lectura\">\n\t<meta name=\"twitter:data1\" content=\"2 minuts\">\n<script type=\"application\/ld+json\" class=\"yoast-schema-graph\">{\"@context\":\"https:\/\/schema.org\",\"@graph\":[{\"@type\":\"WebSite\",\"@id\":\"https:\/\/www.pacteindustrial.org\/ca\/#website\",\"url\":\"https:\/\/www.pacteindustrial.org\/ca\/\",\"name\":\"Pacte Industrial RMB\",\"description\":\"\",\"potentialAction\":[{\"@type\":\"SearchAction\",\"target\":\"https:\/\/www.pacteindustrial.org\/ca\/?s={search_term_string}\",\"query-input\":\"required name=search_term_string\"}],\"inLanguage\":\"ca\"},{\"@type\":\"WebPage\",\"@id\":\"https:\/\/www.pacteindustrial.org\/ca\/avis-legal\/#webpage\",\"url\":\"https:\/\/www.pacteindustrial.org\/ca\/avis-legal\/\",\"name\":\"Av\\u00eds Legal - Pacte Industrial RMB\",\"isPartOf\":{\"@id\":\"https:\/\/www.pacteindustrial.org\/ca\/#website\"},\"datePublished\":\"2020-07-06T10:45:15+00:00\",\"dateModified\":\"2021-02-26T08:24:53+00:00\",\"breadcrumb\":{\"@id\":\"https:\/\/www.pacteindustrial.org\/ca\/avis-legal\/#breadcrumb\"},\"inLanguage\":\"ca\",\"potentialAction\":[{\"@type\":\"ReadAction\",\"target\":[\"https:\/\/www.pacteindustrial.org\/ca\/avis-legal\/\"]}]},{\"@type\":\"BreadcrumbList\",\"@id\":\"https:\/\/www.pacteindustrial.org\/ca\/avis-legal\/#breadcrumb\",\"itemListElement\":[{\"@type\":\"ListItem\",\"position\":1,\"item\":{\"@type\":\"WebPage\",\"@id\":\"https:\/\/www.pacteindustrial.org\/ca\/\",\"url\":\"https:\/\/www.pacteindustrial.org\/ca\/\",\"name\":\"Home\"}},{\"@type\":\"ListItem\",\"position\":2,\"item\":{\"@type\":\"WebPage\",\"@id\":\"https:\/\/www.pacteindustrial.org\/ca\/avis-legal\/\",\"url\":\"https:\/\/www.pacteindustrial.org\/ca\/avis-legal\/\",\"name\":\"Av\\u00eds Legal\"}}]}]}<\/script>\n<!-- \/ Yoast SEO plugin. -->","_links":{"self":[{"href":"https:\/\/www.pacteindustrial.org\/ca\/wp-json\/wp\/v2\/pages\/10144"}],"collection":[{"href":"https:\/\/www.pacteindustrial.org\/ca\/wp-json\/wp\/v2\/pages"}],"about":[{"href":"https:\/\/www.pacteindustrial.org\/ca\/wp-json\/wp\/v2\/types\/page"}],"author":[{"embeddable":true,"href":"https:\/\/www.pacteindustrial.org\/ca\/wp-json\/wp\/v2\/users\/1"}],"replies":[{"embeddable":true,"href":"https:\/\/www.pacteindustrial.org\/ca\/wp-json\/wp\/v2\/comments?post=10144"}],"version-history":[{"count":14,"href":"https:\/\/www.pacteindustrial.org\/ca\/wp-json\/wp\/v2\/pages\/10144\/revisions"}],"predecessor-version":[{"id":13589,"href":"https:\/\/www.pacteindustrial.org\/ca\/wp-json\/wp\/v2\/pages\/10144\/revisions\/13589"}],"wp:attachment":[{"href":"https:\/\/www.pacteindustrial.org\/ca\/wp-json\/wp\/v2\/media?parent=10144"}],"curies":[{"name":"wp","href":"https:\/\/api.w.org\/{rel}","templated":true}]}}