{"id":10158,"date":"2020-07-06T13:34:51","date_gmt":"2020-07-06T11:34:51","guid":{"rendered":"https:\/\/www.pacteindustrial.org\/?page_id=10158"},"modified":"2025-04-24T16:31:35","modified_gmt":"2025-04-24T14:31:35","slug":"politica-de-cookies","status":"publish","type":"page","link":"https:\/\/www.pacteindustrial.org\/ca\/politica-de-cookies\/","title":{"rendered":"Pol\u00edtica de cookies"},"content":{"rendered":"\t\t<div data-elementor-type=\"wp-page\" data-elementor-id=\"10158\" class=\"elementor elementor-10158\" data-elementor-settings=\"[]\">\n\t\t\t\t\t\t<div class=\"elementor-inner\">\n\t\t\t\t\t\t\t<div class=\"elementor-section-wrap\">\n\t\t\t\t\t\t\t<section class=\"elementor-section elementor-top-section elementor-element elementor-element-ea538d1 elementor-section-boxed elementor-section-height-default elementor-section-height-default\" data-id=\"ea538d1\" data-element_type=\"section\">\n\t\t\t\t\t\t<div class=\"elementor-container elementor-column-gap-default\">\n\t\t\t\t\t\t\t<div class=\"elementor-row\">\n\t\t\t\t\t<div class=\"elementor-column elementor-col-100 elementor-top-column elementor-element elementor-element-4714ffd\" data-id=\"4714ffd\" data-element_type=\"column\">\n\t\t\t<div class=\"elementor-column-wrap elementor-element-populated\">\n\t\t\t\t\t\t\t<div class=\"elementor-widget-wrap\">\n\t\t\t\t\t\t<div class=\"elementor-element elementor-element-575fcff elementor-widget elementor-widget-heading\" data-id=\"575fcff\" data-element_type=\"widget\" data-widget_type=\"heading.default\">\n\t\t\t\t<div class=\"elementor-widget-container\">\n\t\t\t<h2 class=\"elementor-heading-title elementor-size-default\"><h1>Pol\u00edtica de cookies<\/h1><\/h2>\t\t<\/div>\n\t\t\t\t<\/div>\n\t\t\t\t<div class=\"elementor-element elementor-element-6f50cef elementor-widget elementor-widget-text-editor\" data-id=\"6f50cef\" data-element_type=\"widget\" data-widget_type=\"text-editor.default\">\n\t\t\t\t<div class=\"elementor-widget-container\">\n\t\t\t\t\t\t\t\t<div class=\"elementor-text-editor elementor-clearfix\">\n\t\t\t\t\t<p>Mitjan\u00e7ant l\u2019acc\u00e9s i \u00fas del web, acceptes que Pacte Industrial pot utilitzar <em>cookies<\/em> pr\u00f2pies i de tercers, de sessi\u00f3 i permanents, amb la finalitat de permetre la navegaci\u00f3 a trav\u00e9s del web amb caracter\u00edstiques predefinides, el seguiment i an\u00e0lisi del seu comportament i la gesti\u00f3 d\u2019espais publicitaris.<\/p><p>\u00a0<\/p><p>Les\u00a0<em>cookies<\/em>\u00a0constitueixen procediments autom\u00e0tics de recollida d\u2019informaci\u00f3 relativa a les prefer\u00e8ncies determinades per un usuari d\u2019internet durant la teva visita a un determinat web amb la finalitat de recon\u00e8ixer-te com a usuari recurrent, personalitzar-ne l\u2019\u00fas i facilitar una navegaci\u00f3 m\u00e9s r\u00e0pida.<\/p><p>\u00a0<\/p><p>Pots configurar el teu navegador per acceptar o rebutjar per defecte totes les\u00a0<em>cookies<\/em>, o per rebre un av\u00eds en pantalla de la recepci\u00f3 de cada\u00a0<em>cookie<\/em>\u00a0i decidir-ne en aquest moment la seva implantaci\u00f3.<\/p><p>Els procediments per al bloqueig i eliminaci\u00f3 de les\u00a0<em>cookies<\/em>\u00a0poden diferir d\u2019un navegador d\u2019internet a un altre, per la qual cosa l\u2019usuari haur\u00e0 de consultar les instruccions facilitades pel navegador d\u2019internet, com les que es detallen a continuaci\u00f3:<\/p><ul><li><span style=\"text-decoration: underline;\"><a href=\"http:\/\/windows.microsoft.com\/es-es\/windows-vista\/block-or-allow-cookies\" target=\"_blank\" rel=\"noopener\">Configuraci\u00f3 de\u00a0<em>cookies<\/em>\u00a0d\u2019Internet Explorer<\/a><\/span><\/li><li><span style=\"text-decoration: underline;\"><a href=\"https:\/\/support.mozilla.org\/es\/kb\/habilitar-y-deshabilitar-cookies-que-los-sitios-we\" target=\"_blank\" rel=\"noopener\">Configuraci\u00f3 de\u00a0<em>cookies<\/em>\u00a0de Firefox<\/a><\/span><\/li><li><span style=\"text-decoration: underline;\"><a href=\"https:\/\/support.google.com\/chrome\/bin\/answer.py?hl=es&amp;answer=95647\" target=\"_blank\" rel=\"noopener\">Configuraci\u00f3 de\u00a0<em>cookies<\/em>\u00a0de Google Chrome<\/a><\/span><\/li><li><span style=\"text-decoration: underline;\"><a href=\"http:\/\/support.apple.com\/kb\/HT1677?viewlocale=es_ES&amp;locale=es_ES\" target=\"_blank\" rel=\"noopener\">Configuraci\u00f3 de\u00a0<em>cookies<\/em>\u00a0de Safari<\/a><\/span><\/li><\/ul><p>Aquests navegadors estan sotmesos a actualitzacions o modificacions, de manera que no podem garantir que s\u2019ajustin completament a la versi\u00f3 del teu navegador.<\/p><p>\u00a0<\/p><p>En cas que desitgis rebutjar la utilitzaci\u00f3 de\u00a0<em>cookies<\/em>, pots tenir limitat l\u2019\u00fas d\u2019algunes prestacions del web. Si continues navegant pel web sense denegar la teva autoritzaci\u00f3, implica que acceptes el seu \u00fas per part de Pacte Industrial.<\/p>\t\t\t\t\t<\/div>\n\t\t\t\t\t\t<\/div>\n\t\t\t\t<\/div>\n\t\t\t\t\t\t<\/div>\n\t\t\t\t\t<\/div>\n\t\t<\/div>\n\t\t\t\t\t\t\t\t<\/div>\n\t\t\t\t\t<\/div>\n\t\t<\/section>\n\t\t\t\t\t\t<\/div>\n\t\t\t\t\t\t<\/div>\n\t\t\t\t\t<\/div>\n\t\t","protected":false},"excerpt":{"rendered":"<p>Pol\u00edtica de cookies Mitjan\u00e7ant l\u2019acc\u00e9s i \u00fas del web, acceptes que Pacte Industrial pot utilitzar cookies pr\u00f2pies i de tercers, de sessi\u00f3 i permanents, amb la finalitat de permetre la navegaci\u00f3 a trav\u00e9s del web amb caracter\u00edstiques predefinides, el seguiment i an\u00e0lisi del seu comportament i la gesti\u00f3 d\u2019espais publicitaris. \u00a0 Les\u00a0cookies\u00a0constitueixen procediments autom\u00e0tics de [&#8230;]<\/p>\n","protected":false},"author":1,"featured_media":0,"parent":0,"menu_order":0,"comment_status":"closed","ping_status":"closed","template":"","meta":[],"yoast_head":"<!-- This site is optimized with the Yoast SEO plugin v16.1.1 - https:\/\/yoast.com\/wordpress\/plugins\/seo\/ -->\n<title>Pol\u00edtica de cookies - Pacte Industrial RMB<\/title>\n<link rel=\"canonical\" href=\"https:\/\/www.pacteindustrial.org\/ca\/politica-de-cookies\/\" \/>\n<meta property=\"og:locale\" content=\"ca_ES\" \/>\n<meta property=\"og:type\" content=\"article\" \/>\n<meta property=\"og:title\" content=\"Pol\u00edtica de cookies - Pacte Industrial RMB\" \/>\n<meta property=\"og:description\" content=\"Pol\u00edtica de cookies Mitjan\u00e7ant l\u2019acc\u00e9s i \u00fas del web, acceptes que Pacte Industrial pot utilitzar cookies pr\u00f2pies i de tercers, de sessi\u00f3 i permanents, amb la finalitat de permetre la navegaci\u00f3 a trav\u00e9s del web amb caracter\u00edstiques predefinides, el seguiment i an\u00e0lisi del seu comportament i la gesti\u00f3 d\u2019espais publicitaris. \u00a0 Les\u00a0cookies\u00a0constitueixen procediments autom\u00e0tics de [...]\" \/>\n<meta property=\"og:url\" content=\"https:\/\/www.pacteindustrial.org\/ca\/politica-de-cookies\/\" \/>\n<meta property=\"og:site_name\" content=\"Pacte Industrial RMB\" \/>\n<meta property=\"article:modified_time\" content=\"2025-04-24T14:31:35+00:00\" \/>\n<meta name=\"twitter:card\" content=\"summary_large_image\" \/>\n<meta name=\"twitter:label1\" content=\"Temps estimat de lectura\">\n\t<meta name=\"twitter:data1\" content=\"2 minuts\">\n<script type=\"application\/ld+json\" class=\"yoast-schema-graph\">{\"@context\":\"https:\/\/schema.org\",\"@graph\":[{\"@type\":\"WebSite\",\"@id\":\"https:\/\/www.pacteindustrial.org\/ca\/#website\",\"url\":\"https:\/\/www.pacteindustrial.org\/ca\/\",\"name\":\"Pacte Industrial RMB\",\"description\":\"\",\"potentialAction\":[{\"@type\":\"SearchAction\",\"target\":\"https:\/\/www.pacteindustrial.org\/ca\/?s={search_term_string}\",\"query-input\":\"required name=search_term_string\"}],\"inLanguage\":\"ca\"},{\"@type\":\"WebPage\",\"@id\":\"https:\/\/www.pacteindustrial.org\/ca\/politica-de-cookies\/#webpage\",\"url\":\"https:\/\/www.pacteindustrial.org\/ca\/politica-de-cookies\/\",\"name\":\"Pol\\u00edtica de cookies - Pacte Industrial RMB\",\"isPartOf\":{\"@id\":\"https:\/\/www.pacteindustrial.org\/ca\/#website\"},\"datePublished\":\"2020-07-06T11:34:51+00:00\",\"dateModified\":\"2025-04-24T14:31:35+00:00\",\"breadcrumb\":{\"@id\":\"https:\/\/www.pacteindustrial.org\/ca\/politica-de-cookies\/#breadcrumb\"},\"inLanguage\":\"ca\",\"potentialAction\":[{\"@type\":\"ReadAction\",\"target\":[\"https:\/\/www.pacteindustrial.org\/ca\/politica-de-cookies\/\"]}]},{\"@type\":\"BreadcrumbList\",\"@id\":\"https:\/\/www.pacteindustrial.org\/ca\/politica-de-cookies\/#breadcrumb\",\"itemListElement\":[{\"@type\":\"ListItem\",\"position\":1,\"item\":{\"@type\":\"WebPage\",\"@id\":\"https:\/\/www.pacteindustrial.org\/ca\/\",\"url\":\"https:\/\/www.pacteindustrial.org\/ca\/\",\"name\":\"Home\"}},{\"@type\":\"ListItem\",\"position\":2,\"item\":{\"@type\":\"WebPage\",\"@id\":\"https:\/\/www.pacteindustrial.org\/ca\/politica-de-cookies\/\",\"url\":\"https:\/\/www.pacteindustrial.org\/ca\/politica-de-cookies\/\",\"name\":\"Pol\\u00edtica de cookies\"}}]}]}<\/script>\n<!-- \/ Yoast SEO plugin. -->","_links":{"self":[{"href":"https:\/\/www.pacteindustrial.org\/ca\/wp-json\/wp\/v2\/pages\/10158"}],"collection":[{"href":"https:\/\/www.pacteindustrial.org\/ca\/wp-json\/wp\/v2\/pages"}],"about":[{"href":"https:\/\/www.pacteindustrial.org\/ca\/wp-json\/wp\/v2\/types\/page"}],"author":[{"embeddable":true,"href":"https:\/\/www.pacteindustrial.org\/ca\/wp-json\/wp\/v2\/users\/1"}],"replies":[{"embeddable":true,"href":"https:\/\/www.pacteindustrial.org\/ca\/wp-json\/wp\/v2\/comments?post=10158"}],"version-history":[{"count":13,"href":"https:\/\/www.pacteindustrial.org\/ca\/wp-json\/wp\/v2\/pages\/10158\/revisions"}],"predecessor-version":[{"id":24068,"href":"https:\/\/www.pacteindustrial.org\/ca\/wp-json\/wp\/v2\/pages\/10158\/revisions\/24068"}],"wp:attachment":[{"href":"https:\/\/www.pacteindustrial.org\/ca\/wp-json\/wp\/v2\/media?parent=10158"}],"curies":[{"name":"wp","href":"https:\/\/api.w.org\/{rel}","templated":true}]}}