{"id":19,"date":"2019-05-22T12:03:15","date_gmt":"2019-05-22T10:03:15","guid":{"rendered":"https:\/\/www.pacteindustrial.org\/?page_id=19"},"modified":"2021-01-25T12:26:05","modified_gmt":"2021-01-25T10:26:05","slug":"publicacions","status":"publish","type":"page","link":"https:\/\/www.pacteindustrial.org\/ca\/publicacions\/","title":{"rendered":"Publicacions"},"content":{"rendered":"\t\t<div data-elementor-type=\"wp-post\" data-elementor-id=\"19\" class=\"elementor elementor-19\" data-elementor-settings=\"[]\">\n\t\t\t\t\t\t<div class=\"elementor-inner\">\n\t\t\t\t\t\t\t<div class=\"elementor-section-wrap\">\n\t\t\t\t\t\t\t<section class=\"elementor-section elementor-top-section elementor-element elementor-element-e36dd30 elementor-section-boxed elementor-section-height-default elementor-section-height-default\" data-id=\"e36dd30\" data-element_type=\"section\">\n\t\t\t\t\t\t<div class=\"elementor-container elementor-column-gap-default\">\n\t\t\t\t\t\t\t<div class=\"elementor-row\">\n\t\t\t\t\t<div class=\"elementor-column elementor-col-100 elementor-top-column elementor-element elementor-element-0e24b35\" data-id=\"0e24b35\" data-element_type=\"column\">\n\t\t\t<div class=\"elementor-column-wrap elementor-element-populated\">\n\t\t\t\t\t\t\t<div class=\"elementor-widget-wrap\">\n\t\t\t\t\t\t<div class=\"elementor-element elementor-element-ff06042 elementor-widget elementor-widget-text-editor\" data-id=\"ff06042\" data-element_type=\"widget\" data-widget_type=\"text-editor.default\">\n\t\t\t\t<div class=\"elementor-widget-container\">\n\t\t\t\t\t\t\t\t<div class=\"elementor-text-editor elementor-clearfix\">\n\t\t\t\t\t<h1>Publicacions<\/h1><div><strong>\u00a0<\/strong><\/div><p><span lang=\"CA\">Les publicacions del Pacte Industrial volen generar debat i extreure conclusions i propostes d\u2019utilitat per als agents socioecon\u00f2mics i pol\u00edtics del territori metropolit\u00e0.<\/span><\/p>\t\t\t\t\t<\/div>\n\t\t\t\t\t\t<\/div>\n\t\t\t\t<\/div>\n\t\t\t\t\t\t<\/div>\n\t\t\t\t\t<\/div>\n\t\t<\/div>\n\t\t\t\t\t\t\t\t<\/div>\n\t\t\t\t\t<\/div>\n\t\t<\/section>\n\t\t\t\t<section class=\"elementor-section elementor-top-section elementor-element elementor-element-09fab0b elementor-section-boxed elementor-section-height-default elementor-section-height-default\" data-id=\"09fab0b\" data-element_type=\"section\">\n\t\t\t\t\t\t<div class=\"elementor-container elementor-column-gap-default\">\n\t\t\t\t\t\t\t<div class=\"elementor-row\">\n\t\t\t\t\t<div class=\"elementor-column elementor-col-100 elementor-top-column elementor-element elementor-element-590ebb1\" data-id=\"590ebb1\" data-element_type=\"column\">\n\t\t\t<div class=\"elementor-column-wrap elementor-element-populated\">\n\t\t\t\t\t\t\t<div class=\"elementor-widget-wrap\">\n\t\t\t\t\t\t<div class=\"elementor-element elementor-element-fb695b5 elementor-widget elementor-widget-pacteindustrial-addons-publications-list\" data-id=\"fb695b5\" data-element_type=\"widget\" data-widget_type=\"pacteindustrial-addons-publications-list.default\">\n\t\t\t\t<div class=\"elementor-widget-container\">\n\t\t\t<section class=\"container pacteindustrial-publications-block\" data-lang=\"ca\"><div class=\"publication-filters-wrapper shadow\"><ul class=\"publication-types-filter\"><li class=\"publication-type active\"><a href=\"https:\/\/www.pacteindustrial.org\/ca\/publicacions\/\">Totes<\/a><\/li><li class=\"publication-type\"><a href=\"https:\/\/www.pacteindustrial.org\/ca\/publicacions\/?type=quaderns-del-pacte-industrial\">Quaderns del Pacte Industrial<\/a><\/li><li class=\"publication-type\"><a href=\"https:\/\/www.pacteindustrial.org\/ca\/publicacions\/?type=papers-del-pacte-industrial\">Papers del Pacte Industrial<\/a><\/li><li class=\"publication-type\"><a href=\"https:\/\/www.pacteindustrial.org\/ca\/publicacions\/?type=altres-publicacions\">Altres publicacions<\/a><\/li><\/ul><\/div><div class=\"pacteindustrial-publications-wrapper\"><div class=\"load-spinner\"><div class=\"loader\"><\/div><\/div><article id=\"post-26582\" class=\"card publication-entry post-26582 pi_publication type-pi_publication status-publish has-post-thumbnail hentry post_scope-innovacio post_scope-sostenibilitat pi_publication_type-altres-publicacions\"><div class=\"row no-gutters\"><div class=\"image-wrapper col-md-3\"><a class=\"image-link\" href=\"https:\/\/www.pacteindustrial.org\/ca\/publicacions\/jornada-la-construccio-industrialitzada-dhabitatge-a-la-regio-metropolitana-de-barcelona-factors-clau-i-financament\/\"><img class=\"card-img\" src=\"https:\/\/www.pacteindustrial.org\/wp-content\/uploads\/2026\/03\/Portada-Jornada-4-del-Pacte-Industrial.png\" alt=\"featured image\"><\/a><\/div><div class=\"body-wrapper col-md-9\"><div class=\"card-body\"><div class=\"card-body-header\"><a class=\"title-link\" href=\"https:\/\/www.pacteindustrial.org\/ca\/publicacions\/jornada-la-construccio-industrialitzada-dhabitatge-a-la-regio-metropolitana-de-barcelona-factors-clau-i-financament\/\"><h1 class=\"post-heading\">Jornada \u00abLa construcci\u00f3 industrialitzada d&#8217;habitatge a la regi\u00f3 metropolitana de Barcelona: factors clau i finan\u00e7ament\u00bb<\/h1><\/a><p class=\"publication-collections\"><span class=\"collections-title\">Col\u00b7lecci\u00f3: <\/span><a class=\"collection-link\" href=\"https:\/\/www.pacteindustrial.org\/ca\/publicacions\/?type=altres-publicacions\">Altres publicacions<\/a><\/p><\/div><div class=\"card-body-footer\"><p><a href=\"https:\/\/www.pacteindustrial.org\/ca\/publicacions\/jornada-la-construccio-industrialitzada-dhabitatge-a-la-regio-metropolitana-de-barcelona-factors-clau-i-financament\/\" class=\"download-button\">Llegir +<\/a><\/p><\/div><\/div><\/div><\/div><\/article><article id=\"post-25434\" class=\"card publication-entry post-25434 pi_publication type-pi_publication status-publish has-post-thumbnail hentry post_scope-sostenibilitat pi_publication_type-papers-del-pacte-industrial\"><div class=\"row no-gutters\"><div class=\"image-wrapper col-md-3\"><a class=\"image-link\" href=\"https:\/\/www.pacteindustrial.org\/ca\/publicacions\/iniciatives-locals-per-impulsar-la-governanca-de-leconomia-circular\/\"><img class=\"card-img\" src=\"https:\/\/www.pacteindustrial.org\/wp-content\/uploads\/2025\/12\/Portada-Paper-12-del-Pacte-Industrial.png\" alt=\"featured image\"><\/a><\/div><div class=\"body-wrapper col-md-9\"><div class=\"card-body\"><div class=\"card-body-header\"><a class=\"title-link\" href=\"https:\/\/www.pacteindustrial.org\/ca\/publicacions\/iniciatives-locals-per-impulsar-la-governanca-de-leconomia-circular\/\"><h1 class=\"post-heading\">Iniciatives locals per impulsar la governan\u00e7a de l\u2019economia circular<\/h1><\/a><p class=\"publication-authors\"><span class=\"authors-title\">Autors: <\/span><a class=\"author-link\" href=\"https:\/\/www.pacteindustrial.org\/ca\/fem-xarxa\/sonia-llorens-i-cervera\/\">S\u00f2nia Llorens i Cervera<\/a>, <a class=\"author-link\" href=\"https:\/\/www.pacteindustrial.org\/ca\/fem-xarxa\/ariadna-benet-i-monico\/\">Ariadna Benet i M\u00f2nico<\/a>, <a class=\"author-link\" href=\"https:\/\/www.pacteindustrial.org\/ca\/fem-xarxa\/sergi-rovira-i-perez\/\">Sergi Rovira i P\u00e9rez<\/a><\/p><p class=\"publication-collections\"><span class=\"collections-title\">Col\u00b7lecci\u00f3: <\/span><a class=\"collection-link\" href=\"https:\/\/www.pacteindustrial.org\/ca\/publicacions\/?type=papers-del-pacte-industrial\">Papers del Pacte Industrial<\/a><\/p><\/div><div class=\"card-body-footer\"><p><a href=\"https:\/\/www.pacteindustrial.org\/ca\/publicacions\/iniciatives-locals-per-impulsar-la-governanca-de-leconomia-circular\/\" class=\"download-button\">Llegir +<\/a><\/p><\/div><\/div><\/div><\/div><\/article><article id=\"post-24273\" class=\"card publication-entry post-24273 pi_publication type-pi_publication status-publish has-post-thumbnail hentry post_scope-poligons pi_publication_type-altres-publicacions\"><div class=\"row no-gutters\"><div class=\"image-wrapper col-md-3\"><a class=\"image-link\" href=\"https:\/\/www.pacteindustrial.org\/ca\/publicacions\/poligons-dactivitat-economica-a-catalunya-reptes-i-escenaris-reguladors\/\"><img class=\"card-img\" src=\"https:\/\/www.pacteindustrial.org\/wp-content\/uploads\/2025\/06\/Poligons-dactivitat-economica-a-Catalunya-reptes-i-escenaris-reguladors.png\" alt=\"featured image\"><\/a><\/div><div class=\"body-wrapper col-md-9\"><div class=\"card-body\"><div class=\"card-body-header\"><a class=\"title-link\" href=\"https:\/\/www.pacteindustrial.org\/ca\/publicacions\/poligons-dactivitat-economica-a-catalunya-reptes-i-escenaris-reguladors\/\"><h1 class=\"post-heading\">Pol\u00edgons d\u2019activitat econ\u00f2mica a Catalunya: reptes i escenaris reguladors<\/h1><\/a><p class=\"publication-authors\"><span class=\"authors-title\">Autors: <\/span><a class=\"author-link\" href=\"https:\/\/www.pacteindustrial.org\/ca\/fem-xarxa\/jaume-amill-miralles\/\">Jaume Amill Miralles<\/a>, <a class=\"author-link\" href=\"https:\/\/www.pacteindustrial.org\/ca\/fem-xarxa\/marti-pol-nuevo\/\">Mart\u00ed Pol Nuevo<\/a>, <a class=\"author-link\" href=\"https:\/\/www.pacteindustrial.org\/ca\/fem-xarxa\/claudia-puig-fernandez\/\">Claudia Puig Fern\u00e1ndez<\/a><\/p><p class=\"publication-collections\"><span class=\"collections-title\">Col\u00b7lecci\u00f3: <\/span><a class=\"collection-link\" href=\"https:\/\/www.pacteindustrial.org\/ca\/publicacions\/?type=altres-publicacions\">Altres publicacions<\/a><\/p><\/div><div class=\"card-body-footer\"><p><a href=\"https:\/\/www.pacteindustrial.org\/ca\/publicacions\/poligons-dactivitat-economica-a-catalunya-reptes-i-escenaris-reguladors\/\" class=\"download-button\">Llegir +<\/a><\/p><\/div><\/div><\/div><\/div><\/article><article id=\"post-25153\" class=\"card publication-entry post-25153 pi_publication type-pi_publication status-publish has-post-thumbnail hentry post_scope-innovacio pi_publication_type-altres-publicacions\"><div class=\"row no-gutters\"><div class=\"image-wrapper col-md-3\"><a class=\"image-link\" href=\"https:\/\/www.pacteindustrial.org\/ca\/publicacions\/la-construccio-industrialitzada-dhabitatge-a-la-regio-metropolitana-de-barcelona-mes-rapida-mes-assequible-i-mes-sostenible\/\"><img class=\"card-img\" src=\"https:\/\/www.pacteindustrial.org\/wp-content\/uploads\/2025\/10\/Portada-Jornada-3-del-Pacte-Industrial.png\" alt=\"featured image\"><\/a><\/div><div class=\"body-wrapper col-md-9\"><div class=\"card-body\"><div class=\"card-body-header\"><a class=\"title-link\" href=\"https:\/\/www.pacteindustrial.org\/ca\/publicacions\/la-construccio-industrialitzada-dhabitatge-a-la-regio-metropolitana-de-barcelona-mes-rapida-mes-assequible-i-mes-sostenible\/\"><h1 class=\"post-heading\">Jornada \u00abLa construcci\u00f3 industrialitzada d\u2019habitatge a la regi\u00f3 metropolitana de Barcelona: m\u00e9s r\u00e0pida, m\u00e9s assequible i m\u00e9s sostenible?\u00bb<\/h1><\/a><p class=\"publication-collections\"><span class=\"collections-title\">Col\u00b7lecci\u00f3: <\/span><a class=\"collection-link\" href=\"https:\/\/www.pacteindustrial.org\/ca\/publicacions\/?type=altres-publicacions\">Altres publicacions<\/a><\/p><\/div><div class=\"card-body-footer\"><p><a href=\"https:\/\/www.pacteindustrial.org\/ca\/publicacions\/la-construccio-industrialitzada-dhabitatge-a-la-regio-metropolitana-de-barcelona-mes-rapida-mes-assequible-i-mes-sostenible\/\" class=\"download-button\">Llegir +<\/a><\/p><\/div><\/div><\/div><\/div><\/article><article id=\"post-24120\" class=\"card publication-entry post-24120 pi_publication type-pi_publication status-publish has-post-thumbnail hentry post_scope-politica-industrial pi_publication_type-papers-del-pacte-industrial\"><div class=\"row no-gutters\"><div class=\"image-wrapper col-md-3\"><a class=\"image-link\" href=\"https:\/\/www.pacteindustrial.org\/ca\/publicacions\/experiencies-de-concertacio-social-dinteres-per-a-lentorn-industrial-una-visio-des-del-dret-del-treball\/\"><img class=\"card-img\" src=\"https:\/\/www.pacteindustrial.org\/wp-content\/uploads\/2025\/05\/Portada-Paper-11-del-Pacte-Industrial.png\" alt=\"featured image\"><\/a><\/div><div class=\"body-wrapper col-md-9\"><div class=\"card-body\"><div class=\"card-body-header\"><a class=\"title-link\" href=\"https:\/\/www.pacteindustrial.org\/ca\/publicacions\/experiencies-de-concertacio-social-dinteres-per-a-lentorn-industrial-una-visio-des-del-dret-del-treball\/\"><h1 class=\"post-heading\">Experi\u00e8ncies de concertaci\u00f3 social d\u2019inter\u00e8s per a l\u2019entorn industrial: una visi\u00f3 des del dret del treball<\/h1><\/a><p class=\"publication-authors\"><span class=\"authors-title\">Autor: <\/span><a class=\"author-link\" href=\"https:\/\/www.pacteindustrial.org\/ca\/fem-xarxa\/helena-ysas-molinero\/\">Helena Ys\u00e0s Molinero<\/a><\/p><p class=\"publication-collections\"><span class=\"collections-title\">Col\u00b7lecci\u00f3: <\/span><a class=\"collection-link\" href=\"https:\/\/www.pacteindustrial.org\/ca\/publicacions\/?type=papers-del-pacte-industrial\">Papers del Pacte Industrial<\/a><\/p><\/div><div class=\"card-body-footer\"><p><a href=\"https:\/\/www.pacteindustrial.org\/ca\/publicacions\/experiencies-de-concertacio-social-dinteres-per-a-lentorn-industrial-una-visio-des-del-dret-del-treball\/\" class=\"download-button\">Llegir +<\/a><\/p><\/div><\/div><\/div><\/div><\/article><\/div><nav class=\"ajax-publications-pagination-wrapper\" aria-label=\"Paginador de publicacions\"><ul class=\"pagination ajax-publications-pagination\" data-query-vars=\"{&quot;post_type&quot;:&quot;pi_publication&quot;,&quot;post_status&quot;:&quot;publish&quot;,&quot;no_found_rows&quot;:false,&quot;ignore_sticky_posts&quot;:true,&quot;orderby&quot;:&quot;date&quot;,&quot;order&quot;:&quot;DESC&quot;,&quot;posts_per_page&quot;:5,&quot;paged&quot;:1,&quot;error&quot;:&quot;&quot;,&quot;m&quot;:&quot;&quot;,&quot;p&quot;:0,&quot;post_parent&quot;:&quot;&quot;,&quot;subpost&quot;:&quot;&quot;,&quot;subpost_id&quot;:&quot;&quot;,&quot;attachment&quot;:&quot;&quot;,&quot;attachment_id&quot;:0,&quot;name&quot;:&quot;&quot;,&quot;pagename&quot;:&quot;&quot;,&quot;page_id&quot;:0,&quot;second&quot;:&quot;&quot;,&quot;minute&quot;:&quot;&quot;,&quot;hour&quot;:&quot;&quot;,&quot;day&quot;:0,&quot;monthnum&quot;:0,&quot;year&quot;:0,&quot;w&quot;:0,&quot;category_name&quot;:&quot;&quot;,&quot;tag&quot;:&quot;&quot;,&quot;cat&quot;:&quot;&quot;,&quot;tag_id&quot;:&quot;&quot;,&quot;author&quot;:&quot;&quot;,&quot;author_name&quot;:&quot;&quot;,&quot;feed&quot;:&quot;&quot;,&quot;tb&quot;:&quot;&quot;,&quot;meta_key&quot;:&quot;&quot;,&quot;meta_value&quot;:&quot;&quot;,&quot;preview&quot;:&quot;&quot;,&quot;s&quot;:&quot;&quot;,&quot;sentence&quot;:&quot;&quot;,&quot;title&quot;:&quot;&quot;,&quot;fields&quot;:&quot;&quot;,&quot;menu_order&quot;:&quot;&quot;,&quot;embed&quot;:&quot;&quot;,&quot;category__in&quot;:[],&quot;category__not_in&quot;:[],&quot;category__and&quot;:[],&quot;post__in&quot;:[],&quot;post__not_in&quot;:[],&quot;post_name__in&quot;:[],&quot;tag__in&quot;:[],&quot;tag__not_in&quot;:[],&quot;tag__and&quot;:[],&quot;tag_slug__in&quot;:[],&quot;tag_slug__and&quot;:[],&quot;post_parent__in&quot;:[],&quot;post_parent__not_in&quot;:[],&quot;author__in&quot;:[],&quot;author__not_in&quot;:[],&quot;suppress_filters&quot;:false,&quot;cache_results&quot;:true,&quot;update_post_term_cache&quot;:true,&quot;lazy_load_term_meta&quot;:true,&quot;update_post_meta_cache&quot;:true,&quot;nopaging&quot;:false,&quot;comments_per_page&quot;:&quot;50&quot;}\"><li class=\"page-item shadow active\"><span aria-current=\"page\" class=\"page-link current\">1<\/span><\/li><li class=\"page-item shadow\"><a class=\"page-link\" href=\"https:\/\/www.pacteindustrial.org\/ca\/wp-json\/wp\/v2\/pages\/19\/?publications_page=2\">2<\/a><\/li><li class=\"page-item shadow\"><a class=\"page-link\" href=\"https:\/\/www.pacteindustrial.org\/ca\/wp-json\/wp\/v2\/pages\/19\/?publications_page=3\">3<\/a><\/li><li class=\"page-item shadow\"><span class=\"page-link dots\">&hellip;<\/span><\/li><li class=\"page-item shadow\"><a class=\"page-link\" href=\"https:\/\/www.pacteindustrial.org\/ca\/wp-json\/wp\/v2\/pages\/19\/?publications_page=7\">7<\/a><\/li><li class=\"page-item shadow\"><a class=\"next page-link\" href=\"https:\/\/www.pacteindustrial.org\/ca\/wp-json\/wp\/v2\/pages\/19\/?publications_page=2\">&raquo;<\/a><\/li><\/ul><\/nav><\/section>\t\t<\/div>\n\t\t\t\t<\/div>\n\t\t\t\t\t\t<\/div>\n\t\t\t\t\t<\/div>\n\t\t<\/div>\n\t\t\t\t\t\t\t\t<\/div>\n\t\t\t\t\t<\/div>\n\t\t<\/section>\n\t\t\t\t\t\t<\/div>\n\t\t\t\t\t\t<\/div>\n\t\t\t\t\t<\/div>\n\t\t","protected":false},"excerpt":{"rendered":"<p>Publicacions \u00a0 Les publicacions del Pacte Industrial volen generar debat i extreure conclusions i propostes d\u2019utilitat per als agents socioecon\u00f2mics i pol\u00edtics del territori metropolit\u00e0. Totes Quaderns del Pacte Industrial Papers del Pacte Industrial Altres publicacions Present i futur dels pol\u00edgons industrials: m\u00e9s enll\u00e0 de la seva transformaci\u00f3 Autor: Maria Buhigas San Jos\u00e9 Col\u00b7lecci\u00f3: Papers [&#8230;]<\/p>\n","protected":false},"author":1,"featured_media":0,"parent":0,"menu_order":0,"comment_status":"closed","ping_status":"closed","template":"","meta":[],"yoast_head":"<!-- This site is optimized with the Yoast SEO plugin v16.1.1 - https:\/\/yoast.com\/wordpress\/plugins\/seo\/ -->\n<title>Publicacions - Pacte Industrial RMB<\/title>\n<link rel=\"canonical\" href=\"https:\/\/www.pacteindustrial.org\/ca\/publicacions\/\" \/>\n<meta property=\"og:locale\" content=\"ca_ES\" \/>\n<meta property=\"og:type\" content=\"article\" \/>\n<meta property=\"og:title\" content=\"Publicacions - Pacte Industrial RMB\" \/>\n<meta property=\"og:description\" content=\"Publicacions \u00a0 Les publicacions del Pacte Industrial volen generar debat i extreure conclusions i propostes d\u2019utilitat per als agents socioecon\u00f2mics i pol\u00edtics del territori metropolit\u00e0. Totes Quaderns del Pacte Industrial Papers del Pacte Industrial Altres publicacions Present i futur dels pol\u00edgons industrials: m\u00e9s enll\u00e0 de la seva transformaci\u00f3 Autor: Maria Buhigas San Jos\u00e9 Col\u00b7lecci\u00f3: Papers [...]\" \/>\n<meta property=\"og:url\" content=\"https:\/\/www.pacteindustrial.org\/ca\/publicacions\/\" \/>\n<meta property=\"og:site_name\" content=\"Pacte Industrial RMB\" \/>\n<meta property=\"article:modified_time\" content=\"2021-01-25T10:26:05+00:00\" \/>\n<meta property=\"og:image\" content=\"https:\/\/www.pacteindustrial.org\/wp-content\/uploads\/2020\/12\/P5-cat.png\" \/>\n<meta name=\"twitter:card\" content=\"summary_large_image\" \/>\n<meta name=\"twitter:label1\" content=\"Temps estimat de lectura\">\n\t<meta name=\"twitter:data1\" content=\"1 minut\">\n<script type=\"application\/ld+json\" class=\"yoast-schema-graph\">{\"@context\":\"https:\/\/schema.org\",\"@graph\":[{\"@type\":\"WebSite\",\"@id\":\"https:\/\/www.pacteindustrial.org\/ca\/#website\",\"url\":\"https:\/\/www.pacteindustrial.org\/ca\/\",\"name\":\"Pacte Industrial RMB\",\"description\":\"\",\"potentialAction\":[{\"@type\":\"SearchAction\",\"target\":\"https:\/\/www.pacteindustrial.org\/ca\/?s={search_term_string}\",\"query-input\":\"required name=search_term_string\"}],\"inLanguage\":\"ca\"},{\"@type\":\"ImageObject\",\"@id\":\"https:\/\/www.pacteindustrial.org\/ca\/publicacions\/#primaryimage\",\"inLanguage\":\"ca\",\"url\":\"https:\/\/www.pacteindustrial.org\/wp-content\/uploads\/2020\/12\/P5-cat.png\",\"contentUrl\":\"https:\/\/www.pacteindustrial.org\/wp-content\/uploads\/2020\/12\/P5-cat.png\",\"width\":723,\"height\":1023},{\"@type\":\"WebPage\",\"@id\":\"https:\/\/www.pacteindustrial.org\/ca\/publicacions\/#webpage\",\"url\":\"https:\/\/www.pacteindustrial.org\/ca\/publicacions\/\",\"name\":\"Publicacions - Pacte Industrial RMB\",\"isPartOf\":{\"@id\":\"https:\/\/www.pacteindustrial.org\/ca\/#website\"},\"primaryImageOfPage\":{\"@id\":\"https:\/\/www.pacteindustrial.org\/ca\/publicacions\/#primaryimage\"},\"datePublished\":\"2019-05-22T10:03:15+00:00\",\"dateModified\":\"2021-01-25T10:26:05+00:00\",\"breadcrumb\":{\"@id\":\"https:\/\/www.pacteindustrial.org\/ca\/publicacions\/#breadcrumb\"},\"inLanguage\":\"ca\",\"potentialAction\":[{\"@type\":\"ReadAction\",\"target\":[\"https:\/\/www.pacteindustrial.org\/ca\/publicacions\/\"]}]},{\"@type\":\"BreadcrumbList\",\"@id\":\"https:\/\/www.pacteindustrial.org\/ca\/publicacions\/#breadcrumb\",\"itemListElement\":[{\"@type\":\"ListItem\",\"position\":1,\"item\":{\"@type\":\"WebPage\",\"@id\":\"https:\/\/www.pacteindustrial.org\/ca\/\",\"url\":\"https:\/\/www.pacteindustrial.org\/ca\/\",\"name\":\"Home\"}},{\"@type\":\"ListItem\",\"position\":2,\"item\":{\"@type\":\"WebPage\",\"@id\":\"https:\/\/www.pacteindustrial.org\/ca\/publicacions\/\",\"url\":\"https:\/\/www.pacteindustrial.org\/ca\/publicacions\/\",\"name\":\"Publicacions\"}}]}]}<\/script>\n<!-- \/ Yoast SEO plugin. -->","_links":{"self":[{"href":"https:\/\/www.pacteindustrial.org\/ca\/wp-json\/wp\/v2\/pages\/19"}],"collection":[{"href":"https:\/\/www.pacteindustrial.org\/ca\/wp-json\/wp\/v2\/pages"}],"about":[{"href":"https:\/\/www.pacteindustrial.org\/ca\/wp-json\/wp\/v2\/types\/page"}],"author":[{"embeddable":true,"href":"https:\/\/www.pacteindustrial.org\/ca\/wp-json\/wp\/v2\/users\/1"}],"replies":[{"embeddable":true,"href":"https:\/\/www.pacteindustrial.org\/ca\/wp-json\/wp\/v2\/comments?post=19"}],"version-history":[{"count":41,"href":"https:\/\/www.pacteindustrial.org\/ca\/wp-json\/wp\/v2\/pages\/19\/revisions"}],"predecessor-version":[{"id":12784,"href":"https:\/\/www.pacteindustrial.org\/ca\/wp-json\/wp\/v2\/pages\/19\/revisions\/12784"}],"wp:attachment":[{"href":"https:\/\/www.pacteindustrial.org\/ca\/wp-json\/wp\/v2\/media?parent=19"}],"curies":[{"name":"wp","href":"https:\/\/api.w.org\/{rel}","templated":true}]}}