{"id":1959,"date":"2019-09-20T13:55:24","date_gmt":"2019-09-20T11:55:24","guid":{"rendered":"https:\/\/www.pacteindustrial.org\/?page_id=1959"},"modified":"2021-01-25T12:21:06","modified_gmt":"2021-01-25T10:21:06","slug":"commemoracio-20-anys","status":"publish","type":"page","link":"https:\/\/www.pacteindustrial.org\/ca\/qui-som\/commemoracio-20-anys\/","title":{"rendered":"Commemoraci\u00f3 20 anys"},"content":{"rendered":"\t\t<div data-elementor-type=\"wp-page\" data-elementor-id=\"1959\" class=\"elementor elementor-1959\" data-elementor-settings=\"[]\">\n\t\t\t\t\t\t<div class=\"elementor-inner\">\n\t\t\t\t\t\t\t<div class=\"elementor-section-wrap\">\n\t\t\t\t\t\t\t<section class=\"elementor-section elementor-top-section elementor-element elementor-element-777f2c4 elementor-section-boxed elementor-section-height-default elementor-section-height-default\" data-id=\"777f2c4\" data-element_type=\"section\">\n\t\t\t\t\t\t<div class=\"elementor-container elementor-column-gap-default\">\n\t\t\t\t\t\t\t<div class=\"elementor-row\">\n\t\t\t\t\t<div class=\"elementor-column elementor-col-33 elementor-top-column elementor-element elementor-element-49bd0bb\" data-id=\"49bd0bb\" data-element_type=\"column\">\n\t\t\t<div class=\"elementor-column-wrap elementor-element-populated\">\n\t\t\t\t\t\t\t<div class=\"elementor-widget-wrap\">\n\t\t\t\t\t\t<div class=\"elementor-element elementor-element-42a6ff5 elementor-hidden-phone sidebar1-ca elementor-widget elementor-widget-wp-widget-nav_menu\" data-id=\"42a6ff5\" data-element_type=\"widget\" data-settings=\"{&quot;_animation&quot;:&quot;none&quot;}\" data-widget_type=\"wp-widget-nav_menu.default\">\n\t\t\t\t<div class=\"elementor-widget-container\">\n\t\t\t<h5>Qui som<\/h5><div class=\"menu-sidebar1-container\"><ul id=\"menu-sidebar1\" class=\"menu\"><li id=\"menu-item-8865\" class=\"menu-item menu-item-type-post_type menu-item-object-page menu-item-8865\"><a href=\"https:\/\/www.pacteindustrial.org\/ca\/qui-som\/el-pacte-industrial\/\">El Pacte Industrial<\/a><\/li>\n<li id=\"menu-item-131\" class=\"menu-item menu-item-type-post_type menu-item-object-page menu-item-131\"><a href=\"https:\/\/www.pacteindustrial.org\/ca\/qui-som\/historia\/\">Hist\u00f2ria<\/a><\/li>\n<li id=\"menu-item-2000\" class=\"menu-item menu-item-type-post_type menu-item-object-page menu-item-2000\"><a href=\"https:\/\/www.pacteindustrial.org\/ca\/qui-som\/commemoracio-20-anys\/\">Commemoraci\u00f3 20 anys<\/a><\/li>\n<li id=\"menu-item-130\" class=\"menu-item menu-item-type-post_type menu-item-object-page menu-item-130\"><a href=\"https:\/\/www.pacteindustrial.org\/ca\/qui-som\/entitats-membres\/\">Entitats membres<\/a><\/li>\n<li id=\"menu-item-129\" class=\"menu-item menu-item-type-post_type menu-item-object-page menu-item-129\"><a href=\"https:\/\/www.pacteindustrial.org\/ca\/qui-som\/organitzacio\/\">Organitzaci\u00f3<\/a><\/li>\n<li id=\"menu-item-2001\" class=\"menu-item menu-item-type-post_type menu-item-object-page menu-item-2001\"><a href=\"https:\/\/www.pacteindustrial.org\/ca\/qui-som\/transparencia\/\">Transpar\u00e8ncia<\/a><\/li>\n<li id=\"menu-item-7909\" class=\"menu-item menu-item-type-post_type menu-item-object-page menu-item-7909\"><a href=\"https:\/\/www.pacteindustrial.org\/ca\/notes-de-premsa\/\">Sala de premsa<\/a><\/li>\n<li id=\"menu-item-127\" class=\"menu-item menu-item-type-post_type menu-item-object-page menu-item-127\"><a href=\"https:\/\/www.pacteindustrial.org\/ca\/qui-som\/contacte\/\">Contacte<\/a><\/li>\n<\/ul><\/div>\t\t<\/div>\n\t\t\t\t<\/div>\n\t\t\t\t\t\t<\/div>\n\t\t\t\t\t<\/div>\n\t\t<\/div>\n\t\t\t\t<div class=\"elementor-column elementor-col-66 elementor-top-column elementor-element elementor-element-1d31089\" data-id=\"1d31089\" data-element_type=\"column\">\n\t\t\t<div class=\"elementor-column-wrap elementor-element-populated\">\n\t\t\t\t\t\t\t<div class=\"elementor-widget-wrap\">\n\t\t\t\t\t\t<div class=\"elementor-element elementor-element-94761f5 elementor-widget elementor-widget-text-editor\" data-id=\"94761f5\" data-element_type=\"widget\" data-widget_type=\"text-editor.default\">\n\t\t\t\t<div class=\"elementor-widget-container\">\n\t\t\t\t\t\t\t\t<div class=\"elementor-text-editor elementor-clearfix\">\n\t\t\t\t\t<h1>Commemoraci\u00f3 20 anys<\/h1>\t\t\t\t\t<\/div>\n\t\t\t\t\t\t<\/div>\n\t\t\t\t<\/div>\n\t\t\t\t<div class=\"elementor-element elementor-element-0f6936f elementor-widget elementor-widget-text-editor\" data-id=\"0f6936f\" data-element_type=\"widget\" data-widget_type=\"text-editor.default\">\n\t\t\t\t<div class=\"elementor-widget-container\">\n\t\t\t\t\t\t\t\t<div class=\"elementor-text-editor elementor-clearfix\">\n\t\t\t\t\t<p><span style=\"font-weight: 400;\">M\u00e9s de 120 persones van assistir el <\/span><b>13 de juny de 2018<\/b><span style=\"font-weight: 400;\"> a l<span style=\"text-decoration: underline;\">\u2019<\/span><\/span><span style=\"text-decoration: underline;\"><a href=\"\/ca\/blog\/el-pacte-industrial-de-la-regio-metropolitana-de-barcelona-celebra-20-anys\/\" data-wplink-edit=\"true\"><b>acte de commemoraci\u00f3 del 20\u00e8 aniversari del Pacte Industrial <\/b><\/a><\/span><span style=\"font-weight: 400;\">en qu\u00e8 es va reflexionar sobre el present i futur de la ind\u00fastria a la Regi\u00f3 Metropolitana de Barcelona amb les intervencions dels presidents i expresidents del Pacte Industrial, i de representants de les administracions p\u00fabliques, dels sindicats i de les organitzacions empresarials.<\/span><\/p>\t\t\t\t\t<\/div>\n\t\t\t\t\t\t<\/div>\n\t\t\t\t<\/div>\n\t\t\t\t<div class=\"elementor-element elementor-element-ce9deba elementor-widget elementor-widget-heading\" data-id=\"ce9deba\" data-element_type=\"widget\" data-widget_type=\"heading.default\">\n\t\t\t\t<div class=\"elementor-widget-container\">\n\t\t\t<h4 class=\"elementor-heading-title elementor-size-default\">20 anys generant coneixement, fomentant el di\u00e0leg i compartint propostes innovadores sobre ind\u00fastria, territori i sostenibilitat<\/h4>\t\t<\/div>\n\t\t\t\t<\/div>\n\t\t\t\t<div class=\"elementor-element elementor-element-dd267d9 elementor-aspect-ratio-169 elementor-widget elementor-widget-video\" data-id=\"dd267d9\" data-element_type=\"widget\" data-settings=\"{&quot;youtube_url&quot;:&quot;https:\\\/\\\/www.youtube.com\\\/watch?v=ORGsgQxe4tc&quot;,&quot;video_type&quot;:&quot;youtube&quot;,&quot;controls&quot;:&quot;yes&quot;,&quot;aspect_ratio&quot;:&quot;169&quot;}\" data-widget_type=\"video.default\">\n\t\t\t\t<div class=\"elementor-widget-container\">\n\t\t\t\t\t<div class=\"elementor-wrapper elementor-fit-aspect-ratio elementor-open-inline\">\n\t\t\t<div class=\"elementor-video\"><\/div>\t\t<\/div>\n\t\t\t\t<\/div>\n\t\t\t\t<\/div>\n\t\t\t\t<div class=\"elementor-element elementor-element-0a3850d elementor-button-info elementor-align-center elementor-widget elementor-widget-button\" data-id=\"0a3850d\" data-element_type=\"widget\" data-widget_type=\"button.default\">\n\t\t\t\t<div class=\"elementor-widget-container\">\n\t\t\t\t\t<div class=\"elementor-button-wrapper\">\n\t\t\t<a href=\"https:\/\/www.flickr.com\/photos\/pacteindustrial\/albums\/72157698152531605#\" target=\"_blank\" class=\"elementor-button-link elementor-button elementor-size-sm\" role=\"button\">\n\t\t\t\t\t\t<span class=\"elementor-button-content-wrapper\">\n\t\t\t\t\t\t<span class=\"elementor-button-text\">Veure galeria<\/span>\n\t\t<\/span>\n\t\t\t\t\t<\/a>\n\t\t<\/div>\n\t\t\t\t<\/div>\n\t\t\t\t<\/div>\n\t\t\t\t\t\t<\/div>\n\t\t\t\t\t<\/div>\n\t\t<\/div>\n\t\t\t\t\t\t\t\t<\/div>\n\t\t\t\t\t<\/div>\n\t\t<\/section>\n\t\t\t\t\t\t<\/div>\n\t\t\t\t\t\t<\/div>\n\t\t\t\t\t<\/div>\n\t\t","protected":false},"excerpt":{"rendered":"<p>Commemoraci\u00f3 20 anys M\u00e9s de 120 persones van assistir el 13 de juny de 2018 a l\u2019acte de commemoraci\u00f3 del 20\u00e8 aniversari del Pacte Industrial en qu\u00e8 es va reflexionar sobre el present i futur de la ind\u00fastria a la Regi\u00f3 Metropolitana de Barcelona amb les intervencions dels presidents i expresidents del Pacte Industrial, i [&#8230;]<\/p>\n","protected":false},"author":1,"featured_media":0,"parent":15,"menu_order":0,"comment_status":"closed","ping_status":"closed","template":"","meta":[],"yoast_head":"<!-- This site is optimized with the Yoast SEO plugin v16.1.1 - https:\/\/yoast.com\/wordpress\/plugins\/seo\/ -->\n<title>Commemoraci\u00f3 20 anys - Pacte Industrial RMB<\/title>\n<link rel=\"canonical\" href=\"https:\/\/www.pacteindustrial.org\/ca\/qui-som\/commemoracio-20-anys\/\" \/>\n<meta property=\"og:locale\" content=\"ca_ES\" \/>\n<meta property=\"og:type\" content=\"article\" \/>\n<meta property=\"og:title\" content=\"Commemoraci\u00f3 20 anys - Pacte Industrial RMB\" \/>\n<meta property=\"og:description\" content=\"Commemoraci\u00f3 20 anys M\u00e9s de 120 persones van assistir el 13 de juny de 2018 a l\u2019acte de commemoraci\u00f3 del 20\u00e8 aniversari del Pacte Industrial en qu\u00e8 es va reflexionar sobre el present i futur de la ind\u00fastria a la Regi\u00f3 Metropolitana de Barcelona amb les intervencions dels presidents i expresidents del Pacte Industrial, i [...]\" \/>\n<meta property=\"og:url\" content=\"https:\/\/www.pacteindustrial.org\/ca\/qui-som\/commemoracio-20-anys\/\" \/>\n<meta property=\"og:site_name\" content=\"Pacte Industrial RMB\" \/>\n<meta property=\"article:modified_time\" content=\"2021-01-25T10:21:06+00:00\" \/>\n<meta name=\"twitter:card\" content=\"summary_large_image\" \/>\n<script type=\"application\/ld+json\" class=\"yoast-schema-graph\">{\"@context\":\"https:\/\/schema.org\",\"@graph\":[{\"@type\":\"WebSite\",\"@id\":\"https:\/\/www.pacteindustrial.org\/ca\/#website\",\"url\":\"https:\/\/www.pacteindustrial.org\/ca\/\",\"name\":\"Pacte Industrial RMB\",\"description\":\"\",\"potentialAction\":[{\"@type\":\"SearchAction\",\"target\":\"https:\/\/www.pacteindustrial.org\/ca\/?s={search_term_string}\",\"query-input\":\"required name=search_term_string\"}],\"inLanguage\":\"ca\"},{\"@type\":\"WebPage\",\"@id\":\"https:\/\/www.pacteindustrial.org\/ca\/qui-som\/commemoracio-20-anys\/#webpage\",\"url\":\"https:\/\/www.pacteindustrial.org\/ca\/qui-som\/commemoracio-20-anys\/\",\"name\":\"Commemoraci\\u00f3 20 anys - Pacte Industrial RMB\",\"isPartOf\":{\"@id\":\"https:\/\/www.pacteindustrial.org\/ca\/#website\"},\"datePublished\":\"2019-09-20T11:55:24+00:00\",\"dateModified\":\"2021-01-25T10:21:06+00:00\",\"breadcrumb\":{\"@id\":\"https:\/\/www.pacteindustrial.org\/ca\/qui-som\/commemoracio-20-anys\/#breadcrumb\"},\"inLanguage\":\"ca\",\"potentialAction\":[{\"@type\":\"ReadAction\",\"target\":[\"https:\/\/www.pacteindustrial.org\/ca\/qui-som\/commemoracio-20-anys\/\"]}]},{\"@type\":\"BreadcrumbList\",\"@id\":\"https:\/\/www.pacteindustrial.org\/ca\/qui-som\/commemoracio-20-anys\/#breadcrumb\",\"itemListElement\":[{\"@type\":\"ListItem\",\"position\":1,\"item\":{\"@type\":\"WebPage\",\"@id\":\"https:\/\/www.pacteindustrial.org\/ca\/\",\"url\":\"https:\/\/www.pacteindustrial.org\/ca\/\",\"name\":\"Home\"}},{\"@type\":\"ListItem\",\"position\":2,\"item\":{\"@type\":\"WebPage\",\"@id\":\"https:\/\/www.pacteindustrial.org\/ca\/qui-som\/\",\"url\":\"https:\/\/www.pacteindustrial.org\/ca\/qui-som\/\",\"name\":\"Qui som\"}},{\"@type\":\"ListItem\",\"position\":3,\"item\":{\"@type\":\"WebPage\",\"@id\":\"https:\/\/www.pacteindustrial.org\/ca\/qui-som\/commemoracio-20-anys\/\",\"url\":\"https:\/\/www.pacteindustrial.org\/ca\/qui-som\/commemoracio-20-anys\/\",\"name\":\"Commemoraci\\u00f3 20 anys\"}}]}]}<\/script>\n<!-- \/ Yoast SEO plugin. -->","_links":{"self":[{"href":"https:\/\/www.pacteindustrial.org\/ca\/wp-json\/wp\/v2\/pages\/1959"}],"collection":[{"href":"https:\/\/www.pacteindustrial.org\/ca\/wp-json\/wp\/v2\/pages"}],"about":[{"href":"https:\/\/www.pacteindustrial.org\/ca\/wp-json\/wp\/v2\/types\/page"}],"author":[{"embeddable":true,"href":"https:\/\/www.pacteindustrial.org\/ca\/wp-json\/wp\/v2\/users\/1"}],"replies":[{"embeddable":true,"href":"https:\/\/www.pacteindustrial.org\/ca\/wp-json\/wp\/v2\/comments?post=1959"}],"version-history":[{"count":12,"href":"https:\/\/www.pacteindustrial.org\/ca\/wp-json\/wp\/v2\/pages\/1959\/revisions"}],"predecessor-version":[{"id":12776,"href":"https:\/\/www.pacteindustrial.org\/ca\/wp-json\/wp\/v2\/pages\/1959\/revisions\/12776"}],"up":[{"embeddable":true,"href":"https:\/\/www.pacteindustrial.org\/ca\/wp-json\/wp\/v2\/pages\/15"}],"wp:attachment":[{"href":"https:\/\/www.pacteindustrial.org\/ca\/wp-json\/wp\/v2\/media?parent=1959"}],"curies":[{"name":"wp","href":"https:\/\/api.w.org\/{rel}","templated":true}]}}