{"id":24,"date":"2019-05-22T12:04:49","date_gmt":"2019-05-22T10:04:49","guid":{"rendered":"https:\/\/www.pacteindustrial.org\/?page_id=24"},"modified":"2021-08-31T16:24:59","modified_gmt":"2021-08-31T14:24:59","slug":"agenda","status":"publish","type":"page","link":"https:\/\/www.pacteindustrial.org\/ca\/agenda\/","title":{"rendered":"Agenda"},"content":{"rendered":"\t\t<div data-elementor-type=\"wp-post\" data-elementor-id=\"24\" class=\"elementor elementor-24\" data-elementor-settings=\"[]\">\n\t\t\t\t\t\t<div class=\"elementor-inner\">\n\t\t\t\t\t\t\t<div class=\"elementor-section-wrap\">\n\t\t\t\t\t\t\t<section class=\"elementor-section elementor-top-section elementor-element elementor-element-46769ca elementor-section-boxed elementor-section-height-default elementor-section-height-default\" data-id=\"46769ca\" data-element_type=\"section\">\n\t\t\t\t\t\t<div class=\"elementor-container elementor-column-gap-default\">\n\t\t\t\t\t\t\t<div class=\"elementor-row\">\n\t\t\t\t\t<div class=\"elementor-column elementor-col-100 elementor-top-column elementor-element elementor-element-34fe639\" data-id=\"34fe639\" data-element_type=\"column\">\n\t\t\t<div class=\"elementor-column-wrap elementor-element-populated\">\n\t\t\t\t\t\t\t<div class=\"elementor-widget-wrap\">\n\t\t\t\t\t\t<div class=\"elementor-element elementor-element-e6ad392 elementor-widget elementor-widget-text-editor\" data-id=\"e6ad392\" data-element_type=\"widget\" data-widget_type=\"text-editor.default\">\n\t\t\t\t<div class=\"elementor-widget-container\">\n\t\t\t\t\t\t\t\t<div class=\"elementor-text-editor elementor-clearfix\">\n\t\t\t\t\t<h1 style=\"text-align: center;\">Agenda<\/h1><p style=\"text-align: center;\">\u00a0<\/p><p style=\"text-align: center;\">Recull de les activitats d\u2019inter\u00e8s organitzades pel Pacte Industrial o altres entitats.<\/p>\t\t\t\t\t<\/div>\n\t\t\t\t\t\t<\/div>\n\t\t\t\t<\/div>\n\t\t\t\t\t\t<\/div>\n\t\t\t\t\t<\/div>\n\t\t<\/div>\n\t\t\t\t\t\t\t\t<\/div>\n\t\t\t\t\t<\/div>\n\t\t<\/section>\n\t\t\t\t<section class=\"elementor-section elementor-top-section elementor-element elementor-element-5b98c4d elementor-section-boxed elementor-section-height-default elementor-section-height-default\" data-id=\"5b98c4d\" data-element_type=\"section\">\n\t\t\t\t\t\t<div class=\"elementor-container elementor-column-gap-default\">\n\t\t\t\t\t\t\t<div class=\"elementor-row\">\n\t\t\t\t\t<div class=\"elementor-column elementor-col-100 elementor-top-column elementor-element elementor-element-07e72b6\" data-id=\"07e72b6\" data-element_type=\"column\">\n\t\t\t<div class=\"elementor-column-wrap elementor-element-populated\">\n\t\t\t\t\t\t\t<div class=\"elementor-widget-wrap\">\n\t\t\t\t\t\t<div class=\"elementor-element elementor-element-a22fd05 elementor-widget elementor-widget-pacteindustrial-addons-events-list\" data-id=\"a22fd05\" data-element_type=\"widget\" data-widget_type=\"pacteindustrial-addons-events-list.default\">\n\t\t\t\t<div class=\"elementor-widget-container\">\n\t\t\t<section id=\"esdeveniments\" class=\"container pacteindustrial-events-block\"><div class=\"event-filters-wrapper shadow\"><ul class=\"event-types-filter\"><li class=\"event-type active\"><a href=\"https:\/\/www.pacteindustrial.org\/ca\/agenda\/\">Totes<\/a><\/li><li class=\"event-type\"><a href=\"https:\/\/www.pacteindustrial.org\/ca\/agenda\/?type=intern\">Activitats del Pacte Industrial<\/a><\/li><li class=\"event-type\"><a href=\"https:\/\/www.pacteindustrial.org\/ca\/agenda\/?type=extern\">Altres activitats<\/a><\/li><\/ul><\/div><div class=\"events-listing-block-inner with-next-events with-past-events\"><div class=\"event-time-navigation\"><ul class=\"event-time-selector\"><li class=\"event-time-selector-item\"><a class=\"event-time-selector-link past-events\" href=\"https:\/\/www.pacteindustrial.org\/ca\/wp-json\/wp\/v2\/pages\/24\/?events=past\">Passades<\/a><\/li><li class=\"event-time-selector-item\"><a class=\"event-time-selector-link next-events\" href=\"https:\/\/www.pacteindustrial.org\/ca\/wp-json\/wp\/v2\/pages\/24\/?events=upcoming\">Properes<\/a><\/li><\/ul><\/div><div class=\"events-wrapper\"><div class=\"past-events-wrapper\"><div class=\"pacteindustrial-events-wrapper card-deck\"><article id=\"post-25002\" class=\"event-item shadow card post-25002 pi_event type-pi_event status-publish has-post-thumbnail hentry pi_event_type-intern\"><a class=\"image-link\" href=\"https:\/\/www.pacteindustrial.org\/ca\/agenda\/jornada-al-garraf-situacio-i-reptes-dels-poligons-dactivitat-economica-a-catalunya\/\"><img class=\"card-img\" src=\"https:\/\/www.pacteindustrial.org\/wp-content\/uploads\/2025\/10\/2026.01.27_Baner-1-550x320.png\" alt=\"image\"><\/a><div class=\"card-body\"><a class=\"title-link\" href=\"https:\/\/www.pacteindustrial.org\/ca\/agenda\/jornada-al-garraf-situacio-i-reptes-dels-poligons-dactivitat-economica-a-catalunya\/\"><h1 class=\"post-heading\">Jornada al Garraf \u00abSituaci\u00f3 i reptes dels pol\u00edgons d\u2019activitat econ\u00f2mica a Catalunya\u00bb<\/h1><\/a><div class=\"card-details\"><p class=\"card-date\"><i class=\"fa fa-calendar\" style=\"font-size:20px; color:#f15b40;\"><\/i> 27\/01\/2026<\/p><p class=\"card-time\"><i class=\"fa fa-clock-o\" style=\"font-size:20px; color:#f15b40;\"><\/i> De 9:30 a 12 h<\/p><p class=\"card-place\"><i class=\"fa fa-map-marker\" style=\"font-size:20px; color:#f15b40;\"><\/i> Ajuntament de Sant Pere de Ribes - Sala d'actes Josep Llu\u00eds Palacios (Pl. de la Vila, 1 de Sant Pere de Ribes)<\/p><\/div><p class=\"card-excerpt\"><p>El Pacte Industrial, en col\u00b7laboraci\u00f3 amb l&#8217;Ag\u00e8ncia de Desenvolupament NODE Garraf i l&#8217;Ajuntament de Sant Pere de Ribes, organitza al Garraf una jornada sobre la situaci\u00f3 i reptes dels PAE en qu\u00e8 es presentar\u00e0 l&#8217;estudi <em>Pol\u00edgons d\u2019activitat econ\u00f2mica a Catalunya: reptes i escenaris reguladors<\/em>. La presentaci\u00f3 de l\u2019estudi anir\u00e0 a c\u00e0rrec de la consultora Daleph, que ha estat l\u2019encarregada d\u2019elaborar-lo. A continuaci\u00f3 tindr\u00e0 lloc una taula rodona en qu\u00e8 participaran representants dels agents socials i econ\u00f2mics de la comarca i que donar\u00e0 pas a un torn de debat.<\/p>\n<\/p><p class=\"readmore-button\"><a class=\"readmore-button\" href=\"https:\/\/www.pacteindustrial.org\/ca\/agenda\/jornada-al-garraf-situacio-i-reptes-dels-poligons-dactivitat-economica-a-catalunya\/\">Llegir +<\/a><\/p><\/div><\/article><article id=\"post-24983\" class=\"event-item shadow card post-24983 pi_event type-pi_event status-publish hentry pi_event_type-intern\"><a class=\"image-link\" href=\"https:\/\/www.pacteindustrial.org\/ca\/agenda\/55a-reunio-del-comite-executiu-del-pacte-industrial\/\"><img class=\"card-img\" src=\"https:\/\/www.pacteindustrial.org\/wp-content\/plugins\/pacteindustrial-elementor-addons\/resources\/images\/default_pacte_event_image.jpg\" alt=\"default image\"><\/a><div class=\"card-body\"><a class=\"title-link\" href=\"https:\/\/www.pacteindustrial.org\/ca\/agenda\/55a-reunio-del-comite-executiu-del-pacte-industrial\/\"><h1 class=\"post-heading\">55a Reuni\u00f3 del Comit\u00e8 Executiu del Pacte Industrial<\/h1><\/a><div class=\"card-details\"><p class=\"card-date\"><i class=\"fa fa-calendar\" style=\"font-size:20px; color:#f15b40;\"><\/i> 12\/12\/2025<\/p><p class=\"card-time\"><i class=\"fa fa-clock-o\" style=\"font-size:20px; color:#f15b40;\"><\/i> De 9:30 a 12 h<\/p><p class=\"card-place\"><i class=\"fa fa-map-marker\" style=\"font-size:20px; color:#f15b40;\"><\/i> Ca l'Alier (C. de Pere IV, 362 de Barcelona)<\/p><\/div><p class=\"card-excerpt\"><p>El Pacte Industrial de la Regi\u00f3 Metropolitana de Barcelona celebra la 55a reuni\u00f3 del seu Comit\u00e8 Executiu.<\/p>\n<\/p><p class=\"readmore-button\"><a class=\"readmore-button\" href=\"https:\/\/www.pacteindustrial.org\/ca\/agenda\/55a-reunio-del-comite-executiu-del-pacte-industrial\/\">Llegir +<\/a><\/p><\/div><\/article><article id=\"post-24995\" class=\"event-item shadow card post-24995 pi_event type-pi_event status-publish has-post-thumbnail hentry pi_event_type-intern\"><a class=\"image-link\" href=\"https:\/\/www.pacteindustrial.org\/ca\/agenda\/2a-edicio-de-la-jornada-sobre-construccio-industrialitzada\/\"><img class=\"card-img\" src=\"https:\/\/www.pacteindustrial.org\/wp-content\/uploads\/2025\/10\/2025.12.04_Baner-550x320.jpg\" alt=\"image\"><\/a><div class=\"card-body\"><a class=\"title-link\" href=\"https:\/\/www.pacteindustrial.org\/ca\/agenda\/2a-edicio-de-la-jornada-sobre-construccio-industrialitzada\/\"><h1 class=\"post-heading\">La construcci\u00f3 industrialitzada d&#8217;habitatge a la regi\u00f3 metropolitana de Barcelona: factors clau i finan\u00e7ament<\/h1><\/a><div class=\"card-details\"><p class=\"card-date\"><i class=\"fa fa-calendar\" style=\"font-size:20px; color:#f15b40;\"><\/i> 04\/12\/2025<\/p><p class=\"card-time\"><i class=\"fa fa-clock-o\" style=\"font-size:20px; color:#f15b40;\"><\/i> De 9:30 a 13:30 h<\/p><p class=\"card-place\"><i class=\"fa fa-map-marker\" style=\"font-size:20px; color:#f15b40;\"><\/i> La CIBA (Pg. de Lloren\u00e7 Serra, 64 de Santa Coloma de Gramenet)<\/p><\/div><p class=\"card-excerpt\"><p>Ens plau convidar-vos a la 2a jornada sobre construcci\u00f3 industrialitzada que organitzem el Pacte Industrial de la Regi\u00f3 Metropolitana de Barcelona i el Pla Estrat\u00e8gic Metropolit\u00e0 de Barcelona (PEMB). L&#8217;objectiu de la jornada \u00e9s obrir un espai de coneixement compartit i de creaci\u00f3 d\u2019aliances, per ajudar institucions, empreses i agents socials a identificar palanques per desplegar el model de construcci\u00f3 industrialitzada en el territori metropolit\u00e0.<\/p>\n<\/p><p class=\"readmore-button\"><a class=\"readmore-button\" href=\"https:\/\/www.pacteindustrial.org\/ca\/agenda\/2a-edicio-de-la-jornada-sobre-construccio-industrialitzada\/\">Llegir +<\/a><\/p><\/div><\/article><article id=\"post-24985\" class=\"event-item shadow card post-24985 pi_event type-pi_event status-publish has-post-thumbnail hentry pi_event_type-extern\"><a class=\"image-link\" href=\"https:\/\/www.pacteindustrial.org\/ca\/agenda\/curs-metropoli-i-desenvolupament-economic-estrategies-per-al-segle-xxi\/\"><img class=\"card-img\" src=\"https:\/\/www.pacteindustrial.org\/wp-content\/uploads\/2025\/10\/2025.11.13_Curs-CUIMPB-PEMB-550x320.jpg\" alt=\"image\"><\/a><div class=\"card-body\"><a class=\"title-link\" href=\"https:\/\/www.pacteindustrial.org\/ca\/agenda\/curs-metropoli-i-desenvolupament-economic-estrategies-per-al-segle-xxi\/\"><h1 class=\"post-heading\">Curs &#8220;Metr\u00f2poli i desenvolupament econ\u00f2mic: estrat\u00e8gies per al segle XXI&#8221;<\/h1><\/a><div class=\"card-details\"><p class=\"card-date\"><i class=\"fa fa-calendar\" style=\"font-size:20px; color:#f15b40;\"><\/i> 13\/11\/2025<\/p><p class=\"card-time\"><i class=\"fa fa-clock-o\" style=\"font-size:20px; color:#f15b40;\"><\/i> 9:30 h (consultar programa detallat)<\/p><p class=\"card-place\"><i class=\"fa fa-map-marker\" style=\"font-size:20px; color:#f15b40;\"><\/i> Centre de Cultura Contempor\u00e0nia (CCCB) - Aula 1 (C. de Montalegre, 5 de Barcelona)<\/p><\/div><p class=\"card-excerpt\"><p>El CUIMPB &#8211; Centre Ernest Lluch i el PEMB organitzen aquest curs, els propers 13 i 14 de novembre, en qu\u00e8 s&#8217;oferir\u00e0 una an\u00e0lisi aprofundida dels conceptes, estrat\u00e8gies i eines al servei del desenvolupament econ\u00f2mic en entorns metropolitans, amb un \u00e8mfasi especial en l\u2019\u00e0rea de Barcelona. L&#8217;objectiu \u00e9s que sigui un espai de reflexi\u00f3 i aprenentatge compartit sobre com construir \u00e0rees metropolitanes m\u00e9s pr\u00f2speres, resilients i cohesionades, partint de l\u2019experi\u00e8ncia de Barcelona i enriquint-se amb la diversitat de models que ens ofereix l\u2019\u00e0mbit europeu. El coordinador gerent del Pacte Industrial, Carles Rivera, hi participar\u00e0 moderant una de les taules rodones, concretament la que es dedica als cl\u00fasters.<\/p>\n<\/p><p class=\"readmore-button\"><a class=\"readmore-button\" href=\"https:\/\/www.pacteindustrial.org\/ca\/agenda\/curs-metropoli-i-desenvolupament-economic-estrategies-per-al-segle-xxi\/\">Llegir +<\/a><\/p><\/div><\/article><article id=\"post-24804\" class=\"event-item shadow card post-24804 pi_event type-pi_event status-publish has-post-thumbnail hentry pi_event_type-intern\"><a class=\"image-link\" href=\"https:\/\/www.pacteindustrial.org\/ca\/agenda\/reunio-consell-general-del-pacte-industrial-i-ponencia-els-canvis-en-lordre-economic-global-i-el-seu-impacte-en-el-futur-de-la-industria-metropolitana\/\"><img class=\"card-img\" src=\"https:\/\/www.pacteindustrial.org\/wp-content\/uploads\/2025\/10\/Pantalla_XXX_Consell_General-550x320.png\" alt=\"image\"><\/a><div class=\"card-body\"><a class=\"title-link\" href=\"https:\/\/www.pacteindustrial.org\/ca\/agenda\/reunio-consell-general-del-pacte-industrial-i-ponencia-els-canvis-en-lordre-economic-global-i-el-seu-impacte-en-el-futur-de-la-industria-metropolitana\/\"><h1 class=\"post-heading\">Reuni\u00f3 Consell General del Pacte Industrial i pon\u00e8ncia &#8220;Els canvis en l\u2019ordre econ\u00f2mic global i el seu impacte en el futur de la ind\u00fastria metropolitana&#8221;<\/h1><\/a><div class=\"card-details\"><p class=\"card-date\"><i class=\"fa fa-calendar\" style=\"font-size:20px; color:#f15b40;\"><\/i> 08\/10\/2025<\/p><p class=\"card-time\"><i class=\"fa fa-clock-o\" style=\"font-size:20px; color:#f15b40;\"><\/i> D'11 a 13:30 h<\/p><p class=\"card-place\"><i class=\"fa fa-map-marker\" style=\"font-size:20px; color:#f15b40;\"><\/i> Sala Francesc Tarafa (Carrer de Corr\u00f3, 47 de Granollers)<\/p><\/div><p class=\"card-excerpt\"><p>El Pacte Industrial de la Regi\u00f3 Metropolitana de Barcelona celebrar\u00e0 el XXX Consell General a Granollers. Com a cloenda, tindr\u00e0 lloc la pon\u00e8ncia &#8220;Els canvis en l\u2019ordre econ\u00f2mic global i el seu impacte en el futur de la ind\u00fastria metropolitana&#8221;, a c\u00e0rrec del Sr. Juan Moscoso del Prado, <em>senior fellow<\/em> al Centre d\u2019Economia Global i Geopol\u00edtica d\u2019Esade (EsadeGeo).<\/p>\n<\/p><p class=\"readmore-button\"><a class=\"readmore-button\" href=\"https:\/\/www.pacteindustrial.org\/ca\/agenda\/reunio-consell-general-del-pacte-industrial-i-ponencia-els-canvis-en-lordre-economic-global-i-el-seu-impacte-en-el-futur-de-la-industria-metropolitana\/\">Llegir +<\/a><\/p><\/div><\/article><article id=\"post-24560\" class=\"event-item shadow card post-24560 pi_event type-pi_event status-publish has-post-thumbnail hentry pi_event_type-extern\"><a class=\"image-link\" href=\"https:\/\/www.pacteindustrial.org\/ca\/agenda\/7a-edicio-de-la-jornada-de-productivitat-organitzada-per-ceam\/\"><img class=\"card-img\" src=\"https:\/\/www.pacteindustrial.org\/wp-content\/uploads\/2025\/07\/2025.07.03_Jornada-CEAM-550x320.png\" alt=\"image\"><\/a><div class=\"card-body\"><a class=\"title-link\" href=\"https:\/\/www.pacteindustrial.org\/ca\/agenda\/7a-edicio-de-la-jornada-de-productivitat-organitzada-per-ceam\/\"><h1 class=\"post-heading\">7a edici\u00f3 de la Jornada de Productivitat organitzada per CEAM<\/h1><\/a><div class=\"card-details\"><p class=\"card-date\"><i class=\"fa fa-calendar\" style=\"font-size:20px; color:#f15b40;\"><\/i> 03\/07\/2025<\/p><p class=\"card-time\"><i class=\"fa fa-clock-o\" style=\"font-size:20px; color:#f15b40;\"><\/i> De 9 a 17 h<\/p><p class=\"card-place\"><i class=\"fa fa-map-marker\" style=\"font-size:20px; color:#f15b40;\"><\/i> Hotel SB BCN Events (Ronda Can Rabad\u00e0, 22-24 de Castelldefels)<\/p><\/div><p class=\"card-excerpt\"><p>El Centre d\u2019Estudis i Assessorament Metal\u00b7l\u00fargic CEAM organitza una nova edici\u00f3 de la Jornada de Productivitat, que reunir\u00e0 experts, empreses i professionals per debatre i compartir experi\u00e8ncies sobre els principals desafiaments i oportunitats que marquen el futur de la ind\u00fastria. A m\u00e9s, en la zona d&#8217;exposici\u00f3, experts en transformaci\u00f3 digital impartiran <em>workshops<\/em> especialitzats, presentant solucions innovadores per a millorar la competitivitat del sector.<\/p>\n<\/p><p class=\"readmore-button\"><a class=\"readmore-button\" href=\"https:\/\/www.pacteindustrial.org\/ca\/agenda\/7a-edicio-de-la-jornada-de-productivitat-organitzada-per-ceam\/\">Llegir +<\/a><\/p><\/div><\/article><\/div><nav aria-label=\"Paginador d'esdeveniments\"><ul class=\"pagination\"><li class=\"page-item shadow active\"><span aria-current=\"page\" class=\"page-link current\">1<\/span><\/li><li class=\"page-item shadow\"><a class=\"page-link\" href=\"https:\/\/www.pacteindustrial.org\/ca\/wp-json\/wp\/v2\/pages\/24\/?events_page=2\">2<\/a><\/li><li class=\"page-item shadow\"><a class=\"page-link\" href=\"https:\/\/www.pacteindustrial.org\/ca\/wp-json\/wp\/v2\/pages\/24\/?events_page=3\">3<\/a><\/li><li class=\"page-item shadow\"><span class=\"page-link dots\">&hellip;<\/span><\/li><li class=\"page-item shadow\"><a class=\"page-link\" href=\"https:\/\/www.pacteindustrial.org\/ca\/wp-json\/wp\/v2\/pages\/24\/?events_page=17\">17<\/a><\/li><li class=\"page-item shadow\"><a class=\"next page-link\" href=\"https:\/\/www.pacteindustrial.org\/ca\/wp-json\/wp\/v2\/pages\/24\/?events_page=2\">&raquo;<\/a><\/li><\/ul><\/nav><\/div><div class=\"next-events-wrapper\"><div class=\"pacteindustrial-events-wrapper card-deck\"><article id=\"post-26619\" class=\"event-item shadow card post-26619 pi_event type-pi_event status-publish has-post-thumbnail hentry pi_event_type-intern\"><a class=\"image-link\" href=\"https:\/\/www.pacteindustrial.org\/ca\/agenda\/un-nou-marc-per-a-la-mobilitat-sostenible-la-nova-llei-i-les-estrategies-collaboratives-per-a-la-competitivitat-empresarial-i-territorial\/\"><img class=\"card-img\" src=\"https:\/\/www.pacteindustrial.org\/wp-content\/uploads\/2026\/04\/2026.04.22_Baner-550x320.png\" alt=\"image\"><\/a><div class=\"card-body\"><a class=\"title-link\" href=\"https:\/\/www.pacteindustrial.org\/ca\/agenda\/un-nou-marc-per-a-la-mobilitat-sostenible-la-nova-llei-i-les-estrategies-collaboratives-per-a-la-competitivitat-empresarial-i-territorial\/\"><h1 class=\"post-heading\">Un nou marc per a la mobilitat sostenible. La nova llei i les estrat\u00e8gies col\u00b7laboratives per a la competitivitat empresarial i territorial<\/h1><\/a><div class=\"card-details\"><p class=\"card-date\"><i class=\"fa fa-calendar\" style=\"font-size:20px; color:#f15b40;\"><\/i> 22\/04\/2026<\/p><p class=\"card-time\"><i class=\"fa fa-clock-o\" style=\"font-size:20px; color:#f15b40;\"><\/i> De 9 a 13 h<\/p><p class=\"card-place\"><i class=\"fa fa-map-marker\" style=\"font-size:20px; color:#f15b40;\"><\/i> Palau Macaya (Pg. de Sant Joan, 108 de Barcelona)<\/p><\/div><p class=\"card-excerpt\"><p>Jornada amb qu\u00e8 pretenem explorar el nou marc de la mobilitat sostenible, centrada en l\u2019impacte de la nova llei i en el paper clau de les estrat\u00e8gies col\u00b7laboratives per refor\u00e7ar la competitivitat empresarial i territorial. La trobada oferir\u00e0 una visi\u00f3 pr\u00e0ctica i actualitzada dels canvis normatius, aix\u00ed com de les oportunitats que sorgeixen per a les empreses i els territoris que aposten per models de mobilitat m\u00e9s eficients, innovadors i sostenibles. A trav\u00e9s de l\u2019intercanvi d\u2019experi\u00e8ncies i bones pr\u00e0ctiques, es fomentar\u00e0 la cooperaci\u00f3 entre agents p\u00fablics i privats per impulsar solucions que generin valor econ\u00f2mic, social i ambiental.<\/p>\n<\/p><p class=\"readmore-button\"><a class=\"readmore-button\" href=\"https:\/\/www.pacteindustrial.org\/ca\/agenda\/un-nou-marc-per-a-la-mobilitat-sostenible-la-nova-llei-i-les-estrategies-collaboratives-per-a-la-competitivitat-empresarial-i-territorial\/\">Llegir +<\/a><\/p><\/div><\/article><\/div><\/div><\/div><\/div><\/section>\t\t<\/div>\n\t\t\t\t<\/div>\n\t\t\t\t\t\t<\/div>\n\t\t\t\t\t<\/div>\n\t\t<\/div>\n\t\t\t\t\t\t\t\t<\/div>\n\t\t\t\t\t<\/div>\n\t\t<\/section>\n\t\t\t\t\t\t<\/div>\n\t\t\t\t\t\t<\/div>\n\t\t\t\t\t<\/div>\n\t\t","protected":false},"excerpt":{"rendered":"<p>Agenda \u00a0 Recull de les activitats d\u2019inter\u00e8s organitzades pel Pacte Industrial o altres entitats. Totes Activitats del Pacte Industrial Altres activitats Passades Properes 2a sessi\u00f3 de la jornada &#8220;De la log\u00edstica a l&#8217;SCM 4.0 en un entorn VUCA&#8221; 06\/07\/2021 De 9.30 a 14.00 h Online El Centro de Estudios y Asesoramiento Metal\u00fargico (CEAM) organitza, en [&#8230;]<\/p>\n","protected":false},"author":1,"featured_media":0,"parent":0,"menu_order":0,"comment_status":"closed","ping_status":"closed","template":"","meta":[],"yoast_head":"<!-- This site is optimized with the Yoast SEO plugin v16.1.1 - https:\/\/yoast.com\/wordpress\/plugins\/seo\/ -->\n<title>Agenda - Pacte Industrial RMB<\/title>\n<link rel=\"canonical\" href=\"https:\/\/www.pacteindustrial.org\/ca\/agenda\/\" \/>\n<meta property=\"og:locale\" content=\"ca_ES\" \/>\n<meta property=\"og:type\" content=\"article\" \/>\n<meta property=\"og:title\" content=\"Agenda - Pacte Industrial RMB\" \/>\n<meta property=\"og:description\" content=\"Agenda \u00a0 Recull de les activitats d\u2019inter\u00e8s organitzades pel Pacte Industrial o altres entitats. Totes Activitats del Pacte Industrial Altres activitats Passades Properes 2a sessi\u00f3 de la jornada &#8220;De la log\u00edstica a l&#8217;SCM 4.0 en un entorn VUCA&#8221; 06\/07\/2021 De 9.30 a 14.00 h Online El Centro de Estudios y Asesoramiento Metal\u00fargico (CEAM) organitza, en [...]\" \/>\n<meta property=\"og:url\" content=\"https:\/\/www.pacteindustrial.org\/ca\/agenda\/\" \/>\n<meta property=\"og:site_name\" content=\"Pacte Industrial RMB\" \/>\n<meta property=\"article:modified_time\" content=\"2021-08-31T14:24:59+00:00\" \/>\n<meta property=\"og:image\" content=\"https:\/\/www.pacteindustrial.org\/wp-content\/uploads\/2021\/06\/2021.06.22_Jornada-logistica-1-550x320.jpg\" \/>\n<meta name=\"twitter:card\" content=\"summary_large_image\" \/>\n<meta name=\"twitter:label1\" content=\"Temps estimat de lectura\">\n\t<meta name=\"twitter:data1\" content=\"5 minuts\">\n<script type=\"application\/ld+json\" class=\"yoast-schema-graph\">{\"@context\":\"https:\/\/schema.org\",\"@graph\":[{\"@type\":\"WebSite\",\"@id\":\"https:\/\/www.pacteindustrial.org\/ca\/#website\",\"url\":\"https:\/\/www.pacteindustrial.org\/ca\/\",\"name\":\"Pacte Industrial RMB\",\"description\":\"\",\"potentialAction\":[{\"@type\":\"SearchAction\",\"target\":\"https:\/\/www.pacteindustrial.org\/ca\/?s={search_term_string}\",\"query-input\":\"required name=search_term_string\"}],\"inLanguage\":\"ca\"},{\"@type\":\"ImageObject\",\"@id\":\"https:\/\/www.pacteindustrial.org\/ca\/agenda\/#primaryimage\",\"inLanguage\":\"ca\",\"url\":\"https:\/\/www.pacteindustrial.org\/wp-content\/uploads\/2021\/06\/2021.06.22_Jornada-logistica-1.jpg\",\"contentUrl\":\"https:\/\/www.pacteindustrial.org\/wp-content\/uploads\/2021\/06\/2021.06.22_Jornada-logistica-1.jpg\",\"width\":1250,\"height\":698},{\"@type\":\"WebPage\",\"@id\":\"https:\/\/www.pacteindustrial.org\/ca\/agenda\/#webpage\",\"url\":\"https:\/\/www.pacteindustrial.org\/ca\/agenda\/\",\"name\":\"Agenda - Pacte Industrial RMB\",\"isPartOf\":{\"@id\":\"https:\/\/www.pacteindustrial.org\/ca\/#website\"},\"primaryImageOfPage\":{\"@id\":\"https:\/\/www.pacteindustrial.org\/ca\/agenda\/#primaryimage\"},\"datePublished\":\"2019-05-22T10:04:49+00:00\",\"dateModified\":\"2021-08-31T14:24:59+00:00\",\"breadcrumb\":{\"@id\":\"https:\/\/www.pacteindustrial.org\/ca\/agenda\/#breadcrumb\"},\"inLanguage\":\"ca\",\"potentialAction\":[{\"@type\":\"ReadAction\",\"target\":[\"https:\/\/www.pacteindustrial.org\/ca\/agenda\/\"]}]},{\"@type\":\"BreadcrumbList\",\"@id\":\"https:\/\/www.pacteindustrial.org\/ca\/agenda\/#breadcrumb\",\"itemListElement\":[{\"@type\":\"ListItem\",\"position\":1,\"item\":{\"@type\":\"WebPage\",\"@id\":\"https:\/\/www.pacteindustrial.org\/ca\/\",\"url\":\"https:\/\/www.pacteindustrial.org\/ca\/\",\"name\":\"Home\"}},{\"@type\":\"ListItem\",\"position\":2,\"item\":{\"@type\":\"WebPage\",\"@id\":\"https:\/\/www.pacteindustrial.org\/ca\/agenda\/\",\"url\":\"https:\/\/www.pacteindustrial.org\/ca\/agenda\/\",\"name\":\"Agenda\"}}]}]}<\/script>\n<!-- \/ Yoast SEO plugin. -->","_links":{"self":[{"href":"https:\/\/www.pacteindustrial.org\/ca\/wp-json\/wp\/v2\/pages\/24"}],"collection":[{"href":"https:\/\/www.pacteindustrial.org\/ca\/wp-json\/wp\/v2\/pages"}],"about":[{"href":"https:\/\/www.pacteindustrial.org\/ca\/wp-json\/wp\/v2\/types\/page"}],"author":[{"embeddable":true,"href":"https:\/\/www.pacteindustrial.org\/ca\/wp-json\/wp\/v2\/users\/1"}],"replies":[{"embeddable":true,"href":"https:\/\/www.pacteindustrial.org\/ca\/wp-json\/wp\/v2\/comments?post=24"}],"version-history":[{"count":36,"href":"https:\/\/www.pacteindustrial.org\/ca\/wp-json\/wp\/v2\/pages\/24\/revisions"}],"predecessor-version":[{"id":15002,"href":"https:\/\/www.pacteindustrial.org\/ca\/wp-json\/wp\/v2\/pages\/24\/revisions\/15002"}],"wp:attachment":[{"href":"https:\/\/www.pacteindustrial.org\/ca\/wp-json\/wp\/v2\/media?parent=24"}],"curies":[{"name":"wp","href":"https:\/\/api.w.org\/{rel}","templated":true}]}}