{"id":24069,"date":"2025-04-24T16:33:43","date_gmt":"2025-04-24T14:33:43","guid":{"rendered":"https:\/\/www.pacteindustrial.org\/?page_id=24069"},"modified":"2025-04-24T16:39:29","modified_gmt":"2025-04-24T14:39:29","slug":"credits","status":"publish","type":"page","link":"https:\/\/www.pacteindustrial.org\/ca\/credits\/","title":{"rendered":"Cr\u00e8dits"},"content":{"rendered":"\t\t<div data-elementor-type=\"wp-page\" data-elementor-id=\"24069\" class=\"elementor elementor-24069\" data-elementor-settings=\"[]\">\n\t\t\t\t\t\t<div class=\"elementor-inner\">\n\t\t\t\t\t\t\t<div class=\"elementor-section-wrap\">\n\t\t\t\t\t\t\t<section class=\"elementor-section elementor-top-section elementor-element elementor-element-6678aed elementor-section-boxed elementor-section-height-default elementor-section-height-default\" data-id=\"6678aed\" data-element_type=\"section\">\n\t\t\t\t\t\t<div class=\"elementor-container elementor-column-gap-default\">\n\t\t\t\t\t\t\t<div class=\"elementor-row\">\n\t\t\t\t\t<div class=\"elementor-column elementor-col-100 elementor-top-column elementor-element elementor-element-7e31ead\" data-id=\"7e31ead\" data-element_type=\"column\">\n\t\t\t<div class=\"elementor-column-wrap elementor-element-populated\">\n\t\t\t\t\t\t\t<div class=\"elementor-widget-wrap\">\n\t\t\t\t\t\t<div class=\"elementor-element elementor-element-b0fd975 elementor-widget elementor-widget-heading\" data-id=\"b0fd975\" data-element_type=\"widget\" data-widget_type=\"heading.default\">\n\t\t\t\t<div class=\"elementor-widget-container\">\n\t\t\t<h2 class=\"elementor-heading-title elementor-size-default\"><h1>Cr\u00e8dits<\/h1><\/h2>\t\t<\/div>\n\t\t\t\t<\/div>\n\t\t\t\t<div class=\"elementor-element elementor-element-45fd831 elementor-widget elementor-widget-text-editor\" data-id=\"45fd831\" data-element_type=\"widget\" data-widget_type=\"text-editor.default\">\n\t\t\t\t<div class=\"elementor-widget-container\">\n\t\t\t\t\t\t\t\t<div class=\"elementor-text-editor elementor-clearfix\">\n\t\t\t\t\t<p><strong>Disseny web<\/strong>: <a href=\"http:\/\/www.whads.com\/\" target=\"_blank\" rel=\"noopener\">Whads<\/a><\/p><p><strong><br \/>Continguts<\/strong>: Associaci\u00f3 Pacte Industrial de la Regi\u00f3 Metropolitana de Barcelona<\/p><p>\u00a0<\/p><p>El hosting del web corporatiu de l&#8217;Associaci\u00f3 Pacte Industrial de la Regi\u00f3 Metropolitana de Barcelona est\u00e0 finan\u00e7at per la Diputaci\u00f3 de Barcelona.<\/p>\t\t\t\t\t<\/div>\n\t\t\t\t\t\t<\/div>\n\t\t\t\t<\/div>\n\t\t\t\t\t\t<\/div>\n\t\t\t\t\t<\/div>\n\t\t<\/div>\n\t\t\t\t\t\t\t\t<\/div>\n\t\t\t\t\t<\/div>\n\t\t<\/section>\n\t\t\t\t\t\t<\/div>\n\t\t\t\t\t\t<\/div>\n\t\t\t\t\t<\/div>\n\t\t","protected":false},"excerpt":{"rendered":"<p>Cr\u00e8dits Disseny web: Whads Continguts: Associaci\u00f3 Pacte Industrial de la Regi\u00f3 Metropolitana de Barcelona El hosting del web corporatiu de l&#8217;Associaci\u00f3 Pacte Industrial de la Regi\u00f3 Metropolitana de Barcelona est\u00e0 finan\u00e7at per la Diputaci\u00f3 de Barcelona. [&#8230;]<\/p>\n","protected":false},"author":3,"featured_media":0,"parent":0,"menu_order":0,"comment_status":"closed","ping_status":"closed","template":"","meta":[],"yoast_head":"<!-- This site is optimized with the Yoast SEO plugin v16.1.1 - https:\/\/yoast.com\/wordpress\/plugins\/seo\/ -->\n<title>Cr\u00e8dits - Pacte Industrial RMB<\/title>\n<link rel=\"canonical\" href=\"https:\/\/www.pacteindustrial.org\/ca\/credits\/\" \/>\n<meta property=\"og:locale\" content=\"ca_ES\" \/>\n<meta property=\"og:type\" content=\"article\" \/>\n<meta property=\"og:title\" content=\"Cr\u00e8dits - Pacte Industrial RMB\" \/>\n<meta property=\"og:description\" content=\"Cr\u00e8dits Disseny web: Whads Continguts: Associaci\u00f3 Pacte Industrial de la Regi\u00f3 Metropolitana de Barcelona El hosting del web corporatiu de l&#8217;Associaci\u00f3 Pacte Industrial de la Regi\u00f3 Metropolitana de Barcelona est\u00e0 finan\u00e7at per la Diputaci\u00f3 de Barcelona. [...]\" \/>\n<meta property=\"og:url\" content=\"https:\/\/www.pacteindustrial.org\/ca\/credits\/\" \/>\n<meta property=\"og:site_name\" content=\"Pacte Industrial RMB\" \/>\n<meta property=\"article:modified_time\" content=\"2025-04-24T14:39:29+00:00\" \/>\n<meta name=\"twitter:card\" content=\"summary_large_image\" \/>\n<meta name=\"twitter:label1\" content=\"Temps estimat de lectura\">\n\t<meta name=\"twitter:data1\" content=\"1 minut\">\n<script type=\"application\/ld+json\" class=\"yoast-schema-graph\">{\"@context\":\"https:\/\/schema.org\",\"@graph\":[{\"@type\":\"WebSite\",\"@id\":\"https:\/\/www.pacteindustrial.org\/ca\/#website\",\"url\":\"https:\/\/www.pacteindustrial.org\/ca\/\",\"name\":\"Pacte Industrial RMB\",\"description\":\"\",\"potentialAction\":[{\"@type\":\"SearchAction\",\"target\":\"https:\/\/www.pacteindustrial.org\/ca\/?s={search_term_string}\",\"query-input\":\"required name=search_term_string\"}],\"inLanguage\":\"ca\"},{\"@type\":\"WebPage\",\"@id\":\"https:\/\/www.pacteindustrial.org\/ca\/credits\/#webpage\",\"url\":\"https:\/\/www.pacteindustrial.org\/ca\/credits\/\",\"name\":\"Cr\\u00e8dits - Pacte Industrial RMB\",\"isPartOf\":{\"@id\":\"https:\/\/www.pacteindustrial.org\/ca\/#website\"},\"datePublished\":\"2025-04-24T14:33:43+00:00\",\"dateModified\":\"2025-04-24T14:39:29+00:00\",\"breadcrumb\":{\"@id\":\"https:\/\/www.pacteindustrial.org\/ca\/credits\/#breadcrumb\"},\"inLanguage\":\"ca\",\"potentialAction\":[{\"@type\":\"ReadAction\",\"target\":[\"https:\/\/www.pacteindustrial.org\/ca\/credits\/\"]}]},{\"@type\":\"BreadcrumbList\",\"@id\":\"https:\/\/www.pacteindustrial.org\/ca\/credits\/#breadcrumb\",\"itemListElement\":[{\"@type\":\"ListItem\",\"position\":1,\"item\":{\"@type\":\"WebPage\",\"@id\":\"https:\/\/www.pacteindustrial.org\/ca\/\",\"url\":\"https:\/\/www.pacteindustrial.org\/ca\/\",\"name\":\"Home\"}},{\"@type\":\"ListItem\",\"position\":2,\"item\":{\"@type\":\"WebPage\",\"@id\":\"https:\/\/www.pacteindustrial.org\/ca\/credits\/\",\"url\":\"https:\/\/www.pacteindustrial.org\/ca\/credits\/\",\"name\":\"Cr\\u00e8dits\"}}]}]}<\/script>\n<!-- \/ Yoast SEO plugin. -->","_links":{"self":[{"href":"https:\/\/www.pacteindustrial.org\/ca\/wp-json\/wp\/v2\/pages\/24069"}],"collection":[{"href":"https:\/\/www.pacteindustrial.org\/ca\/wp-json\/wp\/v2\/pages"}],"about":[{"href":"https:\/\/www.pacteindustrial.org\/ca\/wp-json\/wp\/v2\/types\/page"}],"author":[{"embeddable":true,"href":"https:\/\/www.pacteindustrial.org\/ca\/wp-json\/wp\/v2\/users\/3"}],"replies":[{"embeddable":true,"href":"https:\/\/www.pacteindustrial.org\/ca\/wp-json\/wp\/v2\/comments?post=24069"}],"version-history":[{"count":5,"href":"https:\/\/www.pacteindustrial.org\/ca\/wp-json\/wp\/v2\/pages\/24069\/revisions"}],"predecessor-version":[{"id":24087,"href":"https:\/\/www.pacteindustrial.org\/ca\/wp-json\/wp\/v2\/pages\/24069\/revisions\/24087"}],"wp:attachment":[{"href":"https:\/\/www.pacteindustrial.org\/ca\/wp-json\/wp\/v2\/media?parent=24069"}],"curies":[{"name":"wp","href":"https:\/\/api.w.org\/{rel}","templated":true}]}}