{"id":3,"date":"2019-05-14T12:22:18","date_gmt":"2019-05-14T10:22:18","guid":{"rendered":"https:\/\/www.pacteindustrial.org\/?page_id=3"},"modified":"2026-01-14T18:27:18","modified_gmt":"2026-01-14T16:27:18","slug":"politica-de-privacitat","status":"publish","type":"page","link":"https:\/\/www.pacteindustrial.org\/ca\/politica-de-privacitat\/","title":{"rendered":"Pol\u00edtica de privacitat"},"content":{"rendered":"\t\t<div data-elementor-type=\"wp-page\" data-elementor-id=\"3\" class=\"elementor elementor-3\" data-elementor-settings=\"[]\">\n\t\t\t\t\t\t<div class=\"elementor-inner\">\n\t\t\t\t\t\t\t<div class=\"elementor-section-wrap\">\n\t\t\t\t\t\t\t<section class=\"elementor-section elementor-top-section elementor-element elementor-element-86d11f7 elementor-section-boxed elementor-section-height-default elementor-section-height-default\" data-id=\"86d11f7\" data-element_type=\"section\">\n\t\t\t\t\t\t<div class=\"elementor-container elementor-column-gap-default\">\n\t\t\t\t\t\t\t<div class=\"elementor-row\">\n\t\t\t\t\t<div class=\"elementor-column elementor-col-100 elementor-top-column elementor-element elementor-element-1df85a8\" data-id=\"1df85a8\" data-element_type=\"column\">\n\t\t\t<div class=\"elementor-column-wrap elementor-element-populated\">\n\t\t\t\t\t\t\t<div class=\"elementor-widget-wrap\">\n\t\t\t\t\t\t<div class=\"elementor-element elementor-element-6e471be elementor-widget elementor-widget-heading\" data-id=\"6e471be\" data-element_type=\"widget\" data-widget_type=\"heading.default\">\n\t\t\t\t<div class=\"elementor-widget-container\">\n\t\t\t<h2 class=\"elementor-heading-title elementor-size-default\"><h1>Pol\u00edtica de privacitat<\/h1><\/h2>\t\t<\/div>\n\t\t\t\t<\/div>\n\t\t\t\t<div class=\"elementor-element elementor-element-36e7b08 elementor-widget elementor-widget-text-editor\" data-id=\"36e7b08\" data-element_type=\"widget\" data-widget_type=\"text-editor.default\">\n\t\t\t\t<div class=\"elementor-widget-container\">\n\t\t\t\t\t\t\t\t<div class=\"elementor-text-editor elementor-clearfix\">\n\t\t\t\t\t<h4><span style=\"font-weight: bolder;\">Qui \u00e9s el responsable del tractament?<\/span><\/h4>\n<p><\/p>\n<ul>\n<li>Associaci\u00f3 Pacte Industrial de la Regi\u00f3 Metropolitana de Barcelona (&#8220;Pacte Industrial&#8221;)<\/li>\n<li>CIF: G-61524070<\/li>\n<li>Adre\u00e7a: Can Masover. Parc Can Buxeres. Av. Josep Tarradellas s\/n. 08906 L\u2019Hospitalet de Llobregat<\/li>\n<li>Tel\u00e8fon:&nbsp;93 260 02 22<\/li>\n<li>Correu electr\u00f2nic: <span style=\"text-decoration: underline;\"><a href=\"mailto:pacte@pacteindustrial.org\">pacte@pacteindustrial.org<\/a><\/span><\/li>\n<\/ul>\t\t\t\t\t<\/div>\n\t\t\t\t\t\t<\/div>\n\t\t\t\t<\/div>\n\t\t\t\t<div class=\"elementor-element elementor-element-b705e20 elementor-widget elementor-widget-text-editor\" data-id=\"b705e20\" data-element_type=\"widget\" data-widget_type=\"text-editor.default\">\n\t\t\t\t<div class=\"elementor-widget-container\">\n\t\t\t\t\t\t\t\t<div class=\"elementor-text-editor elementor-clearfix\">\n\t\t\t\t\t<h4><span style=\"font-weight: bolder;\">Amb quina finalitat es tracten les dades?<\/span><\/h4>\n<div>Tractem les dades personals dels usuaris per gestionar les sol\u00b7licituds d&#8217;informaci\u00f3 i assist\u00e8ncia rebudes a trav\u00e9s del Web (tamb\u00e9 per via electr\u00f2nica). Les dades personals recollides en el formulari de subscripci\u00f3 del butllet\u00ed i en els diversos formularis d&#8217;inscripci\u00f3 a activitats seran utilitzades per a l&#8217;enviament de comunicacions, esdeveniments i not\u00edcies relacionades amb l&#8217;activitat del Pacte Industrial.<\/div>\t\t\t\t\t<\/div>\n\t\t\t\t\t\t<\/div>\n\t\t\t\t<\/div>\n\t\t\t\t<div class=\"elementor-element elementor-element-6ff8b86 elementor-widget elementor-widget-text-editor\" data-id=\"6ff8b86\" data-element_type=\"widget\" data-widget_type=\"text-editor.default\">\n\t\t\t\t<div class=\"elementor-widget-container\">\n\t\t\t\t\t\t\t\t<div class=\"elementor-text-editor elementor-clearfix\">\n\t\t\t\t\t<h4><span style=\"font-weight: bolder;\">Quina \u00e9s la legitimaci\u00f3 per al tractament de les teves dades personals?<\/span><\/h4>\n<div>La base legal per al tractament de dades \u00e9s el consentiment expl\u00edcit expressat amb l\u2019acceptaci\u00f3 de la Pol\u00edtica de Privacitat.<\/div>\t\t\t\t\t<\/div>\n\t\t\t\t\t\t<\/div>\n\t\t\t\t<\/div>\n\t\t\t\t<div class=\"elementor-element elementor-element-beca525 elementor-widget elementor-widget-text-editor\" data-id=\"beca525\" data-element_type=\"widget\" data-widget_type=\"text-editor.default\">\n\t\t\t\t<div class=\"elementor-widget-container\">\n\t\t\t\t\t\t\t\t<div class=\"elementor-text-editor elementor-clearfix\">\n\t\t\t\t\t<h4><b>A quins destinataris se cediran les teves dades?<\/b><\/h4><p><span style=\"font-size: 16px;\">En el cas d\u2019activitats organitzades per l\u2019Associaci\u00f3 Pacte Industrial de la Regi\u00f3 Metropolitana de Barcelona en col\u00b7laboraci\u00f3 amb altres entitats, les vostres dades podran ser compartides amb tercers. Aquests tercers quedaran degudament identificats com a entitats coorganitzadores al formulari d\u2019inscripci\u00f3 de l\u2019activitat. L\u2019Associaci\u00f3 Pacte Industrial de la Regi\u00f3 Metropolitana de Barcelona col\u00b7laborar\u00e0 perqu\u00e8 els tercers compleixin amb la legislaci\u00f3 vigent, si b\u00e9 la responsabilitat ser\u00e0 exigible als esmentats tercers.<\/span><\/p>\t\t\t\t\t<\/div>\n\t\t\t\t\t\t<\/div>\n\t\t\t\t<\/div>\n\t\t\t\t<div class=\"elementor-element elementor-element-35a6489 elementor-widget elementor-widget-text-editor\" data-id=\"35a6489\" data-element_type=\"widget\" data-widget_type=\"text-editor.default\">\n\t\t\t\t<div class=\"elementor-widget-container\">\n\t\t\t\t\t\t\t\t<div class=\"elementor-text-editor elementor-clearfix\">\n\t\t\t\t\t<h4><span style=\"font-weight: bolder;\">Quins s\u00f3n els teus drets en relaci\u00f3 a les teves dades?<\/span><\/h4>\n<div>\n<ul>\n<li>L&#8217;usuari pot exercir els drets d&#8217;acc\u00e9s, rectificaci\u00f3, supressi\u00f3, portabilitat i la limitaci\u00f3 o oposici\u00f3 dirigint-se per escrit a <span style=\"text-decoration: underline;\"><a href=\"mailto:pacte@pacteindustrial.org\">pacte@pacteindustrial.org<\/a><\/span>.<\/li>\n<li>L&#8217;Usuari t\u00e9 dret a retirar el consentiment prestat.<\/li>\n<li>L&#8217;Usuari t\u00e9 dret a reclamar davant l&#8217;Autoritat de Control (Ag\u00e8ncia Espanyola de Protecci\u00f3 de Dades <a href=\"http:\/\/www.agpd.es\/\" target=\"_blank\" rel=\"noreferrer noopener\">www.agpd.es<\/a>).<\/li>\n<\/ul>\n<\/div>\t\t\t\t\t<\/div>\n\t\t\t\t\t\t<\/div>\n\t\t\t\t<\/div>\n\t\t\t\t\t\t<\/div>\n\t\t\t\t\t<\/div>\n\t\t<\/div>\n\t\t\t\t\t\t\t\t<\/div>\n\t\t\t\t\t<\/div>\n\t\t<\/section>\n\t\t\t\t\t\t<\/div>\n\t\t\t\t\t\t<\/div>\n\t\t\t\t\t<\/div>\n\t\t","protected":false},"excerpt":{"rendered":"<p>Pol\u00edtica de privacitat Qui \u00e9s el responsable del tractament? Associaci\u00f3 Pacte Industrial de la Regi\u00f3 Metropolitana de Barcelona (&#8220;Pacte Industrial&#8221;) CIF: G-61524070 Adre\u00e7a: Can Masover. Parc Can Buxeres. Av. Josep Tarradellas s\/n. 08906 L\u2019Hospitalet de Llobregat Tel\u00e8fon:&nbsp;93 260 02 22 Correu electr\u00f2nic: pacte@pacteindustrial.org Amb quina finalitat es tracten les dades? Tractem les dades personals dels [&#8230;]<\/p>\n","protected":false},"author":1,"featured_media":0,"parent":0,"menu_order":0,"comment_status":"closed","ping_status":"open","template":"","meta":[],"yoast_head":"<!-- This site is optimized with the Yoast SEO plugin v16.1.1 - https:\/\/yoast.com\/wordpress\/plugins\/seo\/ -->\n<title>Pol\u00edtica de privacitat - Pacte Industrial RMB<\/title>\n<link rel=\"canonical\" href=\"https:\/\/www.pacteindustrial.org\/ca\/politica-de-privacitat\/\" \/>\n<meta property=\"og:locale\" content=\"ca_ES\" \/>\n<meta property=\"og:type\" content=\"article\" \/>\n<meta property=\"og:title\" content=\"Pol\u00edtica de privacitat - Pacte Industrial RMB\" \/>\n<meta property=\"og:description\" content=\"Pol\u00edtica de privacitat Qui \u00e9s el responsable del tractament? Associaci\u00f3 Pacte Industrial de la Regi\u00f3 Metropolitana de Barcelona (&#8220;Pacte Industrial&#8221;) CIF: G-61524070 Adre\u00e7a: Can Masover. Parc Can Buxeres. Av. Josep Tarradellas s\/n. 08906 L\u2019Hospitalet de Llobregat Tel\u00e8fon:&nbsp;93 260 02 22 Correu electr\u00f2nic: pacte@pacteindustrial.org Amb quina finalitat es tracten les dades? Tractem les dades personals dels [...]\" \/>\n<meta property=\"og:url\" content=\"https:\/\/www.pacteindustrial.org\/ca\/politica-de-privacitat\/\" \/>\n<meta property=\"og:site_name\" content=\"Pacte Industrial RMB\" \/>\n<meta property=\"article:modified_time\" content=\"2026-01-14T16:27:18+00:00\" \/>\n<meta name=\"twitter:card\" content=\"summary_large_image\" \/>\n<meta name=\"twitter:label1\" content=\"Temps estimat de lectura\">\n\t<meta name=\"twitter:data1\" content=\"2 minuts\">\n<script type=\"application\/ld+json\" class=\"yoast-schema-graph\">{\"@context\":\"https:\/\/schema.org\",\"@graph\":[{\"@type\":\"WebSite\",\"@id\":\"https:\/\/www.pacteindustrial.org\/ca\/#website\",\"url\":\"https:\/\/www.pacteindustrial.org\/ca\/\",\"name\":\"Pacte Industrial RMB\",\"description\":\"\",\"potentialAction\":[{\"@type\":\"SearchAction\",\"target\":\"https:\/\/www.pacteindustrial.org\/ca\/?s={search_term_string}\",\"query-input\":\"required name=search_term_string\"}],\"inLanguage\":\"ca\"},{\"@type\":\"WebPage\",\"@id\":\"https:\/\/www.pacteindustrial.org\/ca\/politica-de-privacitat\/#webpage\",\"url\":\"https:\/\/www.pacteindustrial.org\/ca\/politica-de-privacitat\/\",\"name\":\"Pol\\u00edtica de privacitat - Pacte Industrial RMB\",\"isPartOf\":{\"@id\":\"https:\/\/www.pacteindustrial.org\/ca\/#website\"},\"datePublished\":\"2019-05-14T10:22:18+00:00\",\"dateModified\":\"2026-01-14T16:27:18+00:00\",\"breadcrumb\":{\"@id\":\"https:\/\/www.pacteindustrial.org\/ca\/politica-de-privacitat\/#breadcrumb\"},\"inLanguage\":\"ca\",\"potentialAction\":[{\"@type\":\"ReadAction\",\"target\":[\"https:\/\/www.pacteindustrial.org\/ca\/politica-de-privacitat\/\"]}]},{\"@type\":\"BreadcrumbList\",\"@id\":\"https:\/\/www.pacteindustrial.org\/ca\/politica-de-privacitat\/#breadcrumb\",\"itemListElement\":[{\"@type\":\"ListItem\",\"position\":1,\"item\":{\"@type\":\"WebPage\",\"@id\":\"https:\/\/www.pacteindustrial.org\/ca\/\",\"url\":\"https:\/\/www.pacteindustrial.org\/ca\/\",\"name\":\"Home\"}},{\"@type\":\"ListItem\",\"position\":2,\"item\":{\"@type\":\"WebPage\",\"@id\":\"https:\/\/www.pacteindustrial.org\/ca\/politica-de-privacitat\/\",\"url\":\"https:\/\/www.pacteindustrial.org\/ca\/politica-de-privacitat\/\",\"name\":\"Pol\\u00edtica de privacitat\"}}]}]}<\/script>\n<!-- \/ Yoast SEO plugin. -->","_links":{"self":[{"href":"https:\/\/www.pacteindustrial.org\/ca\/wp-json\/wp\/v2\/pages\/3"}],"collection":[{"href":"https:\/\/www.pacteindustrial.org\/ca\/wp-json\/wp\/v2\/pages"}],"about":[{"href":"https:\/\/www.pacteindustrial.org\/ca\/wp-json\/wp\/v2\/types\/page"}],"author":[{"embeddable":true,"href":"https:\/\/www.pacteindustrial.org\/ca\/wp-json\/wp\/v2\/users\/1"}],"replies":[{"embeddable":true,"href":"https:\/\/www.pacteindustrial.org\/ca\/wp-json\/wp\/v2\/comments?post=3"}],"version-history":[{"count":38,"href":"https:\/\/www.pacteindustrial.org\/ca\/wp-json\/wp\/v2\/pages\/3\/revisions"}],"predecessor-version":[{"id":25730,"href":"https:\/\/www.pacteindustrial.org\/ca\/wp-json\/wp\/v2\/pages\/3\/revisions\/25730"}],"wp:attachment":[{"href":"https:\/\/www.pacteindustrial.org\/ca\/wp-json\/wp\/v2\/media?parent=3"}],"curies":[{"name":"wp","href":"https:\/\/api.w.org\/{rel}","templated":true}]}}