{"id":58,"date":"2019-05-27T16:01:09","date_gmt":"2019-05-27T14:01:09","guid":{"rendered":"https:\/\/www.pacteindustrial.org\/?page_id=58"},"modified":"2025-10-09T14:36:43","modified_gmt":"2025-10-09T12:36:43","slug":"organitzacio","status":"publish","type":"page","link":"https:\/\/www.pacteindustrial.org\/ca\/qui-som\/organitzacio\/","title":{"rendered":"Organitzaci\u00f3"},"content":{"rendered":"\t\t<div data-elementor-type=\"wp-post\" data-elementor-id=\"58\" class=\"elementor elementor-58\" data-elementor-settings=\"[]\">\n\t\t\t\t\t\t<div class=\"elementor-inner\">\n\t\t\t\t\t\t\t<div class=\"elementor-section-wrap\">\n\t\t\t\t\t\t\t<section class=\"elementor-section elementor-top-section elementor-element elementor-element-28d9d91 elementor-section-boxed elementor-section-height-default elementor-section-height-default\" data-id=\"28d9d91\" data-element_type=\"section\">\n\t\t\t\t\t\t<div class=\"elementor-container elementor-column-gap-default\">\n\t\t\t\t\t\t\t<div class=\"elementor-row\">\n\t\t\t\t\t<div class=\"elementor-column elementor-col-33 elementor-top-column elementor-element elementor-element-a76cae2\" data-id=\"a76cae2\" data-element_type=\"column\">\n\t\t\t<div class=\"elementor-column-wrap elementor-element-populated\">\n\t\t\t\t\t\t\t<div class=\"elementor-widget-wrap\">\n\t\t\t\t\t\t<div class=\"elementor-element elementor-element-ffef9b9 elementor-hidden-phone elementor-widget elementor-widget-wp-widget-nav_menu\" data-id=\"ffef9b9\" data-element_type=\"widget\" data-widget_type=\"wp-widget-nav_menu.default\">\n\t\t\t\t<div class=\"elementor-widget-container\">\n\t\t\t<h5>Qui som<\/h5><div class=\"menu-sidebar1-container\"><ul id=\"menu-sidebar1\" class=\"menu\"><li id=\"menu-item-8865\" class=\"menu-item menu-item-type-post_type menu-item-object-page menu-item-8865\"><a href=\"https:\/\/www.pacteindustrial.org\/ca\/qui-som\/el-pacte-industrial\/\">El Pacte Industrial<\/a><\/li>\n<li id=\"menu-item-131\" class=\"menu-item menu-item-type-post_type menu-item-object-page menu-item-131\"><a href=\"https:\/\/www.pacteindustrial.org\/ca\/qui-som\/historia\/\">Hist\u00f2ria<\/a><\/li>\n<li id=\"menu-item-2000\" class=\"menu-item menu-item-type-post_type menu-item-object-page menu-item-2000\"><a href=\"https:\/\/www.pacteindustrial.org\/ca\/qui-som\/commemoracio-20-anys\/\">Commemoraci\u00f3 20 anys<\/a><\/li>\n<li id=\"menu-item-130\" class=\"menu-item menu-item-type-post_type menu-item-object-page menu-item-130\"><a href=\"https:\/\/www.pacteindustrial.org\/ca\/qui-som\/entitats-membres\/\">Entitats membres<\/a><\/li>\n<li id=\"menu-item-129\" class=\"menu-item menu-item-type-post_type menu-item-object-page menu-item-129\"><a href=\"https:\/\/www.pacteindustrial.org\/ca\/qui-som\/organitzacio\/\">Organitzaci\u00f3<\/a><\/li>\n<li id=\"menu-item-2001\" class=\"menu-item menu-item-type-post_type menu-item-object-page menu-item-2001\"><a href=\"https:\/\/www.pacteindustrial.org\/ca\/qui-som\/transparencia\/\">Transpar\u00e8ncia<\/a><\/li>\n<li id=\"menu-item-7909\" class=\"menu-item menu-item-type-post_type menu-item-object-page menu-item-7909\"><a href=\"https:\/\/www.pacteindustrial.org\/ca\/notes-de-premsa\/\">Sala de premsa<\/a><\/li>\n<li id=\"menu-item-127\" class=\"menu-item menu-item-type-post_type menu-item-object-page menu-item-127\"><a href=\"https:\/\/www.pacteindustrial.org\/ca\/qui-som\/contacte\/\">Contacte<\/a><\/li>\n<\/ul><\/div>\t\t<\/div>\n\t\t\t\t<\/div>\n\t\t\t\t<div class=\"elementor-element elementor-element-4899972 elementor-widget-divider--view-line elementor-widget elementor-widget-divider\" data-id=\"4899972\" data-element_type=\"widget\" data-widget_type=\"divider.default\">\n\t\t\t\t<div class=\"elementor-widget-container\">\n\t\t\t\t\t<div class=\"elementor-divider\">\n\t\t\t<span class=\"elementor-divider-separator\">\n\t\t\t\t\t\t<\/span>\n\t\t<\/div>\n\t\t\t\t<\/div>\n\t\t\t\t<\/div>\n\t\t\t\t\t\t<\/div>\n\t\t\t\t\t<\/div>\n\t\t<\/div>\n\t\t\t\t<div class=\"elementor-column elementor-col-66 elementor-top-column elementor-element elementor-element-02af598\" data-id=\"02af598\" data-element_type=\"column\">\n\t\t\t<div class=\"elementor-column-wrap elementor-element-populated\">\n\t\t\t\t\t\t\t<div class=\"elementor-widget-wrap\">\n\t\t\t\t\t\t<div class=\"elementor-element elementor-element-ce91b05 elementor-widget elementor-widget-text-editor\" data-id=\"ce91b05\" data-element_type=\"widget\" data-widget_type=\"text-editor.default\">\n\t\t\t\t<div class=\"elementor-widget-container\">\n\t\t\t\t\t\t\t\t<div class=\"elementor-text-editor elementor-clearfix\">\n\t\t\t\t\t<h1>Organitzaci\u00f3<\/h1>\t\t\t\t\t<\/div>\n\t\t\t\t\t\t<\/div>\n\t\t\t\t<\/div>\n\t\t\t\t<div class=\"elementor-element elementor-element-2aac700 elementor-widget elementor-widget-text-editor\" data-id=\"2aac700\" data-element_type=\"widget\" data-widget_type=\"text-editor.default\">\n\t\t\t\t<div class=\"elementor-widget-container\">\n\t\t\t\t\t\t\t\t<div class=\"elementor-text-editor elementor-clearfix\">\n\t\t\t\t\t<p>L\u2019associaci\u00f3 Pacte Industrial de la Regi\u00f3 Metropolitana de Barcelona s\u2019estructura en els \u00f2rgans seg\u00fcents. A continuaci\u00f3 es detalla la seva composici\u00f3 despr\u00e9s de la celebraci\u00f3 del XXX Consell General 08\/10\/2025.<\/p>\t\t\t\t\t<\/div>\n\t\t\t\t\t\t<\/div>\n\t\t\t\t<\/div>\n\t\t\t\t<div class=\"elementor-element elementor-element-a3614f3 elementor-widget elementor-widget-toggle\" data-id=\"a3614f3\" data-element_type=\"widget\" data-widget_type=\"toggle.default\">\n\t\t\t\t<div class=\"elementor-widget-container\">\n\t\t\t\t\t<div class=\"elementor-toggle\" role=\"tablist\">\n\t\t\t\t\t\t\t<div class=\"elementor-toggle-item\">\n\t\t\t\t\t<h2 id=\"elementor-tab-title-1711\" class=\"elementor-tab-title\" data-tab=\"1\" role=\"tab\" aria-controls=\"elementor-tab-content-1711\" aria-expanded=\"false\">\n\t\t\t\t\t\t\t\t\t\t\t\t<span class=\"elementor-toggle-icon elementor-toggle-icon-right\" aria-hidden=\"true\">\n\t\t\t\t\t\t\t\t\t\t\t\t\t\t\t<span class=\"elementor-toggle-icon-closed\"><i class=\"fas fa-plus\"><\/i><\/span>\n\t\t\t\t\t\t\t\t<span class=\"elementor-toggle-icon-opened\"><i class=\"elementor-toggle-icon-opened fas fa-minus\"><\/i><\/span>\n\t\t\t\t\t\t\t\t\t\t\t\t\t<\/span>\n\t\t\t\t\t\t\t\t\t\t\t\t<a href=\"\" class=\"elementor-toggle-title\">Consell General<\/a>\n\t\t\t\t\t<\/h2>\n\t\t\t\t\t<div id=\"elementor-tab-content-1711\" class=\"elementor-tab-content elementor-clearfix\" data-tab=\"1\" role=\"tabpanel\" aria-labelledby=\"elementor-tab-title-1711\"><p>\u00c9s l&#8217;\u00f2rgan suprem i sobir\u00e0 de l&#8217;associaci\u00f3 i ostenta la seva m\u00e0xima representaci\u00f3. El formen els representats de totes les entitats, les institucions i les persones jur\u00eddiques associades que integren el Pacte Industrial.<\/p><table><tbody><tr><td class=\"titulo_org\" colspan=\"2\">President<\/td><\/tr><tr><td class=\"org_name\">Jordi Valls<\/td><td>Ajuntament de Barcelona<\/td><\/tr><\/tbody><\/table><table><tbody><tr><td class=\"titulo_org\" colspan=\"2\">Vicepresidenta en representaci\u00f3 de les administracions locals<\/td><\/tr><tr><td class=\"org_name\">Marta Farr\u00e9s<\/td><td>Diputaci\u00f3 de Barcelona<\/td><\/tr><\/tbody><\/table><table><tbody><tr><td class=\"titulo_org\" colspan=\"2\">Vicepresidenta en representaci\u00f3 de les organitzacions empresarials<\/td><\/tr><tr><td class=\"org_name\">M. Rosa Fiol<\/td><td>Foment del Treball<\/td><\/tr><\/tbody><\/table><table><tbody><tr><td class=\"titulo_org\" colspan=\"2\">Vicepresidenta en representaci\u00f3 de les organitzacions sindicals<\/td><\/tr><tr><td class=\"org_name\">Liliana Reyes<\/td><td>CCOO de Catalunya<\/td><\/tr><\/tbody><\/table><p><b>I els representants de totes les\u00a0<span style=\"text-decoration: underline;\"><a href=\"https:\/\/www.pacteindustrial.org\/ca\/qui-som\/entitats-membres\/\">entitats membres<\/a><\/span>\u00a0del Pacte Industrial.<\/b><\/p><\/div>\n\t\t\t\t<\/div>\n\t\t\t\t\t\t\t<div class=\"elementor-toggle-item\">\n\t\t\t\t\t<h2 id=\"elementor-tab-title-1712\" class=\"elementor-tab-title\" data-tab=\"2\" role=\"tab\" aria-controls=\"elementor-tab-content-1712\" aria-expanded=\"false\">\n\t\t\t\t\t\t\t\t\t\t\t\t<span class=\"elementor-toggle-icon elementor-toggle-icon-right\" aria-hidden=\"true\">\n\t\t\t\t\t\t\t\t\t\t\t\t\t\t\t<span class=\"elementor-toggle-icon-closed\"><i class=\"fas fa-plus\"><\/i><\/span>\n\t\t\t\t\t\t\t\t<span class=\"elementor-toggle-icon-opened\"><i class=\"elementor-toggle-icon-opened fas fa-minus\"><\/i><\/span>\n\t\t\t\t\t\t\t\t\t\t\t\t\t<\/span>\n\t\t\t\t\t\t\t\t\t\t\t\t<a href=\"\" class=\"elementor-toggle-title\">Comit\u00e8 Executiu<\/a>\n\t\t\t\t\t<\/h2>\n\t\t\t\t\t<div id=\"elementor-tab-content-1712\" class=\"elementor-tab-content elementor-clearfix\" data-tab=\"2\" role=\"tabpanel\" aria-labelledby=\"elementor-tab-title-1712\">\u00c9s l&#8217;\u00f2rgan permanent que regeix l&#8217;associaci\u00f3 i est\u00e0 compost pel president\/a i per vint-i-set membres que representen parit\u00e0riament els blocs institucionals del Pacte Industrial: vuit per part de les administracions locals, vuit per part de les organitzacions empresarials, vuit per part dels sindicats, un per part del Consorci de la Zona Franca de Barcelona i dos per part de la Generalitat de Catalunya.\n<table>\n<tbody>\n<tr>\n<td class=\"titulo_org\" colspan=\"2\">Presidenta<\/td>\n<\/tr>\n<tr>\n<td class=\"org_name\">Ana Mar\u00eda Mart\u00ednez<\/td>\n<td>Ajuntament de Rub\u00ed<\/td>\n<\/tr>\n<\/tbody>\n<\/table>\n<table>\n<tbody>\n<tr>\n<td class=\"titulo_org\" colspan=\"2\">Representants de les administracions locals<\/td>\n<\/tr>\n<tr>\n<td class=\"org_name\">Alba Barnusell<\/td>\n<td>Ajuntament de Granollers<\/td>\n<\/tr>\n<tr>\n<td class=\"org_name\">David Bote<\/td>\n<td>Ajuntament de Matar\u00f3<\/td>\n<\/tr>\n<tr>\n<td class=\"org_name\">Carles Brugarolas<\/td>\n<td>Ajuntament de Sant Cugat del Vall\u00e8s<\/td>\n<\/tr>\n<tr>\n<td class=\"org_name\">Marta Farr\u00e9s<\/td>\n<td>Diputaci\u00f3 de Barcelona<\/td>\n<\/tr>\n<tr>\n<td class=\"org_name\">Olga Morales<\/td>\n<td>Ajuntament de Viladecans<\/td>\n<\/tr>\n<tr>\n<td class=\"org_name\">Juan Carlos Moreno<\/td>\n<td>Ajuntament del Prat de Llobregat<\/td>\n<\/tr>\n<tr>\n<td class=\"org_name\">Ester Pujol<\/td>\n<td>\u00c0rea Metropolitana de Barcelona<\/td>\n<\/tr>\n<tr>\n<td class=\"org_name\">Cristina Sant\u00f3n<\/td>\n<td>Ajuntament de l&#8217;Hospitalet de Llobregat (Secretaria)<\/td>\n<\/tr>\n<tr>\n<td class=\"org_name\"><\/td>\n<td><\/td>\n<\/tr>\n<\/tbody>\n<\/table>\n<table>\n<tbody>\n<tr>\n<td class=\"titulo_org\" colspan=\"2\">Representants de les organitzacions empresarials<\/td>\n<\/tr>\n<tr>\n<td class=\"org_name\">Mois\u00e8s Bonal<\/td>\n<td>PIMEC<\/td>\n<\/tr>\n<tr>\n<td class=\"org_name\">M. Helena de Felipe<\/td>\n<td>Foment del Treball<\/td>\n<\/tr>\n<tr>\n<td class=\"org_name\">M. Rosa Fiol<\/td>\n<td>AEBALL &#8211; Foment del Treball<\/td>\n<\/tr>\n<tr>\n<td class=\"org_name\">Concha Fuentes<\/td>\n<td>PIMEC<\/td>\n<\/tr>\n<tr>\n<td class=\"org_name\">Sergi Fuster<\/td>\n<td>PIMEC<\/td>\n<\/tr>\n<tr>\n<td class=\"org_name\">S\u00edlvia Mir\u00f3<\/td>\n<td>PIMEC<\/td>\n<\/tr>\n<tr>\n<td class=\"org_name\">Roser Mor\u00e9<\/td>\n<td>FAGEM &#8211; Foment del Treball<\/td>\n<\/tr>\n<tr>\n<td class=\"org_name\">Xavier Pan\u00e9s<\/td>\n<td>CECOT &#8211; Foment del Treball<\/td>\n<\/tr>\n<\/tbody>\n<\/table>\n<table>\n<tbody>\n<tr>\n<td class=\"titulo_org\" colspan=\"2\">Representants de les organitzacions sindicals<\/td>\n<\/tr>\n<tr>\n<td class=\"org_name\">Salvador Clar\u00f3s<\/td>\n<td>CCOO de Catalunya<\/td>\n<\/tr>\n<tr>\n<td class=\"org_name\">\u00c1ngel de Dios<\/td>\n<td>UGT de Catalunya<\/td>\n<\/tr>\n<tr>\n<td class=\"org_name\">Omar Minguill\u00f3n<\/td>\n<td>UGT de Catalunya<\/td>\n<\/tr>\n<tr>\n<td class=\"org_name\">Ruth Pastor<\/td>\n<td>UGT de Catalunya<\/td>\n<\/tr>\n<tr>\n<td class=\"org_name\">Liliana Reyes<\/td>\n<td>CCOO de Catalunya<\/td>\n<\/tr>\n<tr>\n<td class=\"org_name\">Albert Rodr\u00edguez<\/td>\n<td>CCOO de Catalunya<\/td>\n<\/tr>\n<tr>\n<td class=\"org_name\">Cristina Rodr\u00edguez<\/td>\n<td>CCOO de Catalunya<\/td>\n<\/tr>\n<tr>\n<td class=\"org_name\">Anabel Serrano<\/td>\n<td>UGT de Catalunya<\/td>\n<\/tr>\n<\/tbody>\n<\/table>\n<table>\n<tbody>\n<tr>\n<td class=\"titulo_org\" colspan=\"2\">Altres representants<\/td>\n<\/tr>\n<tr>\n<td class=\"org_name\">Jaume Bar\u00f3<\/td>\n<td>Generalitat de Catalunya<\/td>\n<\/tr>\n<tr>\n<td class=\"org_name\">Pere Navarro<\/td>\n<td>Consorci de la Zona Franca de Barcelona<\/td>\n<\/tr>\n<tr>\n<td class=\"org_name\">Francesc Trillas<\/td>\n<td>Generalitat de Catalunya<\/td>\n<\/tr>\n<\/tbody>\n<\/table><\/div>\n\t\t\t\t<\/div>\n\t\t\t\t\t\t\t<div class=\"elementor-toggle-item\">\n\t\t\t\t\t<h2 id=\"elementor-tab-title-1713\" class=\"elementor-tab-title\" data-tab=\"3\" role=\"tab\" aria-controls=\"elementor-tab-content-1713\" aria-expanded=\"false\">\n\t\t\t\t\t\t\t\t\t\t\t\t<span class=\"elementor-toggle-icon elementor-toggle-icon-right\" aria-hidden=\"true\">\n\t\t\t\t\t\t\t\t\t\t\t\t\t\t\t<span class=\"elementor-toggle-icon-closed\"><i class=\"fas fa-plus\"><\/i><\/span>\n\t\t\t\t\t\t\t\t<span class=\"elementor-toggle-icon-opened\"><i class=\"elementor-toggle-icon-opened fas fa-minus\"><\/i><\/span>\n\t\t\t\t\t\t\t\t\t\t\t\t\t<\/span>\n\t\t\t\t\t\t\t\t\t\t\t\t<a href=\"\" class=\"elementor-toggle-title\">Coordinaci\u00f3 Ger\u00e8ncia<\/a>\n\t\t\t\t\t<\/h2>\n\t\t\t\t\t<div id=\"elementor-tab-content-1713\" class=\"elementor-tab-content elementor-clearfix\" data-tab=\"3\" role=\"tabpanel\" aria-labelledby=\"elementor-tab-title-1713\"><p class=\"description\">El coordinador gerent \u00e9s la persona responsable de la realitzaci\u00f3 i coordinaci\u00f3 de tot el proc\u00e9s del Pacte Industrial.<\/p><table><tbody><tr><td class=\"titulo_org\" colspan=\"3\">Coordinador Gerent<\/td><\/tr><tr><td class=\"org_name\">Carles Rivera<\/td><td><span style=\"text-decoration: underline;\"><a href=\"mailto:crivera@pacteindustrial.org\" target=\"_blank\" rel=\"noopener\">crivera@pacteindustrial.org<\/a><\/span><\/td><td><span style=\"text-decoration: underline;\"><a href=\"https:\/\/www.linkedin.com\/in\/carlesrivera\/\" target=\"_blank\" rel=\"noopener\">LinkedIn<\/a><\/span><\/td><\/tr><\/tbody><\/table><table><tbody><tr><td class=\"titulo_org\" colspan=\"3\">Responsable de Recursos i Projectes<\/td><\/tr><tr><td class=\"org_name\">Albert Valdivia<\/td><td><span style=\"text-decoration: underline;\"><a href=\"mailto:avaldivia@pacteindustrial.org\" target=\"_blank\" rel=\"noopener\">avaldivia@pacteindustrial.org<\/a><\/span><\/td><td>\u00a0<\/td><\/tr><\/tbody><\/table><table><tbody><tr><td class=\"titulo_org\" colspan=\"3\">Projectes i Socis<\/td><\/tr><tr><td class=\"org_name\">Sandra Jos\u00e9<\/td><td><span style=\"text-decoration: underline;\"><a href=\"mailto:sjose@pacteindustrial.org\" target=\"_blank\" rel=\"noopener\">sjose@pacteindustrial.org<\/a><\/span><\/td><td><span style=\"text-decoration: underline;\"><a href=\"https:\/\/www.linkedin.com\/in\/sandrajoseballesteros\/\" target=\"_blank\" rel=\"noopener\">LinkedIn<\/a><\/span><\/td><\/tr><\/tbody><\/table><table><tbody><tr><td class=\"titulo_org\" colspan=\"3\">Comunicaci\u00f3<\/td><\/tr><tr><td class=\"org_name\">Carlos Mart\u00ednez<\/td><td><span style=\"text-decoration: underline;\"><a href=\"mailto:cmartinez@pacteindustrial.org\" target=\"_blank\" rel=\"noopener\">cmartinez@pacteindustrial.org<\/a><\/span><\/td><td><span style=\"text-decoration: underline;\"><a href=\"https:\/\/www.linkedin.com\/in\/carlosmartinezrodriguez\/\" target=\"_blank\" rel=\"noopener\">LinkedIn<\/a><\/span><\/td><\/tr><\/tbody><\/table><\/div>\n\t\t\t\t<\/div>\n\t\t\t\t\t\t\t<div class=\"elementor-toggle-item\">\n\t\t\t\t\t<h2 id=\"elementor-tab-title-1714\" class=\"elementor-tab-title\" data-tab=\"4\" role=\"tab\" aria-controls=\"elementor-tab-content-1714\" aria-expanded=\"false\">\n\t\t\t\t\t\t\t\t\t\t\t\t<span class=\"elementor-toggle-icon elementor-toggle-icon-right\" aria-hidden=\"true\">\n\t\t\t\t\t\t\t\t\t\t\t\t\t\t\t<span class=\"elementor-toggle-icon-closed\"><i class=\"fas fa-plus\"><\/i><\/span>\n\t\t\t\t\t\t\t\t<span class=\"elementor-toggle-icon-opened\"><i class=\"elementor-toggle-icon-opened fas fa-minus\"><\/i><\/span>\n\t\t\t\t\t\t\t\t\t\t\t\t\t<\/span>\n\t\t\t\t\t\t\t\t\t\t\t\t<a href=\"\" class=\"elementor-toggle-title\">Comissions de Treball<\/a>\n\t\t\t\t\t<\/h2>\n\t\t\t\t\t<div id=\"elementor-tab-content-1714\" class=\"elementor-tab-content elementor-clearfix\" data-tab=\"4\" role=\"tabpanel\" aria-labelledby=\"elementor-tab-title-1714\"><p class=\"description\">S\u00f3n els espais de trobada i de debat dels membres del Pacte Industrial al voltant de diferents \u00e0mbits. Actualment estan constitu\u00efdes quatre comissions: Mobilitat, Formaci\u00f3, Activitat Econ\u00f2mica i Innovaci\u00f3.<\/p><table><tbody><tr><td class=\"titulo_org\" colspan=\"2\">President de la Comissi\u00f3 de Mobilitat<\/td><\/tr><tr><td class=\"org_name\">Juan Jos\u00e9 Casado<\/td><td>UGT de Catalunya<\/td><\/tr><\/tbody><\/table><table><tbody><tr><td class=\"titulo_org\" colspan=\"2\">Presidenta de la Comissi\u00f3 de Formaci\u00f3<\/td><\/tr><tr><td class=\"org_name\">M. Rosa Fiol<\/td><td>Foment del Treball<\/td><\/tr><\/tbody><\/table><table><tbody><tr><td class=\"titulo_org\" colspan=\"2\">President de la Comissi\u00f3 d&#8217;Activitat Econ\u00f2mica<\/td><\/tr><tr><td class=\"org_name\">Salvador Clar\u00f3s<\/td><td>CCOO de Catalunya<\/td><\/tr><\/tbody><\/table><table><tbody><tr><td class=\"titulo_org\" colspan=\"2\">President de la Comissi\u00f3 d&#8217;Innovaci\u00f3<\/td><\/tr><tr><td class=\"org_name\">Sergi Fuster<\/td><td>PIMEC<\/td><\/tr><\/tbody><\/table><\/div>\n\t\t\t\t<\/div>\n\t\t\t\t\t\t\t\t<\/div>\n\t\t\t\t<\/div>\n\t\t\t\t<\/div>\n\t\t\t\t\t\t<\/div>\n\t\t\t\t\t<\/div>\n\t\t<\/div>\n\t\t\t\t\t\t\t\t<\/div>\n\t\t\t\t\t<\/div>\n\t\t<\/section>\n\t\t\t\t\t\t<\/div>\n\t\t\t\t\t\t<\/div>\n\t\t\t\t\t<\/div>\n\t\t","protected":false},"excerpt":{"rendered":"<p>Organitzaci\u00f3 L\u2019associaci\u00f3 Pacte Industrial de la Regi\u00f3 Metropolitana de Barcelona s\u2019estructura en els \u00f2rgans seg\u00fcents. A continuaci\u00f3 es detalla la seva composici\u00f3 despr\u00e9s de la celebraci\u00f3 del XXX Consell General 08\/10\/2025. Consell General \u00c9s l&#8217;\u00f2rgan suprem i sobir\u00e0 de l&#8217;associaci\u00f3 i ostenta la seva m\u00e0xima representaci\u00f3. El formen els representats de totes les entitats, les [&#8230;]<\/p>\n","protected":false},"author":1,"featured_media":0,"parent":15,"menu_order":0,"comment_status":"closed","ping_status":"closed","template":"","meta":[],"yoast_head":"<!-- This site is optimized with the Yoast SEO plugin v16.1.1 - https:\/\/yoast.com\/wordpress\/plugins\/seo\/ -->\n<title>Organitzaci\u00f3 - Pacte Industrial RMB<\/title>\n<link rel=\"canonical\" href=\"https:\/\/www.pacteindustrial.org\/ca\/qui-som\/organitzacio\/\" \/>\n<meta property=\"og:locale\" content=\"ca_ES\" \/>\n<meta property=\"og:type\" content=\"article\" \/>\n<meta property=\"og:title\" content=\"Organitzaci\u00f3 - Pacte Industrial RMB\" \/>\n<meta property=\"og:description\" content=\"Organitzaci\u00f3 L\u2019associaci\u00f3 Pacte Industrial de la Regi\u00f3 Metropolitana de Barcelona s\u2019estructura en els \u00f2rgans seg\u00fcents. A continuaci\u00f3 es detalla la seva composici\u00f3 despr\u00e9s de la celebraci\u00f3 del XXX Consell General 08\/10\/2025. Consell General \u00c9s l&#8217;\u00f2rgan suprem i sobir\u00e0 de l&#8217;associaci\u00f3 i ostenta la seva m\u00e0xima representaci\u00f3. El formen els representats de totes les entitats, les [...]\" \/>\n<meta property=\"og:url\" content=\"https:\/\/www.pacteindustrial.org\/ca\/qui-som\/organitzacio\/\" \/>\n<meta property=\"og:site_name\" content=\"Pacte Industrial RMB\" \/>\n<meta property=\"article:modified_time\" content=\"2025-10-09T12:36:43+00:00\" \/>\n<meta name=\"twitter:card\" content=\"summary_large_image\" \/>\n<meta name=\"twitter:label1\" content=\"Temps estimat de lectura\">\n\t<meta name=\"twitter:data1\" content=\"3 minuts\">\n<script type=\"application\/ld+json\" class=\"yoast-schema-graph\">{\"@context\":\"https:\/\/schema.org\",\"@graph\":[{\"@type\":\"WebSite\",\"@id\":\"https:\/\/www.pacteindustrial.org\/ca\/#website\",\"url\":\"https:\/\/www.pacteindustrial.org\/ca\/\",\"name\":\"Pacte Industrial RMB\",\"description\":\"\",\"potentialAction\":[{\"@type\":\"SearchAction\",\"target\":\"https:\/\/www.pacteindustrial.org\/ca\/?s={search_term_string}\",\"query-input\":\"required name=search_term_string\"}],\"inLanguage\":\"ca\"},{\"@type\":\"WebPage\",\"@id\":\"https:\/\/www.pacteindustrial.org\/ca\/qui-som\/organitzacio\/#webpage\",\"url\":\"https:\/\/www.pacteindustrial.org\/ca\/qui-som\/organitzacio\/\",\"name\":\"Organitzaci\\u00f3 - Pacte Industrial RMB\",\"isPartOf\":{\"@id\":\"https:\/\/www.pacteindustrial.org\/ca\/#website\"},\"datePublished\":\"2019-05-27T14:01:09+00:00\",\"dateModified\":\"2025-10-09T12:36:43+00:00\",\"breadcrumb\":{\"@id\":\"https:\/\/www.pacteindustrial.org\/ca\/qui-som\/organitzacio\/#breadcrumb\"},\"inLanguage\":\"ca\",\"potentialAction\":[{\"@type\":\"ReadAction\",\"target\":[\"https:\/\/www.pacteindustrial.org\/ca\/qui-som\/organitzacio\/\"]}]},{\"@type\":\"BreadcrumbList\",\"@id\":\"https:\/\/www.pacteindustrial.org\/ca\/qui-som\/organitzacio\/#breadcrumb\",\"itemListElement\":[{\"@type\":\"ListItem\",\"position\":1,\"item\":{\"@type\":\"WebPage\",\"@id\":\"https:\/\/www.pacteindustrial.org\/ca\/\",\"url\":\"https:\/\/www.pacteindustrial.org\/ca\/\",\"name\":\"Home\"}},{\"@type\":\"ListItem\",\"position\":2,\"item\":{\"@type\":\"WebPage\",\"@id\":\"https:\/\/www.pacteindustrial.org\/ca\/qui-som\/\",\"url\":\"https:\/\/www.pacteindustrial.org\/ca\/qui-som\/\",\"name\":\"Qui som\"}},{\"@type\":\"ListItem\",\"position\":3,\"item\":{\"@type\":\"WebPage\",\"@id\":\"https:\/\/www.pacteindustrial.org\/ca\/qui-som\/organitzacio\/\",\"url\":\"https:\/\/www.pacteindustrial.org\/ca\/qui-som\/organitzacio\/\",\"name\":\"Organitzaci\\u00f3\"}}]}]}<\/script>\n<!-- \/ Yoast SEO plugin. -->","_links":{"self":[{"href":"https:\/\/www.pacteindustrial.org\/ca\/wp-json\/wp\/v2\/pages\/58"}],"collection":[{"href":"https:\/\/www.pacteindustrial.org\/ca\/wp-json\/wp\/v2\/pages"}],"about":[{"href":"https:\/\/www.pacteindustrial.org\/ca\/wp-json\/wp\/v2\/types\/page"}],"author":[{"embeddable":true,"href":"https:\/\/www.pacteindustrial.org\/ca\/wp-json\/wp\/v2\/users\/1"}],"replies":[{"embeddable":true,"href":"https:\/\/www.pacteindustrial.org\/ca\/wp-json\/wp\/v2\/comments?post=58"}],"version-history":[{"count":212,"href":"https:\/\/www.pacteindustrial.org\/ca\/wp-json\/wp\/v2\/pages\/58\/revisions"}],"predecessor-version":[{"id":24922,"href":"https:\/\/www.pacteindustrial.org\/ca\/wp-json\/wp\/v2\/pages\/58\/revisions\/24922"}],"up":[{"embeddable":true,"href":"https:\/\/www.pacteindustrial.org\/ca\/wp-json\/wp\/v2\/pages\/15"}],"wp:attachment":[{"href":"https:\/\/www.pacteindustrial.org\/ca\/wp-json\/wp\/v2\/media?parent=58"}],"curies":[{"name":"wp","href":"https:\/\/api.w.org\/{rel}","templated":true}]}}