{"id":62,"date":"2019-05-27T16:02:53","date_gmt":"2019-05-27T14:02:53","guid":{"rendered":"https:\/\/www.pacteindustrial.org\/?page_id=62"},"modified":"2021-01-25T14:51:19","modified_gmt":"2021-01-25T12:51:19","slug":"contacte","status":"publish","type":"page","link":"https:\/\/www.pacteindustrial.org\/ca\/qui-som\/contacte\/","title":{"rendered":"Contacte"},"content":{"rendered":"\t\t<div data-elementor-type=\"wp-post\" data-elementor-id=\"62\" class=\"elementor elementor-62\" data-elementor-settings=\"[]\">\n\t\t\t\t\t\t<div class=\"elementor-inner\">\n\t\t\t\t\t\t\t<div class=\"elementor-section-wrap\">\n\t\t\t\t\t\t\t<section class=\"elementor-section elementor-top-section elementor-element elementor-element-626e167 elementor-section-boxed elementor-section-height-default elementor-section-height-default\" data-id=\"626e167\" data-element_type=\"section\">\n\t\t\t\t\t\t<div class=\"elementor-container elementor-column-gap-default\">\n\t\t\t\t\t\t\t<div class=\"elementor-row\">\n\t\t\t\t\t<div class=\"elementor-column elementor-col-33 elementor-top-column elementor-element elementor-element-967e910\" data-id=\"967e910\" data-element_type=\"column\">\n\t\t\t<div class=\"elementor-column-wrap elementor-element-populated\">\n\t\t\t\t\t\t\t<div class=\"elementor-widget-wrap\">\n\t\t\t\t\t\t<div class=\"elementor-element elementor-element-db0c0c2 elementor-hidden-phone sidebar1-ca elementor-widget elementor-widget-wp-widget-nav_menu\" data-id=\"db0c0c2\" data-element_type=\"widget\" data-settings=\"{&quot;_animation&quot;:&quot;none&quot;}\" data-widget_type=\"wp-widget-nav_menu.default\">\n\t\t\t\t<div class=\"elementor-widget-container\">\n\t\t\t<h5>Qui som<\/h5><div class=\"menu-sidebar1-container\"><ul id=\"menu-sidebar1\" class=\"menu\"><li id=\"menu-item-8865\" class=\"menu-item menu-item-type-post_type menu-item-object-page menu-item-8865\"><a href=\"https:\/\/www.pacteindustrial.org\/ca\/qui-som\/el-pacte-industrial\/\">El Pacte Industrial<\/a><\/li>\n<li id=\"menu-item-131\" class=\"menu-item menu-item-type-post_type menu-item-object-page menu-item-131\"><a href=\"https:\/\/www.pacteindustrial.org\/ca\/qui-som\/historia\/\">Hist\u00f2ria<\/a><\/li>\n<li id=\"menu-item-2000\" class=\"menu-item menu-item-type-post_type menu-item-object-page menu-item-2000\"><a href=\"https:\/\/www.pacteindustrial.org\/ca\/qui-som\/commemoracio-20-anys\/\">Commemoraci\u00f3 20 anys<\/a><\/li>\n<li id=\"menu-item-130\" class=\"menu-item menu-item-type-post_type menu-item-object-page menu-item-130\"><a href=\"https:\/\/www.pacteindustrial.org\/ca\/qui-som\/entitats-membres\/\">Entitats membres<\/a><\/li>\n<li id=\"menu-item-129\" class=\"menu-item menu-item-type-post_type menu-item-object-page menu-item-129\"><a href=\"https:\/\/www.pacteindustrial.org\/ca\/qui-som\/organitzacio\/\">Organitzaci\u00f3<\/a><\/li>\n<li id=\"menu-item-2001\" class=\"menu-item menu-item-type-post_type menu-item-object-page menu-item-2001\"><a href=\"https:\/\/www.pacteindustrial.org\/ca\/qui-som\/transparencia\/\">Transpar\u00e8ncia<\/a><\/li>\n<li id=\"menu-item-7909\" class=\"menu-item menu-item-type-post_type menu-item-object-page menu-item-7909\"><a href=\"https:\/\/www.pacteindustrial.org\/ca\/notes-de-premsa\/\">Sala de premsa<\/a><\/li>\n<li id=\"menu-item-127\" class=\"menu-item menu-item-type-post_type menu-item-object-page menu-item-127\"><a href=\"https:\/\/www.pacteindustrial.org\/ca\/qui-som\/contacte\/\">Contacte<\/a><\/li>\n<\/ul><\/div>\t\t<\/div>\n\t\t\t\t<\/div>\n\t\t\t\t\t\t<\/div>\n\t\t\t\t\t<\/div>\n\t\t<\/div>\n\t\t\t\t<div class=\"elementor-column elementor-col-66 elementor-top-column elementor-element elementor-element-cb2a932\" data-id=\"cb2a932\" data-element_type=\"column\">\n\t\t\t<div class=\"elementor-column-wrap elementor-element-populated\">\n\t\t\t\t\t\t\t<div class=\"elementor-widget-wrap\">\n\t\t\t\t\t\t<div class=\"elementor-element elementor-element-5d1b68e elementor-widget elementor-widget-text-editor\" data-id=\"5d1b68e\" data-element_type=\"widget\" data-widget_type=\"text-editor.default\">\n\t\t\t\t<div class=\"elementor-widget-container\">\n\t\t\t\t\t\t\t\t<div class=\"elementor-text-editor elementor-clearfix\">\n\t\t\t\t\t<h1>Contacte<\/h1>\t\t\t\t\t<\/div>\n\t\t\t\t\t\t<\/div>\n\t\t\t\t<\/div>\n\t\t\t\t<section class=\"elementor-section elementor-inner-section elementor-element elementor-element-d627bb5 elementor-section-boxed elementor-section-height-default elementor-section-height-default\" data-id=\"d627bb5\" data-element_type=\"section\">\n\t\t\t\t\t\t<div class=\"elementor-container elementor-column-gap-default\">\n\t\t\t\t\t\t\t<div class=\"elementor-row\">\n\t\t\t\t\t<div class=\"elementor-column elementor-col-50 elementor-inner-column elementor-element elementor-element-771eeb5\" data-id=\"771eeb5\" data-element_type=\"column\">\n\t\t\t<div class=\"elementor-column-wrap elementor-element-populated\">\n\t\t\t\t\t\t\t<div class=\"elementor-widget-wrap\">\n\t\t\t\t\t\t<div class=\"elementor-element elementor-element-0742353 elementor-widget elementor-widget-text-editor\" data-id=\"0742353\" data-element_type=\"widget\" data-widget_type=\"text-editor.default\">\n\t\t\t\t<div class=\"elementor-widget-container\">\n\t\t\t\t\t\t\t\t<div class=\"elementor-text-editor elementor-clearfix\">\n\t\t\t\t\t<p>Can Masover<strong>\u00a0<\/strong>&#8211;<strong>\u00a0<\/strong>Parc de Can Buxeres\u00a0<\/p><p>(casa dins el parc)<strong><br \/><\/strong><\/p><p>Av. Josep Tarradellas, s\/n\u00a0\u00a0<\/p><p>08906 L\u2019Hospitalet de Llobregat<\/p>\t\t\t\t\t<\/div>\n\t\t\t\t\t\t<\/div>\n\t\t\t\t<\/div>\n\t\t\t\t\t\t<\/div>\n\t\t\t\t\t<\/div>\n\t\t<\/div>\n\t\t\t\t<div class=\"elementor-column elementor-col-50 elementor-inner-column elementor-element elementor-element-0918b55\" data-id=\"0918b55\" data-element_type=\"column\">\n\t\t\t<div class=\"elementor-column-wrap elementor-element-populated\">\n\t\t\t\t\t\t\t<div class=\"elementor-widget-wrap\">\n\t\t\t\t\t\t<div class=\"elementor-element elementor-element-2643db0 elementor-widget elementor-widget-text-editor\" data-id=\"2643db0\" data-element_type=\"widget\" data-widget_type=\"text-editor.default\">\n\t\t\t\t<div class=\"elementor-widget-container\">\n\t\t\t\t\t\t\t\t<div class=\"elementor-text-editor elementor-clearfix\">\n\t\t\t\t\t<p><a href=\"mailto:pacte@pacteindustrial.org\" target=\"_blank\" rel=\"noopener\">pacte@pacteindustrial.org<\/a><\/p><p>Tel. 93 260 02 22<\/p><p>Fax 93 260 02 24<\/p>\t\t\t\t\t<\/div>\n\t\t\t\t\t\t<\/div>\n\t\t\t\t<\/div>\n\t\t\t\t\t\t<\/div>\n\t\t\t\t\t<\/div>\n\t\t<\/div>\n\t\t\t\t\t\t\t\t<\/div>\n\t\t\t\t\t<\/div>\n\t\t<\/section>\n\t\t\t\t<div class=\"elementor-element elementor-element-543c53d elementor-widget-divider--view-line elementor-widget elementor-widget-divider\" data-id=\"543c53d\" data-element_type=\"widget\" data-widget_type=\"divider.default\">\n\t\t\t\t<div class=\"elementor-widget-container\">\n\t\t\t\t\t<div class=\"elementor-divider\">\n\t\t\t<span class=\"elementor-divider-separator\">\n\t\t\t\t\t\t<\/span>\n\t\t<\/div>\n\t\t\t\t<\/div>\n\t\t\t\t<\/div>\n\t\t\t\t<div class=\"elementor-element elementor-element-2461536a elementor-widget elementor-widget-google_maps\" data-id=\"2461536a\" data-element_type=\"widget\" data-widget_type=\"google_maps.default\">\n\t\t\t\t<div class=\"elementor-widget-container\">\n\t\t\t<div class=\"elementor-custom-embed\"><iframe frameborder=\"0\" scrolling=\"no\" marginheight=\"0\" marginwidth=\"0\" src=\"https:\/\/maps.google.com\/maps?q=Associaci%C3%B3%20Pacte%20Industrial%20de%20la%20Regi%C3%B3%20Metropolitana%20de%20Barcelona%2C%20Av.%20Josep%20Tarradellas%2C%20Hospitalet%20de%20Llobregat%2C%20Barcelona&amp;t=m&amp;z=17&amp;output=embed&amp;iwloc=near\" title=\"Associaci\u00f3 Pacte Industrial de la Regi\u00f3 Metropolitana de Barcelona, Av. Josep Tarradellas, Hospitalet de Llobregat, Barcelona\" aria-label=\"Associaci\u00f3 Pacte Industrial de la Regi\u00f3 Metropolitana de Barcelona, Av. Josep Tarradellas, Hospitalet de Llobregat, Barcelona\"><\/iframe><\/div>\t\t<\/div>\n\t\t\t\t<\/div>\n\t\t\t\t<div class=\"elementor-element elementor-element-1a920b9 elementor-widget-divider--view-line elementor-widget elementor-widget-divider\" data-id=\"1a920b9\" data-element_type=\"widget\" data-widget_type=\"divider.default\">\n\t\t\t\t<div class=\"elementor-widget-container\">\n\t\t\t\t\t<div class=\"elementor-divider\">\n\t\t\t<span class=\"elementor-divider-separator\">\n\t\t\t\t\t\t<\/span>\n\t\t<\/div>\n\t\t\t\t<\/div>\n\t\t\t\t<\/div>\n\t\t\t\t<div class=\"elementor-element elementor-element-b1ee48c elementor-widget elementor-widget-text-editor\" data-id=\"b1ee48c\" data-element_type=\"widget\" data-widget_type=\"text-editor.default\">\n\t\t\t\t<div class=\"elementor-widget-container\">\n\t\t\t\t\t\t\t\t<div class=\"elementor-text-editor elementor-clearfix\">\n\t\t\t\t\t<h2 style=\"color: #2d3945; font-family: 'Work Sans', sans-serif;\">Com arribar-hi<\/h2>\t\t\t\t\t<\/div>\n\t\t\t\t\t\t<\/div>\n\t\t\t\t<\/div>\n\t\t\t\t<div class=\"elementor-element elementor-element-08bc63a elementor-widget elementor-widget-toggle\" data-id=\"08bc63a\" data-element_type=\"widget\" data-widget_type=\"toggle.default\">\n\t\t\t\t<div class=\"elementor-widget-container\">\n\t\t\t\t\t<div class=\"elementor-toggle\" role=\"tablist\">\n\t\t\t\t\t\t\t<div class=\"elementor-toggle-item\">\n\t\t\t\t\t<h3 id=\"elementor-tab-title-9161\" class=\"elementor-tab-title\" data-tab=\"1\" role=\"tab\" aria-controls=\"elementor-tab-content-9161\" aria-expanded=\"false\">\n\t\t\t\t\t\t\t\t\t\t\t\t<span class=\"elementor-toggle-icon elementor-toggle-icon-right\" aria-hidden=\"true\">\n\t\t\t\t\t\t\t\t\t\t\t\t\t\t\t<span class=\"elementor-toggle-icon-closed\"><i class=\"fas fa-plus\"><\/i><\/span>\n\t\t\t\t\t\t\t\t<span class=\"elementor-toggle-icon-opened\"><i class=\"elementor-toggle-icon-opened fas fa-minus\"><\/i><\/span>\n\t\t\t\t\t\t\t\t\t\t\t\t\t<\/span>\n\t\t\t\t\t\t\t\t\t\t\t\t<a href=\"\" class=\"elementor-toggle-title\">Transport p\u00fablic<\/a>\n\t\t\t\t\t<\/h3>\n\t\t\t\t\t<div id=\"elementor-tab-content-9161\" class=\"elementor-tab-content elementor-clearfix\" data-tab=\"1\" role=\"tabpanel\" aria-labelledby=\"elementor-tab-title-9161\"><p><img loading=\"lazy\" class=\"alignnone wp-image-5554\" src=\"https:\/\/www.pacteindustrial.org\/wp-content\/uploads\/2020\/01\/64px-L1_barcelona.svg_.png\" alt=\"\" width=\"19\" height=\"19\" \/> Metro L\u00ednia 1 (TMB): parada Rambla Just Oliveras<\/p><p><img loading=\"lazy\" class=\"alignnone wp-image-5557\" src=\"https:\/\/www.pacteindustrial.org\/wp-content\/uploads\/2020\/01\/64px-L5_barcelona.svg_.png\" alt=\"\" width=\"19\" height=\"19\" \/> Metro L\u00ednia 5 (TMB): parada Can Boixeres<\/p><p><img loading=\"lazy\" class=\"alignnone wp-image-600\" src=\"http:\/\/www.pacteindustrial.org\/wp-content\/uploads\/2019\/06\/Rodalies_de_Catalunya_s%C3%ADmbol.svg_-300x300.png\" alt=\"\" width=\"19\" height=\"19\" \/><img loading=\"lazy\" class=\"alignnone wp-image-5551\" src=\"https:\/\/www.pacteindustrial.org\/wp-content\/uploads\/2020\/01\/166px-Rodalies_de_Catalunya_s\u00edmbol.svg_.png\" alt=\"\" width=\"19\" height=\"19\" srcset=\"https:\/\/www.pacteindustrial.org\/wp-content\/uploads\/2020\/01\/166px-Rodalies_de_Catalunya_s\u00edmbol.svg_.png 166w, https:\/\/www.pacteindustrial.org\/wp-content\/uploads\/2020\/01\/166px-Rodalies_de_Catalunya_s\u00edmbol.svg_-150x150.png 150w\" sizes=\"(max-width: 19px) 100vw, 19px\" \/>\u00a0Rodalies de Catalunya (operat per Renfe): parada L\u2019Hospitalet de Llobregat<\/p><\/div>\n\t\t\t\t<\/div>\n\t\t\t\t\t\t\t<div class=\"elementor-toggle-item\">\n\t\t\t\t\t<h3 id=\"elementor-tab-title-9162\" class=\"elementor-tab-title\" data-tab=\"2\" role=\"tab\" aria-controls=\"elementor-tab-content-9162\" aria-expanded=\"false\">\n\t\t\t\t\t\t\t\t\t\t\t\t<span class=\"elementor-toggle-icon elementor-toggle-icon-right\" aria-hidden=\"true\">\n\t\t\t\t\t\t\t\t\t\t\t\t\t\t\t<span class=\"elementor-toggle-icon-closed\"><i class=\"fas fa-plus\"><\/i><\/span>\n\t\t\t\t\t\t\t\t<span class=\"elementor-toggle-icon-opened\"><i class=\"elementor-toggle-icon-opened fas fa-minus\"><\/i><\/span>\n\t\t\t\t\t\t\t\t\t\t\t\t\t<\/span>\n\t\t\t\t\t\t\t\t\t\t\t\t<a href=\"\" class=\"elementor-toggle-title\">Transport privat<\/a>\n\t\t\t\t\t<\/h3>\n\t\t\t\t\t<div id=\"elementor-tab-content-9162\" class=\"elementor-tab-content elementor-clearfix\" data-tab=\"2\" role=\"tabpanel\" aria-labelledby=\"elementor-tab-title-9162\"><p style=\"font-weight: 400;\">Ronda de Dalt, sortida 13 (Av. Electricitat).<\/p><p style=\"font-weight: 400;\">Entrada al recinte del Parc de Can Buxeres a l\u2019altura de la ctra. Esplugues, 7 de l\u2019Hospitalet de Llobregat, seguint la indicaci\u00f3 \u201cPalauet Can Buxeres\u201d.<br \/>Hi ha p\u00e0rquing a l\u2019interior del recinte.<\/p><\/div>\n\t\t\t\t<\/div>\n\t\t\t\t\t\t\t<div class=\"elementor-toggle-item\">\n\t\t\t\t\t<h3 id=\"elementor-tab-title-9163\" class=\"elementor-tab-title\" data-tab=\"3\" role=\"tab\" aria-controls=\"elementor-tab-content-9163\" aria-expanded=\"false\">\n\t\t\t\t\t\t\t\t\t\t\t\t<span class=\"elementor-toggle-icon elementor-toggle-icon-right\" aria-hidden=\"true\">\n\t\t\t\t\t\t\t\t\t\t\t\t\t\t\t<span class=\"elementor-toggle-icon-closed\"><i class=\"fas fa-plus\"><\/i><\/span>\n\t\t\t\t\t\t\t\t<span class=\"elementor-toggle-icon-opened\"><i class=\"elementor-toggle-icon-opened fas fa-minus\"><\/i><\/span>\n\t\t\t\t\t\t\t\t\t\t\t\t\t<\/span>\n\t\t\t\t\t\t\t\t\t\t\t\t<a href=\"\" class=\"elementor-toggle-title\">Coordenades GPS<\/a>\n\t\t\t\t\t<\/h3>\n\t\t\t\t\t<div id=\"elementor-tab-content-9163\" class=\"elementor-tab-content elementor-clearfix\" data-tab=\"3\" role=\"tabpanel\" aria-labelledby=\"elementor-tab-title-9163\"><p>41\u00ba 21 54.89 N, 2\u00ba 5 47.09 E<\/p><\/div>\n\t\t\t\t<\/div>\n\t\t\t\t\t\t\t\t<\/div>\n\t\t\t\t<\/div>\n\t\t\t\t<\/div>\n\t\t\t\t\t\t<\/div>\n\t\t\t\t\t<\/div>\n\t\t<\/div>\n\t\t\t\t\t\t\t\t<\/div>\n\t\t\t\t\t<\/div>\n\t\t<\/section>\n\t\t\t\t\t\t<\/div>\n\t\t\t\t\t\t<\/div>\n\t\t\t\t\t<\/div>\n\t\t","protected":false},"excerpt":{"rendered":"<p>Contacte Can Masover\u00a0&#8211;\u00a0Parc de Can Buxeres\u00a0 (casa dins el parc) Av. Josep Tarradellas, s\/n\u00a0\u00a0 08906 L\u2019Hospitalet de Llobregat pacte@pacteindustrial.org Tel. 93 260 02 22 Fax 93 260 02 24 Com arribar-hi Transport p\u00fablic Metro L\u00ednia 1 (TMB): parada Rambla Just Oliveras Metro L\u00ednia 5 (TMB): parada Can Boixeres \u00a0Rodalies de Catalunya (operat per Renfe): parada [&#8230;]<\/p>\n","protected":false},"author":1,"featured_media":0,"parent":15,"menu_order":0,"comment_status":"closed","ping_status":"closed","template":"","meta":[],"yoast_head":"<!-- This site is optimized with the Yoast SEO plugin v16.1.1 - https:\/\/yoast.com\/wordpress\/plugins\/seo\/ -->\n<title>Contacte - Pacte Industrial RMB<\/title>\n<link rel=\"canonical\" href=\"https:\/\/www.pacteindustrial.org\/ca\/qui-som\/contacte\/\" \/>\n<meta property=\"og:locale\" content=\"ca_ES\" \/>\n<meta property=\"og:type\" content=\"article\" \/>\n<meta property=\"og:title\" content=\"Contacte - Pacte Industrial RMB\" \/>\n<meta property=\"og:description\" content=\"Contacte Can Masover\u00a0&#8211;\u00a0Parc de Can Buxeres\u00a0 (casa dins el parc) Av. Josep Tarradellas, s\/n\u00a0\u00a0 08906 L\u2019Hospitalet de Llobregat pacte@pacteindustrial.org Tel. 93 260 02 22 Fax 93 260 02 24 Com arribar-hi Transport p\u00fablic Metro L\u00ednia 1 (TMB): parada Rambla Just Oliveras Metro L\u00ednia 5 (TMB): parada Can Boixeres \u00a0Rodalies de Catalunya (operat per Renfe): parada [...]\" \/>\n<meta property=\"og:url\" content=\"https:\/\/www.pacteindustrial.org\/ca\/qui-som\/contacte\/\" \/>\n<meta property=\"og:site_name\" content=\"Pacte Industrial RMB\" \/>\n<meta property=\"article:modified_time\" content=\"2021-01-25T12:51:19+00:00\" \/>\n<meta property=\"og:image\" content=\"https:\/\/www.pacteindustrial.org\/wp-content\/uploads\/2020\/01\/64px-L1_barcelona.svg_.png\" \/>\n<meta name=\"twitter:card\" content=\"summary_large_image\" \/>\n<meta name=\"twitter:label1\" content=\"Temps estimat de lectura\">\n\t<meta name=\"twitter:data1\" content=\"1 minut\">\n<script type=\"application\/ld+json\" class=\"yoast-schema-graph\">{\"@context\":\"https:\/\/schema.org\",\"@graph\":[{\"@type\":\"WebSite\",\"@id\":\"https:\/\/www.pacteindustrial.org\/ca\/#website\",\"url\":\"https:\/\/www.pacteindustrial.org\/ca\/\",\"name\":\"Pacte Industrial RMB\",\"description\":\"\",\"potentialAction\":[{\"@type\":\"SearchAction\",\"target\":\"https:\/\/www.pacteindustrial.org\/ca\/?s={search_term_string}\",\"query-input\":\"required name=search_term_string\"}],\"inLanguage\":\"ca\"},{\"@type\":\"ImageObject\",\"@id\":\"https:\/\/www.pacteindustrial.org\/ca\/qui-som\/contacte\/#primaryimage\",\"inLanguage\":\"ca\",\"url\":\"https:\/\/www.pacteindustrial.org\/wp-content\/uploads\/2020\/01\/64px-L1_barcelona.svg_.png\",\"contentUrl\":\"https:\/\/www.pacteindustrial.org\/wp-content\/uploads\/2020\/01\/64px-L1_barcelona.svg_.png\",\"width\":64,\"height\":64},{\"@type\":\"WebPage\",\"@id\":\"https:\/\/www.pacteindustrial.org\/ca\/qui-som\/contacte\/#webpage\",\"url\":\"https:\/\/www.pacteindustrial.org\/ca\/qui-som\/contacte\/\",\"name\":\"Contacte - Pacte Industrial RMB\",\"isPartOf\":{\"@id\":\"https:\/\/www.pacteindustrial.org\/ca\/#website\"},\"primaryImageOfPage\":{\"@id\":\"https:\/\/www.pacteindustrial.org\/ca\/qui-som\/contacte\/#primaryimage\"},\"datePublished\":\"2019-05-27T14:02:53+00:00\",\"dateModified\":\"2021-01-25T12:51:19+00:00\",\"breadcrumb\":{\"@id\":\"https:\/\/www.pacteindustrial.org\/ca\/qui-som\/contacte\/#breadcrumb\"},\"inLanguage\":\"ca\",\"potentialAction\":[{\"@type\":\"ReadAction\",\"target\":[\"https:\/\/www.pacteindustrial.org\/ca\/qui-som\/contacte\/\"]}]},{\"@type\":\"BreadcrumbList\",\"@id\":\"https:\/\/www.pacteindustrial.org\/ca\/qui-som\/contacte\/#breadcrumb\",\"itemListElement\":[{\"@type\":\"ListItem\",\"position\":1,\"item\":{\"@type\":\"WebPage\",\"@id\":\"https:\/\/www.pacteindustrial.org\/ca\/\",\"url\":\"https:\/\/www.pacteindustrial.org\/ca\/\",\"name\":\"Home\"}},{\"@type\":\"ListItem\",\"position\":2,\"item\":{\"@type\":\"WebPage\",\"@id\":\"https:\/\/www.pacteindustrial.org\/ca\/qui-som\/\",\"url\":\"https:\/\/www.pacteindustrial.org\/ca\/qui-som\/\",\"name\":\"Qui som\"}},{\"@type\":\"ListItem\",\"position\":3,\"item\":{\"@type\":\"WebPage\",\"@id\":\"https:\/\/www.pacteindustrial.org\/ca\/qui-som\/contacte\/\",\"url\":\"https:\/\/www.pacteindustrial.org\/ca\/qui-som\/contacte\/\",\"name\":\"Contacte\"}}]}]}<\/script>\n<!-- \/ Yoast SEO plugin. -->","_links":{"self":[{"href":"https:\/\/www.pacteindustrial.org\/ca\/wp-json\/wp\/v2\/pages\/62"}],"collection":[{"href":"https:\/\/www.pacteindustrial.org\/ca\/wp-json\/wp\/v2\/pages"}],"about":[{"href":"https:\/\/www.pacteindustrial.org\/ca\/wp-json\/wp\/v2\/types\/page"}],"author":[{"embeddable":true,"href":"https:\/\/www.pacteindustrial.org\/ca\/wp-json\/wp\/v2\/users\/1"}],"replies":[{"embeddable":true,"href":"https:\/\/www.pacteindustrial.org\/ca\/wp-json\/wp\/v2\/comments?post=62"}],"version-history":[{"count":43,"href":"https:\/\/www.pacteindustrial.org\/ca\/wp-json\/wp\/v2\/pages\/62\/revisions"}],"predecessor-version":[{"id":12817,"href":"https:\/\/www.pacteindustrial.org\/ca\/wp-json\/wp\/v2\/pages\/62\/revisions\/12817"}],"up":[{"embeddable":true,"href":"https:\/\/www.pacteindustrial.org\/ca\/wp-json\/wp\/v2\/pages\/15"}],"wp:attachment":[{"href":"https:\/\/www.pacteindustrial.org\/ca\/wp-json\/wp\/v2\/media?parent=62"}],"curies":[{"name":"wp","href":"https:\/\/api.w.org\/{rel}","templated":true}]}}