{"id":6910,"date":"2020-04-02T17:13:31","date_gmt":"2020-04-02T15:13:31","guid":{"rendered":"https:\/\/www.pacteindustrial.org\/?page_id=6910"},"modified":"2021-01-25T12:23:36","modified_gmt":"2021-01-25T10:23:36","slug":"notes-de-premsa","status":"publish","type":"page","link":"https:\/\/www.pacteindustrial.org\/ca\/notes-de-premsa\/","title":{"rendered":"Notes de premsa"},"content":{"rendered":"\t\t<div data-elementor-type=\"wp-page\" data-elementor-id=\"6910\" class=\"elementor elementor-6910\" data-elementor-settings=\"[]\">\n\t\t\t\t\t\t<div class=\"elementor-inner\">\n\t\t\t\t\t\t\t<div class=\"elementor-section-wrap\">\n\t\t\t\t\t\t\t<section class=\"elementor-section elementor-top-section elementor-element elementor-element-22ca0580 elementor-section-boxed elementor-section-height-default elementor-section-height-default\" data-id=\"22ca0580\" data-element_type=\"section\">\n\t\t\t\t\t\t<div class=\"elementor-container elementor-column-gap-default\">\n\t\t\t\t\t\t\t<div class=\"elementor-row\">\n\t\t\t\t\t<div class=\"elementor-column elementor-col-33 elementor-top-column elementor-element elementor-element-7e794a4c\" data-id=\"7e794a4c\" data-element_type=\"column\">\n\t\t\t<div class=\"elementor-column-wrap elementor-element-populated\">\n\t\t\t\t\t\t\t<div class=\"elementor-widget-wrap\">\n\t\t\t\t\t\t<div class=\"elementor-element elementor-element-5995545a elementor-widget elementor-widget-wp-widget-nav_menu\" data-id=\"5995545a\" data-element_type=\"widget\" data-widget_type=\"wp-widget-nav_menu.default\">\n\t\t\t\t<div class=\"elementor-widget-container\">\n\t\t\t<h5>Sala de premsa<\/h5><div class=\"menu-sala-de-premsa-container\"><ul id=\"menu-sala-de-premsa\" class=\"menu\"><li id=\"menu-item-6921\" class=\"menu-item menu-item-type-post_type menu-item-object-page menu-item-6921\"><a href=\"https:\/\/www.pacteindustrial.org\/ca\/notes-de-premsa\/\">Notes de premsa<\/a><\/li>\n<li id=\"menu-item-6920\" class=\"menu-item menu-item-type-post_type menu-item-object-page menu-item-6920\"><a href=\"https:\/\/www.pacteindustrial.org\/ca\/convocatories-de-premsa\/\">Convocat\u00f2ries de premsa<\/a><\/li>\n<li id=\"menu-item-6919\" class=\"menu-item menu-item-type-post_type menu-item-object-page menu-item-6919\"><a href=\"https:\/\/www.pacteindustrial.org\/ca\/materials-de-recurs\/\">Materials de recurs<\/a><\/li>\n<\/ul><\/div>\t\t<\/div>\n\t\t\t\t<\/div>\n\t\t\t\t<div class=\"elementor-element elementor-element-c574545 elementor-widget elementor-widget-shortcode\" data-id=\"c574545\" data-element_type=\"widget\" data-widget_type=\"shortcode.default\">\n\t\t\t\t<div class=\"elementor-widget-container\">\n\t\t\t\t\t<div class=\"elementor-shortcode\"><div class=\"contact-info-for-press\"><h5>Contacte:<\/h5>\n<p><strong>Carlos Mart\u00ednez<\/strong><br \/>\n<a href=\"mailto:cmartinez@pacteindustrial.org\">cmartinez@pacteindustrial.org<\/a><br \/>\n93 260 02 22<br \/>\n669 54 09 84<\/p>\n<\/div><\/div>\n\t\t\t\t<\/div>\n\t\t\t\t<\/div>\n\t\t\t\t\t\t<\/div>\n\t\t\t\t\t<\/div>\n\t\t<\/div>\n\t\t\t\t<div class=\"elementor-column elementor-col-66 elementor-top-column elementor-element elementor-element-4e36921e\" data-id=\"4e36921e\" data-element_type=\"column\">\n\t\t\t<div class=\"elementor-column-wrap elementor-element-populated\">\n\t\t\t\t\t\t\t<div class=\"elementor-widget-wrap\">\n\t\t\t\t\t\t<div class=\"elementor-element elementor-element-6206e303 elementor-widget elementor-widget-heading\" data-id=\"6206e303\" data-element_type=\"widget\" data-widget_type=\"heading.default\">\n\t\t\t\t<div class=\"elementor-widget-container\">\n\t\t\t<h2 class=\"elementor-heading-title elementor-size-default\">Notes de premsa<\/h2>\t\t<\/div>\n\t\t\t\t<\/div>\n\t\t\t\t<div class=\"elementor-element elementor-element-776a9ee6 elementor-widget elementor-widget-text-editor\" data-id=\"776a9ee6\" data-element_type=\"widget\" data-widget_type=\"text-editor.default\">\n\t\t\t\t<div class=\"elementor-widget-container\">\n\t\t\t\t\t\t\t\t<div class=\"elementor-text-editor elementor-clearfix\">\n\t\t\t\t\t<p>Aquest \u00e9s l\u2019espai de la p\u00e0gina web dirigit als mitjans de comunicaci\u00f3 on trobareu les notes<\/p><p>de premsa, convocat\u00f2ries i diversos materials que posem a la vostra disposici\u00f3. No dubteu<\/p><p>a posar-vos en contacte amb nosaltres per complementar qualsevol informaci\u00f3.<\/p>\t\t\t\t\t<\/div>\n\t\t\t\t\t\t<\/div>\n\t\t\t\t<\/div>\n\t\t\t\t<div class=\"elementor-element elementor-element-66b8ef4 elementor-widget elementor-widget-pacteindustrial-addons-pressrelease-list\" data-id=\"66b8ef4\" data-element_type=\"widget\" data-widget_type=\"pacteindustrial-addons-pressrelease-list.default\">\n\t\t\t\t<div class=\"elementor-widget-container\">\n\t\t\t<section id=\"llista-premsa\" class=\"contanier pacteindustrial-pressreleases-block\" data-listing-type=\"complete\"><div class=\"pacteindustrial-pressreleases-wrapper card-deck\"><article id=\"post-26476\" class=\"pressrelease-item shadow card post-26476 pi_pressrelease type-pi_pressrelease status-publish has-post-thumbnail hentry\"><div class=\"row no-gutters\"><a class=\"entry-link\" href=\"https:\/\/www.pacteindustrial.org\/ca\/notes-premsa\/el-pacte-industrial-i-aemes-smart-collaboraran-per-impulsar-la-mobilitat-i-lentorn-sostenible\/\"><div class=\"image-wrapper col-4\"><img class=\"card-img\" src=\"https:\/\/www.pacteindustrial.org\/wp-content\/uploads\/2025\/12\/2025.12.15_Foto-1-550x320.jpg\" alt=\"image\"><\/div><div class=\"body-wrapper col-8\"><div class=\"card-body\"><div class=\"main-content\"><p class=\"card-date\">15-12-2025<\/p><h1 class=\"post-heading\">El Pacte Industrial i AEMES Smart col\u00b7laboraran per impulsar la mobilitat i l\u2019entorn sostenible<\/h1><p class=\"card-excerpt\"><p>Les dues entitats han signat un conveni amb l\u2019objectiu d\u2019establir un marc general de col\u00b7laboraci\u00f3 per promoure projectes relacionats amb la mobilitat i l\u2019entorn sostenible i smart. Ana Mar\u00eda Mart\u00ednez, presidenta del Comit\u00e8 Executiu del Pacte Industrial i alcaldessa de Rub\u00ed, i Jordi Gazo, vicepresident d\u2019AEMES Smart, han estat els encarregats de rubricar l\u2019acord.<\/p>\n<\/p><\/div><p class=\"readmore-button\">Llegir +<\/p><\/div><\/div><\/a><\/div><\/article><article id=\"post-26506\" class=\"pressrelease-item shadow card post-26506 pi_pressrelease type-pi_pressrelease status-publish has-post-thumbnail hentry\"><div class=\"row no-gutters\"><a class=\"entry-link\" href=\"https:\/\/www.pacteindustrial.org\/ca\/notes-premsa\/la-construccio-industrialitzada-un-model-per-afrontar-la-crisi-de-lhabitatge-i-crear-ocupacio-de-qualitat\/\"><div class=\"image-wrapper col-4\"><img class=\"card-img\" src=\"https:\/\/www.pacteindustrial.org\/wp-content\/uploads\/2025\/12\/2025.12.04_Foto-1-550x320.jpeg\" alt=\"image\"><\/div><div class=\"body-wrapper col-8\"><div class=\"card-body\"><div class=\"main-content\"><p class=\"card-date\">04-12-2025<\/p><h1 class=\"post-heading\">La construcci\u00f3 industrialitzada, un model per afrontar la crisi de l\u2019habitatge i crear ocupaci\u00f3 de qualitat<\/h1><p class=\"card-excerpt\"><p>El Pacte Industrial i el PEMB han organitzat la segona edici\u00f3 de la jornada sobre construcci\u00f3 industrialitzada d&#8217;habitatge. La trobada ha reunit representants institucionals, professionals del sector i agents econ\u00f2mics per abordar els reptes i oportunitats de la construcci\u00f3 industrialitzada com a model que afavoreix la sostenibilitat i l\u2019efici\u00e8ncia del sector, impulsa la creaci\u00f3 d\u2019ocupaci\u00f3 de qualitat i pot donar resposta a l\u2019emerg\u00e8ncia de l\u2019habitatge actual.<\/p>\n<\/p><\/div><p class=\"readmore-button\">Llegir +<\/p><\/div><\/div><\/a><\/div><\/article><article id=\"post-26490\" class=\"pressrelease-item shadow card post-26490 pi_pressrelease type-pi_pressrelease status-publish has-post-thumbnail hentry\"><div class=\"row no-gutters\"><a class=\"entry-link\" href=\"https:\/\/www.pacteindustrial.org\/ca\/notes-premsa\/el-pacte-industrial-i-la-upc-collaboraran-per-impulsar-la-industria-i-la-descarbonitzacio\/\"><div class=\"image-wrapper col-4\"><img class=\"card-img\" src=\"https:\/\/www.pacteindustrial.org\/wp-content\/uploads\/2025\/11\/2025.11.24_Foto-1-550x320.jpg\" alt=\"image\"><\/div><div class=\"body-wrapper col-8\"><div class=\"card-body\"><div class=\"main-content\"><p class=\"card-date\">24-11-2025<\/p><h1 class=\"post-heading\">El Pacte Industrial i la UPC col\u00b7laboraran per impulsar la ind\u00fastria i la descarbonitzaci\u00f3<\/h1><p class=\"card-excerpt\">La presidenta del Comit\u00e8 Executiu del Pacte Industrial, Ana Mar\u00eda Mart\u00ednez, i el rector de la UPC, Francesc Torres, s\u2019han reunit per estr\u00e8nyer la col\u00b7laboraci\u00f3 entre ambdues entitats. Barcelona, 24 de novembre de 2025. La presidenta del Comit\u00e8 Executiu del Pacte Industrial de la Regi\u00f3 Metropolitana de Barcelona i alcaldessa de Rub\u00ed, Ana Mar\u00eda Mart\u00ednez, [...]<\/p><\/div><p class=\"readmore-button\">Llegir +<\/p><\/div><\/div><\/a><\/div><\/article><article id=\"post-26525\" class=\"pressrelease-item shadow card post-26525 pi_pressrelease type-pi_pressrelease status-publish has-post-thumbnail hentry\"><div class=\"row no-gutters\"><a class=\"entry-link\" href=\"https:\/\/www.pacteindustrial.org\/ca\/notes-premsa\/el-pacte-industrial-analitza-limpacte-metropolita-de-la-nova-geopolitica\/\"><div class=\"image-wrapper col-4\"><img class=\"card-img\" src=\"https:\/\/www.pacteindustrial.org\/wp-content\/uploads\/2025\/10\/2025.10.08_Foto-1-550x320.jpg\" alt=\"image\"><\/div><div class=\"body-wrapper col-8\"><div class=\"card-body\"><div class=\"main-content\"><p class=\"card-date\">08-10-2025<\/p><h1 class=\"post-heading\">El Pacte Industrial analitza l\u2019impacte metropolit\u00e0 de la nova geopol\u00edtica<\/h1><p class=\"card-excerpt\"><p>El Pacte Industrial ha celebrat el XXX Consell General en qu\u00e8 s&#8217;ha analitzat com els canvis recents en l&#8217;ordre econ\u00f2mic global impacten sobre la pol\u00edtica industrial europea i espanyola i, de retruc, sobre el futur de la ind\u00fastria metropolitana. Jaume Bar\u00f3, secretari d\u2019Empresa i Competitivitat de la Generalitat de Catalunya, ha dirigit unes paraules als assistents i s&#8217;ha referit al nou Pacte Nacional per a la Ind\u00fastria (PNI) 2026-2030. Els ajuntaments de Granollers i del Masnou s\u2019han incorporat com a nous membres de l\u2019associaci\u00f3.<\/p>\n<\/p><\/div><p class=\"readmore-button\">Llegir +<\/p><\/div><\/div><\/a><\/div><\/article><article id=\"post-23691\" class=\"pressrelease-item shadow card post-23691 pi_pressrelease type-pi_pressrelease status-publish has-post-thumbnail hentry\"><div class=\"row no-gutters\"><a class=\"entry-link\" href=\"https:\/\/www.pacteindustrial.org\/ca\/notes-premsa\/catalunya-pot-generar-fins-a-600-mil-llocs-de-treball-verds-fins-al-2035\/\"><div class=\"image-wrapper col-4\"><img class=\"card-img\" src=\"https:\/\/www.pacteindustrial.org\/wp-content\/uploads\/2025\/04\/2025.03.17_NP_Foto-1-550x320.jpg\" alt=\"image\"><\/div><div class=\"body-wrapper col-8\"><div class=\"card-body\"><div class=\"main-content\"><p class=\"card-date\">17-03-2025<\/p><h1 class=\"post-heading\">Catalunya pot generar fins a 600 mil llocs de treball verds fins al 2035<\/h1><p class=\"card-excerpt\"><p>El Pacte Industrial, amb el suport de CaixaBank Dualitza i AEBALL, ha organitzat una sessi\u00f3 per analitzar com es troba Catalunya per abordar la transici\u00f3 mediambiental i quines ocupacions seran claus a l&#8217;hora d\u2019abordar-la. El punt de partida de la sessi\u00f3 ha estat la presentaci\u00f3 de l\u2019Informe 2024 de l\u2019Observatori de l\u2019FP, <em>La Formaci\u00f3 Professional davant els reptes de sostenibilitat mediambiental a Espanya<\/em>, elaborat per CaixaBank Dualitza i Orkestra &#8211; Instituto Vasco de Competitividad. Es tracta de la primera presentaci\u00f3 d\u2019aquesta edici\u00f3 de l\u2019informe que s\u2019ha fet a Catalunya.<\/p>\n<\/p><\/div><p class=\"readmore-button\">Llegir +<\/p><\/div><\/div><\/a><\/div><\/article><article id=\"post-23703\" class=\"pressrelease-item shadow card post-23703 pi_pressrelease type-pi_pressrelease status-publish has-post-thumbnail hentry\"><div class=\"row no-gutters\"><a class=\"entry-link\" href=\"https:\/\/www.pacteindustrial.org\/ca\/notes-premsa\/ana-maria-martinez-alcaldessa-de-rubi-nova-presidenta-del-comite-executiu-del-pacte-industrial\/\"><div class=\"image-wrapper col-4\"><img class=\"card-img\" src=\"https:\/\/www.pacteindustrial.org\/wp-content\/uploads\/2025\/04\/2025.02.26_NP_Foto-1-550x320.jpeg\" alt=\"image\"><\/div><div class=\"body-wrapper col-8\"><div class=\"card-body\"><div class=\"main-content\"><p class=\"card-date\">26-02-2025<\/p><h1 class=\"post-heading\">Ana Mar\u00eda Mart\u00ednez, alcaldessa de Rub\u00ed, nova presidenta del Comit\u00e8 Executiu del Pacte Industrial<\/h1><p class=\"card-excerpt\"><p>El Pacte Industrial ha celebrat el XXIX Consell General de l\u2019associaci\u00f3 en qu\u00e8 ha reivindicat la necessitat de fer aterrar al territori metropolit\u00e0 la nova pol\u00edtica industrial impulsada per Europa i avan\u00e7ar en autonomia estrat\u00e8gica. Ana Mar\u00eda Mart\u00ednez, alcaldessa de Rub\u00ed, ha estat nomenada presidenta del Comit\u00e8 Executiu. David Lizoain, director general d&#8217;An\u00e0lisi i Prospectiva Econ\u00f2mica de la Generalitat de Catalunya, ha definit el Pacte Industrial com un \u201cactiu de pa\u00eds\u201d per ser un \u201cclar exponent de desenvolupament econ\u00f2mic territorial amb la participaci\u00f3 de la col\u00b7laboraci\u00f3 publicoprivada\u201d.<\/p>\n<\/p><\/div><p class=\"readmore-button\">Llegir +<\/p><\/div><\/div><\/a><\/div><\/article><article id=\"post-22491\" class=\"pressrelease-item shadow card post-22491 pi_pressrelease type-pi_pressrelease status-publish has-post-thumbnail hentry\"><div class=\"row no-gutters\"><a class=\"entry-link\" href=\"https:\/\/www.pacteindustrial.org\/ca\/notes-premsa\/el-pacte-industrial-reivindica-leconomia-blava-com-a-oportunitat-per-a-la-industria-metropolitana\/\"><div class=\"image-wrapper col-4\"><img class=\"card-img\" src=\"https:\/\/www.pacteindustrial.org\/wp-content\/uploads\/2024\/07\/2024.07.02_NP_Foto-1-550x320.jpg\" alt=\"image\"><\/div><div class=\"body-wrapper col-8\"><div class=\"card-body\"><div class=\"main-content\"><p class=\"card-date\">02-07-2024<\/p><h1 class=\"post-heading\">El Pacte Industrial reivindica l\u2019economia blava com a oportunitat per a la ind\u00fastria metropolitana<\/h1><p class=\"card-excerpt\"><p>El Pacte Industrial ha celebrat el XXVIII Consell General a Vilanova i la Geltr\u00fa. Com a cloenda, ha tingut lloc el col\u00b7loqui \u201cL\u2019economia blava: oportunitats per a la ind\u00fastria metropolitana\u201d amb la participaci\u00f3 d\u2019Anna Maj\u00f3 (Barcelona Activa), Emma Cobos (Port de Barcelona) i Samuel G\u00f3mez (Sym Naval). Cristina Buesa (El Peri\u00f3dico) ha estat la moderadora.<\/p>\n<\/p><\/div><p class=\"readmore-button\">Llegir +<\/p><\/div><\/div><\/a><\/div><\/article><article id=\"post-21885\" class=\"pressrelease-item shadow card post-21885 pi_pressrelease type-pi_pressrelease status-publish has-post-thumbnail hentry\"><div class=\"row no-gutters\"><a class=\"entry-link\" href=\"https:\/\/www.pacteindustrial.org\/ca\/notes-premsa\/el-pacte-industrial-i-el-cesb-subratllen-la-importancia-de-la-productivitat-i-la-qualitat-del-treball-com-a-palanques-de-la-competitivitat-i-el-benestar\/\"><div class=\"image-wrapper col-4\"><img class=\"card-img\" src=\"https:\/\/www.pacteindustrial.org\/wp-content\/uploads\/2024\/05\/2024.05.21_Foto-2-550x320.jpg\" alt=\"image\"><\/div><div class=\"body-wrapper col-8\"><div class=\"card-body\"><div class=\"main-content\"><p class=\"card-date\">21-05-2024<\/p><h1 class=\"post-heading\">El Pacte Industrial i el CESB subratllen la import\u00e0ncia de la productivitat i la qualitat del treball com a palanques de la competitivitat i el benestar<\/h1><p class=\"card-excerpt\"><p>El Pacte Industrial, el Consell Econ\u00f2mic i Social de Barcelona (CESB) i l\u2019Ajuntament de Sabadell han organitzat el passat 21 de maig a Sabadell una jornada sobre productivitat i qualitat del treball. La jornada ha comptat amb una confer\u00e8ncia d\u2019Ant\u00f3n Costas, president del Consell Econ\u00f2mic i Social d\u2019Espanya (CES), i amb la presentaci\u00f3 del Paper 8 del Pacte Industrial, <em>Productivitat i qualitat del treball: reptes per a la prosperitat i el benestar a la Regi\u00f3 Metropolitana de Barcelona<\/em>.<\/p>\n<\/p><\/div><p class=\"readmore-button\">Llegir +<\/p><\/div><\/div><\/a><\/div><\/article><\/div><nav aria-label=\"Paginador de notes de premsa\"><ul class=\"pagination\"><li class=\"page-item shadow active\"><span aria-current=\"page\" class=\"page-link current\">1<\/span><\/li><li class=\"page-item shadow\"><a class=\"page-link\" href=\"https:\/\/www.pacteindustrial.org\/ca\/wp-json\/wp\/v2\/pages\/6910\/?pressreleases_page=2\">2<\/a><\/li><li class=\"page-item shadow\"><a class=\"page-link\" href=\"https:\/\/www.pacteindustrial.org\/ca\/wp-json\/wp\/v2\/pages\/6910\/?pressreleases_page=3\">3<\/a><\/li><li class=\"page-item shadow\"><span class=\"page-link dots\">&hellip;<\/span><\/li><li class=\"page-item shadow\"><a class=\"page-link\" href=\"https:\/\/www.pacteindustrial.org\/ca\/wp-json\/wp\/v2\/pages\/6910\/?pressreleases_page=6\">6<\/a><\/li><li class=\"page-item shadow\"><a class=\"next page-link\" href=\"https:\/\/www.pacteindustrial.org\/ca\/wp-json\/wp\/v2\/pages\/6910\/?pressreleases_page=2\">&raquo;<\/a><\/li><\/ul><\/nav><\/section>\t\t<\/div>\n\t\t\t\t<\/div>\n\t\t\t\t\t\t<\/div>\n\t\t\t\t\t<\/div>\n\t\t<\/div>\n\t\t\t\t\t\t\t\t<\/div>\n\t\t\t\t\t<\/div>\n\t\t<\/section>\n\t\t\t\t<section class=\"elementor-section elementor-top-section elementor-element elementor-element-2b23008b elementor-section-boxed elementor-section-height-default elementor-section-height-default\" data-id=\"2b23008b\" data-element_type=\"section\">\n\t\t\t\t\t\t<div class=\"elementor-container elementor-column-gap-default\">\n\t\t\t\t\t\t\t<div class=\"elementor-row\">\n\t\t\t\t\t<div class=\"elementor-column elementor-col-100 elementor-top-column elementor-element elementor-element-228712cb\" data-id=\"228712cb\" data-element_type=\"column\">\n\t\t\t<div class=\"elementor-column-wrap\">\n\t\t\t\t\t\t\t<div class=\"elementor-widget-wrap\">\n\t\t\t\t\t\t\t\t<\/div>\n\t\t\t\t\t<\/div>\n\t\t<\/div>\n\t\t\t\t\t\t\t\t<\/div>\n\t\t\t\t\t<\/div>\n\t\t<\/section>\n\t\t\t\t\t\t<\/div>\n\t\t\t\t\t\t<\/div>\n\t\t\t\t\t<\/div>\n\t\t","protected":false},"excerpt":{"rendered":"<p>Notes de premsa Aquest \u00e9s l\u2019espai de la p\u00e0gina web dirigit als mitjans de comunicaci\u00f3 on trobareu les notes de premsa, convocat\u00f2ries i diversos materials que posem a la vostra disposici\u00f3. No dubteu a posar-vos en contacte amb nosaltres per complementar qualsevol informaci\u00f3. 16-12-2020 El Pacte Industrial presenta un document sobre la necessitat de transformar [&#8230;]<\/p>\n","protected":false},"author":3,"featured_media":0,"parent":0,"menu_order":0,"comment_status":"closed","ping_status":"closed","template":"","meta":[],"yoast_head":"<!-- This site is optimized with the Yoast SEO plugin v16.1.1 - https:\/\/yoast.com\/wordpress\/plugins\/seo\/ -->\n<title>Notes de premsa - Pacte Industrial RMB<\/title>\n<link rel=\"canonical\" href=\"https:\/\/www.pacteindustrial.org\/ca\/notes-de-premsa\/\" \/>\n<meta property=\"og:locale\" content=\"ca_ES\" \/>\n<meta property=\"og:type\" content=\"article\" \/>\n<meta property=\"og:title\" content=\"Notes de premsa - Pacte Industrial RMB\" \/>\n<meta property=\"og:description\" content=\"Notes de premsa Aquest \u00e9s l\u2019espai de la p\u00e0gina web dirigit als mitjans de comunicaci\u00f3 on trobareu les notes de premsa, convocat\u00f2ries i diversos materials que posem a la vostra disposici\u00f3. No dubteu a posar-vos en contacte amb nosaltres per complementar qualsevol informaci\u00f3. 16-12-2020 El Pacte Industrial presenta un document sobre la necessitat de transformar [...]\" \/>\n<meta property=\"og:url\" content=\"https:\/\/www.pacteindustrial.org\/ca\/notes-de-premsa\/\" \/>\n<meta property=\"og:site_name\" content=\"Pacte Industrial RMB\" \/>\n<meta property=\"article:modified_time\" content=\"2021-01-25T10:23:36+00:00\" \/>\n<meta property=\"og:image\" content=\"https:\/\/www.pacteindustrial.org\/wp-content\/uploads\/2020\/12\/2020.12.16_Foto-550x320.png\" \/>\n<meta name=\"twitter:card\" content=\"summary_large_image\" \/>\n<meta name=\"twitter:label1\" content=\"Temps estimat de lectura\">\n\t<meta name=\"twitter:data1\" content=\"4 minuts\">\n<script type=\"application\/ld+json\" class=\"yoast-schema-graph\">{\"@context\":\"https:\/\/schema.org\",\"@graph\":[{\"@type\":\"WebSite\",\"@id\":\"https:\/\/www.pacteindustrial.org\/ca\/#website\",\"url\":\"https:\/\/www.pacteindustrial.org\/ca\/\",\"name\":\"Pacte Industrial RMB\",\"description\":\"\",\"potentialAction\":[{\"@type\":\"SearchAction\",\"target\":\"https:\/\/www.pacteindustrial.org\/ca\/?s={search_term_string}\",\"query-input\":\"required name=search_term_string\"}],\"inLanguage\":\"ca\"},{\"@type\":\"ImageObject\",\"@id\":\"https:\/\/www.pacteindustrial.org\/ca\/notes-de-premsa\/#primaryimage\",\"inLanguage\":\"ca\",\"url\":\"https:\/\/www.pacteindustrial.org\/wp-content\/uploads\/2020\/12\/2020.12.16_Foto.png\",\"contentUrl\":\"https:\/\/www.pacteindustrial.org\/wp-content\/uploads\/2020\/12\/2020.12.16_Foto.png\",\"width\":998,\"height\":577},{\"@type\":\"WebPage\",\"@id\":\"https:\/\/www.pacteindustrial.org\/ca\/notes-de-premsa\/#webpage\",\"url\":\"https:\/\/www.pacteindustrial.org\/ca\/notes-de-premsa\/\",\"name\":\"Notes de premsa - Pacte Industrial RMB\",\"isPartOf\":{\"@id\":\"https:\/\/www.pacteindustrial.org\/ca\/#website\"},\"primaryImageOfPage\":{\"@id\":\"https:\/\/www.pacteindustrial.org\/ca\/notes-de-premsa\/#primaryimage\"},\"datePublished\":\"2020-04-02T15:13:31+00:00\",\"dateModified\":\"2021-01-25T10:23:36+00:00\",\"breadcrumb\":{\"@id\":\"https:\/\/www.pacteindustrial.org\/ca\/notes-de-premsa\/#breadcrumb\"},\"inLanguage\":\"ca\",\"potentialAction\":[{\"@type\":\"ReadAction\",\"target\":[\"https:\/\/www.pacteindustrial.org\/ca\/notes-de-premsa\/\"]}]},{\"@type\":\"BreadcrumbList\",\"@id\":\"https:\/\/www.pacteindustrial.org\/ca\/notes-de-premsa\/#breadcrumb\",\"itemListElement\":[{\"@type\":\"ListItem\",\"position\":1,\"item\":{\"@type\":\"WebPage\",\"@id\":\"https:\/\/www.pacteindustrial.org\/ca\/\",\"url\":\"https:\/\/www.pacteindustrial.org\/ca\/\",\"name\":\"Home\"}},{\"@type\":\"ListItem\",\"position\":2,\"item\":{\"@type\":\"WebPage\",\"@id\":\"https:\/\/www.pacteindustrial.org\/ca\/notes-de-premsa\/\",\"url\":\"https:\/\/www.pacteindustrial.org\/ca\/notes-de-premsa\/\",\"name\":\"Notes de premsa\"}}]}]}<\/script>\n<!-- \/ Yoast SEO plugin. -->","_links":{"self":[{"href":"https:\/\/www.pacteindustrial.org\/ca\/wp-json\/wp\/v2\/pages\/6910"}],"collection":[{"href":"https:\/\/www.pacteindustrial.org\/ca\/wp-json\/wp\/v2\/pages"}],"about":[{"href":"https:\/\/www.pacteindustrial.org\/ca\/wp-json\/wp\/v2\/types\/page"}],"author":[{"embeddable":true,"href":"https:\/\/www.pacteindustrial.org\/ca\/wp-json\/wp\/v2\/users\/3"}],"replies":[{"embeddable":true,"href":"https:\/\/www.pacteindustrial.org\/ca\/wp-json\/wp\/v2\/comments?post=6910"}],"version-history":[{"count":19,"href":"https:\/\/www.pacteindustrial.org\/ca\/wp-json\/wp\/v2\/pages\/6910\/revisions"}],"predecessor-version":[{"id":12780,"href":"https:\/\/www.pacteindustrial.org\/ca\/wp-json\/wp\/v2\/pages\/6910\/revisions\/12780"}],"wp:attachment":[{"href":"https:\/\/www.pacteindustrial.org\/ca\/wp-json\/wp\/v2\/media?parent=6910"}],"curies":[{"name":"wp","href":"https:\/\/api.w.org\/{rel}","templated":true}]}}