{"id":6912,"date":"2020-04-02T17:13:47","date_gmt":"2020-04-02T15:13:47","guid":{"rendered":"https:\/\/www.pacteindustrial.org\/?page_id=6912"},"modified":"2021-01-25T12:24:07","modified_gmt":"2021-01-25T10:24:07","slug":"convocatories-de-premsa","status":"publish","type":"page","link":"https:\/\/www.pacteindustrial.org\/ca\/convocatories-de-premsa\/","title":{"rendered":"Convocat\u00f2ries de premsa"},"content":{"rendered":"\t\t<div data-elementor-type=\"wp-page\" data-elementor-id=\"6912\" class=\"elementor elementor-6912\" data-elementor-settings=\"[]\">\n\t\t\t\t\t\t<div class=\"elementor-inner\">\n\t\t\t\t\t\t\t<div class=\"elementor-section-wrap\">\n\t\t\t\t\t\t\t<section class=\"elementor-section elementor-top-section elementor-element elementor-element-5c370a9e elementor-section-boxed elementor-section-height-default elementor-section-height-default\" data-id=\"5c370a9e\" data-element_type=\"section\">\n\t\t\t\t\t\t<div class=\"elementor-container elementor-column-gap-default\">\n\t\t\t\t\t\t\t<div class=\"elementor-row\">\n\t\t\t\t\t<div class=\"elementor-column elementor-col-33 elementor-top-column elementor-element elementor-element-4f85f608\" data-id=\"4f85f608\" data-element_type=\"column\">\n\t\t\t<div class=\"elementor-column-wrap elementor-element-populated\">\n\t\t\t\t\t\t\t<div class=\"elementor-widget-wrap\">\n\t\t\t\t\t\t<div class=\"elementor-element elementor-element-330702e3 elementor-widget elementor-widget-wp-widget-nav_menu\" data-id=\"330702e3\" data-element_type=\"widget\" data-widget_type=\"wp-widget-nav_menu.default\">\n\t\t\t\t<div class=\"elementor-widget-container\">\n\t\t\t<h5>Sala de premsa<\/h5><div class=\"menu-sala-de-premsa-container\"><ul id=\"menu-sala-de-premsa\" class=\"menu\"><li id=\"menu-item-6921\" class=\"menu-item menu-item-type-post_type menu-item-object-page menu-item-6921\"><a href=\"https:\/\/www.pacteindustrial.org\/ca\/notes-de-premsa\/\">Notes de premsa<\/a><\/li>\n<li id=\"menu-item-6920\" class=\"menu-item menu-item-type-post_type menu-item-object-page menu-item-6920\"><a href=\"https:\/\/www.pacteindustrial.org\/ca\/convocatories-de-premsa\/\">Convocat\u00f2ries de premsa<\/a><\/li>\n<li id=\"menu-item-6919\" class=\"menu-item menu-item-type-post_type menu-item-object-page menu-item-6919\"><a href=\"https:\/\/www.pacteindustrial.org\/ca\/materials-de-recurs\/\">Materials de recurs<\/a><\/li>\n<\/ul><\/div>\t\t<\/div>\n\t\t\t\t<\/div>\n\t\t\t\t<div class=\"elementor-element elementor-element-8d396cd elementor-widget elementor-widget-shortcode\" data-id=\"8d396cd\" data-element_type=\"widget\" data-widget_type=\"shortcode.default\">\n\t\t\t\t<div class=\"elementor-widget-container\">\n\t\t\t\t\t<div class=\"elementor-shortcode\"><div class=\"contact-info-for-press\"><h5>Contacte:<\/h5>\n<p><strong>Carlos Mart\u00ednez<\/strong><br \/>\n<a href=\"mailto:cmartinez@pacteindustrial.org\">cmartinez@pacteindustrial.org<\/a><br \/>\n93 260 02 22<br \/>\n669 54 09 84<\/p>\n<\/div><\/div>\n\t\t\t\t<\/div>\n\t\t\t\t<\/div>\n\t\t\t\t\t\t<\/div>\n\t\t\t\t\t<\/div>\n\t\t<\/div>\n\t\t\t\t<div class=\"elementor-column elementor-col-66 elementor-top-column elementor-element elementor-element-109822d2\" data-id=\"109822d2\" data-element_type=\"column\">\n\t\t\t<div class=\"elementor-column-wrap elementor-element-populated\">\n\t\t\t\t\t\t\t<div class=\"elementor-widget-wrap\">\n\t\t\t\t\t\t<div class=\"elementor-element elementor-element-1e7cac6a elementor-widget elementor-widget-heading\" data-id=\"1e7cac6a\" data-element_type=\"widget\" data-widget_type=\"heading.default\">\n\t\t\t\t<div class=\"elementor-widget-container\">\n\t\t\t<h2 class=\"elementor-heading-title elementor-size-default\">Convocat\u00f2ries de premsa<\/h2>\t\t<\/div>\n\t\t\t\t<\/div>\n\t\t\t\t<div class=\"elementor-element elementor-element-46d79efb elementor-widget elementor-widget-text-editor\" data-id=\"46d79efb\" data-element_type=\"widget\" data-widget_type=\"text-editor.default\">\n\t\t\t\t<div class=\"elementor-widget-container\">\n\t\t\t\t\t\t\t\t<div class=\"elementor-text-editor elementor-clearfix\">\n\t\t\t\t\t<p>Aquest \u00e9s l\u2019espai de la p\u00e0gina web dirigit als mitjans de comunicaci\u00f3 on trobareu les notes<\/p><p>de premsa, convocat\u00f2ries i diversos materials que posem a la vostra disposici\u00f3. No dubteu<\/p><p>a posar-vos en contacte amb nosaltres per complementar qualsevol informaci\u00f3.<\/p>\t\t\t\t\t<\/div>\n\t\t\t\t\t\t<\/div>\n\t\t\t\t<\/div>\n\t\t\t\t<div class=\"elementor-element elementor-element-db9e966 elementor-widget elementor-widget-spacer\" data-id=\"db9e966\" data-element_type=\"widget\" data-widget_type=\"spacer.default\">\n\t\t\t\t<div class=\"elementor-widget-container\">\n\t\t\t\t\t<div class=\"elementor-spacer\">\n\t\t\t<div class=\"elementor-spacer-inner\"><\/div>\n\t\t<\/div>\n\t\t\t\t<\/div>\n\t\t\t\t<\/div>\n\t\t\t\t<div class=\"elementor-element elementor-element-07bf551 elementor-widget elementor-widget-pacteindustrial-addons-pressannouncements-list\" data-id=\"07bf551\" data-element_type=\"widget\" data-widget_type=\"pacteindustrial-addons-pressannouncements-list.default\">\n\t\t\t\t<div class=\"elementor-widget-container\">\n\t\t\t<section class=\"container pacteindustrial-pressannouncements-block\" data-listing-type=\"complete\"><div class=\"pressannouncements-listing-block-inner with-past-pressannouncements\"><div class=\"pressannouncement-time-navigation\"><ul class=\"pressannouncement-time-selector\"><li class=\"pressannouncement-time-selector-item\"><a class=\"pressannouncement-time-selector-link past-pressannouncements\" href=\"https:\/\/www.pacteindustrial.org\/ca\/wp-json\/wp\/v2\/pages\/6912\/?pressannouncements=past\">Passades<\/a><\/li><li class=\"pressannouncement-time-selector-item\"><a class=\"pressannouncement-time-selector-link next-pressannouncements\" href=\"https:\/\/www.pacteindustrial.org\/ca\/wp-json\/wp\/v2\/pages\/6912\/?pressannouncements=upcoming\">Properes<\/a><\/li><\/ul><\/div><div class=\"pressannouncements-wrapper\"><div class=\"past-pressannouncements-wrapper\"><div class=\"pacteindustrial-pressannouncements-wrapper card-deck\"><article id=\"post-14079\" class=\"pressannouncement-item shadow card post-14079 pi_convocatoria type-pi_convocatoria status-publish has-post-thumbnail hentry\"><div class=\"card-body col-12\"><a class=\"title-link\" href=\"https:\/\/www.pacteindustrial.org\/ca\/convocatories-premsa\/presentacio-del-llibre-limpacte-de-la-intelligencia-artificial-a-les-empreses-de-xavier-marcet\/\"><h1 class=\"post-heading\">Presentaci\u00f3 del llibre &#8220;L&#8217;impacte de la intel\u00b7lig\u00e8ncia artificial a les empreses&#8221; de Xavier Marcet<\/h1><\/a><div class=\"card-details\"><p class=\"card-date\"><i class=\"fa fa-calendar\" style=\"font-size:20px; color:#f15b40;\"><\/i> 12\/04\/2021<\/p><p class=\"card-place\"><i class=\"fa fa-map-marker\" style=\"font-size:20px; color:#f15b40;\"><\/i> Online. Podeu confirmar a cmartinez@pacteindustrial.org o en aquest<\/p><p class=\"card-time\"><i class=\"fa fa-clock-o\" style=\"font-size:20px; color:#f15b40;\"><\/i> De 18.00 a 19.30 h<\/p><\/div><p class=\"card-excerpt\"><p>La publicaci\u00f3 forma part de la col\u00b7lecci\u00f3 \u201cPapers de l\u2019Observatori de la Ind\u00fastria\u201d del Departament d\u2019Empresa i Coneixement i ha estat elaborada amb el suport del Pacte Industrial. Hi intervindran Josep Roca, president de la Fundaci\u00f3 per la Ind\u00fastria; Carles Ruiz, alcalde de Viladecans i secretari del Pacte Industrial; Matilde Villarroya, directora general d\u2019Ind\u00fastria, i Xavier Marcet, autor de la publicaci\u00f3.<\/p>\n<\/p><p class=\"readmore-button\"><a class=\"readmore-button\" href=\"https:\/\/www.pacteindustrial.org\/ca\/convocatories-premsa\/presentacio-del-llibre-limpacte-de-la-intelligencia-artificial-a-les-empreses-de-xavier-marcet\/\">Llegir +<\/a><\/p><\/div><\/article><article id=\"post-10047\" class=\"pressannouncement-item shadow card post-10047 pi_convocatoria type-pi_convocatoria status-publish has-post-thumbnail hentry\"><div class=\"card-body col-12\"><a class=\"title-link\" href=\"https:\/\/www.pacteindustrial.org\/ca\/convocatories-premsa\/lorem-ipsum\/\"><h1 class=\"post-heading\">Jornada &#8220;Economia circular i acci\u00f3 col\u00b7lectiva en l\u2019horitz\u00f3 2030&#8221;<\/h1><\/a><div class=\"card-details\"><p class=\"card-date\"><i class=\"fa fa-calendar\" style=\"font-size:20px; color:#f15b40;\"><\/i> 13\/10\/2020<\/p><p class=\"card-place\"><i class=\"fa fa-map-marker\" style=\"font-size:20px; color:#f15b40;\"><\/i> Online. <\/p><p class=\"card-time\"><i class=\"fa fa-clock-o\" style=\"font-size:20px; color:#f15b40;\"><\/i> De 9.30 a 12.00 h<\/p><\/div><p class=\"card-excerpt\"><p>Des del Pacte Industrial de la Regi\u00f3 Metropolitana de Barcelona ens plau convidar-vos a la jornada Economia circular i acci\u00f3 col\u00b7lectiva en l\u2019horitz\u00f3 2030 que organitzem en col\u00b7laboraci\u00f3 amb el Palau Macaya de la Fundaci\u00f3 &#8220;la Caixa&#8221;.<\/p>\n<\/p><p class=\"readmore-button\"><a class=\"readmore-button\" href=\"https:\/\/www.pacteindustrial.org\/ca\/convocatories-premsa\/lorem-ipsum\/\">Llegir +<\/a><\/p><\/div><\/article><\/div><\/div><div class=\"next-pressannouncements-wrapper\"><div class=\"no-pressannouncements-notice\"><p class=\"no-pressannouncements-message\">En aquests moments no hi ha cap convocat\u00f2ria de premsa programada.<\/p><\/div><\/div><\/div><\/div><\/section>\t\t<\/div>\n\t\t\t\t<\/div>\n\t\t\t\t\t\t<\/div>\n\t\t\t\t\t<\/div>\n\t\t<\/div>\n\t\t\t\t\t\t\t\t<\/div>\n\t\t\t\t\t<\/div>\n\t\t<\/section>\n\t\t\t\t<section class=\"elementor-section elementor-top-section elementor-element elementor-element-2a5f84ec elementor-section-boxed elementor-section-height-default elementor-section-height-default\" data-id=\"2a5f84ec\" data-element_type=\"section\">\n\t\t\t\t\t\t<div class=\"elementor-container elementor-column-gap-default\">\n\t\t\t\t\t\t\t<div class=\"elementor-row\">\n\t\t\t\t\t<div class=\"elementor-column elementor-col-100 elementor-top-column elementor-element elementor-element-4e8f6361\" data-id=\"4e8f6361\" data-element_type=\"column\">\n\t\t\t<div class=\"elementor-column-wrap\">\n\t\t\t\t\t\t\t<div class=\"elementor-widget-wrap\">\n\t\t\t\t\t\t\t\t<\/div>\n\t\t\t\t\t<\/div>\n\t\t<\/div>\n\t\t\t\t\t\t\t\t<\/div>\n\t\t\t\t\t<\/div>\n\t\t<\/section>\n\t\t\t\t\t\t<\/div>\n\t\t\t\t\t\t<\/div>\n\t\t\t\t\t<\/div>\n\t\t","protected":false},"excerpt":{"rendered":"<p>Convocat\u00f2ries de premsa Aquest \u00e9s l\u2019espai de la p\u00e0gina web dirigit als mitjans de comunicaci\u00f3 on trobareu les notes de premsa, convocat\u00f2ries i diversos materials que posem a la vostra disposici\u00f3. No dubteu a posar-vos en contacte amb nosaltres per complementar qualsevol informaci\u00f3. Passades Properes Jornada &#8220;Economia circular i acci\u00f3 col\u00b7lectiva en l\u2019horitz\u00f3 2030&#8221; 13\/10\/2020 [&#8230;]<\/p>\n","protected":false},"author":3,"featured_media":0,"parent":0,"menu_order":0,"comment_status":"closed","ping_status":"closed","template":"","meta":[],"yoast_head":"<!-- This site is optimized with the Yoast SEO plugin v16.1.1 - https:\/\/yoast.com\/wordpress\/plugins\/seo\/ -->\n<title>Convocat\u00f2ries de premsa - Pacte Industrial RMB<\/title>\n<link rel=\"canonical\" href=\"https:\/\/www.pacteindustrial.org\/ca\/convocatories-de-premsa\/\" \/>\n<meta property=\"og:locale\" content=\"ca_ES\" \/>\n<meta property=\"og:type\" content=\"article\" \/>\n<meta property=\"og:title\" content=\"Convocat\u00f2ries de premsa - Pacte Industrial RMB\" \/>\n<meta property=\"og:description\" content=\"Convocat\u00f2ries de premsa Aquest \u00e9s l\u2019espai de la p\u00e0gina web dirigit als mitjans de comunicaci\u00f3 on trobareu les notes de premsa, convocat\u00f2ries i diversos materials que posem a la vostra disposici\u00f3. No dubteu a posar-vos en contacte amb nosaltres per complementar qualsevol informaci\u00f3. Passades Properes Jornada &#8220;Economia circular i acci\u00f3 col\u00b7lectiva en l\u2019horitz\u00f3 2030&#8221; 13\/10\/2020 [...]\" \/>\n<meta property=\"og:url\" content=\"https:\/\/www.pacteindustrial.org\/ca\/convocatories-de-premsa\/\" \/>\n<meta property=\"og:site_name\" content=\"Pacte Industrial RMB\" \/>\n<meta property=\"article:modified_time\" content=\"2021-01-25T10:24:07+00:00\" \/>\n<meta name=\"twitter:card\" content=\"summary_large_image\" \/>\n<meta name=\"twitter:label1\" content=\"Temps estimat de lectura\">\n\t<meta name=\"twitter:data1\" content=\"1 minut\">\n<script type=\"application\/ld+json\" class=\"yoast-schema-graph\">{\"@context\":\"https:\/\/schema.org\",\"@graph\":[{\"@type\":\"WebSite\",\"@id\":\"https:\/\/www.pacteindustrial.org\/ca\/#website\",\"url\":\"https:\/\/www.pacteindustrial.org\/ca\/\",\"name\":\"Pacte Industrial RMB\",\"description\":\"\",\"potentialAction\":[{\"@type\":\"SearchAction\",\"target\":\"https:\/\/www.pacteindustrial.org\/ca\/?s={search_term_string}\",\"query-input\":\"required name=search_term_string\"}],\"inLanguage\":\"ca\"},{\"@type\":\"WebPage\",\"@id\":\"https:\/\/www.pacteindustrial.org\/ca\/convocatories-de-premsa\/#webpage\",\"url\":\"https:\/\/www.pacteindustrial.org\/ca\/convocatories-de-premsa\/\",\"name\":\"Convocat\\u00f2ries de premsa - Pacte Industrial RMB\",\"isPartOf\":{\"@id\":\"https:\/\/www.pacteindustrial.org\/ca\/#website\"},\"datePublished\":\"2020-04-02T15:13:47+00:00\",\"dateModified\":\"2021-01-25T10:24:07+00:00\",\"breadcrumb\":{\"@id\":\"https:\/\/www.pacteindustrial.org\/ca\/convocatories-de-premsa\/#breadcrumb\"},\"inLanguage\":\"ca\",\"potentialAction\":[{\"@type\":\"ReadAction\",\"target\":[\"https:\/\/www.pacteindustrial.org\/ca\/convocatories-de-premsa\/\"]}]},{\"@type\":\"BreadcrumbList\",\"@id\":\"https:\/\/www.pacteindustrial.org\/ca\/convocatories-de-premsa\/#breadcrumb\",\"itemListElement\":[{\"@type\":\"ListItem\",\"position\":1,\"item\":{\"@type\":\"WebPage\",\"@id\":\"https:\/\/www.pacteindustrial.org\/ca\/\",\"url\":\"https:\/\/www.pacteindustrial.org\/ca\/\",\"name\":\"Home\"}},{\"@type\":\"ListItem\",\"position\":2,\"item\":{\"@type\":\"WebPage\",\"@id\":\"https:\/\/www.pacteindustrial.org\/ca\/convocatories-de-premsa\/\",\"url\":\"https:\/\/www.pacteindustrial.org\/ca\/convocatories-de-premsa\/\",\"name\":\"Convocat\\u00f2ries de premsa\"}}]}]}<\/script>\n<!-- \/ Yoast SEO plugin. -->","_links":{"self":[{"href":"https:\/\/www.pacteindustrial.org\/ca\/wp-json\/wp\/v2\/pages\/6912"}],"collection":[{"href":"https:\/\/www.pacteindustrial.org\/ca\/wp-json\/wp\/v2\/pages"}],"about":[{"href":"https:\/\/www.pacteindustrial.org\/ca\/wp-json\/wp\/v2\/types\/page"}],"author":[{"embeddable":true,"href":"https:\/\/www.pacteindustrial.org\/ca\/wp-json\/wp\/v2\/users\/3"}],"replies":[{"embeddable":true,"href":"https:\/\/www.pacteindustrial.org\/ca\/wp-json\/wp\/v2\/comments?post=6912"}],"version-history":[{"count":16,"href":"https:\/\/www.pacteindustrial.org\/ca\/wp-json\/wp\/v2\/pages\/6912\/revisions"}],"predecessor-version":[{"id":12781,"href":"https:\/\/www.pacteindustrial.org\/ca\/wp-json\/wp\/v2\/pages\/6912\/revisions\/12781"}],"wp:attachment":[{"href":"https:\/\/www.pacteindustrial.org\/ca\/wp-json\/wp\/v2\/media?parent=6912"}],"curies":[{"name":"wp","href":"https:\/\/api.w.org\/{rel}","templated":true}]}}