{"id":72,"date":"2019-05-27T16:09:13","date_gmt":"2019-05-27T14:09:13","guid":{"rendered":"https:\/\/www.pacteindustrial.org\/?page_id=72"},"modified":"2021-02-16T17:35:57","modified_gmt":"2021-02-16T15:35:57","slug":"poligons","status":"publish","type":"page","link":"https:\/\/www.pacteindustrial.org\/ca\/ambits-dactuacio\/poligons\/","title":{"rendered":"Pol\u00edgons"},"content":{"rendered":"\t\t<div data-elementor-type=\"wp-post\" data-elementor-id=\"72\" class=\"elementor elementor-72\" data-elementor-settings=\"[]\">\n\t\t\t\t\t\t<div class=\"elementor-inner\">\n\t\t\t\t\t\t\t<div class=\"elementor-section-wrap\">\n\t\t\t\t\t\t\t<section class=\"elementor-section elementor-top-section elementor-element elementor-element-8048217 elementor-section-boxed elementor-section-height-default elementor-section-height-default\" data-id=\"8048217\" data-element_type=\"section\">\n\t\t\t\t\t\t<div class=\"elementor-container elementor-column-gap-default\">\n\t\t\t\t\t\t\t<div class=\"elementor-row\">\n\t\t\t\t\t<div class=\"elementor-column elementor-col-33 elementor-top-column elementor-element elementor-element-0debd09\" data-id=\"0debd09\" data-element_type=\"column\">\n\t\t\t<div class=\"elementor-column-wrap elementor-element-populated\">\n\t\t\t\t\t\t\t<div class=\"elementor-widget-wrap\">\n\t\t\t\t\t\t<div class=\"elementor-element elementor-element-010c07f elementor-widget elementor-widget-wp-widget-nav_menu\" data-id=\"010c07f\" data-element_type=\"widget\" data-widget_type=\"wp-widget-nav_menu.default\">\n\t\t\t\t<div class=\"elementor-widget-container\">\n\t\t\t<h5>Qu\u00e8 fem<\/h5><div class=\"menu-sidebar2-container\"><ul id=\"menu-sidebar2\" class=\"menu\"><li id=\"menu-item-185\" class=\"menu-item menu-item-type-post_type menu-item-object-page menu-item-has-children menu-item-185\"><a href=\"https:\/\/www.pacteindustrial.org\/ca\/ambits-dactuacio\/\">\u00c0mbits d&#8217;actuaci\u00f3<\/a>\n<ul class=\"sub-menu\">\n\t<li id=\"menu-item-194\" class=\"menu-item menu-item-type-post_type menu-item-object-page menu-item-194\"><a href=\"https:\/\/www.pacteindustrial.org\/ca\/ambits-dactuacio\/sostenibilitat\/\">Sostenibilitat<\/a><\/li>\n\t<li id=\"menu-item-192\" class=\"menu-item menu-item-type-post_type menu-item-object-page menu-item-192\"><a href=\"https:\/\/www.pacteindustrial.org\/ca\/ambits-dactuacio\/poligons\/\">Pol\u00edgons<\/a><\/li>\n\t<li id=\"menu-item-188\" class=\"menu-item menu-item-type-post_type menu-item-object-page menu-item-188\"><a href=\"https:\/\/www.pacteindustrial.org\/ca\/ambits-dactuacio\/innovacio\/\">Innovaci\u00f3<\/a><\/li>\n\t<li id=\"menu-item-190\" class=\"menu-item menu-item-type-post_type menu-item-object-page menu-item-190\"><a href=\"https:\/\/www.pacteindustrial.org\/ca\/ambits-dactuacio\/mobilitat\/\">Mobilitat<\/a><\/li>\n\t<li id=\"menu-item-186\" class=\"menu-item menu-item-type-post_type menu-item-object-page menu-item-186\"><a href=\"https:\/\/www.pacteindustrial.org\/ca\/ambits-dactuacio\/formacio\/\">Formaci\u00f3<\/a><\/li>\n\t<li id=\"menu-item-191\" class=\"menu-item menu-item-type-post_type menu-item-object-page menu-item-191\"><a href=\"https:\/\/www.pacteindustrial.org\/ca\/ambits-dactuacio\/ocupacio\/\">Ocupaci\u00f3<\/a><\/li>\n\t<li id=\"menu-item-189\" class=\"menu-item menu-item-type-post_type menu-item-object-page menu-item-189\"><a href=\"https:\/\/www.pacteindustrial.org\/ca\/ambits-dactuacio\/internalitzacio\/\">Internacionalitzaci\u00f3<\/a><\/li>\n\t<li id=\"menu-item-193\" class=\"menu-item menu-item-type-post_type menu-item-object-page menu-item-193\"><a href=\"https:\/\/www.pacteindustrial.org\/ca\/ambits-dactuacio\/dades-i-sig\/\">Dades i SIG<\/a><\/li>\n\t<li id=\"menu-item-187\" class=\"menu-item menu-item-type-post_type menu-item-object-page menu-item-187\"><a href=\"https:\/\/www.pacteindustrial.org\/ca\/ambits-dactuacio\/infraestructures\/\">Infraestructures<\/a><\/li>\n<\/ul>\n<\/li>\n<\/ul><\/div>\t\t<\/div>\n\t\t\t\t<\/div>\n\t\t\t\t\t\t<\/div>\n\t\t\t\t\t<\/div>\n\t\t<\/div>\n\t\t\t\t<div class=\"elementor-column elementor-col-66 elementor-top-column elementor-element elementor-element-354cdec\" data-id=\"354cdec\" data-element_type=\"column\">\n\t\t\t<div class=\"elementor-column-wrap elementor-element-populated\">\n\t\t\t\t\t\t\t<div class=\"elementor-widget-wrap\">\n\t\t\t\t\t\t<div class=\"elementor-element elementor-element-6025ddd elementor-widget elementor-widget-heading\" data-id=\"6025ddd\" data-element_type=\"widget\" data-widget_type=\"heading.default\">\n\t\t\t\t<div class=\"elementor-widget-container\">\n\t\t\t<h2 class=\"elementor-heading-title elementor-size-default\">Pol\u00edgons<\/h2>\t\t<\/div>\n\t\t\t\t<\/div>\n\t\t\t\t<div class=\"elementor-element elementor-element-0171a95 elementor-widget elementor-widget-text-editor\" data-id=\"0171a95\" data-element_type=\"widget\" data-widget_type=\"text-editor.default\">\n\t\t\t\t<div class=\"elementor-widget-container\">\n\t\t\t\t\t\t\t\t<div class=\"elementor-text-editor elementor-clearfix\">\n\t\t\t\t\t<p style=\"color: #2d3945;\">Aquestes s\u00f3n les activitats i publicacions del Pacte Industrial sobre pol\u00edgons industrials.<\/p>\t\t\t\t\t<\/div>\n\t\t\t\t\t\t<\/div>\n\t\t\t\t<\/div>\n\t\t\t\t<div class=\"elementor-element elementor-element-c773c00 elementor-widget elementor-widget-heading\" data-id=\"c773c00\" data-element_type=\"widget\" data-widget_type=\"heading.default\">\n\t\t\t\t<div class=\"elementor-widget-container\">\n\t\t\t<h2 class=\"elementor-heading-title elementor-size-default\">Activitats<\/h2>\t\t<\/div>\n\t\t\t\t<\/div>\n\t\t\t\t<div class=\"elementor-element elementor-element-c7c575c elementor-widget elementor-widget-pacteindustrial-addons-news\" data-id=\"c7c575c\" data-element_type=\"widget\" data-widget_type=\"pacteindustrial-addons-news.default\">\n\t\t\t\t<div class=\"elementor-widget-container\">\n\t\t\t<section id=\"actualitat\" class=\"container pacteindustrial-news-block\" data-lang=\"ca\"><div class=\"card-deck pacteindustrial-news-wrapper\"><div class=\"load-spinner\"><div class=\"loader\"><\/div><\/div><article id=\"post-25835\" class=\"card news_entry 25835 post-25835 post type-post status-publish format-standard has-post-thumbnail hentry category-poligons tag-garraf tag-poligons post_scope-poligons\"><div class=\"image_wrapper\"><a class=\"image_link\" href=\"https:\/\/www.pacteindustrial.org\/ca\/blog\/jornada-al-garraf-sobre-cooperacio-governanca-i-associacionisme-als-poligons\/\"><img width=\"500\" height=\"315\" src=\"https:\/\/www.pacteindustrial.org\/wp-content\/uploads\/2026\/01\/2026.01.27_Foto-1-500x315.jpg\" class=\"attachment-articlelisting-thumbnail size-articlelisting-thumbnail wp-post-image\" alt=\"\" loading=\"lazy\" \/><\/a><\/div><div class=\"card-body content_wrapper\"><a class=\"title_link\" href=\"https:\/\/www.pacteindustrial.org\/ca\/blog\/jornada-al-garraf-sobre-cooperacio-governanca-i-associacionisme-als-poligons\/\"><h1 class=\"post_heading\">Jornada al Garraf sobre cooperaci\u00f3, governan\u00e7a i associacionisme als pol\u00edgons<\/h1><\/a><a href=\"https:\/\/www.pacteindustrial.org\/ca\/blog\/jornada-al-garraf-sobre-cooperacio-governanca-i-associacionisme-als-poligons\/\" class=\"readmore-button\">Llegir +<\/a><\/div><\/article><article id=\"post-25755\" class=\"card news_entry 25755 post-25755 post type-post status-publish format-standard has-post-thumbnail hentry category-poligons tag-energia tag-garraf tag-poligons post_scope-poligons\"><div class=\"image_wrapper\"><a class=\"image_link\" href=\"https:\/\/www.pacteindustrial.org\/ca\/blog\/associacionisme-empresarial-i-energia-als-poligons-protagonistes-de-la-trobada-sobre-pae-a-vilanova-i-la-geltru-amb-la-participacio-del-pacte-industrial\/\"><img width=\"500\" height=\"315\" src=\"https:\/\/www.pacteindustrial.org\/wp-content\/uploads\/2026\/01\/2025.12.10_Foto-1-500x315.png\" class=\"attachment-articlelisting-thumbnail size-articlelisting-thumbnail wp-post-image\" alt=\"\" loading=\"lazy\" \/><\/a><\/div><div class=\"card-body content_wrapper\"><a class=\"title_link\" href=\"https:\/\/www.pacteindustrial.org\/ca\/blog\/associacionisme-empresarial-i-energia-als-poligons-protagonistes-de-la-trobada-sobre-pae-a-vilanova-i-la-geltru-amb-la-participacio-del-pacte-industrial\/\"><h1 class=\"post_heading\">Associacionisme empresarial i energia als pol\u00edgons, protagonistes de la trobada sobre PAE a Vilanova i la Geltr\u00fa amb la participaci\u00f3 del Pacte Industrial<\/h1><\/a><a href=\"https:\/\/www.pacteindustrial.org\/ca\/blog\/associacionisme-empresarial-i-energia-als-poligons-protagonistes-de-la-trobada-sobre-pae-a-vilanova-i-la-geltru-amb-la-participacio-del-pacte-industrial\/\" class=\"readmore-button\">Llegir +<\/a><\/div><\/article><\/div><nav class=\"ajax-news-pagination-wrapper\" aria-label=\"Paginador de publicacions\"><ul class=\"pagination ajax-news-pagination\" data-query-vars=\"{&quot;post_type&quot;:&quot;post&quot;,&quot;post_status&quot;:&quot;publish&quot;,&quot;no_found_rows&quot;:false,&quot;ignore_sticky_posts&quot;:true,&quot;orderby&quot;:&quot;date&quot;,&quot;order&quot;:&quot;DESC&quot;,&quot;posts_per_page&quot;:2,&quot;paged&quot;:1,&quot;tax_query&quot;:[{&quot;taxonomy&quot;:&quot;post_scope&quot;,&quot;field&quot;:&quot;slug&quot;,&quot;terms&quot;:&quot;poligons&quot;,&quot;include_children&quot;:false,&quot;operator&quot;:&quot;IN&quot;}],&quot;error&quot;:&quot;&quot;,&quot;m&quot;:&quot;&quot;,&quot;p&quot;:0,&quot;post_parent&quot;:&quot;&quot;,&quot;subpost&quot;:&quot;&quot;,&quot;subpost_id&quot;:&quot;&quot;,&quot;attachment&quot;:&quot;&quot;,&quot;attachment_id&quot;:0,&quot;name&quot;:&quot;&quot;,&quot;pagename&quot;:&quot;&quot;,&quot;page_id&quot;:0,&quot;second&quot;:&quot;&quot;,&quot;minute&quot;:&quot;&quot;,&quot;hour&quot;:&quot;&quot;,&quot;day&quot;:0,&quot;monthnum&quot;:0,&quot;year&quot;:0,&quot;w&quot;:0,&quot;category_name&quot;:&quot;&quot;,&quot;tag&quot;:&quot;&quot;,&quot;cat&quot;:&quot;&quot;,&quot;tag_id&quot;:&quot;&quot;,&quot;author&quot;:&quot;&quot;,&quot;author_name&quot;:&quot;&quot;,&quot;feed&quot;:&quot;&quot;,&quot;tb&quot;:&quot;&quot;,&quot;meta_key&quot;:&quot;&quot;,&quot;meta_value&quot;:&quot;&quot;,&quot;preview&quot;:&quot;&quot;,&quot;s&quot;:&quot;&quot;,&quot;sentence&quot;:&quot;&quot;,&quot;title&quot;:&quot;&quot;,&quot;fields&quot;:&quot;&quot;,&quot;menu_order&quot;:&quot;&quot;,&quot;embed&quot;:&quot;&quot;,&quot;category__in&quot;:[],&quot;category__not_in&quot;:[],&quot;category__and&quot;:[],&quot;post__in&quot;:[],&quot;post__not_in&quot;:[],&quot;post_name__in&quot;:[],&quot;tag__in&quot;:[],&quot;tag__not_in&quot;:[],&quot;tag__and&quot;:[],&quot;tag_slug__in&quot;:[],&quot;tag_slug__and&quot;:[],&quot;post_parent__in&quot;:[],&quot;post_parent__not_in&quot;:[],&quot;author__in&quot;:[],&quot;author__not_in&quot;:[],&quot;suppress_filters&quot;:false,&quot;cache_results&quot;:true,&quot;update_post_term_cache&quot;:true,&quot;lazy_load_term_meta&quot;:true,&quot;update_post_meta_cache&quot;:true,&quot;nopaging&quot;:false,&quot;comments_per_page&quot;:&quot;50&quot;,&quot;taxonomy&quot;:&quot;post_scope&quot;,&quot;term&quot;:&quot;poligons&quot;}\"><li class=\"page-item shadow active\"><span aria-current=\"page\" class=\"page-link current\">1<\/span><\/li><li class=\"page-item shadow\"><a class=\"page-link\" href=\"https:\/\/www.pacteindustrial.org\/ca\/wp-json\/wp\/v2\/pages\/72\/?news_page=2\">2<\/a><\/li><li class=\"page-item shadow\"><a class=\"page-link\" href=\"https:\/\/www.pacteindustrial.org\/ca\/wp-json\/wp\/v2\/pages\/72\/?news_page=3\">3<\/a><\/li><li class=\"page-item shadow\"><span class=\"page-link dots\">&hellip;<\/span><\/li><li class=\"page-item shadow\"><a class=\"page-link\" href=\"https:\/\/www.pacteindustrial.org\/ca\/wp-json\/wp\/v2\/pages\/72\/?news_page=18\">18<\/a><\/li><li class=\"page-item shadow\"><a class=\"next page-link\" href=\"https:\/\/www.pacteindustrial.org\/ca\/wp-json\/wp\/v2\/pages\/72\/?news_page=2\">&raquo;<\/a><\/li><\/ul><\/nav><\/section>\t\t<\/div>\n\t\t\t\t<\/div>\n\t\t\t\t<div class=\"elementor-element elementor-element-85f89fa elementor-align-center elementor-widget elementor-widget-button\" data-id=\"85f89fa\" data-element_type=\"widget\" data-widget_type=\"button.default\">\n\t\t\t\t<div class=\"elementor-widget-container\">\n\t\t\t\t\t<div class=\"elementor-button-wrapper\">\n\t\t\t<a href=\"\/ca\/noticies\" class=\"elementor-button-link elementor-button elementor-size-lg\" role=\"button\">\n\t\t\t\t\t\t<span class=\"elementor-button-content-wrapper\">\n\t\t\t\t\t\t<span class=\"elementor-button-text\">Veure totes les Not\u00edcies<\/span>\n\t\t<\/span>\n\t\t\t\t\t<\/a>\n\t\t<\/div>\n\t\t\t\t<\/div>\n\t\t\t\t<\/div>\n\t\t\t\t<div class=\"elementor-element elementor-element-252dd9b elementor-widget elementor-widget-heading\" data-id=\"252dd9b\" data-element_type=\"widget\" data-widget_type=\"heading.default\">\n\t\t\t\t<div class=\"elementor-widget-container\">\n\t\t\t<h2 class=\"elementor-heading-title elementor-size-default\">Publicacions<\/h2>\t\t<\/div>\n\t\t\t\t<\/div>\n\t\t\t\t<div class=\"elementor-element elementor-element-61b84e elementor-widget elementor-widget-pacteindustrial-addons-publications-list\" data-id=\"61b84e\" data-element_type=\"widget\" data-widget_type=\"pacteindustrial-addons-publications-list.default\">\n\t\t\t\t<div class=\"elementor-widget-container\">\n\t\t\t<section class=\"container pacteindustrial-publications-block\" data-lang=\"ca\"><div class=\"pacteindustrial-publications-wrapper\"><div class=\"load-spinner\"><div class=\"loader\"><\/div><\/div><article id=\"post-24273\" class=\"card publication-entry post-24273 pi_publication type-pi_publication status-publish has-post-thumbnail hentry post_scope-poligons pi_publication_type-altres-publicacions\"><div class=\"row no-gutters\"><div class=\"image-wrapper col-md-3\"><a class=\"image-link\" href=\"https:\/\/www.pacteindustrial.org\/ca\/publicacions\/poligons-dactivitat-economica-a-catalunya-reptes-i-escenaris-reguladors\/\"><img class=\"card-img\" src=\"https:\/\/www.pacteindustrial.org\/wp-content\/uploads\/2025\/06\/Poligons-dactivitat-economica-a-Catalunya-reptes-i-escenaris-reguladors.png\" alt=\"featured image\"><\/a><\/div><div class=\"body-wrapper col-md-9\"><div class=\"card-body\"><div class=\"card-body-header\"><a class=\"title-link\" href=\"https:\/\/www.pacteindustrial.org\/ca\/publicacions\/poligons-dactivitat-economica-a-catalunya-reptes-i-escenaris-reguladors\/\"><h1 class=\"post-heading\">Pol\u00edgons d\u2019activitat econ\u00f2mica a Catalunya: reptes i escenaris reguladors<\/h1><\/a><p class=\"publication-authors\"><span class=\"authors-title\">Autors: <\/span><a class=\"author-link\" href=\"https:\/\/www.pacteindustrial.org\/ca\/fem-xarxa\/jaume-amill-miralles\/\">Jaume Amill Miralles<\/a>, <a class=\"author-link\" href=\"https:\/\/www.pacteindustrial.org\/ca\/fem-xarxa\/marti-pol-nuevo\/\">Mart\u00ed Pol Nuevo<\/a>, <a class=\"author-link\" href=\"https:\/\/www.pacteindustrial.org\/ca\/fem-xarxa\/claudia-puig-fernandez\/\">Claudia Puig Fern\u00e1ndez<\/a><\/p><p class=\"publication-collections\"><span class=\"collections-title\">Col\u00b7lecci\u00f3: <\/span><a class=\"collection-link\" href=\"https:\/\/www.pacteindustrial.org\/ca\/publicacions\/?type=altres-publicacions\">Altres publicacions<\/a><\/p><\/div><div class=\"card-body-footer\"><p><a href=\"https:\/\/www.pacteindustrial.org\/ca\/publicacions\/poligons-dactivitat-economica-a-catalunya-reptes-i-escenaris-reguladors\/\" class=\"download-button\">Llegir +<\/a><\/p><\/div><\/div><\/div><\/div><\/article><article id=\"post-14800\" class=\"card publication-entry post-14800 pi_publication type-pi_publication status-publish has-post-thumbnail hentry post_scope-dades post_scope-poligons pi_publication_type-papers-del-pacte-industrial\"><div class=\"row no-gutters\"><div class=\"image-wrapper col-md-3\"><a class=\"image-link\" href=\"https:\/\/www.pacteindustrial.org\/ca\/publicacions\/paper-6-serveis-comercials-i-atractivitat-dels-poligons-dactivitat-economica-a-la-regio-metropolitana-de-barcelona\/\"><img class=\"card-img\" src=\"https:\/\/www.pacteindustrial.org\/wp-content\/uploads\/2021\/07\/Portada-Paper-6-del-Pacte-Industrial.png\" alt=\"featured image\"><\/a><\/div><div class=\"body-wrapper col-md-9\"><div class=\"card-body\"><div class=\"card-body-header\"><a class=\"title-link\" href=\"https:\/\/www.pacteindustrial.org\/ca\/publicacions\/paper-6-serveis-comercials-i-atractivitat-dels-poligons-dactivitat-economica-a-la-regio-metropolitana-de-barcelona\/\"><h1 class=\"post-heading\">Serveis comercials i atractivitat dels pol\u00edgons d&#8217;activitat econ\u00f2mica a la Regi\u00f3 Metropolitana de Barcelona<\/h1><\/a><p class=\"publication-authors\"><span class=\"authors-title\">Autors: <\/span><a class=\"author-link\" href=\"https:\/\/www.pacteindustrial.org\/ca\/fem-xarxa\/carlos-carrasco-farre\/\">Carlos Carrasco Farr\u00e9<\/a>, <a class=\"author-link\" href=\"https:\/\/www.pacteindustrial.org\/ca\/fem-xarxa\/david-nogue\/\">David Nogu\u00e9 Espinilla<\/a><\/p><p class=\"publication-collections\"><span class=\"collections-title\">Col\u00b7lecci\u00f3: <\/span><a class=\"collection-link\" href=\"https:\/\/www.pacteindustrial.org\/ca\/publicacions\/?type=papers-del-pacte-industrial\">Papers del Pacte Industrial<\/a><\/p><\/div><div class=\"card-body-footer\"><p><a href=\"https:\/\/www.pacteindustrial.org\/ca\/publicacions\/paper-6-serveis-comercials-i-atractivitat-dels-poligons-dactivitat-economica-a-la-regio-metropolitana-de-barcelona\/\" class=\"download-button\">Llegir +<\/a><\/p><\/div><\/div><\/div><\/div><\/article><\/div><nav class=\"ajax-publications-pagination-wrapper\" aria-label=\"Paginador de publicacions\"><ul class=\"pagination ajax-publications-pagination\" data-query-vars=\"{&quot;post_type&quot;:&quot;pi_publication&quot;,&quot;post_status&quot;:&quot;publish&quot;,&quot;no_found_rows&quot;:false,&quot;ignore_sticky_posts&quot;:true,&quot;orderby&quot;:&quot;date&quot;,&quot;order&quot;:&quot;DESC&quot;,&quot;posts_per_page&quot;:2,&quot;paged&quot;:1,&quot;tax_query&quot;:[{&quot;taxonomy&quot;:&quot;post_scope&quot;,&quot;field&quot;:&quot;slug&quot;,&quot;terms&quot;:&quot;poligons&quot;,&quot;include_children&quot;:false,&quot;operator&quot;:&quot;IN&quot;}],&quot;error&quot;:&quot;&quot;,&quot;m&quot;:&quot;&quot;,&quot;p&quot;:0,&quot;post_parent&quot;:&quot;&quot;,&quot;subpost&quot;:&quot;&quot;,&quot;subpost_id&quot;:&quot;&quot;,&quot;attachment&quot;:&quot;&quot;,&quot;attachment_id&quot;:0,&quot;name&quot;:&quot;&quot;,&quot;pagename&quot;:&quot;&quot;,&quot;page_id&quot;:0,&quot;second&quot;:&quot;&quot;,&quot;minute&quot;:&quot;&quot;,&quot;hour&quot;:&quot;&quot;,&quot;day&quot;:0,&quot;monthnum&quot;:0,&quot;year&quot;:0,&quot;w&quot;:0,&quot;category_name&quot;:&quot;&quot;,&quot;tag&quot;:&quot;&quot;,&quot;cat&quot;:&quot;&quot;,&quot;tag_id&quot;:&quot;&quot;,&quot;author&quot;:&quot;&quot;,&quot;author_name&quot;:&quot;&quot;,&quot;feed&quot;:&quot;&quot;,&quot;tb&quot;:&quot;&quot;,&quot;meta_key&quot;:&quot;&quot;,&quot;meta_value&quot;:&quot;&quot;,&quot;preview&quot;:&quot;&quot;,&quot;s&quot;:&quot;&quot;,&quot;sentence&quot;:&quot;&quot;,&quot;title&quot;:&quot;&quot;,&quot;fields&quot;:&quot;&quot;,&quot;menu_order&quot;:&quot;&quot;,&quot;embed&quot;:&quot;&quot;,&quot;category__in&quot;:[],&quot;category__not_in&quot;:[],&quot;category__and&quot;:[],&quot;post__in&quot;:[],&quot;post__not_in&quot;:[],&quot;post_name__in&quot;:[],&quot;tag__in&quot;:[],&quot;tag__not_in&quot;:[],&quot;tag__and&quot;:[],&quot;tag_slug__in&quot;:[],&quot;tag_slug__and&quot;:[],&quot;post_parent__in&quot;:[],&quot;post_parent__not_in&quot;:[],&quot;author__in&quot;:[],&quot;author__not_in&quot;:[],&quot;suppress_filters&quot;:false,&quot;cache_results&quot;:true,&quot;update_post_term_cache&quot;:true,&quot;lazy_load_term_meta&quot;:true,&quot;update_post_meta_cache&quot;:true,&quot;nopaging&quot;:false,&quot;comments_per_page&quot;:&quot;50&quot;,&quot;taxonomy&quot;:&quot;post_scope&quot;,&quot;term&quot;:&quot;poligons&quot;}\"><li class=\"page-item shadow active\"><span aria-current=\"page\" class=\"page-link current\">1<\/span><\/li><li class=\"page-item shadow\"><a class=\"page-link\" href=\"https:\/\/www.pacteindustrial.org\/ca\/wp-json\/wp\/v2\/pages\/72\/?publications_page=2\">2<\/a><\/li><li class=\"page-item shadow\"><a class=\"page-link\" href=\"https:\/\/www.pacteindustrial.org\/ca\/wp-json\/wp\/v2\/pages\/72\/?publications_page=3\">3<\/a><\/li><li class=\"page-item shadow\"><span class=\"page-link dots\">&hellip;<\/span><\/li><li class=\"page-item shadow\"><a class=\"page-link\" href=\"https:\/\/www.pacteindustrial.org\/ca\/wp-json\/wp\/v2\/pages\/72\/?publications_page=6\">6<\/a><\/li><li class=\"page-item shadow\"><a class=\"next page-link\" href=\"https:\/\/www.pacteindustrial.org\/ca\/wp-json\/wp\/v2\/pages\/72\/?publications_page=2\">&raquo;<\/a><\/li><\/ul><\/nav><\/section>\t\t<\/div>\n\t\t\t\t<\/div>\n\t\t\t\t<div class=\"elementor-element elementor-element-5a15de1c elementor-align-center elementor-widget elementor-widget-button\" data-id=\"5a15de1c\" data-element_type=\"widget\" data-widget_type=\"button.default\">\n\t\t\t\t<div class=\"elementor-widget-container\">\n\t\t\t\t\t<div class=\"elementor-button-wrapper\">\n\t\t\t<a href=\"\/ca\/publicacions\" class=\"elementor-button-link elementor-button elementor-size-lg\" role=\"button\">\n\t\t\t\t\t\t<span class=\"elementor-button-content-wrapper\">\n\t\t\t\t\t\t<span class=\"elementor-button-text\">Veure totes les Publicacions<\/span>\n\t\t<\/span>\n\t\t\t\t\t<\/a>\n\t\t<\/div>\n\t\t\t\t<\/div>\n\t\t\t\t<\/div>\n\t\t\t\t\t\t<\/div>\n\t\t\t\t\t<\/div>\n\t\t<\/div>\n\t\t\t\t\t\t\t\t<\/div>\n\t\t\t\t\t<\/div>\n\t\t<\/section>\n\t\t\t\t\t\t<\/div>\n\t\t\t\t\t\t<\/div>\n\t\t\t\t\t<\/div>\n\t\t","protected":false},"excerpt":{"rendered":"<p>Pol\u00edgons Aquestes s\u00f3n les activitats i publicacions del Pacte Industrial sobre pol\u00edgons industrials. Activitats Presentation of Pacte Industrial\u2019s Paper 5 and discussion of the challenge of reformatting the industrial parks Read more + Promoting energy transition in industrial parks, a good opportunity through which to boost industry from a municipal level Read more + 1 [&#8230;]<\/p>\n","protected":false},"author":1,"featured_media":0,"parent":70,"menu_order":0,"comment_status":"closed","ping_status":"closed","template":"","meta":[],"yoast_head":"<!-- This site is optimized with the Yoast SEO plugin v16.1.1 - https:\/\/yoast.com\/wordpress\/plugins\/seo\/ -->\n<title>Pol\u00edgons - Pacte Industrial RMB<\/title>\n<link rel=\"canonical\" href=\"https:\/\/www.pacteindustrial.org\/ca\/ambits-dactuacio\/poligons\/\" \/>\n<meta property=\"og:locale\" content=\"ca_ES\" \/>\n<meta property=\"og:type\" content=\"article\" \/>\n<meta property=\"og:title\" content=\"Pol\u00edgons - Pacte Industrial RMB\" \/>\n<meta property=\"og:description\" content=\"Pol\u00edgons Aquestes s\u00f3n les activitats i publicacions del Pacte Industrial sobre pol\u00edgons industrials. Activitats Presentation of Pacte Industrial\u2019s Paper 5 and discussion of the challenge of reformatting the industrial parks Read more + Promoting energy transition in industrial parks, a good opportunity through which to boost industry from a municipal level Read more + 1 [...]\" \/>\n<meta property=\"og:url\" content=\"https:\/\/www.pacteindustrial.org\/ca\/ambits-dactuacio\/poligons\/\" \/>\n<meta property=\"og:site_name\" content=\"Pacte Industrial RMB\" \/>\n<meta property=\"article:modified_time\" content=\"2021-02-16T15:35:57+00:00\" \/>\n<meta property=\"og:image\" content=\"https:\/\/www.pacteindustrial.org\/wp-content\/uploads\/2020\/12\/2020.12.16_Foto-500x315.png\" \/>\n<meta name=\"twitter:card\" content=\"summary_large_image\" \/>\n<meta name=\"twitter:label1\" content=\"Temps estimat de lectura\">\n\t<meta name=\"twitter:data1\" content=\"1 minut\">\n<script type=\"application\/ld+json\" class=\"yoast-schema-graph\">{\"@context\":\"https:\/\/schema.org\",\"@graph\":[{\"@type\":\"WebSite\",\"@id\":\"https:\/\/www.pacteindustrial.org\/ca\/#website\",\"url\":\"https:\/\/www.pacteindustrial.org\/ca\/\",\"name\":\"Pacte Industrial RMB\",\"description\":\"\",\"potentialAction\":[{\"@type\":\"SearchAction\",\"target\":\"https:\/\/www.pacteindustrial.org\/ca\/?s={search_term_string}\",\"query-input\":\"required name=search_term_string\"}],\"inLanguage\":\"ca\"},{\"@type\":\"ImageObject\",\"@id\":\"https:\/\/www.pacteindustrial.org\/ca\/ambits-dactuacio\/poligons\/#primaryimage\",\"inLanguage\":\"ca\",\"url\":\"https:\/\/www.pacteindustrial.org\/wp-content\/uploads\/2020\/12\/2020.12.16_Foto.png\",\"contentUrl\":\"https:\/\/www.pacteindustrial.org\/wp-content\/uploads\/2020\/12\/2020.12.16_Foto.png\",\"width\":998,\"height\":577},{\"@type\":\"WebPage\",\"@id\":\"https:\/\/www.pacteindustrial.org\/ca\/ambits-dactuacio\/poligons\/#webpage\",\"url\":\"https:\/\/www.pacteindustrial.org\/ca\/ambits-dactuacio\/poligons\/\",\"name\":\"Pol\\u00edgons - Pacte Industrial RMB\",\"isPartOf\":{\"@id\":\"https:\/\/www.pacteindustrial.org\/ca\/#website\"},\"primaryImageOfPage\":{\"@id\":\"https:\/\/www.pacteindustrial.org\/ca\/ambits-dactuacio\/poligons\/#primaryimage\"},\"datePublished\":\"2019-05-27T14:09:13+00:00\",\"dateModified\":\"2021-02-16T15:35:57+00:00\",\"breadcrumb\":{\"@id\":\"https:\/\/www.pacteindustrial.org\/ca\/ambits-dactuacio\/poligons\/#breadcrumb\"},\"inLanguage\":\"ca\",\"potentialAction\":[{\"@type\":\"ReadAction\",\"target\":[\"https:\/\/www.pacteindustrial.org\/ca\/ambits-dactuacio\/poligons\/\"]}]},{\"@type\":\"BreadcrumbList\",\"@id\":\"https:\/\/www.pacteindustrial.org\/ca\/ambits-dactuacio\/poligons\/#breadcrumb\",\"itemListElement\":[{\"@type\":\"ListItem\",\"position\":1,\"item\":{\"@type\":\"WebPage\",\"@id\":\"https:\/\/www.pacteindustrial.org\/ca\/\",\"url\":\"https:\/\/www.pacteindustrial.org\/ca\/\",\"name\":\"Home\"}},{\"@type\":\"ListItem\",\"position\":2,\"item\":{\"@type\":\"WebPage\",\"@id\":\"https:\/\/www.pacteindustrial.org\/ca\/ambits-dactuacio\/\",\"url\":\"https:\/\/www.pacteindustrial.org\/ca\/ambits-dactuacio\/\",\"name\":\"\\u00c0mbits d&#8217;actuaci\\u00f3\"}},{\"@type\":\"ListItem\",\"position\":3,\"item\":{\"@type\":\"WebPage\",\"@id\":\"https:\/\/www.pacteindustrial.org\/ca\/ambits-dactuacio\/poligons\/\",\"url\":\"https:\/\/www.pacteindustrial.org\/ca\/ambits-dactuacio\/poligons\/\",\"name\":\"Pol\\u00edgons\"}}]}]}<\/script>\n<!-- \/ Yoast SEO plugin. -->","_links":{"self":[{"href":"https:\/\/www.pacteindustrial.org\/ca\/wp-json\/wp\/v2\/pages\/72"}],"collection":[{"href":"https:\/\/www.pacteindustrial.org\/ca\/wp-json\/wp\/v2\/pages"}],"about":[{"href":"https:\/\/www.pacteindustrial.org\/ca\/wp-json\/wp\/v2\/types\/page"}],"author":[{"embeddable":true,"href":"https:\/\/www.pacteindustrial.org\/ca\/wp-json\/wp\/v2\/users\/1"}],"replies":[{"embeddable":true,"href":"https:\/\/www.pacteindustrial.org\/ca\/wp-json\/wp\/v2\/comments?post=72"}],"version-history":[{"count":30,"href":"https:\/\/www.pacteindustrial.org\/ca\/wp-json\/wp\/v2\/pages\/72\/revisions"}],"predecessor-version":[{"id":12949,"href":"https:\/\/www.pacteindustrial.org\/ca\/wp-json\/wp\/v2\/pages\/72\/revisions\/12949"}],"up":[{"embeddable":true,"href":"https:\/\/www.pacteindustrial.org\/ca\/wp-json\/wp\/v2\/pages\/70"}],"wp:attachment":[{"href":"https:\/\/www.pacteindustrial.org\/ca\/wp-json\/wp\/v2\/media?parent=72"}],"curies":[{"name":"wp","href":"https:\/\/api.w.org\/{rel}","templated":true}]}}