{"id":74,"date":"2019-05-27T16:09:35","date_gmt":"2019-05-27T14:09:35","guid":{"rendered":"https:\/\/www.pacteindustrial.org\/?page_id=74"},"modified":"2021-02-16T17:41:27","modified_gmt":"2021-02-16T15:41:27","slug":"infraestructures","status":"publish","type":"page","link":"https:\/\/www.pacteindustrial.org\/ca\/ambits-dactuacio\/infraestructures\/","title":{"rendered":"Infraestructures"},"content":{"rendered":"\t\t<div data-elementor-type=\"wp-post\" data-elementor-id=\"74\" class=\"elementor elementor-74\" data-elementor-settings=\"[]\">\n\t\t\t\t\t\t<div class=\"elementor-inner\">\n\t\t\t\t\t\t\t<div class=\"elementor-section-wrap\">\n\t\t\t\t\t\t\t<section class=\"elementor-section elementor-top-section elementor-element elementor-element-28b314d elementor-section-boxed elementor-section-height-default elementor-section-height-default\" data-id=\"28b314d\" data-element_type=\"section\">\n\t\t\t\t\t\t<div class=\"elementor-container elementor-column-gap-default\">\n\t\t\t\t\t\t\t<div class=\"elementor-row\">\n\t\t\t\t\t<div class=\"elementor-column elementor-col-33 elementor-top-column elementor-element elementor-element-fcc8634\" data-id=\"fcc8634\" data-element_type=\"column\">\n\t\t\t<div class=\"elementor-column-wrap elementor-element-populated\">\n\t\t\t\t\t\t\t<div class=\"elementor-widget-wrap\">\n\t\t\t\t\t\t<div class=\"elementor-element elementor-element-f86eff5 elementor-widget elementor-widget-wp-widget-nav_menu\" data-id=\"f86eff5\" data-element_type=\"widget\" data-widget_type=\"wp-widget-nav_menu.default\">\n\t\t\t\t<div class=\"elementor-widget-container\">\n\t\t\t<h5>Qu\u00e8 fem<\/h5><div class=\"menu-sidebar2-container\"><ul id=\"menu-sidebar2\" class=\"menu\"><li id=\"menu-item-185\" class=\"menu-item menu-item-type-post_type menu-item-object-page menu-item-has-children menu-item-185\"><a href=\"https:\/\/www.pacteindustrial.org\/ca\/ambits-dactuacio\/\">\u00c0mbits d&#8217;actuaci\u00f3<\/a>\n<ul class=\"sub-menu\">\n\t<li id=\"menu-item-194\" class=\"menu-item menu-item-type-post_type menu-item-object-page menu-item-194\"><a href=\"https:\/\/www.pacteindustrial.org\/ca\/ambits-dactuacio\/sostenibilitat\/\">Sostenibilitat<\/a><\/li>\n\t<li id=\"menu-item-192\" class=\"menu-item menu-item-type-post_type menu-item-object-page menu-item-192\"><a href=\"https:\/\/www.pacteindustrial.org\/ca\/ambits-dactuacio\/poligons\/\">Pol\u00edgons<\/a><\/li>\n\t<li id=\"menu-item-188\" class=\"menu-item menu-item-type-post_type menu-item-object-page menu-item-188\"><a href=\"https:\/\/www.pacteindustrial.org\/ca\/ambits-dactuacio\/innovacio\/\">Innovaci\u00f3<\/a><\/li>\n\t<li id=\"menu-item-190\" class=\"menu-item menu-item-type-post_type menu-item-object-page menu-item-190\"><a href=\"https:\/\/www.pacteindustrial.org\/ca\/ambits-dactuacio\/mobilitat\/\">Mobilitat<\/a><\/li>\n\t<li id=\"menu-item-186\" class=\"menu-item menu-item-type-post_type menu-item-object-page menu-item-186\"><a href=\"https:\/\/www.pacteindustrial.org\/ca\/ambits-dactuacio\/formacio\/\">Formaci\u00f3<\/a><\/li>\n\t<li id=\"menu-item-191\" class=\"menu-item menu-item-type-post_type menu-item-object-page menu-item-191\"><a href=\"https:\/\/www.pacteindustrial.org\/ca\/ambits-dactuacio\/ocupacio\/\">Ocupaci\u00f3<\/a><\/li>\n\t<li id=\"menu-item-189\" class=\"menu-item menu-item-type-post_type menu-item-object-page menu-item-189\"><a href=\"https:\/\/www.pacteindustrial.org\/ca\/ambits-dactuacio\/internalitzacio\/\">Internacionalitzaci\u00f3<\/a><\/li>\n\t<li id=\"menu-item-193\" class=\"menu-item menu-item-type-post_type menu-item-object-page menu-item-193\"><a href=\"https:\/\/www.pacteindustrial.org\/ca\/ambits-dactuacio\/dades-i-sig\/\">Dades i SIG<\/a><\/li>\n\t<li id=\"menu-item-187\" class=\"menu-item menu-item-type-post_type menu-item-object-page menu-item-187\"><a href=\"https:\/\/www.pacteindustrial.org\/ca\/ambits-dactuacio\/infraestructures\/\">Infraestructures<\/a><\/li>\n<\/ul>\n<\/li>\n<\/ul><\/div>\t\t<\/div>\n\t\t\t\t<\/div>\n\t\t\t\t\t\t<\/div>\n\t\t\t\t\t<\/div>\n\t\t<\/div>\n\t\t\t\t<div class=\"elementor-column elementor-col-66 elementor-top-column elementor-element elementor-element-baea030\" data-id=\"baea030\" data-element_type=\"column\">\n\t\t\t<div class=\"elementor-column-wrap elementor-element-populated\">\n\t\t\t\t\t\t\t<div class=\"elementor-widget-wrap\">\n\t\t\t\t\t\t<div class=\"elementor-element elementor-element-653bac2 elementor-widget elementor-widget-heading\" data-id=\"653bac2\" data-element_type=\"widget\" data-widget_type=\"heading.default\">\n\t\t\t\t<div class=\"elementor-widget-container\">\n\t\t\t<h2 class=\"elementor-heading-title elementor-size-default\">Infraestructures<\/h2>\t\t<\/div>\n\t\t\t\t<\/div>\n\t\t\t\t<div class=\"elementor-element elementor-element-afa1aae elementor-widget elementor-widget-text-editor\" data-id=\"afa1aae\" data-element_type=\"widget\" data-widget_type=\"text-editor.default\">\n\t\t\t\t<div class=\"elementor-widget-container\">\n\t\t\t\t\t\t\t\t<div class=\"elementor-text-editor elementor-clearfix\">\n\t\t\t\t\t<p style=\"color: #2d3945;\">Aquestes s\u00f3n les activitats i publicacions del Pacte Industrial sobre infraestructures.<\/p>\t\t\t\t\t<\/div>\n\t\t\t\t\t\t<\/div>\n\t\t\t\t<\/div>\n\t\t\t\t<div class=\"elementor-element elementor-element-584fd72 elementor-widget elementor-widget-heading\" data-id=\"584fd72\" data-element_type=\"widget\" data-widget_type=\"heading.default\">\n\t\t\t\t<div class=\"elementor-widget-container\">\n\t\t\t<h2 class=\"elementor-heading-title elementor-size-default\">Activitats<\/h2>\t\t<\/div>\n\t\t\t\t<\/div>\n\t\t\t\t<div class=\"elementor-element elementor-element-4252ab6 elementor-widget elementor-widget-pacteindustrial-addons-news\" data-id=\"4252ab6\" data-element_type=\"widget\" data-widget_type=\"pacteindustrial-addons-news.default\">\n\t\t\t\t<div class=\"elementor-widget-container\">\n\t\t\t<section id=\"actualitat\" class=\"container pacteindustrial-news-block\" data-lang=\"ca\"><div class=\"card-deck pacteindustrial-news-wrapper\"><div class=\"load-spinner\"><div class=\"loader\"><\/div><\/div><article id=\"post-3169\" class=\"card news_entry 3169 post-3169 post type-post status-publish format-standard has-post-thumbnail hentry category-sense-categoria tag-formacio tag-infraestructures tag-innovacio tag-mobilitat tag-poligons tag-politica-industrial post_scope-formacio post_scope-infraestructures post_scope-innovacio post_scope-mobilitat post_scope-poligons post_scope-politica-industrial\"><div class=\"image_wrapper\"><a class=\"image_link\" href=\"https:\/\/www.pacteindustrial.org\/ca\/blog\/un-estudi-del-consell-de-cambres-analitza-els-factors-de-competitivitat-de-la-industria-catalana\/\"><img width=\"500\" height=\"315\" src=\"https:\/\/www.pacteindustrial.org\/wp-content\/uploads\/2013\/08\/fd910b87d4a434454d90d7d9ff7ebee9-2-500x315.jpg\" class=\"attachment-articlelisting-thumbnail size-articlelisting-thumbnail wp-post-image\" alt=\"\" loading=\"lazy\" \/><\/a><\/div><div class=\"card-body content_wrapper\"><a class=\"title_link\" href=\"https:\/\/www.pacteindustrial.org\/ca\/blog\/un-estudi-del-consell-de-cambres-analitza-els-factors-de-competitivitat-de-la-industria-catalana\/\"><h1 class=\"post_heading\">Un estudi del Consell de Cambres analitza els factors de competitivitat de la ind\u00fastria catalana<\/h1><\/a><a href=\"https:\/\/www.pacteindustrial.org\/ca\/blog\/un-estudi-del-consell-de-cambres-analitza-els-factors-de-competitivitat-de-la-industria-catalana\/\" class=\"readmore-button\">Llegir +<\/a><\/div><\/article><article id=\"post-3188\" class=\"card news_entry 3188 post-3188 post type-post status-publish format-standard has-post-thumbnail hentry category-sense-categoria tag-infraestructures tag-poligons tag-politica-industrial tag-territori-metropolita post_scope-infraestructures post_scope-poligons post_scope-politica-industrial\"><div class=\"image_wrapper\"><a class=\"image_link\" href=\"https:\/\/www.pacteindustrial.org\/ca\/blog\/lamb-destinara-30-meur-a-millorar-les-infraestructures-dels-poligons-dactivitat-economica\/\"><img width=\"500\" height=\"315\" src=\"https:\/\/www.pacteindustrial.org\/wp-content\/uploads\/2013\/07\/c647ae0e90cf6055253910f1f67d70c7-2-500x315.jpg\" class=\"attachment-articlelisting-thumbnail size-articlelisting-thumbnail wp-post-image\" alt=\"\" loading=\"lazy\" \/><\/a><\/div><div class=\"card-body content_wrapper\"><a class=\"title_link\" href=\"https:\/\/www.pacteindustrial.org\/ca\/blog\/lamb-destinara-30-meur-a-millorar-les-infraestructures-dels-poligons-dactivitat-economica\/\"><h1 class=\"post_heading\">L\u2019AMB destinar\u00e0 30 MEUR a millorar les infraestructures dels pol\u00edgons d\u2019activitat econ\u00f2mica<\/h1><\/a><a href=\"https:\/\/www.pacteindustrial.org\/ca\/blog\/lamb-destinara-30-meur-a-millorar-les-infraestructures-dels-poligons-dactivitat-economica\/\" class=\"readmore-button\">Llegir +<\/a><\/div><\/article><\/div><nav class=\"ajax-news-pagination-wrapper\" aria-label=\"Paginador de publicacions\"><ul class=\"pagination ajax-news-pagination\" data-query-vars=\"{&quot;post_type&quot;:&quot;post&quot;,&quot;post_status&quot;:&quot;publish&quot;,&quot;no_found_rows&quot;:false,&quot;ignore_sticky_posts&quot;:true,&quot;orderby&quot;:&quot;date&quot;,&quot;order&quot;:&quot;DESC&quot;,&quot;posts_per_page&quot;:2,&quot;paged&quot;:1,&quot;tax_query&quot;:[{&quot;taxonomy&quot;:&quot;post_scope&quot;,&quot;field&quot;:&quot;slug&quot;,&quot;terms&quot;:&quot;infraestructures&quot;,&quot;include_children&quot;:false,&quot;operator&quot;:&quot;IN&quot;}],&quot;error&quot;:&quot;&quot;,&quot;m&quot;:&quot;&quot;,&quot;p&quot;:0,&quot;post_parent&quot;:&quot;&quot;,&quot;subpost&quot;:&quot;&quot;,&quot;subpost_id&quot;:&quot;&quot;,&quot;attachment&quot;:&quot;&quot;,&quot;attachment_id&quot;:0,&quot;name&quot;:&quot;&quot;,&quot;pagename&quot;:&quot;&quot;,&quot;page_id&quot;:0,&quot;second&quot;:&quot;&quot;,&quot;minute&quot;:&quot;&quot;,&quot;hour&quot;:&quot;&quot;,&quot;day&quot;:0,&quot;monthnum&quot;:0,&quot;year&quot;:0,&quot;w&quot;:0,&quot;category_name&quot;:&quot;&quot;,&quot;tag&quot;:&quot;&quot;,&quot;cat&quot;:&quot;&quot;,&quot;tag_id&quot;:&quot;&quot;,&quot;author&quot;:&quot;&quot;,&quot;author_name&quot;:&quot;&quot;,&quot;feed&quot;:&quot;&quot;,&quot;tb&quot;:&quot;&quot;,&quot;meta_key&quot;:&quot;&quot;,&quot;meta_value&quot;:&quot;&quot;,&quot;preview&quot;:&quot;&quot;,&quot;s&quot;:&quot;&quot;,&quot;sentence&quot;:&quot;&quot;,&quot;title&quot;:&quot;&quot;,&quot;fields&quot;:&quot;&quot;,&quot;menu_order&quot;:&quot;&quot;,&quot;embed&quot;:&quot;&quot;,&quot;category__in&quot;:[],&quot;category__not_in&quot;:[],&quot;category__and&quot;:[],&quot;post__in&quot;:[],&quot;post__not_in&quot;:[],&quot;post_name__in&quot;:[],&quot;tag__in&quot;:[],&quot;tag__not_in&quot;:[],&quot;tag__and&quot;:[],&quot;tag_slug__in&quot;:[],&quot;tag_slug__and&quot;:[],&quot;post_parent__in&quot;:[],&quot;post_parent__not_in&quot;:[],&quot;author__in&quot;:[],&quot;author__not_in&quot;:[],&quot;suppress_filters&quot;:false,&quot;cache_results&quot;:true,&quot;update_post_term_cache&quot;:true,&quot;lazy_load_term_meta&quot;:true,&quot;update_post_meta_cache&quot;:true,&quot;nopaging&quot;:false,&quot;comments_per_page&quot;:&quot;50&quot;,&quot;taxonomy&quot;:&quot;post_scope&quot;,&quot;term&quot;:&quot;infraestructures&quot;}\"><li class=\"page-item shadow active\"><span aria-current=\"page\" class=\"page-link current\">1<\/span><\/li><li class=\"page-item shadow\"><a class=\"page-link\" href=\"https:\/\/www.pacteindustrial.org\/ca\/wp-json\/wp\/v2\/pages\/74\/?news_page=2\">2<\/a><\/li><li class=\"page-item shadow\"><a class=\"page-link\" href=\"https:\/\/www.pacteindustrial.org\/ca\/wp-json\/wp\/v2\/pages\/74\/?news_page=3\">3<\/a><\/li><li class=\"page-item shadow\"><a class=\"next page-link\" href=\"https:\/\/www.pacteindustrial.org\/ca\/wp-json\/wp\/v2\/pages\/74\/?news_page=2\">&raquo;<\/a><\/li><\/ul><\/nav><\/section>\t\t<\/div>\n\t\t\t\t<\/div>\n\t\t\t\t<div class=\"elementor-element elementor-element-ff0769c elementor-align-center elementor-widget elementor-widget-button\" data-id=\"ff0769c\" data-element_type=\"widget\" data-widget_type=\"button.default\">\n\t\t\t\t<div class=\"elementor-widget-container\">\n\t\t\t\t\t<div class=\"elementor-button-wrapper\">\n\t\t\t<a href=\"\/ca\/noticies\" class=\"elementor-button-link elementor-button elementor-size-lg\" role=\"button\">\n\t\t\t\t\t\t<span class=\"elementor-button-content-wrapper\">\n\t\t\t\t\t\t<span class=\"elementor-button-text\">Veure totes les Not\u00edcies<\/span>\n\t\t<\/span>\n\t\t\t\t\t<\/a>\n\t\t<\/div>\n\t\t\t\t<\/div>\n\t\t\t\t<\/div>\n\t\t\t\t<div class=\"elementor-element elementor-element-1c72333 elementor-widget elementor-widget-heading\" data-id=\"1c72333\" data-element_type=\"widget\" data-widget_type=\"heading.default\">\n\t\t\t\t<div class=\"elementor-widget-container\">\n\t\t\t<h2 class=\"elementor-heading-title elementor-size-default\">Publicacions<\/h2>\t\t<\/div>\n\t\t\t\t<\/div>\n\t\t\t\t<div class=\"elementor-element elementor-element-21242886 elementor-widget elementor-widget-pacteindustrial-addons-publications-list\" data-id=\"21242886\" data-element_type=\"widget\" data-widget_type=\"pacteindustrial-addons-publications-list.default\">\n\t\t\t\t<div class=\"elementor-widget-container\">\n\t\t\t<section class=\"container pacteindustrial-publications-block\" data-lang=\"ca\"><div class=\"pacteindustrial-publications-wrapper\"><div class=\"load-spinner\"><div class=\"loader\"><\/div><\/div><article id=\"post-795\" class=\"card publication-entry post-795 pi_publication type-pi_publication status-publish has-post-thumbnail hentry post_scope-infraestructures post_scope-poligons pi_publication_type-quaderns-del-pacte-industrial\"><div class=\"row no-gutters\"><div class=\"image-wrapper col-md-3\"><a class=\"image-link\" href=\"https:\/\/www.pacteindustrial.org\/ca\/publicacions\/quadern-6-analisi-de-les-infraestructures-de-serveis-dels-poligons-dactivitat-economica-de-la-regio-metropolitana-de-barcelona\/\"><img class=\"card-img\" src=\"https:\/\/www.pacteindustrial.org\/wp-content\/uploads\/2019\/07\/AnalisisInfraestructures-1.jpg\" alt=\"featured image\"><\/a><\/div><div class=\"body-wrapper col-md-9\"><div class=\"card-body\"><div class=\"card-body-header\"><a class=\"title-link\" href=\"https:\/\/www.pacteindustrial.org\/ca\/publicacions\/quadern-6-analisi-de-les-infraestructures-de-serveis-dels-poligons-dactivitat-economica-de-la-regio-metropolitana-de-barcelona\/\"><h1 class=\"post-heading\">An\u00e0lisi de les infraestructures de serveis dels pol\u00edgons d\u2019activitat econ\u00f2mica de la Regi\u00f3 Metropolitana de Barcelona<\/h1><\/a><p class=\"publication-authors\"><span class=\"authors-title\">Autors: <\/span><a class=\"author-link\" href=\"https:\/\/www.pacteindustrial.org\/ca\/fem-xarxa\/maria-buhigas\/\">Maria Buhigas San Jos\u00e9<\/a>, <a class=\"author-link\" href=\"https:\/\/www.pacteindustrial.org\/ca\/fem-xarxa\/aleix-coral\/\">Aleix Coral Alcolea<\/a><\/p><p class=\"publication-collections\"><span class=\"collections-title\">Col\u00b7lecci\u00f3: <\/span><a class=\"collection-link\" href=\"https:\/\/www.pacteindustrial.org\/ca\/publicacions\/?type=quaderns-del-pacte-industrial\">Quaderns del Pacte Industrial<\/a><\/p><\/div><div class=\"card-body-footer\"><p><a href=\"https:\/\/www.pacteindustrial.org\/ca\/publicacions\/quadern-6-analisi-de-les-infraestructures-de-serveis-dels-poligons-dactivitat-economica-de-la-regio-metropolitana-de-barcelona\/\" class=\"download-button\">Llegir +<\/a><\/p><\/div><\/div><\/div><\/div><\/article><article id=\"post-802\" class=\"card publication-entry post-802 pi_publication type-pi_publication status-publish has-post-thumbnail hentry post_scope-infraestructures post_scope-innovacio pi_publication_type-quaderns-del-pacte-industrial\"><div class=\"row no-gutters\"><div class=\"image-wrapper col-md-3\"><a class=\"image-link\" href=\"https:\/\/www.pacteindustrial.org\/ca\/publicacions\/quadern-3-indicadors-infraestructures-i-serveis-dinnovacio-una-primera-analisi-del-potencial-innovador-de-la-regio-metropolitana-de-barcelona\/\"><img class=\"card-img\" src=\"https:\/\/www.pacteindustrial.org\/wp-content\/uploads\/2019\/07\/IndicadorsInfraestructures.jpg\" alt=\"featured image\"><\/a><\/div><div class=\"body-wrapper col-md-9\"><div class=\"card-body\"><div class=\"card-body-header\"><a class=\"title-link\" href=\"https:\/\/www.pacteindustrial.org\/ca\/publicacions\/quadern-3-indicadors-infraestructures-i-serveis-dinnovacio-una-primera-analisi-del-potencial-innovador-de-la-regio-metropolitana-de-barcelona\/\"><h1 class=\"post-heading\">Indicadors, infraestructures i serveis d\u2019innovaci\u00f3. Una primera an\u00e0lisi del potencial innovador de la Regi\u00f3 Metropolitana de Barcelona<\/h1><\/a><p class=\"publication-authors\"><span class=\"authors-title\">Autors: <\/span><a class=\"author-link\" href=\"https:\/\/www.pacteindustrial.org\/ca\/fem-xarxa\/marc-balaguer-puig\/\">Marc Balaguer Puig<\/a>, <a class=\"author-link\" href=\"https:\/\/www.pacteindustrial.org\/ca\/fem-xarxa\/eduardo-rodriguez\/\">Eduardo Rodr\u00edguez<\/a><\/p><p class=\"publication-collections\"><span class=\"collections-title\">Col\u00b7lecci\u00f3: <\/span><a class=\"collection-link\" href=\"https:\/\/www.pacteindustrial.org\/ca\/publicacions\/?type=quaderns-del-pacte-industrial\">Quaderns del Pacte Industrial<\/a><\/p><\/div><div class=\"card-body-footer\"><p><a href=\"https:\/\/www.pacteindustrial.org\/ca\/publicacions\/quadern-3-indicadors-infraestructures-i-serveis-dinnovacio-una-primera-analisi-del-potencial-innovador-de-la-regio-metropolitana-de-barcelona\/\" class=\"download-button\">Llegir +<\/a><\/p><\/div><\/div><\/div><\/div><\/article><\/div><nav class=\"ajax-publications-pagination-wrapper\" aria-label=\"Paginador de publicacions\"><ul class=\"pagination ajax-publications-pagination\" data-query-vars=\"{&quot;post_type&quot;:&quot;pi_publication&quot;,&quot;post_status&quot;:&quot;publish&quot;,&quot;no_found_rows&quot;:false,&quot;ignore_sticky_posts&quot;:true,&quot;orderby&quot;:&quot;date&quot;,&quot;order&quot;:&quot;DESC&quot;,&quot;posts_per_page&quot;:2,&quot;paged&quot;:1,&quot;tax_query&quot;:[{&quot;taxonomy&quot;:&quot;post_scope&quot;,&quot;field&quot;:&quot;slug&quot;,&quot;terms&quot;:&quot;infraestructures&quot;,&quot;include_children&quot;:false,&quot;operator&quot;:&quot;IN&quot;}],&quot;error&quot;:&quot;&quot;,&quot;m&quot;:&quot;&quot;,&quot;p&quot;:0,&quot;post_parent&quot;:&quot;&quot;,&quot;subpost&quot;:&quot;&quot;,&quot;subpost_id&quot;:&quot;&quot;,&quot;attachment&quot;:&quot;&quot;,&quot;attachment_id&quot;:0,&quot;name&quot;:&quot;&quot;,&quot;pagename&quot;:&quot;&quot;,&quot;page_id&quot;:0,&quot;second&quot;:&quot;&quot;,&quot;minute&quot;:&quot;&quot;,&quot;hour&quot;:&quot;&quot;,&quot;day&quot;:0,&quot;monthnum&quot;:0,&quot;year&quot;:0,&quot;w&quot;:0,&quot;category_name&quot;:&quot;&quot;,&quot;tag&quot;:&quot;&quot;,&quot;cat&quot;:&quot;&quot;,&quot;tag_id&quot;:&quot;&quot;,&quot;author&quot;:&quot;&quot;,&quot;author_name&quot;:&quot;&quot;,&quot;feed&quot;:&quot;&quot;,&quot;tb&quot;:&quot;&quot;,&quot;meta_key&quot;:&quot;&quot;,&quot;meta_value&quot;:&quot;&quot;,&quot;preview&quot;:&quot;&quot;,&quot;s&quot;:&quot;&quot;,&quot;sentence&quot;:&quot;&quot;,&quot;title&quot;:&quot;&quot;,&quot;fields&quot;:&quot;&quot;,&quot;menu_order&quot;:&quot;&quot;,&quot;embed&quot;:&quot;&quot;,&quot;category__in&quot;:[],&quot;category__not_in&quot;:[],&quot;category__and&quot;:[],&quot;post__in&quot;:[],&quot;post__not_in&quot;:[],&quot;post_name__in&quot;:[],&quot;tag__in&quot;:[],&quot;tag__not_in&quot;:[],&quot;tag__and&quot;:[],&quot;tag_slug__in&quot;:[],&quot;tag_slug__and&quot;:[],&quot;post_parent__in&quot;:[],&quot;post_parent__not_in&quot;:[],&quot;author__in&quot;:[],&quot;author__not_in&quot;:[],&quot;suppress_filters&quot;:false,&quot;cache_results&quot;:true,&quot;update_post_term_cache&quot;:true,&quot;lazy_load_term_meta&quot;:true,&quot;update_post_meta_cache&quot;:true,&quot;nopaging&quot;:false,&quot;comments_per_page&quot;:&quot;50&quot;,&quot;taxonomy&quot;:&quot;post_scope&quot;,&quot;term&quot;:&quot;infraestructures&quot;}\"><li class=\"page-item shadow active\"><span aria-current=\"page\" class=\"page-link current\">1<\/span><\/li><li class=\"page-item shadow\"><a class=\"page-link\" href=\"https:\/\/www.pacteindustrial.org\/ca\/wp-json\/wp\/v2\/pages\/74\/?publications_page=2\">2<\/a><\/li><li class=\"page-item shadow\"><a class=\"next page-link\" href=\"https:\/\/www.pacteindustrial.org\/ca\/wp-json\/wp\/v2\/pages\/74\/?publications_page=2\">&raquo;<\/a><\/li><\/ul><\/nav><\/section>\t\t<\/div>\n\t\t\t\t<\/div>\n\t\t\t\t<div class=\"elementor-element elementor-element-5a1b8fc9 elementor-align-center elementor-widget elementor-widget-button\" data-id=\"5a1b8fc9\" data-element_type=\"widget\" data-widget_type=\"button.default\">\n\t\t\t\t<div class=\"elementor-widget-container\">\n\t\t\t\t\t<div class=\"elementor-button-wrapper\">\n\t\t\t<a href=\"\/ca\/publicacions\" class=\"elementor-button-link elementor-button elementor-size-lg\" role=\"button\">\n\t\t\t\t\t\t<span class=\"elementor-button-content-wrapper\">\n\t\t\t\t\t\t<span class=\"elementor-button-text\">Veure totes les Publicacions<\/span>\n\t\t<\/span>\n\t\t\t\t\t<\/a>\n\t\t<\/div>\n\t\t\t\t<\/div>\n\t\t\t\t<\/div>\n\t\t\t\t\t\t<\/div>\n\t\t\t\t\t<\/div>\n\t\t<\/div>\n\t\t\t\t\t\t\t\t<\/div>\n\t\t\t\t\t<\/div>\n\t\t<\/section>\n\t\t\t\t\t\t<\/div>\n\t\t\t\t\t\t<\/div>\n\t\t\t\t\t<\/div>\n\t\t","protected":false},"excerpt":{"rendered":"<p>Infraestructures Aquestes s\u00f3n les activitats i publicacions del Pacte Industrial sobre infraestructures. Activitats Un estudi del Consell de Cambres analitza els factors de competitivitat de la ind\u00fastria catalana Llegir + L\u2019AMB destinar\u00e0 30 MEUR a millorar les infraestructures dels pol\u00edgons d\u2019activitat econ\u00f2mica Llegir + 1 2 3 &raquo; Veure totes les Not\u00edcies Publicacions An\u00e0lisi de [&#8230;]<\/p>\n","protected":false},"author":1,"featured_media":0,"parent":70,"menu_order":0,"comment_status":"closed","ping_status":"closed","template":"","meta":[],"yoast_head":"<!-- This site is optimized with the Yoast SEO plugin v16.1.1 - https:\/\/yoast.com\/wordpress\/plugins\/seo\/ -->\n<title>Infraestructures - Pacte Industrial RMB<\/title>\n<link rel=\"canonical\" href=\"https:\/\/www.pacteindustrial.org\/ca\/ambits-dactuacio\/infraestructures\/\" \/>\n<meta property=\"og:locale\" content=\"ca_ES\" \/>\n<meta property=\"og:type\" content=\"article\" \/>\n<meta property=\"og:title\" content=\"Infraestructures - Pacte Industrial RMB\" \/>\n<meta property=\"og:description\" content=\"Infraestructures Aquestes s\u00f3n les activitats i publicacions del Pacte Industrial sobre infraestructures. Activitats Un estudi del Consell de Cambres analitza els factors de competitivitat de la ind\u00fastria catalana Llegir + L\u2019AMB destinar\u00e0 30 MEUR a millorar les infraestructures dels pol\u00edgons d\u2019activitat econ\u00f2mica Llegir + 1 2 3 &raquo; Veure totes les Not\u00edcies Publicacions An\u00e0lisi de [...]\" \/>\n<meta property=\"og:url\" content=\"https:\/\/www.pacteindustrial.org\/ca\/ambits-dactuacio\/infraestructures\/\" \/>\n<meta property=\"og:site_name\" content=\"Pacte Industrial RMB\" \/>\n<meta property=\"article:modified_time\" content=\"2021-02-16T15:41:27+00:00\" \/>\n<meta property=\"og:image\" content=\"https:\/\/www.pacteindustrial.org\/wp-content\/uploads\/2013\/08\/fd910b87d4a434454d90d7d9ff7ebee9-2-500x315.jpg\" \/>\n<meta name=\"twitter:card\" content=\"summary_large_image\" \/>\n<meta name=\"twitter:label1\" content=\"Temps estimat de lectura\">\n\t<meta name=\"twitter:data1\" content=\"1 minut\">\n<script type=\"application\/ld+json\" class=\"yoast-schema-graph\">{\"@context\":\"https:\/\/schema.org\",\"@graph\":[{\"@type\":\"WebSite\",\"@id\":\"https:\/\/www.pacteindustrial.org\/ca\/#website\",\"url\":\"https:\/\/www.pacteindustrial.org\/ca\/\",\"name\":\"Pacte Industrial RMB\",\"description\":\"\",\"potentialAction\":[{\"@type\":\"SearchAction\",\"target\":\"https:\/\/www.pacteindustrial.org\/ca\/?s={search_term_string}\",\"query-input\":\"required name=search_term_string\"}],\"inLanguage\":\"ca\"},{\"@type\":\"ImageObject\",\"@id\":\"https:\/\/www.pacteindustrial.org\/ca\/ambits-dactuacio\/infraestructures\/#primaryimage\",\"inLanguage\":\"ca\",\"url\":\"https:\/\/www.pacteindustrial.org\/wp-content\/uploads\/2013\/08\/fd910b87d4a434454d90d7d9ff7ebee9-2.jpg\",\"contentUrl\":\"https:\/\/www.pacteindustrial.org\/wp-content\/uploads\/2013\/08\/fd910b87d4a434454d90d7d9ff7ebee9-2.jpg\",\"width\":640,\"height\":457},{\"@type\":\"WebPage\",\"@id\":\"https:\/\/www.pacteindustrial.org\/ca\/ambits-dactuacio\/infraestructures\/#webpage\",\"url\":\"https:\/\/www.pacteindustrial.org\/ca\/ambits-dactuacio\/infraestructures\/\",\"name\":\"Infraestructures - Pacte Industrial RMB\",\"isPartOf\":{\"@id\":\"https:\/\/www.pacteindustrial.org\/ca\/#website\"},\"primaryImageOfPage\":{\"@id\":\"https:\/\/www.pacteindustrial.org\/ca\/ambits-dactuacio\/infraestructures\/#primaryimage\"},\"datePublished\":\"2019-05-27T14:09:35+00:00\",\"dateModified\":\"2021-02-16T15:41:27+00:00\",\"breadcrumb\":{\"@id\":\"https:\/\/www.pacteindustrial.org\/ca\/ambits-dactuacio\/infraestructures\/#breadcrumb\"},\"inLanguage\":\"ca\",\"potentialAction\":[{\"@type\":\"ReadAction\",\"target\":[\"https:\/\/www.pacteindustrial.org\/ca\/ambits-dactuacio\/infraestructures\/\"]}]},{\"@type\":\"BreadcrumbList\",\"@id\":\"https:\/\/www.pacteindustrial.org\/ca\/ambits-dactuacio\/infraestructures\/#breadcrumb\",\"itemListElement\":[{\"@type\":\"ListItem\",\"position\":1,\"item\":{\"@type\":\"WebPage\",\"@id\":\"https:\/\/www.pacteindustrial.org\/ca\/\",\"url\":\"https:\/\/www.pacteindustrial.org\/ca\/\",\"name\":\"Home\"}},{\"@type\":\"ListItem\",\"position\":2,\"item\":{\"@type\":\"WebPage\",\"@id\":\"https:\/\/www.pacteindustrial.org\/ca\/ambits-dactuacio\/\",\"url\":\"https:\/\/www.pacteindustrial.org\/ca\/ambits-dactuacio\/\",\"name\":\"\\u00c0mbits d&#8217;actuaci\\u00f3\"}},{\"@type\":\"ListItem\",\"position\":3,\"item\":{\"@type\":\"WebPage\",\"@id\":\"https:\/\/www.pacteindustrial.org\/ca\/ambits-dactuacio\/infraestructures\/\",\"url\":\"https:\/\/www.pacteindustrial.org\/ca\/ambits-dactuacio\/infraestructures\/\",\"name\":\"Infraestructures\"}}]}]}<\/script>\n<!-- \/ Yoast SEO plugin. -->","_links":{"self":[{"href":"https:\/\/www.pacteindustrial.org\/ca\/wp-json\/wp\/v2\/pages\/74"}],"collection":[{"href":"https:\/\/www.pacteindustrial.org\/ca\/wp-json\/wp\/v2\/pages"}],"about":[{"href":"https:\/\/www.pacteindustrial.org\/ca\/wp-json\/wp\/v2\/types\/page"}],"author":[{"embeddable":true,"href":"https:\/\/www.pacteindustrial.org\/ca\/wp-json\/wp\/v2\/users\/1"}],"replies":[{"embeddable":true,"href":"https:\/\/www.pacteindustrial.org\/ca\/wp-json\/wp\/v2\/comments?post=74"}],"version-history":[{"count":17,"href":"https:\/\/www.pacteindustrial.org\/ca\/wp-json\/wp\/v2\/pages\/74\/revisions"}],"predecessor-version":[{"id":12957,"href":"https:\/\/www.pacteindustrial.org\/ca\/wp-json\/wp\/v2\/pages\/74\/revisions\/12957"}],"up":[{"embeddable":true,"href":"https:\/\/www.pacteindustrial.org\/ca\/wp-json\/wp\/v2\/pages\/70"}],"wp:attachment":[{"href":"https:\/\/www.pacteindustrial.org\/ca\/wp-json\/wp\/v2\/media?parent=74"}],"curies":[{"name":"wp","href":"https:\/\/api.w.org\/{rel}","templated":true}]}}