{"id":8858,"date":"2020-05-26T18:56:40","date_gmt":"2020-05-26T16:56:40","guid":{"rendered":"https:\/\/www.pacteindustrial.org\/?page_id=8858"},"modified":"2022-05-18T14:26:13","modified_gmt":"2022-05-18T12:26:13","slug":"el-pacte-industrial","status":"publish","type":"page","link":"https:\/\/www.pacteindustrial.org\/ca\/qui-som\/el-pacte-industrial\/","title":{"rendered":"El Pacte Industrial"},"content":{"rendered":"\t\t<div data-elementor-type=\"wp-page\" data-elementor-id=\"8858\" class=\"elementor elementor-8858\" data-elementor-settings=\"[]\">\n\t\t\t\t\t\t<div class=\"elementor-inner\">\n\t\t\t\t\t\t\t<div class=\"elementor-section-wrap\">\n\t\t\t\t\t\t\t<section class=\"elementor-section elementor-top-section elementor-element elementor-element-abab743 elementor-section-boxed elementor-section-height-default elementor-section-height-default\" data-id=\"abab743\" data-element_type=\"section\">\n\t\t\t\t\t\t<div class=\"elementor-container elementor-column-gap-default\">\n\t\t\t\t\t\t\t<div class=\"elementor-row\">\n\t\t\t\t\t<nav class=\"elementor-column elementor-col-50 elementor-top-column elementor-element elementor-element-610a0bf\" data-id=\"610a0bf\" data-element_type=\"column\">\n\t\t\t<div class=\"elementor-column-wrap elementor-element-populated\">\n\t\t\t\t\t\t\t<div class=\"elementor-widget-wrap\">\n\t\t\t\t\t\t<div class=\"elementor-element elementor-element-e0dc185 elementor-hidden-phone sidebar1-ca elementor-widget elementor-widget-wp-widget-nav_menu\" data-id=\"e0dc185\" data-element_type=\"widget\" data-settings=\"{&quot;_animation&quot;:&quot;none&quot;}\" data-widget_type=\"wp-widget-nav_menu.default\">\n\t\t\t\t<div class=\"elementor-widget-container\">\n\t\t\t<h5>Qui som<\/h5><div class=\"menu-sidebar1-container\"><ul id=\"menu-sidebar1\" class=\"menu\"><li id=\"menu-item-8865\" class=\"menu-item menu-item-type-post_type menu-item-object-page menu-item-8865\"><a href=\"https:\/\/www.pacteindustrial.org\/ca\/qui-som\/el-pacte-industrial\/\">El Pacte Industrial<\/a><\/li>\n<li id=\"menu-item-131\" class=\"menu-item menu-item-type-post_type menu-item-object-page menu-item-131\"><a href=\"https:\/\/www.pacteindustrial.org\/ca\/qui-som\/historia\/\">Hist\u00f2ria<\/a><\/li>\n<li id=\"menu-item-2000\" class=\"menu-item menu-item-type-post_type menu-item-object-page menu-item-2000\"><a href=\"https:\/\/www.pacteindustrial.org\/ca\/qui-som\/commemoracio-20-anys\/\">Commemoraci\u00f3 20 anys<\/a><\/li>\n<li id=\"menu-item-130\" class=\"menu-item menu-item-type-post_type menu-item-object-page menu-item-130\"><a href=\"https:\/\/www.pacteindustrial.org\/ca\/qui-som\/entitats-membres\/\">Entitats membres<\/a><\/li>\n<li id=\"menu-item-129\" class=\"menu-item menu-item-type-post_type menu-item-object-page menu-item-129\"><a href=\"https:\/\/www.pacteindustrial.org\/ca\/qui-som\/organitzacio\/\">Organitzaci\u00f3<\/a><\/li>\n<li id=\"menu-item-2001\" class=\"menu-item menu-item-type-post_type menu-item-object-page menu-item-2001\"><a href=\"https:\/\/www.pacteindustrial.org\/ca\/qui-som\/transparencia\/\">Transpar\u00e8ncia<\/a><\/li>\n<li id=\"menu-item-7909\" class=\"menu-item menu-item-type-post_type menu-item-object-page menu-item-7909\"><a href=\"https:\/\/www.pacteindustrial.org\/ca\/notes-de-premsa\/\">Sala de premsa<\/a><\/li>\n<li id=\"menu-item-127\" class=\"menu-item menu-item-type-post_type menu-item-object-page menu-item-127\"><a href=\"https:\/\/www.pacteindustrial.org\/ca\/qui-som\/contacte\/\">Contacte<\/a><\/li>\n<\/ul><\/div>\t\t<\/div>\n\t\t\t\t<\/div>\n\t\t\t\t\t\t<\/div>\n\t\t\t\t\t<\/div>\n\t\t<\/nav>\n\t\t\t\t<div class=\"elementor-column elementor-col-50 elementor-top-column elementor-element elementor-element-2f68155\" data-id=\"2f68155\" data-element_type=\"column\">\n\t\t\t<div class=\"elementor-column-wrap elementor-element-populated\">\n\t\t\t\t\t\t\t<div class=\"elementor-widget-wrap\">\n\t\t\t\t\t\t<div class=\"elementor-element elementor-element-87319a9 elementor-widget elementor-widget-text-editor\" data-id=\"87319a9\" data-element_type=\"widget\" data-widget_type=\"text-editor.default\">\n\t\t\t\t<div class=\"elementor-widget-container\">\n\t\t\t\t\t\t\t\t<div class=\"elementor-text-editor elementor-clearfix\">\n\t\t\t\t\t<h1>El Pacte Industrial<\/h1><div><b>\u00a0<\/b><\/div><p style=\"font-weight: 400;\"><strong>El Pacte Industrial de la Regi\u00f3 Metropolitana de Barcelona \u00e9s una associaci\u00f3 constitu\u00efda l\u2019any 1997 amb la missi\u00f3 de configurar una alian\u00e7a estrat\u00e8gica entre administracions p\u00fabliques, organitzacions empresarials i sindicats per impulsar la competitivitat de la ind\u00fastria, fomentar la creaci\u00f3 d\u2019ocupaci\u00f3 i millorar la cohesi\u00f3 social i la sostenibilitat al territori metropolit\u00e0.<\/strong><\/p><p style=\"font-weight: 400;\"><strong>\u00a0<\/strong><\/p><p style=\"font-weight: 400;\">En el marc d\u2019aquesta alian\u00e7a, el Pacte Industrial ha aconseguit sumar les voluntats de 50 ajuntaments, 11 organitzacions empresarials, els 2 sindicats majoritaris, la Generalitat de Catalunya, la Diputaci\u00f3 de Barcelona, l\u2019\u00c0rea Metropolitana de Barcelona, 6 consells comarcals, 6 universitats i diverses institucions vinculades al desenvolupament econ\u00f2mic.<\/p><p style=\"font-weight: 400;\">\u00a0<\/p><p style=\"font-weight: 400;\"><span style=\"white-space: pre-wrap;\">La Regi\u00f3 Metropolitana de Barcelona est\u00e0 integrada pel territori de les comarques de l\u2019Alt Pened\u00e8s, Barcelon\u00e8s, Baix Llobregat, Garraf, Maresme, Vall\u00e8s Occidental i Vall\u00e8s Oriental. Es tracta d\u2019una de les zones industrials m\u00e9s importants d\u2019Europa que a m\u00e9s concentra la major part de la poblaci\u00f3 resident a Catalunya.<\/span><\/p>\t\t\t\t\t<\/div>\n\t\t\t\t\t\t<\/div>\n\t\t\t\t<\/div>\n\t\t\t\t\t\t<\/div>\n\t\t\t\t\t<\/div>\n\t\t<\/div>\n\t\t\t\t\t\t\t\t<\/div>\n\t\t\t\t\t<\/div>\n\t\t<\/section>\n\t\t\t\t<section class=\"elementor-section elementor-top-section elementor-element elementor-element-ffd73ba elementor-section-boxed elementor-section-height-default elementor-section-height-default\" data-id=\"ffd73ba\" data-element_type=\"section\">\n\t\t\t\t\t\t<div class=\"elementor-container elementor-column-gap-default\">\n\t\t\t\t\t\t\t<div class=\"elementor-row\">\n\t\t\t\t\t<div class=\"elementor-column elementor-col-33 elementor-top-column elementor-element elementor-element-7459b6b\" data-id=\"7459b6b\" data-element_type=\"column\">\n\t\t\t<div class=\"elementor-column-wrap\">\n\t\t\t\t\t\t\t<div class=\"elementor-widget-wrap\">\n\t\t\t\t\t\t\t\t<\/div>\n\t\t\t\t\t<\/div>\n\t\t<\/div>\n\t\t\t\t<div class=\"elementor-column elementor-col-66 elementor-top-column elementor-element elementor-element-7d61d3e\" data-id=\"7d61d3e\" data-element_type=\"column\">\n\t\t\t<div class=\"elementor-column-wrap elementor-element-populated\">\n\t\t\t\t\t\t\t<div class=\"elementor-widget-wrap\">\n\t\t\t\t\t\t<div class=\"elementor-element elementor-element-750dbaf elementor-arrows-position-inside elementor-widget elementor-widget-image-carousel\" data-id=\"750dbaf\" data-element_type=\"widget\" data-settings=\"{&quot;slides_to_show&quot;:&quot;1&quot;,&quot;navigation&quot;:&quot;arrows&quot;,&quot;autoplay&quot;:&quot;yes&quot;,&quot;pause_on_hover&quot;:&quot;yes&quot;,&quot;pause_on_interaction&quot;:&quot;yes&quot;,&quot;autoplay_speed&quot;:5000,&quot;infinite&quot;:&quot;yes&quot;,&quot;effect&quot;:&quot;slide&quot;,&quot;speed&quot;:500}\" data-widget_type=\"image-carousel.default\">\n\t\t\t\t<div class=\"elementor-widget-container\">\n\t\t\t\t\t<div class=\"elementor-image-carousel-wrapper swiper-container\" dir=\"ltr\">\n\t\t\t<div class=\"elementor-image-carousel swiper-wrapper\">\n\t\t\t\t<div class=\"swiper-slide\"><figure class=\"swiper-slide-inner\"><img class=\"swiper-slide-image\" src=\"https:\/\/www.pacteindustrial.org\/wp-content\/uploads\/2020\/07\/F01.jpg\" alt=\"Dror Etzion, professor de Sostenibilitat i Estrat\u00e8gia a la McGill University (Canad\u00e0), durant la seva intervenci\u00f3 al cicle #2030circular (23-01-2020)\" \/><figcaption class=\"elementor-image-carousel-caption\">Dror Etzion, professor de Sostenibilitat i Estrat\u00e8gia a la McGill University (Canad\u00e0), durant la seva intervenci\u00f3 al cicle #2030circular (23-01-2020)<\/figcaption><\/figure><\/div><div class=\"swiper-slide\"><figure class=\"swiper-slide-inner\"><img class=\"swiper-slide-image\" src=\"https:\/\/www.pacteindustrial.org\/wp-content\/uploads\/2020\/07\/F02.jpg\" alt=\"Jornada \u201cL\u2019economia circular en joc: canvi sist\u00e8mic i comprensi\u00f3 m\u00fatua\u201d del cicle #2030circular (17-10-2019)\" \/><figcaption class=\"elementor-image-carousel-caption\">Jornada \u201cL\u2019economia circular en joc: canvi sist\u00e8mic i comprensi\u00f3 m\u00fatua\u201d del cicle #2030circular (17-10-2019)<\/figcaption><\/figure><\/div><div class=\"swiper-slide\"><figure class=\"swiper-slide-inner\"><img class=\"swiper-slide-image\" src=\"https:\/\/www.pacteindustrial.org\/wp-content\/uploads\/2020\/07\/F03-scaled.jpg\" alt=\"Adhesi\u00f3 del Port de Barcelona al Pacte Industrial aprovada per N\u00faria Mar\u00edn i Merc\u00e8 Conesa (11-12-2018)\" \/><figcaption class=\"elementor-image-carousel-caption\">Adhesi\u00f3 del Port de Barcelona al Pacte Industrial aprovada per N\u00faria Mar\u00edn i Merc\u00e8 Conesa (11-12-2018)<\/figcaption><\/figure><\/div><div class=\"swiper-slide\"><figure class=\"swiper-slide-inner\"><img class=\"swiper-slide-image\" src=\"https:\/\/www.pacteindustrial.org\/wp-content\/uploads\/2020\/07\/F04.jpg\" alt=\"Commemoraci\u00f3 dels 20 anys del Pacte Industrial (13-06-2018)\" \/><figcaption class=\"elementor-image-carousel-caption\">Commemoraci\u00f3 dels 20 anys del Pacte Industrial (13-06-2018)<\/figcaption><\/figure><\/div><div class=\"swiper-slide\"><figure class=\"swiper-slide-inner\"><img class=\"swiper-slide-image\" src=\"https:\/\/www.pacteindustrial.org\/wp-content\/uploads\/2020\/07\/F05.jpg\" alt=\"Lliurament dels Premis IND+I Science 2018 (08-02-2018)\" \/><figcaption class=\"elementor-image-carousel-caption\"> Lliurament dels Premis IND+I Science 2018 (08-02-2018)<\/figcaption><\/figure><\/div><div class=\"swiper-slide\"><figure class=\"swiper-slide-inner\"><img class=\"swiper-slide-image\" src=\"https:\/\/www.pacteindustrial.org\/wp-content\/uploads\/2020\/07\/F06.jpg\" alt=\"Joanna Drake, directora general adjunta de Medi Ambient de la Comissi\u00f3 Europea, durant la seva intervenci\u00f3 al cicle #Horitz\u00f3Ind\u00fastria (17-01-2018)\" \/><figcaption class=\"elementor-image-carousel-caption\">Joanna Drake, directora general adjunta de Medi Ambient de la Comissi\u00f3 Europea, durant la seva intervenci\u00f3 al cicle #Horitz\u00f3Ind\u00fastria (17-01-2018)<\/figcaption><\/figure><\/div><div class=\"swiper-slide\"><figure class=\"swiper-slide-inner\"><img class=\"swiper-slide-image\" src=\"https:\/\/www.pacteindustrial.org\/wp-content\/uploads\/2020\/07\/F07.jpg\" alt=\"Jornada \u201cLa ind\u00fastria de l&#039;autom\u00f2bil. El perqu\u00e8 d&#039;un \u00e8xit\u201d (05-03-2015)\" \/><figcaption class=\"elementor-image-carousel-caption\">Jornada \u201cLa ind\u00fastria de l'autom\u00f2bil. El perqu\u00e8 d'un \u00e8xit\u201d (05-03-2015)<\/figcaption><\/figure><\/div>\t\t\t<\/div>\n\t\t\t\t\t\t\t\t\t\t\t\t\t\t\t\t<div class=\"elementor-swiper-button elementor-swiper-button-prev\">\n\t\t\t\t\t\t<i class=\"eicon-chevron-left\" aria-hidden=\"true\"><\/i>\n\t\t\t\t\t\t<span class=\"elementor-screen-only\">Anterior<\/span>\n\t\t\t\t\t<\/div>\n\t\t\t\t\t<div class=\"elementor-swiper-button elementor-swiper-button-next\">\n\t\t\t\t\t\t<i class=\"eicon-chevron-right\" aria-hidden=\"true\"><\/i>\n\t\t\t\t\t\t<span class=\"elementor-screen-only\">Seg\u00fcent<\/span>\n\t\t\t\t\t<\/div>\n\t\t\t\t\t\t\t\t\t<\/div>\n\t\t\t\t<\/div>\n\t\t\t\t<\/div>\n\t\t\t\t\t\t<\/div>\n\t\t\t\t\t<\/div>\n\t\t<\/div>\n\t\t\t\t\t\t\t\t<\/div>\n\t\t\t\t\t<\/div>\n\t\t<\/section>\n\t\t\t\t\t\t<\/div>\n\t\t\t\t\t\t<\/div>\n\t\t\t\t\t<\/div>\n\t\t","protected":false},"excerpt":{"rendered":"<p>El Pacte Industrial \u00a0 El Pacte Industrial de la Regi\u00f3 Metropolitana de Barcelona \u00e9s una associaci\u00f3 constitu\u00efda l\u2019any 1997 amb la missi\u00f3 de configurar una alian\u00e7a estrat\u00e8gica entre administracions p\u00fabliques, organitzacions empresarials i sindicats per impulsar la competitivitat de la ind\u00fastria, fomentar la creaci\u00f3 d\u2019ocupaci\u00f3 i millorar la cohesi\u00f3 social i la sostenibilitat al territori [&#8230;]<\/p>\n","protected":false},"author":1,"featured_media":0,"parent":15,"menu_order":0,"comment_status":"closed","ping_status":"closed","template":"","meta":[],"yoast_head":"<!-- This site is optimized with the Yoast SEO plugin v16.1.1 - https:\/\/yoast.com\/wordpress\/plugins\/seo\/ -->\n<title>El Pacte Industrial - Pacte Industrial RMB<\/title>\n<link rel=\"canonical\" href=\"https:\/\/www.pacteindustrial.org\/ca\/qui-som\/el-pacte-industrial\/\" \/>\n<meta property=\"og:locale\" content=\"ca_ES\" \/>\n<meta property=\"og:type\" content=\"article\" \/>\n<meta property=\"og:title\" content=\"El Pacte Industrial - Pacte Industrial RMB\" \/>\n<meta property=\"og:description\" content=\"El Pacte Industrial \u00a0 El Pacte Industrial de la Regi\u00f3 Metropolitana de Barcelona \u00e9s una associaci\u00f3 constitu\u00efda l\u2019any 1997 amb la missi\u00f3 de configurar una alian\u00e7a estrat\u00e8gica entre administracions p\u00fabliques, organitzacions empresarials i sindicats per impulsar la competitivitat de la ind\u00fastria, fomentar la creaci\u00f3 d\u2019ocupaci\u00f3 i millorar la cohesi\u00f3 social i la sostenibilitat al territori [...]\" \/>\n<meta property=\"og:url\" content=\"https:\/\/www.pacteindustrial.org\/ca\/qui-som\/el-pacte-industrial\/\" \/>\n<meta property=\"og:site_name\" content=\"Pacte Industrial RMB\" \/>\n<meta property=\"article:modified_time\" content=\"2022-05-18T12:26:13+00:00\" \/>\n<meta property=\"og:image\" content=\"https:\/\/www.pacteindustrial.org\/wp-content\/uploads\/2020\/07\/F01.jpg\" \/>\n<meta name=\"twitter:card\" content=\"summary_large_image\" \/>\n<meta name=\"twitter:label1\" content=\"Temps estimat de lectura\">\n\t<meta name=\"twitter:data1\" content=\"1 minut\">\n<script type=\"application\/ld+json\" class=\"yoast-schema-graph\">{\"@context\":\"https:\/\/schema.org\",\"@graph\":[{\"@type\":\"WebSite\",\"@id\":\"https:\/\/www.pacteindustrial.org\/ca\/#website\",\"url\":\"https:\/\/www.pacteindustrial.org\/ca\/\",\"name\":\"Pacte Industrial RMB\",\"description\":\"\",\"potentialAction\":[{\"@type\":\"SearchAction\",\"target\":\"https:\/\/www.pacteindustrial.org\/ca\/?s={search_term_string}\",\"query-input\":\"required name=search_term_string\"}],\"inLanguage\":\"ca\"},{\"@type\":\"ImageObject\",\"@id\":\"https:\/\/www.pacteindustrial.org\/ca\/qui-som\/el-pacte-industrial\/#primaryimage\",\"inLanguage\":\"ca\",\"url\":\"https:\/\/www.pacteindustrial.org\/wp-content\/uploads\/2020\/07\/F01.jpg\",\"contentUrl\":\"https:\/\/www.pacteindustrial.org\/wp-content\/uploads\/2020\/07\/F01.jpg\",\"width\":2048,\"height\":1365,\"caption\":\"Dror Etzion, professor de Sostenibilitat i Estrat\\u00e8gia a la McGill University (Canad\\u00e0), durant la seva intervenci\\u00f3 al cicle #2030circular (23-01-2020)\"},{\"@type\":\"WebPage\",\"@id\":\"https:\/\/www.pacteindustrial.org\/ca\/qui-som\/el-pacte-industrial\/#webpage\",\"url\":\"https:\/\/www.pacteindustrial.org\/ca\/qui-som\/el-pacte-industrial\/\",\"name\":\"El Pacte Industrial - Pacte Industrial RMB\",\"isPartOf\":{\"@id\":\"https:\/\/www.pacteindustrial.org\/ca\/#website\"},\"primaryImageOfPage\":{\"@id\":\"https:\/\/www.pacteindustrial.org\/ca\/qui-som\/el-pacte-industrial\/#primaryimage\"},\"datePublished\":\"2020-05-26T16:56:40+00:00\",\"dateModified\":\"2022-05-18T12:26:13+00:00\",\"breadcrumb\":{\"@id\":\"https:\/\/www.pacteindustrial.org\/ca\/qui-som\/el-pacte-industrial\/#breadcrumb\"},\"inLanguage\":\"ca\",\"potentialAction\":[{\"@type\":\"ReadAction\",\"target\":[\"https:\/\/www.pacteindustrial.org\/ca\/qui-som\/el-pacte-industrial\/\"]}]},{\"@type\":\"BreadcrumbList\",\"@id\":\"https:\/\/www.pacteindustrial.org\/ca\/qui-som\/el-pacte-industrial\/#breadcrumb\",\"itemListElement\":[{\"@type\":\"ListItem\",\"position\":1,\"item\":{\"@type\":\"WebPage\",\"@id\":\"https:\/\/www.pacteindustrial.org\/ca\/\",\"url\":\"https:\/\/www.pacteindustrial.org\/ca\/\",\"name\":\"Home\"}},{\"@type\":\"ListItem\",\"position\":2,\"item\":{\"@type\":\"WebPage\",\"@id\":\"https:\/\/www.pacteindustrial.org\/ca\/qui-som\/\",\"url\":\"https:\/\/www.pacteindustrial.org\/ca\/qui-som\/\",\"name\":\"Qui som\"}},{\"@type\":\"ListItem\",\"position\":3,\"item\":{\"@type\":\"WebPage\",\"@id\":\"https:\/\/www.pacteindustrial.org\/ca\/qui-som\/el-pacte-industrial\/\",\"url\":\"https:\/\/www.pacteindustrial.org\/ca\/qui-som\/el-pacte-industrial\/\",\"name\":\"El Pacte Industrial\"}}]}]}<\/script>\n<!-- \/ Yoast SEO plugin. -->","_links":{"self":[{"href":"https:\/\/www.pacteindustrial.org\/ca\/wp-json\/wp\/v2\/pages\/8858"}],"collection":[{"href":"https:\/\/www.pacteindustrial.org\/ca\/wp-json\/wp\/v2\/pages"}],"about":[{"href":"https:\/\/www.pacteindustrial.org\/ca\/wp-json\/wp\/v2\/types\/page"}],"author":[{"embeddable":true,"href":"https:\/\/www.pacteindustrial.org\/ca\/wp-json\/wp\/v2\/users\/1"}],"replies":[{"embeddable":true,"href":"https:\/\/www.pacteindustrial.org\/ca\/wp-json\/wp\/v2\/comments?post=8858"}],"version-history":[{"count":14,"href":"https:\/\/www.pacteindustrial.org\/ca\/wp-json\/wp\/v2\/pages\/8858\/revisions"}],"predecessor-version":[{"id":12970,"href":"https:\/\/www.pacteindustrial.org\/ca\/wp-json\/wp\/v2\/pages\/8858\/revisions\/12970"}],"up":[{"embeddable":true,"href":"https:\/\/www.pacteindustrial.org\/ca\/wp-json\/wp\/v2\/pages\/15"}],"wp:attachment":[{"href":"https:\/\/www.pacteindustrial.org\/ca\/wp-json\/wp\/v2\/media?parent=8858"}],"curies":[{"name":"wp","href":"https:\/\/api.w.org\/{rel}","templated":true}]}}