{"id":24083,"date":"2025-04-24T16:39:08","date_gmt":"2025-04-24T14:39:08","guid":{"rendered":"https:\/\/www.pacteindustrial.org\/credits\/"},"modified":"2025-04-24T16:39:08","modified_gmt":"2025-04-24T14:39:08","slug":"credits","status":"publish","type":"page","link":"https:\/\/www.pacteindustrial.org\/en\/credits\/","title":{"rendered":"Credits"},"content":{"rendered":"\t\t<div data-elementor-type=\"wp-page\" data-elementor-id=\"24083\" class=\"elementor elementor-24083 elementor-24069\" data-elementor-settings=\"[]\">\n\t\t\t\t\t\t<div class=\"elementor-inner\">\n\t\t\t\t\t\t\t<div class=\"elementor-section-wrap\">\n\t\t\t\t\t\t\t<section class=\"elementor-section elementor-top-section elementor-element elementor-element-6678aed elementor-section-boxed elementor-section-height-default elementor-section-height-default\" data-id=\"6678aed\" data-element_type=\"section\">\n\t\t\t\t\t\t<div class=\"elementor-container elementor-column-gap-default\">\n\t\t\t\t\t\t\t<div class=\"elementor-row\">\n\t\t\t\t\t<div class=\"elementor-column elementor-col-100 elementor-top-column elementor-element elementor-element-7e31ead\" data-id=\"7e31ead\" data-element_type=\"column\">\n\t\t\t<div class=\"elementor-column-wrap elementor-element-populated\">\n\t\t\t\t\t\t\t<div class=\"elementor-widget-wrap\">\n\t\t\t\t\t\t<div class=\"elementor-element elementor-element-b0fd975 elementor-widget elementor-widget-heading\" data-id=\"b0fd975\" data-element_type=\"widget\" data-widget_type=\"heading.default\">\n\t\t\t\t<div class=\"elementor-widget-container\">\n\t\t\t<h2 class=\"elementor-heading-title elementor-size-default\"><h1>Credits<\/h1><\/h2>\t\t<\/div>\n\t\t\t\t<\/div>\n\t\t\t\t<div class=\"elementor-element elementor-element-45fd831 elementor-widget elementor-widget-text-editor\" data-id=\"45fd831\" data-element_type=\"widget\" data-widget_type=\"text-editor.default\">\n\t\t\t\t<div class=\"elementor-widget-container\">\n\t\t\t\t\t\t\t\t<div class=\"elementor-text-editor elementor-clearfix\">\n\t\t\t\t\t<p><strong>Web design<\/strong>: <a href=\"http:\/\/www.whads.com\/\" target=\"_blank\" rel=\"noopener\">Whads<\/a><\/p>\n<p>&nbsp;<\/p>\n<p><strong>Contents<\/strong>: Associaci\u00f3 Pacte Industrial de la Regi\u00f3 Metropolitana de Barcelona<\/p>\n<p>&nbsp;<\/p>\n<p>The hosting of the corporate website of the Associaci\u00f3 Pacte Industrial de la Regi\u00f3 Metropolitana de Barcelona is funded by Diputaci\u00f3 de Barcelona.<\/p>\n\t\t\t\t\t<\/div>\n\t\t\t\t\t\t<\/div>\n\t\t\t\t<\/div>\n\t\t\t\t\t\t<\/div>\n\t\t\t\t\t<\/div>\n\t\t<\/div>\n\t\t\t\t\t\t\t\t<\/div>\n\t\t\t\t\t<\/div>\n\t\t<\/section>\n\t\t\t\t\t\t<\/div>\n\t\t\t\t\t\t<\/div>\n\t\t\t\t\t<\/div>\n\t\t","protected":false},"excerpt":{"rendered":"<p>Credits Web design: Whads &nbsp; Contents: Associaci\u00f3 Pacte Industrial de la Regi\u00f3 Metropolitana de Barcelona &nbsp; The hosting of the corporate website of the Associaci\u00f3 Pacte Industrial de la Regi\u00f3 Metropolitana de Barcelona is funded by Diputaci\u00f3 de Barcelona. [&#8230;]<\/p>\n","protected":false},"author":3,"featured_media":0,"parent":0,"menu_order":0,"comment_status":"closed","ping_status":"closed","template":"","meta":[],"yoast_head":"<!-- This site is optimized with the Yoast SEO plugin v16.1.1 - https:\/\/yoast.com\/wordpress\/plugins\/seo\/ -->\n<title>Credits - Pacte Industrial RMB<\/title>\n<link rel=\"canonical\" href=\"https:\/\/www.pacteindustrial.org\/en\/credits\/\" \/>\n<meta property=\"og:locale\" content=\"en_US\" \/>\n<meta property=\"og:type\" content=\"article\" \/>\n<meta property=\"og:title\" content=\"Credits - Pacte Industrial RMB\" \/>\n<meta property=\"og:description\" content=\"Credits Web design: Whads &nbsp; Contents: Associaci\u00f3 Pacte Industrial de la Regi\u00f3 Metropolitana de Barcelona &nbsp; The hosting of the corporate website of the Associaci\u00f3 Pacte Industrial de la Regi\u00f3 Metropolitana de Barcelona is funded by Diputaci\u00f3 de Barcelona. [...]\" \/>\n<meta property=\"og:url\" content=\"https:\/\/www.pacteindustrial.org\/en\/credits\/\" \/>\n<meta property=\"og:site_name\" content=\"Pacte Industrial RMB\" \/>\n<meta name=\"twitter:card\" content=\"summary_large_image\" \/>\n<script type=\"application\/ld+json\" class=\"yoast-schema-graph\">{\"@context\":\"https:\/\/schema.org\",\"@graph\":[{\"@type\":\"WebSite\",\"@id\":\"https:\/\/www.pacteindustrial.org\/ca\/#website\",\"url\":\"https:\/\/www.pacteindustrial.org\/ca\/\",\"name\":\"Pacte Industrial RMB\",\"description\":\"\",\"potentialAction\":[{\"@type\":\"SearchAction\",\"target\":\"https:\/\/www.pacteindustrial.org\/ca\/?s={search_term_string}\",\"query-input\":\"required name=search_term_string\"}],\"inLanguage\":\"en-US\"},{\"@type\":\"WebPage\",\"@id\":\"https:\/\/www.pacteindustrial.org\/en\/credits\/#webpage\",\"url\":\"https:\/\/www.pacteindustrial.org\/en\/credits\/\",\"name\":\"Credits - Pacte Industrial RMB\",\"isPartOf\":{\"@id\":\"https:\/\/www.pacteindustrial.org\/ca\/#website\"},\"datePublished\":\"2025-04-24T14:39:08+00:00\",\"dateModified\":\"2025-04-24T14:39:08+00:00\",\"breadcrumb\":{\"@id\":\"https:\/\/www.pacteindustrial.org\/en\/credits\/#breadcrumb\"},\"inLanguage\":\"en-US\",\"potentialAction\":[{\"@type\":\"ReadAction\",\"target\":[\"https:\/\/www.pacteindustrial.org\/en\/credits\/\"]}]},{\"@type\":\"BreadcrumbList\",\"@id\":\"https:\/\/www.pacteindustrial.org\/en\/credits\/#breadcrumb\",\"itemListElement\":[{\"@type\":\"ListItem\",\"position\":1,\"item\":{\"@type\":\"WebPage\",\"@id\":\"https:\/\/www.pacteindustrial.org\/en\/\",\"url\":\"https:\/\/www.pacteindustrial.org\/en\/\",\"name\":\"Home\"}},{\"@type\":\"ListItem\",\"position\":2,\"item\":{\"@type\":\"WebPage\",\"@id\":\"https:\/\/www.pacteindustrial.org\/en\/credits\/\",\"url\":\"https:\/\/www.pacteindustrial.org\/en\/credits\/\",\"name\":\"Credits\"}}]}]}<\/script>\n<!-- \/ Yoast SEO plugin. -->","_links":{"self":[{"href":"https:\/\/www.pacteindustrial.org\/en\/wp-json\/wp\/v2\/pages\/24083"}],"collection":[{"href":"https:\/\/www.pacteindustrial.org\/en\/wp-json\/wp\/v2\/pages"}],"about":[{"href":"https:\/\/www.pacteindustrial.org\/en\/wp-json\/wp\/v2\/types\/page"}],"author":[{"embeddable":true,"href":"https:\/\/www.pacteindustrial.org\/en\/wp-json\/wp\/v2\/users\/3"}],"replies":[{"embeddable":true,"href":"https:\/\/www.pacteindustrial.org\/en\/wp-json\/wp\/v2\/comments?post=24083"}],"version-history":[{"count":1,"href":"https:\/\/www.pacteindustrial.org\/en\/wp-json\/wp\/v2\/pages\/24083\/revisions"}],"predecessor-version":[{"id":24084,"href":"https:\/\/www.pacteindustrial.org\/en\/wp-json\/wp\/v2\/pages\/24083\/revisions\/24084"}],"wp:attachment":[{"href":"https:\/\/www.pacteindustrial.org\/en\/wp-json\/wp\/v2\/media?parent=24083"}],"curies":[{"name":"wp","href":"https:\/\/api.w.org\/{rel}","templated":true}]}}