{"id":629,"date":"2019-06-18T13:05:58","date_gmt":"2019-06-18T11:05:58","guid":{"rendered":"https:\/\/www.pacteindustrial.org\/infraestructures\/"},"modified":"2021-02-16T17:49:09","modified_gmt":"2021-02-16T15:49:09","slug":"infraestructures","status":"publish","type":"page","link":"https:\/\/www.pacteindustrial.org\/en\/areas\/infraestructures\/","title":{"rendered":"Infrastructures"},"content":{"rendered":"\t\t<div data-elementor-type=\"wp-post\" data-elementor-id=\"629\" class=\"elementor elementor-629 elementor-74\" data-elementor-settings=\"[]\">\n\t\t\t\t\t\t<div class=\"elementor-inner\">\n\t\t\t\t\t\t\t<div class=\"elementor-section-wrap\">\n\t\t\t\t\t\t\t<section class=\"elementor-section elementor-top-section elementor-element elementor-element-28b314d elementor-section-boxed elementor-section-height-default elementor-section-height-default\" data-id=\"28b314d\" data-element_type=\"section\">\n\t\t\t\t\t\t<div class=\"elementor-container elementor-column-gap-default\">\n\t\t\t\t\t\t\t<div class=\"elementor-row\">\n\t\t\t\t\t<div class=\"elementor-column elementor-col-33 elementor-top-column elementor-element elementor-element-fcc8634\" data-id=\"fcc8634\" data-element_type=\"column\">\n\t\t\t<div class=\"elementor-column-wrap elementor-element-populated\">\n\t\t\t\t\t\t\t<div class=\"elementor-widget-wrap\">\n\t\t\t\t\t\t<div class=\"elementor-element elementor-element-f86eff5 elementor-widget elementor-widget-wp-widget-nav_menu\" data-id=\"f86eff5\" data-element_type=\"widget\" data-widget_type=\"wp-widget-nav_menu.default\">\n\t\t\t\t<div class=\"elementor-widget-container\">\n\t\t\t<h5>What we do<\/h5><div class=\"menu-sidebar2-en-container\"><ul id=\"menu-sidebar2-en\" class=\"menu\"><li id=\"menu-item-1112\" class=\"menu-item menu-item-type-post_type menu-item-object-page menu-item-has-children menu-item-1112\"><a href=\"https:\/\/www.pacteindustrial.org\/en\/areas\/\">Areas<\/a>\n<ul class=\"sub-menu\">\n\t<li id=\"menu-item-1113\" class=\"menu-item menu-item-type-post_type menu-item-object-page menu-item-1113\"><a href=\"https:\/\/www.pacteindustrial.org\/en\/areas\/sustainability\/\">Sustainability<\/a><\/li>\n\t<li id=\"menu-item-1115\" class=\"menu-item menu-item-type-post_type menu-item-object-page menu-item-1115\"><a href=\"https:\/\/www.pacteindustrial.org\/en\/areas\/industrial-area\/\">Industrial parks<\/a><\/li>\n\t<li id=\"menu-item-1119\" class=\"menu-item menu-item-type-post_type menu-item-object-page menu-item-1119\"><a href=\"https:\/\/www.pacteindustrial.org\/en\/areas\/innovation\/\">Innovation<\/a><\/li>\n\t<li id=\"menu-item-1117\" class=\"menu-item menu-item-type-post_type menu-item-object-page menu-item-1117\"><a href=\"https:\/\/www.pacteindustrial.org\/en\/areas\/mobility\/\">Mobility<\/a><\/li>\n\t<li id=\"menu-item-1121\" class=\"menu-item menu-item-type-post_type menu-item-object-page menu-item-1121\"><a href=\"https:\/\/www.pacteindustrial.org\/en\/areas\/training\/\">Training<\/a><\/li>\n\t<li id=\"menu-item-1116\" class=\"menu-item menu-item-type-post_type menu-item-object-page menu-item-1116\"><a href=\"https:\/\/www.pacteindustrial.org\/en\/areas\/employment\/\">Employment<\/a><\/li>\n\t<li id=\"menu-item-1118\" class=\"menu-item menu-item-type-post_type menu-item-object-page menu-item-1118\"><a href=\"https:\/\/www.pacteindustrial.org\/en\/areas\/internationalization\/\">Internationalization<\/a><\/li>\n\t<li id=\"menu-item-1114\" class=\"menu-item menu-item-type-post_type menu-item-object-page menu-item-1114\"><a href=\"https:\/\/www.pacteindustrial.org\/en\/areas\/data-gis\/\">Data &#038; GIS<\/a><\/li>\n\t<li id=\"menu-item-1120\" class=\"menu-item menu-item-type-post_type menu-item-object-page menu-item-1120\"><a href=\"https:\/\/www.pacteindustrial.org\/en\/areas\/infraestructures\/\">Infrastructures<\/a><\/li>\n<\/ul>\n<\/li>\n<\/ul><\/div>\t\t<\/div>\n\t\t\t\t<\/div>\n\t\t\t\t\t\t<\/div>\n\t\t\t\t\t<\/div>\n\t\t<\/div>\n\t\t\t\t<div class=\"elementor-column elementor-col-66 elementor-top-column elementor-element elementor-element-baea030\" data-id=\"baea030\" data-element_type=\"column\">\n\t\t\t<div class=\"elementor-column-wrap elementor-element-populated\">\n\t\t\t\t\t\t\t<div class=\"elementor-widget-wrap\">\n\t\t\t\t\t\t<div class=\"elementor-element elementor-element-653bac2 elementor-widget elementor-widget-heading\" data-id=\"653bac2\" data-element_type=\"widget\" data-widget_type=\"heading.default\">\n\t\t\t\t<div class=\"elementor-widget-container\">\n\t\t\t<h2 class=\"elementor-heading-title elementor-size-default\">Infrastructures<\/h2>\t\t<\/div>\n\t\t\t\t<\/div>\n\t\t\t\t<div class=\"elementor-element elementor-element-afa1aae elementor-widget elementor-widget-text-editor\" data-id=\"afa1aae\" data-element_type=\"widget\" data-widget_type=\"text-editor.default\">\n\t\t\t\t<div class=\"elementor-widget-container\">\n\t\t\t\t\t\t\t\t<div class=\"elementor-text-editor elementor-clearfix\">\n\t\t\t\t\t<p style=\"color: #2d3945;\">These are the activities and publications of the Industrial Pact on infrastructures.<\/p>\n\t\t\t\t\t<\/div>\n\t\t\t\t\t\t<\/div>\n\t\t\t\t<\/div>\n\t\t\t\t<div class=\"elementor-element elementor-element-584fd72 elementor-widget elementor-widget-heading\" data-id=\"584fd72\" data-element_type=\"widget\" data-widget_type=\"heading.default\">\n\t\t\t\t<div class=\"elementor-widget-container\">\n\t\t\t<h2 class=\"elementor-heading-title elementor-size-default\">Activities<\/h2>\t\t<\/div>\n\t\t\t\t<\/div>\n\t\t\t\t<div class=\"elementor-element elementor-element-ff0769c elementor-align-center elementor-widget elementor-widget-button\" data-id=\"ff0769c\" data-element_type=\"widget\" data-widget_type=\"button.default\">\n\t\t\t\t<div class=\"elementor-widget-container\">\n\t\t\t\t\t<div class=\"elementor-button-wrapper\">\n\t\t\t<a href=\"https:\/\/www.pacteindustrial.org\/en\/news\/\" class=\"elementor-button-link elementor-button elementor-size-lg\" role=\"button\">\n\t\t\t\t\t\t<span class=\"elementor-button-content-wrapper\">\n\t\t\t\t\t\t<span class=\"elementor-button-text\">All News<\/span>\n\t\t<\/span>\n\t\t\t\t\t<\/a>\n\t\t<\/div>\n\t\t\t\t<\/div>\n\t\t\t\t<\/div>\n\t\t\t\t<div class=\"elementor-element elementor-element-1c72333 elementor-widget elementor-widget-heading\" data-id=\"1c72333\" data-element_type=\"widget\" data-widget_type=\"heading.default\">\n\t\t\t\t<div class=\"elementor-widget-container\">\n\t\t\t<h2 class=\"elementor-heading-title elementor-size-default\">Publications<\/h2>\t\t<\/div>\n\t\t\t\t<\/div>\n\t\t\t\t<div class=\"elementor-element elementor-element-21242886 elementor-widget elementor-widget-pacteindustrial-addons-publications-list\" data-id=\"21242886\" data-element_type=\"widget\" data-widget_type=\"pacteindustrial-addons-publications-list.default\">\n\t\t\t\t<div class=\"elementor-widget-container\">\n\t\t\t<section class=\"container pacteindustrial-publications-block\" data-lang=\"en\"><div class=\"pacteindustrial-publications-wrapper\"><div class=\"load-spinner\"><div class=\"loader\"><\/div><\/div><article id=\"post-1677\" class=\"card publication-entry post-1677 pi_publication type-pi_publication status-publish has-post-thumbnail hentry post_scope-industrial-parks post_scope-infrastructures pi_publication_type-industrial-pact-dossiers\"><div class=\"row no-gutters\"><div class=\"image-wrapper col-md-3\"><a class=\"image-link\" href=\"https:\/\/www.pacteindustrial.org\/en\/publications\/dossier-6-analysis-of-the-service-infrastructure-of-industrial-parks-in-the-barcelona-metropolitan-region\/\"><img class=\"card-img\" src=\"https:\/\/www.pacteindustrial.org\/wp-content\/uploads\/2019\/07\/AnalisisInfraestructures-1.jpg\" alt=\"featured image\"><\/a><\/div><div class=\"body-wrapper col-md-9\"><div class=\"card-body\"><div class=\"card-body-header\"><a class=\"title-link\" href=\"https:\/\/www.pacteindustrial.org\/en\/publications\/dossier-6-analysis-of-the-service-infrastructure-of-industrial-parks-in-the-barcelona-metropolitan-region\/\"><h1 class=\"post-heading\">Analysis of the Service Infrastructure of Industrial Parks in the Barcelona Metropolitan Region<\/h1><\/a><p class=\"publication-authors\"><span class=\"authors-title\">Authors: <\/span><a class=\"author-link\" href=\"https:\/\/www.pacteindustrial.org\/ca\/fem-xarxa\/maria-buhigas\/\">Maria Buhigas San Jos\u00e9<\/a>, <a class=\"author-link\" href=\"https:\/\/www.pacteindustrial.org\/ca\/fem-xarxa\/aleix-coral\/\">Aleix Coral Alcolea<\/a><\/p><p class=\"publication-collections\"><span class=\"collections-title\">Collection: <\/span><a class=\"collection-link\" href=\"https:\/\/www.pacteindustrial.org\/en\/publications\/?type=industrial-pact-dossiers\">Industrial Pact Dossiers<\/a><\/p><\/div><div class=\"card-body-footer\"><p><a href=\"https:\/\/www.pacteindustrial.org\/en\/publications\/dossier-6-analysis-of-the-service-infrastructure-of-industrial-parks-in-the-barcelona-metropolitan-region\/\" class=\"download-button\">Read more +<\/a><\/p><\/div><\/div><\/div><\/div><\/article><article id=\"post-1674\" class=\"card publication-entry post-1674 pi_publication type-pi_publication status-publish has-post-thumbnail hentry post_scope-infrastructures post_scope-innovation pi_publication_type-industrial-pact-dossiers\"><div class=\"row no-gutters\"><div class=\"image-wrapper col-md-3\"><a class=\"image-link\" href=\"https:\/\/www.pacteindustrial.org\/en\/publications\/dossier-3-indicators-infrastructure-and-innovation-services-a-first-analysis-of-the-innovation-potential-of-the-barcelona-metropolitan-region\/\"><img class=\"card-img\" src=\"https:\/\/www.pacteindustrial.org\/wp-content\/uploads\/2019\/07\/IndicadorsInfraestructures.jpg\" alt=\"featured image\"><\/a><\/div><div class=\"body-wrapper col-md-9\"><div class=\"card-body\"><div class=\"card-body-header\"><a class=\"title-link\" href=\"https:\/\/www.pacteindustrial.org\/en\/publications\/dossier-3-indicators-infrastructure-and-innovation-services-a-first-analysis-of-the-innovation-potential-of-the-barcelona-metropolitan-region\/\"><h1 class=\"post-heading\">Indicators, Infrastructure and Innovation Services: A First Analysis of the Innovation Potential of the Barcelona Metropolitan Region<\/h1><\/a><p class=\"publication-authors\"><span class=\"authors-title\">Authors: <\/span><a class=\"author-link\" href=\"https:\/\/www.pacteindustrial.org\/ca\/fem-xarxa\/marc-balaguer-puig\/\">Marc Balaguer Puig<\/a>, <a class=\"author-link\" href=\"https:\/\/www.pacteindustrial.org\/ca\/fem-xarxa\/eduardo-rodriguez\/\">Eduardo Rodr\u00edguez<\/a><\/p><p class=\"publication-collections\"><span class=\"collections-title\">Collection: <\/span><a class=\"collection-link\" href=\"https:\/\/www.pacteindustrial.org\/en\/publications\/?type=industrial-pact-dossiers\">Industrial Pact Dossiers<\/a><\/p><\/div><div class=\"card-body-footer\"><p><a href=\"https:\/\/www.pacteindustrial.org\/en\/publications\/dossier-3-indicators-infrastructure-and-innovation-services-a-first-analysis-of-the-innovation-potential-of-the-barcelona-metropolitan-region\/\" class=\"download-button\">Read more +<\/a><\/p><\/div><\/div><\/div><\/div><\/article><\/div><nav class=\"ajax-publications-pagination-wrapper\" aria-label=\"Paginador de publicacions\"><ul class=\"pagination ajax-publications-pagination\" data-query-vars=\"{&quot;post_type&quot;:&quot;pi_publication&quot;,&quot;post_status&quot;:&quot;publish&quot;,&quot;no_found_rows&quot;:false,&quot;ignore_sticky_posts&quot;:true,&quot;orderby&quot;:&quot;date&quot;,&quot;order&quot;:&quot;DESC&quot;,&quot;posts_per_page&quot;:2,&quot;paged&quot;:1,&quot;tax_query&quot;:[{&quot;taxonomy&quot;:&quot;post_scope&quot;,&quot;field&quot;:&quot;slug&quot;,&quot;terms&quot;:&quot;infrastructures&quot;,&quot;include_children&quot;:false,&quot;operator&quot;:&quot;IN&quot;}],&quot;error&quot;:&quot;&quot;,&quot;m&quot;:&quot;&quot;,&quot;p&quot;:0,&quot;post_parent&quot;:&quot;&quot;,&quot;subpost&quot;:&quot;&quot;,&quot;subpost_id&quot;:&quot;&quot;,&quot;attachment&quot;:&quot;&quot;,&quot;attachment_id&quot;:0,&quot;name&quot;:&quot;&quot;,&quot;pagename&quot;:&quot;&quot;,&quot;page_id&quot;:0,&quot;second&quot;:&quot;&quot;,&quot;minute&quot;:&quot;&quot;,&quot;hour&quot;:&quot;&quot;,&quot;day&quot;:0,&quot;monthnum&quot;:0,&quot;year&quot;:0,&quot;w&quot;:0,&quot;category_name&quot;:&quot;&quot;,&quot;tag&quot;:&quot;&quot;,&quot;cat&quot;:&quot;&quot;,&quot;tag_id&quot;:&quot;&quot;,&quot;author&quot;:&quot;&quot;,&quot;author_name&quot;:&quot;&quot;,&quot;feed&quot;:&quot;&quot;,&quot;tb&quot;:&quot;&quot;,&quot;meta_key&quot;:&quot;&quot;,&quot;meta_value&quot;:&quot;&quot;,&quot;preview&quot;:&quot;&quot;,&quot;s&quot;:&quot;&quot;,&quot;sentence&quot;:&quot;&quot;,&quot;title&quot;:&quot;&quot;,&quot;fields&quot;:&quot;&quot;,&quot;menu_order&quot;:&quot;&quot;,&quot;embed&quot;:&quot;&quot;,&quot;category__in&quot;:[],&quot;category__not_in&quot;:[],&quot;category__and&quot;:[],&quot;post__in&quot;:[],&quot;post__not_in&quot;:[],&quot;post_name__in&quot;:[],&quot;tag__in&quot;:[],&quot;tag__not_in&quot;:[],&quot;tag__and&quot;:[],&quot;tag_slug__in&quot;:[],&quot;tag_slug__and&quot;:[],&quot;post_parent__in&quot;:[],&quot;post_parent__not_in&quot;:[],&quot;author__in&quot;:[],&quot;author__not_in&quot;:[],&quot;meta_query&quot;:[],&quot;suppress_filters&quot;:false,&quot;cache_results&quot;:true,&quot;update_post_term_cache&quot;:true,&quot;lazy_load_term_meta&quot;:true,&quot;update_post_meta_cache&quot;:true,&quot;nopaging&quot;:false,&quot;comments_per_page&quot;:&quot;50&quot;,&quot;taxonomy&quot;:&quot;post_scope&quot;,&quot;term&quot;:&quot;infrastructures&quot;}\"><li class=\"page-item shadow active\"><span aria-current=\"page\" class=\"page-link current\">1<\/span><\/li><li class=\"page-item shadow\"><a class=\"page-link\" href=\"https:\/\/www.pacteindustrial.org\/en\/wp-json\/wp\/v2\/pages\/629\/?publications_page=2\">2<\/a><\/li><li class=\"page-item shadow\"><a class=\"next page-link\" href=\"https:\/\/www.pacteindustrial.org\/en\/wp-json\/wp\/v2\/pages\/629\/?publications_page=2\">&raquo;<\/a><\/li><\/ul><\/nav><\/section>\t\t<\/div>\n\t\t\t\t<\/div>\n\t\t\t\t<div class=\"elementor-element elementor-element-5a1b8fc9 elementor-align-center elementor-widget elementor-widget-button\" data-id=\"5a1b8fc9\" data-element_type=\"widget\" data-widget_type=\"button.default\">\n\t\t\t\t<div class=\"elementor-widget-container\">\n\t\t\t\t\t<div class=\"elementor-button-wrapper\">\n\t\t\t<a href=\"https:\/\/www.pacteindustrial.org\/en\/publications\/\" class=\"elementor-button-link elementor-button elementor-size-lg\" role=\"button\">\n\t\t\t\t\t\t<span class=\"elementor-button-content-wrapper\">\n\t\t\t\t\t\t<span class=\"elementor-button-text\">All Publications<\/span>\n\t\t<\/span>\n\t\t\t\t\t<\/a>\n\t\t<\/div>\n\t\t\t\t<\/div>\n\t\t\t\t<\/div>\n\t\t\t\t\t\t<\/div>\n\t\t\t\t\t<\/div>\n\t\t<\/div>\n\t\t\t\t\t\t\t\t<\/div>\n\t\t\t\t\t<\/div>\n\t\t<\/section>\n\t\t\t\t\t\t<\/div>\n\t\t\t\t\t\t<\/div>\n\t\t\t\t\t<\/div>\n\t\t","protected":false},"excerpt":{"rendered":"<p>Infrastructures These are the activities and publications of the Industrial Pact on infrastructures. Activities All News Publications Analysis of the Service Infrastructure of Industrial Estates in the Barcelona Metropolitan Region Authors: Maria Buhigas San Jos\u00e9, Aleix Coral Alcolea, Marcelo Gonz\u00e1lez, Anna Subirats Ribas, Rub\u00e9n Palma, Joaquim Calaf\u00ed, Jose Manuel Lao, Marc Montlle\u00f3, Gustavo Rodr\u00edguez Collection: [&#8230;]<\/p>\n","protected":false},"author":1,"featured_media":0,"parent":663,"menu_order":0,"comment_status":"closed","ping_status":"closed","template":"","meta":[],"yoast_head":"<!-- This site is optimized with the Yoast SEO plugin v16.1.1 - https:\/\/yoast.com\/wordpress\/plugins\/seo\/ -->\n<title>Infrastructures - Pacte Industrial RMB<\/title>\n<link rel=\"canonical\" href=\"https:\/\/www.pacteindustrial.org\/en\/areas\/infraestructures\/\" \/>\n<meta property=\"og:locale\" content=\"en_US\" \/>\n<meta property=\"og:type\" content=\"article\" \/>\n<meta property=\"og:title\" content=\"Infrastructures - Pacte Industrial RMB\" \/>\n<meta property=\"og:description\" content=\"Infrastructures These are the activities and publications of the Industrial Pact on infrastructures. Activities All News Publications Analysis of the Service Infrastructure of Industrial Estates in the Barcelona Metropolitan Region Authors: Maria Buhigas San Jos\u00e9, Aleix Coral Alcolea, Marcelo Gonz\u00e1lez, Anna Subirats Ribas, Rub\u00e9n Palma, Joaquim Calaf\u00ed, Jose Manuel Lao, Marc Montlle\u00f3, Gustavo Rodr\u00edguez Collection: [...]\" \/>\n<meta property=\"og:url\" content=\"https:\/\/www.pacteindustrial.org\/en\/areas\/infraestructures\/\" \/>\n<meta property=\"og:site_name\" content=\"Pacte Industrial RMB\" \/>\n<meta property=\"article:modified_time\" content=\"2021-02-16T15:49:09+00:00\" \/>\n<meta property=\"og:image\" content=\"https:\/\/www.pacteindustrial.org\/wp-content\/uploads\/2019\/07\/AnalisisInfraestructures-1.jpg\" \/>\n<meta name=\"twitter:card\" content=\"summary_large_image\" \/>\n<script type=\"application\/ld+json\" class=\"yoast-schema-graph\">{\"@context\":\"https:\/\/schema.org\",\"@graph\":[{\"@type\":\"WebSite\",\"@id\":\"https:\/\/www.pacteindustrial.org\/ca\/#website\",\"url\":\"https:\/\/www.pacteindustrial.org\/ca\/\",\"name\":\"Pacte Industrial RMB\",\"description\":\"\",\"potentialAction\":[{\"@type\":\"SearchAction\",\"target\":\"https:\/\/www.pacteindustrial.org\/ca\/?s={search_term_string}\",\"query-input\":\"required name=search_term_string\"}],\"inLanguage\":\"en-US\"},{\"@type\":\"ImageObject\",\"@id\":\"https:\/\/www.pacteindustrial.org\/en\/areas\/infraestructures\/#primaryimage\",\"inLanguage\":\"en-US\",\"url\":\"https:\/\/www.pacteindustrial.org\/wp-content\/uploads\/2019\/07\/AnalisisInfraestructures-1.jpg\",\"contentUrl\":\"https:\/\/www.pacteindustrial.org\/wp-content\/uploads\/2019\/07\/AnalisisInfraestructures-1.jpg\",\"width\":350,\"height\":515,\"caption\":\"An\\u00e0lisis Infraestructures\"},{\"@type\":\"WebPage\",\"@id\":\"https:\/\/www.pacteindustrial.org\/en\/areas\/infraestructures\/#webpage\",\"url\":\"https:\/\/www.pacteindustrial.org\/en\/areas\/infraestructures\/\",\"name\":\"Infrastructures - Pacte Industrial RMB\",\"isPartOf\":{\"@id\":\"https:\/\/www.pacteindustrial.org\/ca\/#website\"},\"primaryImageOfPage\":{\"@id\":\"https:\/\/www.pacteindustrial.org\/en\/areas\/infraestructures\/#primaryimage\"},\"datePublished\":\"2019-06-18T11:05:58+00:00\",\"dateModified\":\"2021-02-16T15:49:09+00:00\",\"breadcrumb\":{\"@id\":\"https:\/\/www.pacteindustrial.org\/en\/areas\/infraestructures\/#breadcrumb\"},\"inLanguage\":\"en-US\",\"potentialAction\":[{\"@type\":\"ReadAction\",\"target\":[\"https:\/\/www.pacteindustrial.org\/en\/areas\/infraestructures\/\"]}]},{\"@type\":\"BreadcrumbList\",\"@id\":\"https:\/\/www.pacteindustrial.org\/en\/areas\/infraestructures\/#breadcrumb\",\"itemListElement\":[{\"@type\":\"ListItem\",\"position\":1,\"item\":{\"@type\":\"WebPage\",\"@id\":\"https:\/\/www.pacteindustrial.org\/en\/\",\"url\":\"https:\/\/www.pacteindustrial.org\/en\/\",\"name\":\"Home\"}},{\"@type\":\"ListItem\",\"position\":2,\"item\":{\"@type\":\"WebPage\",\"@id\":\"https:\/\/www.pacteindustrial.org\/en\/areas\/\",\"url\":\"https:\/\/www.pacteindustrial.org\/en\/areas\/\",\"name\":\"Areas\"}},{\"@type\":\"ListItem\",\"position\":3,\"item\":{\"@type\":\"WebPage\",\"@id\":\"https:\/\/www.pacteindustrial.org\/en\/areas\/infraestructures\/\",\"url\":\"https:\/\/www.pacteindustrial.org\/en\/areas\/infraestructures\/\",\"name\":\"Infrastructures\"}}]}]}<\/script>\n<!-- \/ Yoast SEO plugin. -->","_links":{"self":[{"href":"https:\/\/www.pacteindustrial.org\/en\/wp-json\/wp\/v2\/pages\/629"}],"collection":[{"href":"https:\/\/www.pacteindustrial.org\/en\/wp-json\/wp\/v2\/pages"}],"about":[{"href":"https:\/\/www.pacteindustrial.org\/en\/wp-json\/wp\/v2\/types\/page"}],"author":[{"embeddable":true,"href":"https:\/\/www.pacteindustrial.org\/en\/wp-json\/wp\/v2\/users\/1"}],"replies":[{"embeddable":true,"href":"https:\/\/www.pacteindustrial.org\/en\/wp-json\/wp\/v2\/comments?post=629"}],"version-history":[{"count":6,"href":"https:\/\/www.pacteindustrial.org\/en\/wp-json\/wp\/v2\/pages\/629\/revisions"}],"predecessor-version":[{"id":12963,"href":"https:\/\/www.pacteindustrial.org\/en\/wp-json\/wp\/v2\/pages\/629\/revisions\/12963"}],"up":[{"embeddable":true,"href":"https:\/\/www.pacteindustrial.org\/en\/wp-json\/wp\/v2\/pages\/663"}],"wp:attachment":[{"href":"https:\/\/www.pacteindustrial.org\/en\/wp-json\/wp\/v2\/media?parent=629"}],"curies":[{"name":"wp","href":"https:\/\/api.w.org\/{rel}","templated":true}]}}