{"id":8862,"date":"2020-05-26T19:00:29","date_gmt":"2020-05-26T17:00:29","guid":{"rendered":"https:\/\/www.pacteindustrial.org\/about-us\/the-industrial-pact\/"},"modified":"2022-05-18T13:47:06","modified_gmt":"2022-05-18T11:47:06","slug":"the-industrial-pact","status":"publish","type":"page","link":"https:\/\/www.pacteindustrial.org\/en\/about-us\/the-industrial-pact\/","title":{"rendered":"The Industrial Pact"},"content":{"rendered":"\t\t<div data-elementor-type=\"wp-page\" data-elementor-id=\"8862\" class=\"elementor elementor-8862 elementor-8858\" data-elementor-settings=\"[]\">\n\t\t\t\t\t\t<div class=\"elementor-inner\">\n\t\t\t\t\t\t\t<div class=\"elementor-section-wrap\">\n\t\t\t\t\t\t\t<section class=\"elementor-section elementor-top-section elementor-element elementor-element-23cbf4c elementor-section-boxed elementor-section-height-default elementor-section-height-default\" data-id=\"23cbf4c\" data-element_type=\"section\">\n\t\t\t\t\t\t<div class=\"elementor-container elementor-column-gap-default\">\n\t\t\t\t\t\t\t<div class=\"elementor-row\">\n\t\t\t\t\t<nav class=\"elementor-column elementor-col-50 elementor-top-column elementor-element elementor-element-f5bbb95\" data-id=\"f5bbb95\" data-element_type=\"column\">\n\t\t\t<div class=\"elementor-column-wrap elementor-element-populated\">\n\t\t\t\t\t\t\t<div class=\"elementor-widget-wrap\">\n\t\t\t\t\t\t<div class=\"elementor-element elementor-element-c9f7363 elementor-hidden-phone sidebar1-ca elementor-widget elementor-widget-wp-widget-nav_menu\" data-id=\"c9f7363\" data-element_type=\"widget\" data-settings=\"{&quot;_animation&quot;:&quot;none&quot;}\" data-widget_type=\"wp-widget-nav_menu.default\">\n\t\t\t\t<div class=\"elementor-widget-container\">\n\t\t\t<h5>About us<\/h5><div class=\"menu-sidebar1-en-container\"><ul id=\"menu-sidebar1-en\" class=\"menu\"><li id=\"menu-item-8867\" class=\"menu-item menu-item-type-post_type menu-item-object-page menu-item-8867\"><a href=\"https:\/\/www.pacteindustrial.org\/en\/about-us\/the-industrial-pact\/\">The Industrial Pact<\/a><\/li>\n<li id=\"menu-item-1108\" class=\"menu-item menu-item-type-post_type menu-item-object-page menu-item-1108\"><a href=\"https:\/\/www.pacteindustrial.org\/en\/about-us\/history\/\">History<\/a><\/li>\n<li id=\"menu-item-2008\" class=\"menu-item menu-item-type-post_type menu-item-object-page menu-item-2008\"><a href=\"https:\/\/www.pacteindustrial.org\/en\/about-us\/20-years-commemoration\/\">20 years commemoration<\/a><\/li>\n<li id=\"menu-item-1110\" class=\"menu-item menu-item-type-post_type menu-item-object-page menu-item-1110\"><a href=\"https:\/\/www.pacteindustrial.org\/en\/about-us\/member-entities\/\">Member entities<\/a><\/li>\n<li id=\"menu-item-1487\" class=\"menu-item menu-item-type-post_type menu-item-object-page menu-item-1487\"><a href=\"https:\/\/www.pacteindustrial.org\/en\/about-us\/organitzation\/\">Organization<\/a><\/li>\n<li id=\"menu-item-2007\" class=\"menu-item menu-item-type-post_type menu-item-object-page menu-item-2007\"><a href=\"https:\/\/www.pacteindustrial.org\/en\/about-us\/transparency\/\">Transparency<\/a><\/li>\n<li id=\"menu-item-9060\" class=\"menu-item menu-item-type-post_type menu-item-object-page menu-item-9060\"><a href=\"https:\/\/www.pacteindustrial.org\/en\/press-room\/\">Press room<\/a><\/li>\n<li id=\"menu-item-1109\" class=\"menu-item menu-item-type-post_type menu-item-object-page menu-item-1109\"><a href=\"https:\/\/www.pacteindustrial.org\/en\/about-us\/contact\/\">Contact<\/a><\/li>\n<\/ul><\/div>\t\t<\/div>\n\t\t\t\t<\/div>\n\t\t\t\t\t\t<\/div>\n\t\t\t\t\t<\/div>\n\t\t<\/nav>\n\t\t\t\t<div class=\"elementor-column elementor-col-50 elementor-top-column elementor-element elementor-element-a79f7f3\" data-id=\"a79f7f3\" data-element_type=\"column\">\n\t\t\t<div class=\"elementor-column-wrap elementor-element-populated\">\n\t\t\t\t\t\t\t<div class=\"elementor-widget-wrap\">\n\t\t\t\t\t\t<div class=\"elementor-element elementor-element-4876ea4 elementor-widget elementor-widget-text-editor\" data-id=\"4876ea4\" data-element_type=\"widget\" data-widget_type=\"text-editor.default\">\n\t\t\t\t<div class=\"elementor-widget-container\">\n\t\t\t\t\t\t\t\t<div class=\"elementor-text-editor elementor-clearfix\">\n\t\t\t\t\t<h1>The Industrial Pact<\/h1>\n<div><b>&nbsp;<\/b><\/div>\n<p style=\"font-weight: 400;\"><strong>The Pacte Industrial de la Regi\u00f3 Metropolitana de Barcelona (Barcelona Metropolitan Region Industrial Pact) is an association that was set up in 1997 with the mission of creating a strategic alliance between public administrations, business organisations and trade unions, in order to promote industrial competitiveness, encourage job creation and improve social cohesion and sustainability throughout the metropolitan region.<\/strong><\/p><p style=\"font-weight: 400;\"><strong><br><\/strong><\/p><p style=\"font-weight: 400;\">Under the aegis of this alliance, the Pacte Industrial has secured the support of 50 town councils, 11 business organisations, the 2 largest trade unions, the Government of Catalonia, Barcelona Provincial Council, Barcelona Metropolitan Area, 6 county councils, 6 universities and a variety of institutions related to the field of economic development.<br><\/p>\n<p><span style=\"white-space: pre-wrap;\"><br><\/span><\/p><p><span style=\"white-space: pre-wrap;\">The Metropolitan Region of Barcelona comprises the counties of Alt Pened\u00e8s, Barcelon\u00e8s, Baix Llobregat, Garraf, Maresme, Vall\u00e8s Occidental and Vall\u00e8s Oriental. It is one of the most important industrial areas in Europe, and is also home to the majority of the population of Catalonia.<\/span><\/p>\t\t\t\t\t<\/div>\n\t\t\t\t\t\t<\/div>\n\t\t\t\t<\/div>\n\t\t\t\t\t\t<\/div>\n\t\t\t\t\t<\/div>\n\t\t<\/div>\n\t\t\t\t\t\t\t\t<\/div>\n\t\t\t\t\t<\/div>\n\t\t<\/section>\n\t\t\t\t<section class=\"elementor-section elementor-top-section elementor-element elementor-element-ac8a5d1 elementor-section-boxed elementor-section-height-default elementor-section-height-default\" data-id=\"ac8a5d1\" data-element_type=\"section\">\n\t\t\t\t\t\t<div class=\"elementor-container elementor-column-gap-default\">\n\t\t\t\t\t\t\t<div class=\"elementor-row\">\n\t\t\t\t\t<div class=\"elementor-column elementor-col-33 elementor-top-column elementor-element elementor-element-8053bfa\" data-id=\"8053bfa\" data-element_type=\"column\">\n\t\t\t<div class=\"elementor-column-wrap\">\n\t\t\t\t\t\t\t<div class=\"elementor-widget-wrap\">\n\t\t\t\t\t\t\t\t<\/div>\n\t\t\t\t\t<\/div>\n\t\t<\/div>\n\t\t\t\t<div class=\"elementor-column elementor-col-66 elementor-top-column elementor-element elementor-element-e9b5118\" data-id=\"e9b5118\" data-element_type=\"column\">\n\t\t\t<div class=\"elementor-column-wrap elementor-element-populated\">\n\t\t\t\t\t\t\t<div class=\"elementor-widget-wrap\">\n\t\t\t\t\t\t<div class=\"elementor-element elementor-element-1a164ee elementor-arrows-position-inside elementor-widget elementor-widget-image-carousel\" data-id=\"1a164ee\" data-element_type=\"widget\" data-settings=\"{&quot;slides_to_show&quot;:&quot;1&quot;,&quot;navigation&quot;:&quot;arrows&quot;,&quot;autoplay&quot;:&quot;yes&quot;,&quot;pause_on_hover&quot;:&quot;yes&quot;,&quot;pause_on_interaction&quot;:&quot;yes&quot;,&quot;autoplay_speed&quot;:5000,&quot;infinite&quot;:&quot;yes&quot;,&quot;effect&quot;:&quot;slide&quot;,&quot;speed&quot;:500}\" data-widget_type=\"image-carousel.default\">\n\t\t\t\t<div class=\"elementor-widget-container\">\n\t\t\t\t\t<div class=\"elementor-image-carousel-wrapper swiper-container\" dir=\"ltr\">\n\t\t\t<div class=\"elementor-image-carousel swiper-wrapper\">\n\t\t\t\t<div class=\"swiper-slide\"><figure class=\"swiper-slide-inner\"><img class=\"swiper-slide-image\" src=\"https:\/\/www.pacteindustrial.org\/wp-content\/uploads\/2020\/07\/F01-2.jpg\" alt=\"Dror Etzion, professor of Sustainability and Strategy at McGill University (Canada), during his speech at the cycle #2030circular (23-01-2020)\" \/><figcaption class=\"elementor-image-carousel-caption\"> Dror Etzion, professor of Sustainability and Strategy at McGill University (Canada), during his speech at the cycle #2030circular (23-01-2020)<\/figcaption><\/figure><\/div><div class=\"swiper-slide\"><figure class=\"swiper-slide-inner\"><img class=\"swiper-slide-image\" src=\"https:\/\/www.pacteindustrial.org\/wp-content\/uploads\/2020\/07\/F02-2.jpg\" alt=\"Conference \u201cThe circular economy at stake: systematic change and mutual understanding\u201d of the cycle #2030circular (17-10-2019)\" \/><figcaption class=\"elementor-image-carousel-caption\">Conference \u201cThe circular economy at stake: systematic change and mutual understanding\u201d of the cycle #2030circular (17-10-2019)<\/figcaption><\/figure><\/div><div class=\"swiper-slide\"><figure class=\"swiper-slide-inner\"><img class=\"swiper-slide-image\" src=\"https:\/\/www.pacteindustrial.org\/wp-content\/uploads\/2020\/07\/F03-2.jpg\" alt=\"Port entity&#039;s adhesion to the Industrial Pact approved by N\u00faria Mar\u00edn and Merc\u00e8 Conesa (11-12-2018)\" \/><figcaption class=\"elementor-image-carousel-caption\">Port entity's adhesion to the Industrial Pact approved by N\u00faria Mar\u00edn and Merc\u00e8 Conesa (11-12-2018)<\/figcaption><\/figure><\/div><div class=\"swiper-slide\"><figure class=\"swiper-slide-inner\"><img class=\"swiper-slide-image\" src=\"https:\/\/www.pacteindustrial.org\/wp-content\/uploads\/2020\/07\/F04-2.jpg\" alt=\"Industrial Pact 20th anniversary commemorative event (13-06-2018)\" \/><figcaption class=\"elementor-image-carousel-caption\">Industrial Pact 20th anniversary commemorative event (13-06-2018)<\/figcaption><\/figure><\/div><div class=\"swiper-slide\"><figure class=\"swiper-slide-inner\"><img class=\"swiper-slide-image\" src=\"https:\/\/www.pacteindustrial.org\/wp-content\/uploads\/2020\/07\/F05-2.jpg\" alt=\"IND+I Science 2018 awards ceremony (08-02-2018)\" \/><figcaption class=\"elementor-image-carousel-caption\">IND+I Science 2018 awards ceremony (08-02-2018)<\/figcaption><\/figure><\/div><div class=\"swiper-slide\"><figure class=\"swiper-slide-inner\"><img class=\"swiper-slide-image\" src=\"https:\/\/www.pacteindustrial.org\/wp-content\/uploads\/2020\/07\/F06-2.jpg\" alt=\"Joanna Drake, Deputy Director-General for Environment of the European Commission, during her speech at the cycle #Horitz\u00f3Ind\u00fastria (17-01-2018)\" \/><figcaption class=\"elementor-image-carousel-caption\">Joanna Drake, Deputy Director-General for Environment of the European Commission, during her speech at the cycle #Horitz\u00f3Ind\u00fastria (17-01-2018)<\/figcaption><\/figure><\/div><div class=\"swiper-slide\"><figure class=\"swiper-slide-inner\"><img class=\"swiper-slide-image\" src=\"https:\/\/www.pacteindustrial.org\/wp-content\/uploads\/2020\/07\/F07-2.jpg\" alt=\"Seminar: &quot;The Car Industry. The Reasons for Success&quot; (05-03-2015)\" \/><figcaption class=\"elementor-image-carousel-caption\">Seminar: \"The Car Industry. The Reasons for Success\" (05-03-2015)<\/figcaption><\/figure><\/div>\t\t\t<\/div>\n\t\t\t\t\t\t\t\t\t\t\t\t\t\t\t\t<div class=\"elementor-swiper-button elementor-swiper-button-prev\">\n\t\t\t\t\t\t<i class=\"eicon-chevron-left\" aria-hidden=\"true\"><\/i>\n\t\t\t\t\t\t<span class=\"elementor-screen-only\">Previous<\/span>\n\t\t\t\t\t<\/div>\n\t\t\t\t\t<div class=\"elementor-swiper-button elementor-swiper-button-next\">\n\t\t\t\t\t\t<i class=\"eicon-chevron-right\" aria-hidden=\"true\"><\/i>\n\t\t\t\t\t\t<span class=\"elementor-screen-only\">Next<\/span>\n\t\t\t\t\t<\/div>\n\t\t\t\t\t\t\t\t\t<\/div>\n\t\t\t\t<\/div>\n\t\t\t\t<\/div>\n\t\t\t\t<div class=\"elementor-element elementor-element-46889da elementor-widget-divider--view-line elementor-widget elementor-widget-divider\" data-id=\"46889da\" data-element_type=\"widget\" data-widget_type=\"divider.default\">\n\t\t\t\t<div class=\"elementor-widget-container\">\n\t\t\t\t\t<div class=\"elementor-divider\">\n\t\t\t<span class=\"elementor-divider-separator\">\n\t\t\t\t\t\t<\/span>\n\t\t<\/div>\n\t\t\t\t<\/div>\n\t\t\t\t<\/div>\n\t\t\t\t\t\t<\/div>\n\t\t\t\t\t<\/div>\n\t\t<\/div>\n\t\t\t\t\t\t\t\t<\/div>\n\t\t\t\t\t<\/div>\n\t\t<\/section>\n\t\t\t\t\t\t<\/div>\n\t\t\t\t\t\t<\/div>\n\t\t\t\t\t<\/div>\n\t\t","protected":false},"excerpt":{"rendered":"<p>The Industrial Pact &nbsp; The Pacte Industrial de la Regi\u00f3 Metropolitana de Barcelona (Barcelona Metropolitan Region Industrial Pact) is an association that was set up in 1997 with the mission of creating a strategic alliance between public administrations, business organisations and trade unions, in order to promote industrial competitiveness, encourage job creation and improve social [&#8230;]<\/p>\n","protected":false},"author":1,"featured_media":0,"parent":623,"menu_order":0,"comment_status":"closed","ping_status":"closed","template":"","meta":[],"yoast_head":"<!-- This site is optimized with the Yoast SEO plugin v16.1.1 - https:\/\/yoast.com\/wordpress\/plugins\/seo\/ -->\n<title>The Industrial Pact - Pacte Industrial RMB<\/title>\n<link rel=\"canonical\" href=\"https:\/\/www.pacteindustrial.org\/en\/about-us\/the-industrial-pact\/\" \/>\n<meta property=\"og:locale\" content=\"en_US\" \/>\n<meta property=\"og:type\" content=\"article\" \/>\n<meta property=\"og:title\" content=\"The Industrial Pact - Pacte Industrial RMB\" \/>\n<meta property=\"og:description\" content=\"The Industrial Pact &nbsp; The Pacte Industrial de la Regi\u00f3 Metropolitana de Barcelona (Barcelona Metropolitan Region Industrial Pact) is an association that was set up in 1997 with the mission of creating a strategic alliance between public administrations, business organisations and trade unions, in order to promote industrial competitiveness, encourage job creation and improve social [...]\" \/>\n<meta property=\"og:url\" content=\"https:\/\/www.pacteindustrial.org\/en\/about-us\/the-industrial-pact\/\" \/>\n<meta property=\"og:site_name\" content=\"Pacte Industrial RMB\" \/>\n<meta property=\"article:modified_time\" content=\"2022-05-18T11:47:06+00:00\" \/>\n<meta property=\"og:image\" content=\"https:\/\/www.pacteindustrial.org\/wp-content\/uploads\/2020\/07\/F01-2.jpg\" \/>\n<meta name=\"twitter:card\" content=\"summary_large_image\" \/>\n<meta name=\"twitter:label1\" content=\"Est. reading time\">\n\t<meta name=\"twitter:data1\" content=\"1 minute\">\n<script type=\"application\/ld+json\" class=\"yoast-schema-graph\">{\"@context\":\"https:\/\/schema.org\",\"@graph\":[{\"@type\":\"WebSite\",\"@id\":\"https:\/\/www.pacteindustrial.org\/ca\/#website\",\"url\":\"https:\/\/www.pacteindustrial.org\/ca\/\",\"name\":\"Pacte Industrial RMB\",\"description\":\"\",\"potentialAction\":[{\"@type\":\"SearchAction\",\"target\":\"https:\/\/www.pacteindustrial.org\/ca\/?s={search_term_string}\",\"query-input\":\"required name=search_term_string\"}],\"inLanguage\":\"en-US\"},{\"@type\":\"ImageObject\",\"@id\":\"https:\/\/www.pacteindustrial.org\/en\/about-us\/the-industrial-pact\/#primaryimage\",\"inLanguage\":\"en-US\",\"url\":\"https:\/\/www.pacteindustrial.org\/wp-content\/uploads\/2020\/07\/F01-2.jpg\",\"contentUrl\":\"https:\/\/www.pacteindustrial.org\/wp-content\/uploads\/2020\/07\/F01-2.jpg\",\"width\":2048,\"height\":1365,\"caption\":\"Dror Etzion, professor of Sustainability and Strategy at McGill University (Canada), during his speech at the cycle #2030circular (23-01-2020)\"},{\"@type\":\"WebPage\",\"@id\":\"https:\/\/www.pacteindustrial.org\/en\/about-us\/the-industrial-pact\/#webpage\",\"url\":\"https:\/\/www.pacteindustrial.org\/en\/about-us\/the-industrial-pact\/\",\"name\":\"The Industrial Pact - Pacte Industrial RMB\",\"isPartOf\":{\"@id\":\"https:\/\/www.pacteindustrial.org\/ca\/#website\"},\"primaryImageOfPage\":{\"@id\":\"https:\/\/www.pacteindustrial.org\/en\/about-us\/the-industrial-pact\/#primaryimage\"},\"datePublished\":\"2020-05-26T17:00:29+00:00\",\"dateModified\":\"2022-05-18T11:47:06+00:00\",\"breadcrumb\":{\"@id\":\"https:\/\/www.pacteindustrial.org\/en\/about-us\/the-industrial-pact\/#breadcrumb\"},\"inLanguage\":\"en-US\",\"potentialAction\":[{\"@type\":\"ReadAction\",\"target\":[\"https:\/\/www.pacteindustrial.org\/en\/about-us\/the-industrial-pact\/\"]}]},{\"@type\":\"BreadcrumbList\",\"@id\":\"https:\/\/www.pacteindustrial.org\/en\/about-us\/the-industrial-pact\/#breadcrumb\",\"itemListElement\":[{\"@type\":\"ListItem\",\"position\":1,\"item\":{\"@type\":\"WebPage\",\"@id\":\"https:\/\/www.pacteindustrial.org\/en\/\",\"url\":\"https:\/\/www.pacteindustrial.org\/en\/\",\"name\":\"Home\"}},{\"@type\":\"ListItem\",\"position\":2,\"item\":{\"@type\":\"WebPage\",\"@id\":\"https:\/\/www.pacteindustrial.org\/en\/about-us\/\",\"url\":\"https:\/\/www.pacteindustrial.org\/en\/about-us\/\",\"name\":\"About us\"}},{\"@type\":\"ListItem\",\"position\":3,\"item\":{\"@type\":\"WebPage\",\"@id\":\"https:\/\/www.pacteindustrial.org\/en\/about-us\/the-industrial-pact\/\",\"url\":\"https:\/\/www.pacteindustrial.org\/en\/about-us\/the-industrial-pact\/\",\"name\":\"The Industrial Pact\"}}]}]}<\/script>\n<!-- \/ Yoast SEO plugin. -->","_links":{"self":[{"href":"https:\/\/www.pacteindustrial.org\/en\/wp-json\/wp\/v2\/pages\/8862"}],"collection":[{"href":"https:\/\/www.pacteindustrial.org\/en\/wp-json\/wp\/v2\/pages"}],"about":[{"href":"https:\/\/www.pacteindustrial.org\/en\/wp-json\/wp\/v2\/types\/page"}],"author":[{"embeddable":true,"href":"https:\/\/www.pacteindustrial.org\/en\/wp-json\/wp\/v2\/users\/1"}],"replies":[{"embeddable":true,"href":"https:\/\/www.pacteindustrial.org\/en\/wp-json\/wp\/v2\/comments?post=8862"}],"version-history":[{"count":13,"href":"https:\/\/www.pacteindustrial.org\/en\/wp-json\/wp\/v2\/pages\/8862\/revisions"}],"predecessor-version":[{"id":16628,"href":"https:\/\/www.pacteindustrial.org\/en\/wp-json\/wp\/v2\/pages\/8862\/revisions\/16628"}],"up":[{"embeddable":true,"href":"https:\/\/www.pacteindustrial.org\/en\/wp-json\/wp\/v2\/pages\/623"}],"wp:attachment":[{"href":"https:\/\/www.pacteindustrial.org\/en\/wp-json\/wp\/v2\/media?parent=8862"}],"curies":[{"name":"wp","href":"https:\/\/api.w.org\/{rel}","templated":true}]}}