{"id":17412,"date":"2022-10-04T15:43:13","date_gmt":"2022-10-04T13:43:13","guid":{"rendered":"https:\/\/www.pacteindustrial.org\/politica-de-privacidad\/"},"modified":"2026-01-14T18:27:13","modified_gmt":"2026-01-14T16:27:13","slug":"politica-de-privacidad","status":"publish","type":"page","link":"https:\/\/www.pacteindustrial.org\/es\/politica-de-privacidad\/","title":{"rendered":"Pol\u00edtica de privacidad"},"content":{"rendered":"\t\t<div data-elementor-type=\"wp-page\" data-elementor-id=\"17412\" class=\"elementor elementor-17412 elementor-3\" data-elementor-settings=\"[]\">\n\t\t\t\t\t\t<div class=\"elementor-inner\">\n\t\t\t\t\t\t\t<div class=\"elementor-section-wrap\">\n\t\t\t\t\t\t\t<section class=\"elementor-section elementor-top-section elementor-element elementor-element-86d11f7 elementor-section-boxed elementor-section-height-default elementor-section-height-default\" data-id=\"86d11f7\" data-element_type=\"section\">\n\t\t\t\t\t\t<div class=\"elementor-container elementor-column-gap-default\">\n\t\t\t\t\t\t\t<div class=\"elementor-row\">\n\t\t\t\t\t<div class=\"elementor-column elementor-col-100 elementor-top-column elementor-element elementor-element-1df85a8\" data-id=\"1df85a8\" data-element_type=\"column\">\n\t\t\t<div class=\"elementor-column-wrap elementor-element-populated\">\n\t\t\t\t\t\t\t<div class=\"elementor-widget-wrap\">\n\t\t\t\t\t\t<div class=\"elementor-element elementor-element-6e471be elementor-widget elementor-widget-heading\" data-id=\"6e471be\" data-element_type=\"widget\" data-widget_type=\"heading.default\">\n\t\t\t\t<div class=\"elementor-widget-container\">\n\t\t\t<h2 class=\"elementor-heading-title elementor-size-default\"><h1>Pol\u00edtica de privacidad<\/h1><\/h2>\t\t<\/div>\n\t\t\t\t<\/div>\n\t\t\t\t<div class=\"elementor-element elementor-element-36e7b08 elementor-widget elementor-widget-text-editor\" data-id=\"36e7b08\" data-element_type=\"widget\" data-widget_type=\"text-editor.default\">\n\t\t\t\t<div class=\"elementor-widget-container\">\n\t\t\t\t\t\t\t\t<div class=\"elementor-text-editor elementor-clearfix\">\n\t\t\t\t\t<h4><span style=\"font-weight: bolder;\">\u00bfQui\u00e9n es el responsable del tratamiento?<\/span><\/h4>\n<ul>\n<li>Associaci\u00f3 Pacte Industrial de la Regi\u00f3 Metropolitana de Barcelona (\u00abPacto Industrial\u00bb)<\/li>\n<li>CIF: G-61524070<\/li>\n<li>Direcci\u00f3n: Can Masover. Parc Can Buxeres. Av. Josep Tarradellas s\/n. 08906 L\u2019Hospitalet de Llobregat<\/li>\n<li>Tel\u00e9fono:\u00a093 260 02 22<\/li>\n<li>Correo electr\u00f3nico: <span style=\"text-decoration: underline;\"><a href=\"mailto:pacte@pacteindustrial.org\">pacte@pacteindustrial.org<\/a><\/span><\/li>\n<\/ul>\n\t\t\t\t\t<\/div>\n\t\t\t\t\t\t<\/div>\n\t\t\t\t<\/div>\n\t\t\t\t<div class=\"elementor-element elementor-element-b705e20 elementor-widget elementor-widget-text-editor\" data-id=\"b705e20\" data-element_type=\"widget\" data-widget_type=\"text-editor.default\">\n\t\t\t\t<div class=\"elementor-widget-container\">\n\t\t\t\t\t\t\t\t<div class=\"elementor-text-editor elementor-clearfix\">\n\t\t\t\t\t<h4><span style=\"font-weight: bolder;\">\u00bfCon qu\u00e9 finalidad se tratan los datos?<\/span><\/h4><div>Tratamos los datos personales de los usuarios para gestionar las solicitudes de informaci\u00f3n y asistencia recibidas a trav\u00e9s de la Web (tambi\u00e9n por v\u00eda electr\u00f3nica). Los datos personales recogidos en el formulario de suscripci\u00f3n del bolet\u00edn y en los diversos formularios de inscripci\u00f3n a actividades ser\u00e1n utilizados para el env\u00edo de comunicaciones, eventos y noticias relacionadas con la actividad del Pacto Industrial.<\/div>\t\t\t\t\t<\/div>\n\t\t\t\t\t\t<\/div>\n\t\t\t\t<\/div>\n\t\t\t\t<div class=\"elementor-element elementor-element-6ff8b86 elementor-widget elementor-widget-text-editor\" data-id=\"6ff8b86\" data-element_type=\"widget\" data-widget_type=\"text-editor.default\">\n\t\t\t\t<div class=\"elementor-widget-container\">\n\t\t\t\t\t\t\t\t<div class=\"elementor-text-editor elementor-clearfix\">\n\t\t\t\t\t<h4><span style=\"font-weight: bolder;\">\u00bfCu\u00e1l es la legitimaci\u00f3n para el tratamiento de tus datos personales?<\/span><\/h4>\n<div>La base legal para el tratamiento de datos es el consentimiento expl\u00edcito expresado con la aceptaci\u00f3n de la Pol\u00edtica de Privacidad.<\/div>\n\t\t\t\t\t<\/div>\n\t\t\t\t\t\t<\/div>\n\t\t\t\t<\/div>\n\t\t\t\t<div class=\"elementor-element elementor-element-beca525 elementor-drop-cap-yes elementor-drop-cap-view-default elementor-widget elementor-widget-text-editor\" data-id=\"beca525\" data-element_type=\"widget\" data-settings=\"{&quot;drop_cap&quot;:&quot;yes&quot;}\" data-widget_type=\"text-editor.default\">\n\t\t\t\t<div class=\"elementor-widget-container\">\n\t\t\t\t\t\t\t\t<div class=\"elementor-text-editor elementor-clearfix\">\n\t\t\t\t\t<h4><b>\u00bfA qu\u00e9 destinatarios se ceder\u00e1n tus datos?<\/b><\/h4><p><span style=\"font-size: 16px;\">En el caso de actividades organizadas por la Associaci\u00f3 Pacte Industrial de la Regi\u00f3 Metropolitana de Barcelona en colaboraci\u00f3n con otras entidades, sus datos podr\u00e1n ser compartidos con terceros. Estos terceros quedar\u00e1n debidamente identificados como entidades coorganizadoras en el formulario de inscripci\u00f3n de la actividad. La Associaci\u00f3 Pacte Industrial de la Regi\u00f3 Metropolitana de Barcelona colaborar\u00e1 para que los terceros cumplan con la legislaci\u00f3n vigente, si bien la responsabilidad ser\u00e1 exigible a dichos terceros.<\/span><\/p>\t\t\t\t\t<\/div>\n\t\t\t\t\t\t<\/div>\n\t\t\t\t<\/div>\n\t\t\t\t<div class=\"elementor-element elementor-element-35a6489 elementor-widget elementor-widget-text-editor\" data-id=\"35a6489\" data-element_type=\"widget\" data-widget_type=\"text-editor.default\">\n\t\t\t\t<div class=\"elementor-widget-container\">\n\t\t\t\t\t\t\t\t<div class=\"elementor-text-editor elementor-clearfix\">\n\t\t\t\t\t<h4><span style=\"font-weight: bolder;\">\u00bfCu\u00e1les son tus derechos en relaci\u00f3n a tus datos?<\/span><\/h4>\n<div>\n<ul>\n<li>El usuario puede ejercer los derechos de acceso, rectificaci\u00f3n, supresi\u00f3n, portabilidad y la limitaci\u00f3n u oposici\u00f3n dirigi\u00e9ndose por escrito a <span style=\"text-decoration: underline;\"><a href=\"mailto:pacte@pacteindustrial.org\">pacte@pacteindustrial.org<\/a><\/span>.<\/li>\n<li>El Usuario tiene derecho a retirar el consentimiento prestado.<\/li>\n<li>El Usuario tiene derecho a reclamar ante la Autoridad de Control (Agencia Espa\u00f1ola de Protecci\u00f3n de Datos <a href=\"http:\/\/www.agpd.es\/\" target=\"_blank\" rel=\"noreferrer noopener\">www.agpd.es<\/a>).<\/li>\n<\/ul>\n<\/div>\n\t\t\t\t\t<\/div>\n\t\t\t\t\t\t<\/div>\n\t\t\t\t<\/div>\n\t\t\t\t\t\t<\/div>\n\t\t\t\t\t<\/div>\n\t\t<\/div>\n\t\t\t\t\t\t\t\t<\/div>\n\t\t\t\t\t<\/div>\n\t\t<\/section>\n\t\t\t\t\t\t<\/div>\n\t\t\t\t\t\t<\/div>\n\t\t\t\t\t<\/div>\n\t\t","protected":false},"excerpt":{"rendered":"<p>Pol\u00edtica de privacidad \u00bfQui\u00e9n es el responsable del tratamiento? Associaci\u00f3 Pacte Industrial de la Regi\u00f3 Metropolitana de Barcelona (\u00abPacto Industrial\u00bb) CIF: G-61524070 Direcci\u00f3n: Can Masover. Parc Can Buxeres. Av. Josep Tarradellas s\/n. 08906 L\u2019Hospitalet de Llobregat Tel\u00e9fono:\u00a093 260 02 22 Correo electr\u00f3nico: pacte@pacteindustrial.org \u00bfCon qu\u00e9 finalidad se tratan los datos? Tratamos los datos personales de [&#8230;]<\/p>\n","protected":false},"author":1,"featured_media":0,"parent":0,"menu_order":0,"comment_status":"closed","ping_status":"open","template":"","meta":[],"yoast_head":"<!-- This site is optimized with the Yoast SEO plugin v16.1.1 - https:\/\/yoast.com\/wordpress\/plugins\/seo\/ -->\n<title>Pol\u00edtica de privacidad - Pacte Industrial RMB<\/title>\n<link rel=\"canonical\" href=\"https:\/\/www.pacteindustrial.org\/es\/politica-de-privacidad\/\" \/>\n<meta property=\"og:locale\" content=\"es_ES\" \/>\n<meta property=\"og:type\" content=\"article\" \/>\n<meta property=\"og:title\" content=\"Pol\u00edtica de privacidad - Pacte Industrial RMB\" \/>\n<meta property=\"og:description\" content=\"Pol\u00edtica de privacidad \u00bfQui\u00e9n es el responsable del tratamiento? Associaci\u00f3 Pacte Industrial de la Regi\u00f3 Metropolitana de Barcelona (\u00abPacto Industrial\u00bb) CIF: G-61524070 Direcci\u00f3n: Can Masover. Parc Can Buxeres. Av. Josep Tarradellas s\/n. 08906 L\u2019Hospitalet de Llobregat Tel\u00e9fono:\u00a093 260 02 22 Correo electr\u00f3nico: pacte@pacteindustrial.org \u00bfCon qu\u00e9 finalidad se tratan los datos? Tratamos los datos personales de [...]\" \/>\n<meta property=\"og:url\" content=\"https:\/\/www.pacteindustrial.org\/es\/politica-de-privacidad\/\" \/>\n<meta property=\"og:site_name\" content=\"Pacte Industrial RMB\" \/>\n<meta property=\"article:modified_time\" content=\"2026-01-14T16:27:13+00:00\" \/>\n<meta name=\"twitter:card\" content=\"summary_large_image\" \/>\n<meta name=\"twitter:label1\" content=\"Tiempo de lectura\">\n\t<meta name=\"twitter:data1\" content=\"2 minutos\">\n<script type=\"application\/ld+json\" class=\"yoast-schema-graph\">{\"@context\":\"https:\/\/schema.org\",\"@graph\":[{\"@type\":\"WebSite\",\"@id\":\"https:\/\/www.pacteindustrial.org\/ca\/#website\",\"url\":\"https:\/\/www.pacteindustrial.org\/ca\/\",\"name\":\"Pacte Industrial RMB\",\"description\":\"\",\"potentialAction\":[{\"@type\":\"SearchAction\",\"target\":\"https:\/\/www.pacteindustrial.org\/ca\/?s={search_term_string}\",\"query-input\":\"required name=search_term_string\"}],\"inLanguage\":\"es\"},{\"@type\":\"WebPage\",\"@id\":\"https:\/\/www.pacteindustrial.org\/es\/politica-de-privacidad\/#webpage\",\"url\":\"https:\/\/www.pacteindustrial.org\/es\/politica-de-privacidad\/\",\"name\":\"Pol\\u00edtica de privacidad - Pacte Industrial RMB\",\"isPartOf\":{\"@id\":\"https:\/\/www.pacteindustrial.org\/ca\/#website\"},\"datePublished\":\"2022-10-04T13:43:13+00:00\",\"dateModified\":\"2026-01-14T16:27:13+00:00\",\"breadcrumb\":{\"@id\":\"https:\/\/www.pacteindustrial.org\/es\/politica-de-privacidad\/#breadcrumb\"},\"inLanguage\":\"es\",\"potentialAction\":[{\"@type\":\"ReadAction\",\"target\":[\"https:\/\/www.pacteindustrial.org\/es\/politica-de-privacidad\/\"]}]},{\"@type\":\"BreadcrumbList\",\"@id\":\"https:\/\/www.pacteindustrial.org\/es\/politica-de-privacidad\/#breadcrumb\",\"itemListElement\":[{\"@type\":\"ListItem\",\"position\":1,\"item\":{\"@type\":\"WebPage\",\"@id\":\"https:\/\/www.pacteindustrial.org\/es\/\",\"url\":\"https:\/\/www.pacteindustrial.org\/es\/\",\"name\":\"Home\"}},{\"@type\":\"ListItem\",\"position\":2,\"item\":{\"@type\":\"WebPage\",\"@id\":\"https:\/\/www.pacteindustrial.org\/es\/politica-de-privacidad\/\",\"url\":\"https:\/\/www.pacteindustrial.org\/es\/politica-de-privacidad\/\",\"name\":\"Pol\\u00edtica de privacidad\"}}]}]}<\/script>\n<!-- \/ Yoast SEO plugin. -->","_links":{"self":[{"href":"https:\/\/www.pacteindustrial.org\/es\/wp-json\/wp\/v2\/pages\/17412"}],"collection":[{"href":"https:\/\/www.pacteindustrial.org\/es\/wp-json\/wp\/v2\/pages"}],"about":[{"href":"https:\/\/www.pacteindustrial.org\/es\/wp-json\/wp\/v2\/types\/page"}],"author":[{"embeddable":true,"href":"https:\/\/www.pacteindustrial.org\/es\/wp-json\/wp\/v2\/users\/1"}],"replies":[{"embeddable":true,"href":"https:\/\/www.pacteindustrial.org\/es\/wp-json\/wp\/v2\/comments?post=17412"}],"version-history":[{"count":18,"href":"https:\/\/www.pacteindustrial.org\/es\/wp-json\/wp\/v2\/pages\/17412\/revisions"}],"predecessor-version":[{"id":25727,"href":"https:\/\/www.pacteindustrial.org\/es\/wp-json\/wp\/v2\/pages\/17412\/revisions\/25727"}],"wp:attachment":[{"href":"https:\/\/www.pacteindustrial.org\/es\/wp-json\/wp\/v2\/media?parent=17412"}],"curies":[{"name":"wp","href":"https:\/\/api.w.org\/{rel}","templated":true}]}}