{"id":1967,"date":"2019-09-20T14:00:05","date_gmt":"2019-09-20T12:00:05","guid":{"rendered":"https:\/\/www.pacteindustrial.org\/quien-somos\/20-anos-pacte-industrial\/"},"modified":"2020-06-29T13:28:32","modified_gmt":"2020-06-29T11:28:32","slug":"conmemoracion-20-anos","status":"publish","type":"page","link":"https:\/\/www.pacteindustrial.org\/es\/quienes-somos\/conmemoracion-20-anos\/","title":{"rendered":"Conmemoraci\u00f3n 20 a\u00f1os"},"content":{"rendered":"\t\t<div data-elementor-type=\"wp-page\" data-elementor-id=\"1967\" class=\"elementor elementor-1967 elementor-1959\" data-elementor-settings=\"[]\">\n\t\t\t\t\t\t<div class=\"elementor-inner\">\n\t\t\t\t\t\t\t<div class=\"elementor-section-wrap\">\n\t\t\t\t\t\t\t<section class=\"elementor-section elementor-top-section elementor-element elementor-element-9340a73 elementor-section-boxed elementor-section-height-default elementor-section-height-default\" data-id=\"9340a73\" data-element_type=\"section\">\n\t\t\t\t\t\t<div class=\"elementor-container elementor-column-gap-default\">\n\t\t\t\t\t\t\t<div class=\"elementor-row\">\n\t\t\t\t\t<div class=\"elementor-column elementor-col-33 elementor-top-column elementor-element elementor-element-a79cffb\" data-id=\"a79cffb\" data-element_type=\"column\">\n\t\t\t<div class=\"elementor-column-wrap elementor-element-populated\">\n\t\t\t\t\t\t\t<div class=\"elementor-widget-wrap\">\n\t\t\t\t\t\t<div class=\"elementor-element elementor-element-e947404 elementor-hidden-phone sidebar1-ca elementor-widget elementor-widget-wp-widget-nav_menu\" data-id=\"e947404\" data-element_type=\"widget\" data-settings=\"{&quot;_animation&quot;:&quot;none&quot;}\" data-widget_type=\"wp-widget-nav_menu.default\">\n\t\t\t\t<div class=\"elementor-widget-container\">\n\t\t\t<h5>Qui\u00e9nes somos<\/h5><div class=\"menu-sidebar1-es-container\"><ul id=\"menu-sidebar1-es\" class=\"menu\"><li id=\"menu-item-8866\" class=\"menu-item menu-item-type-post_type menu-item-object-page menu-item-8866\"><a href=\"https:\/\/www.pacteindustrial.org\/es\/quienes-somos\/el-pacto-industrial\/\">El Pacto Industrial<\/a><\/li>\n<li id=\"menu-item-339\" class=\"menu-item menu-item-type-post_type menu-item-object-page menu-item-339\"><a href=\"https:\/\/www.pacteindustrial.org\/es\/quienes-somos\/historia\/\">Historia<\/a><\/li>\n<li id=\"menu-item-2004\" class=\"menu-item menu-item-type-post_type menu-item-object-page menu-item-2004\"><a href=\"https:\/\/www.pacteindustrial.org\/es\/quienes-somos\/conmemoracion-20-anos\/\">Conmemoraci\u00f3n 20 a\u00f1os<\/a><\/li>\n<li id=\"menu-item-337\" class=\"menu-item menu-item-type-post_type menu-item-object-page menu-item-337\"><a href=\"https:\/\/www.pacteindustrial.org\/es\/quienes-somos\/entidades-miembros\/\">Entidades miembros<\/a><\/li>\n<li id=\"menu-item-338\" class=\"menu-item menu-item-type-post_type menu-item-object-page menu-item-338\"><a href=\"https:\/\/www.pacteindustrial.org\/es\/quienes-somos\/organizacion\/\">Organizaci\u00f3n<\/a><\/li>\n<li id=\"menu-item-2003\" class=\"menu-item menu-item-type-post_type menu-item-object-page menu-item-2003\"><a href=\"https:\/\/www.pacteindustrial.org\/es\/quienes-somos\/transparencia\/\">Transparencia<\/a><\/li>\n<li id=\"menu-item-7908\" class=\"menu-item menu-item-type-post_type menu-item-object-page menu-item-7908\"><a href=\"https:\/\/www.pacteindustrial.org\/es\/notas-de-prensa\/\">Sala de prensa<\/a><\/li>\n<li id=\"menu-item-336\" class=\"menu-item menu-item-type-post_type menu-item-object-page menu-item-336\"><a href=\"https:\/\/www.pacteindustrial.org\/es\/quienes-somos\/contacto\/\">Contacto<\/a><\/li>\n<\/ul><\/div>\t\t<\/div>\n\t\t\t\t<\/div>\n\t\t\t\t\t\t<\/div>\n\t\t\t\t\t<\/div>\n\t\t<\/div>\n\t\t\t\t<div class=\"elementor-column elementor-col-66 elementor-top-column elementor-element elementor-element-5a1430d\" data-id=\"5a1430d\" data-element_type=\"column\">\n\t\t\t<div class=\"elementor-column-wrap elementor-element-populated\">\n\t\t\t\t\t\t\t<div class=\"elementor-widget-wrap\">\n\t\t\t\t\t\t<div class=\"elementor-element elementor-element-f90a23f elementor-widget elementor-widget-text-editor\" data-id=\"f90a23f\" data-element_type=\"widget\" data-widget_type=\"text-editor.default\">\n\t\t\t\t<div class=\"elementor-widget-container\">\n\t\t\t\t\t\t\t\t<div class=\"elementor-text-editor elementor-clearfix\">\n\t\t\t\t\t<h1>Conmemoraci\u00f3n 20 a\u00f1os<\/h1>\t\t\t\t\t<\/div>\n\t\t\t\t\t\t<\/div>\n\t\t\t\t<\/div>\n\t\t\t\t<div class=\"elementor-element elementor-element-6e16e2a elementor-widget elementor-widget-text-editor\" data-id=\"6e16e2a\" data-element_type=\"widget\" data-widget_type=\"text-editor.default\">\n\t\t\t\t<div class=\"elementor-widget-container\">\n\t\t\t\t\t\t\t\t<div class=\"elementor-text-editor elementor-clearfix\">\n\t\t\t\t\t<p><span style=\"font-weight: 400;\">M\u00e1s de 120 personas asistieron el <\/span><b>13 de junio de 2018<\/b><span style=\"font-weight: 400;\"> al <\/span><a href=\"\/es\/blog\/el-pacto-industrial-de-la-region-metropolitana-de-barcelona-celebra-20-anos\/\"><span style=\"text-decoration: underline;\"><b>acto de conmemoraci\u00f3n del 20 aniversario del Pacto Industrial<\/b><\/span><\/a><span style=\"font-weight: 400;\"> en <\/span><span style=\"font-weight: 400;\">el que se reflexion\u00f3 sobre el presente y futuro de la industria en la Regi\u00f3n Metropolitana de Barcelona con las intervenciones de los presidentes y expresidentes del Pacto Industrial, y de representantes de las administraciones p\u00fablicas, de los sindicatos y de las organizaciones empresariales.<\/span><\/p>\t\t\t\t\t<\/div>\n\t\t\t\t\t\t<\/div>\n\t\t\t\t<\/div>\n\t\t\t\t<div class=\"elementor-element elementor-element-149eb4d elementor-widget elementor-widget-heading\" data-id=\"149eb4d\" data-element_type=\"widget\" data-widget_type=\"heading.default\">\n\t\t\t\t<div class=\"elementor-widget-container\">\n\t\t\t<h4 class=\"elementor-heading-title elementor-size-default\">20 a\u00f1os generando conocimiento, fomentando el di\u00e1logo y compartiendo propuestas innovadoras sobre industria, territorio y sostenibilidad\n<\/h4>\t\t<\/div>\n\t\t\t\t<\/div>\n\t\t\t\t<div class=\"elementor-element elementor-element-9731d2f elementor-aspect-ratio-169 elementor-widget elementor-widget-video\" data-id=\"9731d2f\" data-element_type=\"widget\" data-settings=\"{&quot;youtube_url&quot;:&quot;https:\\\/\\\/www.youtube.com\\\/watch?v=ORGsgQxe4tc&quot;,&quot;video_type&quot;:&quot;youtube&quot;,&quot;controls&quot;:&quot;yes&quot;,&quot;aspect_ratio&quot;:&quot;169&quot;}\" data-widget_type=\"video.default\">\n\t\t\t\t<div class=\"elementor-widget-container\">\n\t\t\t\t\t<div class=\"elementor-wrapper elementor-fit-aspect-ratio elementor-open-inline\">\n\t\t\t<div class=\"elementor-video\"><\/div>\t\t<\/div>\n\t\t\t\t<\/div>\n\t\t\t\t<\/div>\n\t\t\t\t<div class=\"elementor-element elementor-element-2171b87 elementor-button-info elementor-align-center elementor-widget elementor-widget-button\" data-id=\"2171b87\" data-element_type=\"widget\" data-widget_type=\"button.default\">\n\t\t\t\t<div class=\"elementor-widget-container\">\n\t\t\t\t\t<div class=\"elementor-button-wrapper\">\n\t\t\t<a href=\"https:\/\/www.flickr.com\/photos\/pacteindustrial\/albums\/72157698152531605#\" target=\"_blank\" class=\"elementor-button-link elementor-button elementor-size-sm\" role=\"button\">\n\t\t\t\t\t\t<span class=\"elementor-button-content-wrapper\">\n\t\t\t\t\t\t<span class=\"elementor-button-text\">Ver la galer\u00eda de im\u00e1genes<\/span>\n\t\t<\/span>\n\t\t\t\t\t<\/a>\n\t\t<\/div>\n\t\t\t\t<\/div>\n\t\t\t\t<\/div>\n\t\t\t\t\t\t<\/div>\n\t\t\t\t\t<\/div>\n\t\t<\/div>\n\t\t\t\t\t\t\t\t<\/div>\n\t\t\t\t\t<\/div>\n\t\t<\/section>\n\t\t\t\t\t\t<\/div>\n\t\t\t\t\t\t<\/div>\n\t\t\t\t\t<\/div>\n\t\t","protected":false},"excerpt":{"rendered":"<p>Conmemoraci\u00f3n 20 a\u00f1os M\u00e1s de 120 personas asistieron el 13 de junio de 2018 al acto de conmemoraci\u00f3n del 20 aniversario del Pacto Industrial en el que se reflexion\u00f3 sobre el presente y futuro de la industria en la Regi\u00f3n Metropolitana de Barcelona con las intervenciones de los presidentes y expresidentes del Pacto Industrial, y [&#8230;]<\/p>\n","protected":false},"author":1,"featured_media":0,"parent":272,"menu_order":0,"comment_status":"closed","ping_status":"closed","template":"","meta":[],"yoast_head":"<!-- This site is optimized with the Yoast SEO plugin v16.1.1 - https:\/\/yoast.com\/wordpress\/plugins\/seo\/ -->\n<title>Conmemoraci\u00f3n 20 a\u00f1os - Pacte Industrial RMB<\/title>\n<link rel=\"canonical\" href=\"https:\/\/www.pacteindustrial.org\/es\/quienes-somos\/conmemoracion-20-anos\/\" \/>\n<meta property=\"og:locale\" content=\"es_ES\" \/>\n<meta property=\"og:type\" content=\"article\" \/>\n<meta property=\"og:title\" content=\"Conmemoraci\u00f3n 20 a\u00f1os - Pacte Industrial RMB\" \/>\n<meta property=\"og:description\" content=\"Conmemoraci\u00f3n 20 a\u00f1os M\u00e1s de 120 personas asistieron el 13 de junio de 2018 al acto de conmemoraci\u00f3n del 20 aniversario del Pacto Industrial en el que se reflexion\u00f3 sobre el presente y futuro de la industria en la Regi\u00f3n Metropolitana de Barcelona con las intervenciones de los presidentes y expresidentes del Pacto Industrial, y [...]\" \/>\n<meta property=\"og:url\" content=\"https:\/\/www.pacteindustrial.org\/es\/quienes-somos\/conmemoracion-20-anos\/\" \/>\n<meta property=\"og:site_name\" content=\"Pacte Industrial RMB\" \/>\n<meta property=\"article:modified_time\" content=\"2020-06-29T11:28:32+00:00\" \/>\n<meta name=\"twitter:card\" content=\"summary_large_image\" \/>\n<meta name=\"twitter:label1\" content=\"Tiempo de lectura\">\n\t<meta name=\"twitter:data1\" content=\"1 minuto\">\n<script type=\"application\/ld+json\" class=\"yoast-schema-graph\">{\"@context\":\"https:\/\/schema.org\",\"@graph\":[{\"@type\":\"WebSite\",\"@id\":\"https:\/\/www.pacteindustrial.org\/ca\/#website\",\"url\":\"https:\/\/www.pacteindustrial.org\/ca\/\",\"name\":\"Pacte Industrial RMB\",\"description\":\"\",\"potentialAction\":[{\"@type\":\"SearchAction\",\"target\":\"https:\/\/www.pacteindustrial.org\/ca\/?s={search_term_string}\",\"query-input\":\"required name=search_term_string\"}],\"inLanguage\":\"es\"},{\"@type\":\"WebPage\",\"@id\":\"https:\/\/www.pacteindustrial.org\/es\/quienes-somos\/conmemoracion-20-anos\/#webpage\",\"url\":\"https:\/\/www.pacteindustrial.org\/es\/quienes-somos\/conmemoracion-20-anos\/\",\"name\":\"Conmemoraci\\u00f3n 20 a\\u00f1os - Pacte Industrial RMB\",\"isPartOf\":{\"@id\":\"https:\/\/www.pacteindustrial.org\/ca\/#website\"},\"datePublished\":\"2019-09-20T12:00:05+00:00\",\"dateModified\":\"2020-06-29T11:28:32+00:00\",\"breadcrumb\":{\"@id\":\"https:\/\/www.pacteindustrial.org\/es\/quienes-somos\/conmemoracion-20-anos\/#breadcrumb\"},\"inLanguage\":\"es\",\"potentialAction\":[{\"@type\":\"ReadAction\",\"target\":[\"https:\/\/www.pacteindustrial.org\/es\/quienes-somos\/conmemoracion-20-anos\/\"]}]},{\"@type\":\"BreadcrumbList\",\"@id\":\"https:\/\/www.pacteindustrial.org\/es\/quienes-somos\/conmemoracion-20-anos\/#breadcrumb\",\"itemListElement\":[{\"@type\":\"ListItem\",\"position\":1,\"item\":{\"@type\":\"WebPage\",\"@id\":\"https:\/\/www.pacteindustrial.org\/es\/\",\"url\":\"https:\/\/www.pacteindustrial.org\/es\/\",\"name\":\"Home\"}},{\"@type\":\"ListItem\",\"position\":2,\"item\":{\"@type\":\"WebPage\",\"@id\":\"https:\/\/www.pacteindustrial.org\/es\/quienes-somos\/\",\"url\":\"https:\/\/www.pacteindustrial.org\/es\/quienes-somos\/\",\"name\":\"Qui\\u00e9nes somos\"}},{\"@type\":\"ListItem\",\"position\":3,\"item\":{\"@type\":\"WebPage\",\"@id\":\"https:\/\/www.pacteindustrial.org\/es\/quienes-somos\/conmemoracion-20-anos\/\",\"url\":\"https:\/\/www.pacteindustrial.org\/es\/quienes-somos\/conmemoracion-20-anos\/\",\"name\":\"Conmemoraci\\u00f3n 20 a\\u00f1os\"}}]}]}<\/script>\n<!-- \/ Yoast SEO plugin. -->","_links":{"self":[{"href":"https:\/\/www.pacteindustrial.org\/es\/wp-json\/wp\/v2\/pages\/1967"}],"collection":[{"href":"https:\/\/www.pacteindustrial.org\/es\/wp-json\/wp\/v2\/pages"}],"about":[{"href":"https:\/\/www.pacteindustrial.org\/es\/wp-json\/wp\/v2\/types\/page"}],"author":[{"embeddable":true,"href":"https:\/\/www.pacteindustrial.org\/es\/wp-json\/wp\/v2\/users\/1"}],"replies":[{"embeddable":true,"href":"https:\/\/www.pacteindustrial.org\/es\/wp-json\/wp\/v2\/comments?post=1967"}],"version-history":[{"count":10,"href":"https:\/\/www.pacteindustrial.org\/es\/wp-json\/wp\/v2\/pages\/1967\/revisions"}],"predecessor-version":[{"id":10119,"href":"https:\/\/www.pacteindustrial.org\/es\/wp-json\/wp\/v2\/pages\/1967\/revisions\/10119"}],"up":[{"embeddable":true,"href":"https:\/\/www.pacteindustrial.org\/es\/wp-json\/wp\/v2\/pages\/272"}],"wp:attachment":[{"href":"https:\/\/www.pacteindustrial.org\/es\/wp-json\/wp\/v2\/media?parent=1967"}],"curies":[{"name":"wp","href":"https:\/\/api.w.org\/{rel}","templated":true}]}}