{"id":269,"date":"2019-06-11T09:53:00","date_gmt":"2019-06-11T07:53:00","guid":{"rendered":"https:\/\/www.pacteindustrial.org\/contacto\/"},"modified":"2020-06-02T14:58:38","modified_gmt":"2020-06-02T12:58:38","slug":"contacto","status":"publish","type":"page","link":"https:\/\/www.pacteindustrial.org\/es\/quienes-somos\/contacto\/","title":{"rendered":"Contacto"},"content":{"rendered":"\t\t<div data-elementor-type=\"wp-post\" data-elementor-id=\"269\" class=\"elementor elementor-269 elementor-62\" data-elementor-settings=\"[]\">\n\t\t\t\t\t\t<div class=\"elementor-inner\">\n\t\t\t\t\t\t\t<div class=\"elementor-section-wrap\">\n\t\t\t\t\t\t\t<section class=\"elementor-section elementor-top-section elementor-element elementor-element-626e167 elementor-section-boxed elementor-section-height-default elementor-section-height-default\" data-id=\"626e167\" data-element_type=\"section\">\n\t\t\t\t\t\t<div class=\"elementor-container elementor-column-gap-default\">\n\t\t\t\t\t\t\t<div class=\"elementor-row\">\n\t\t\t\t\t<div class=\"elementor-column elementor-col-33 elementor-top-column elementor-element elementor-element-967e910\" data-id=\"967e910\" data-element_type=\"column\">\n\t\t\t<div class=\"elementor-column-wrap elementor-element-populated\">\n\t\t\t\t\t\t\t<div class=\"elementor-widget-wrap\">\n\t\t\t\t\t\t<div class=\"elementor-element elementor-element-78d4d78 elementor-hidden-phone sidebar1-ca elementor-widget elementor-widget-wp-widget-nav_menu\" data-id=\"78d4d78\" data-element_type=\"widget\" data-settings=\"{&quot;_animation&quot;:&quot;none&quot;}\" data-widget_type=\"wp-widget-nav_menu.default\">\n\t\t\t\t<div class=\"elementor-widget-container\">\n\t\t\t<h5>Qui\u00e9nes somos<\/h5><div class=\"menu-sidebar1-es-container\"><ul id=\"menu-sidebar1-es\" class=\"menu\"><li id=\"menu-item-8866\" class=\"menu-item menu-item-type-post_type menu-item-object-page menu-item-8866\"><a href=\"https:\/\/www.pacteindustrial.org\/es\/quienes-somos\/el-pacto-industrial\/\">El Pacto Industrial<\/a><\/li>\n<li id=\"menu-item-339\" class=\"menu-item menu-item-type-post_type menu-item-object-page menu-item-339\"><a href=\"https:\/\/www.pacteindustrial.org\/es\/quienes-somos\/historia\/\">Historia<\/a><\/li>\n<li id=\"menu-item-2004\" class=\"menu-item menu-item-type-post_type menu-item-object-page menu-item-2004\"><a href=\"https:\/\/www.pacteindustrial.org\/es\/quienes-somos\/conmemoracion-20-anos\/\">Conmemoraci\u00f3n 20 a\u00f1os<\/a><\/li>\n<li id=\"menu-item-337\" class=\"menu-item menu-item-type-post_type menu-item-object-page menu-item-337\"><a href=\"https:\/\/www.pacteindustrial.org\/es\/quienes-somos\/entidades-miembros\/\">Entidades miembros<\/a><\/li>\n<li id=\"menu-item-338\" class=\"menu-item menu-item-type-post_type menu-item-object-page menu-item-338\"><a href=\"https:\/\/www.pacteindustrial.org\/es\/quienes-somos\/organizacion\/\">Organizaci\u00f3n<\/a><\/li>\n<li id=\"menu-item-2003\" class=\"menu-item menu-item-type-post_type menu-item-object-page menu-item-2003\"><a href=\"https:\/\/www.pacteindustrial.org\/es\/quienes-somos\/transparencia\/\">Transparencia<\/a><\/li>\n<li id=\"menu-item-7908\" class=\"menu-item menu-item-type-post_type menu-item-object-page menu-item-7908\"><a href=\"https:\/\/www.pacteindustrial.org\/es\/notas-de-prensa\/\">Sala de prensa<\/a><\/li>\n<li id=\"menu-item-336\" class=\"menu-item menu-item-type-post_type menu-item-object-page menu-item-336\"><a href=\"https:\/\/www.pacteindustrial.org\/es\/quienes-somos\/contacto\/\">Contacto<\/a><\/li>\n<\/ul><\/div>\t\t<\/div>\n\t\t\t\t<\/div>\n\t\t\t\t\t\t<\/div>\n\t\t\t\t\t<\/div>\n\t\t<\/div>\n\t\t\t\t<div class=\"elementor-column elementor-col-66 elementor-top-column elementor-element elementor-element-cb2a932\" data-id=\"cb2a932\" data-element_type=\"column\">\n\t\t\t<div class=\"elementor-column-wrap elementor-element-populated\">\n\t\t\t\t\t\t\t<div class=\"elementor-widget-wrap\">\n\t\t\t\t\t\t<div class=\"elementor-element elementor-element-5d1b68e elementor-widget elementor-widget-text-editor\" data-id=\"5d1b68e\" data-element_type=\"widget\" data-widget_type=\"text-editor.default\">\n\t\t\t\t<div class=\"elementor-widget-container\">\n\t\t\t\t\t\t\t\t<div class=\"elementor-text-editor elementor-clearfix\">\n\t\t\t\t\t<h1>Contacto<\/h1>\t\t\t\t\t<\/div>\n\t\t\t\t\t\t<\/div>\n\t\t\t\t<\/div>\n\t\t\t\t<section class=\"elementor-section elementor-inner-section elementor-element elementor-element-d627bb5 elementor-section-boxed elementor-section-height-default elementor-section-height-default\" data-id=\"d627bb5\" data-element_type=\"section\">\n\t\t\t\t\t\t<div class=\"elementor-container elementor-column-gap-default\">\n\t\t\t\t\t\t\t<div class=\"elementor-row\">\n\t\t\t\t\t<div class=\"elementor-column elementor-col-50 elementor-inner-column elementor-element elementor-element-771eeb5\" data-id=\"771eeb5\" data-element_type=\"column\">\n\t\t\t<div class=\"elementor-column-wrap elementor-element-populated\">\n\t\t\t\t\t\t\t<div class=\"elementor-widget-wrap\">\n\t\t\t\t\t\t<div class=\"elementor-element elementor-element-0742353 elementor-widget elementor-widget-text-editor\" data-id=\"0742353\" data-element_type=\"widget\" data-widget_type=\"text-editor.default\">\n\t\t\t\t<div class=\"elementor-widget-container\">\n\t\t\t\t\t\t\t\t<div class=\"elementor-text-editor elementor-clearfix\">\n\t\t\t\t\t<p>Can Masover\u00a0&#8211;<strong>\u00a0<\/strong>Parc de Can Buxeres\u00a0<\/p><p>(casa dentro del parque)<strong><br \/><\/strong><\/p><p>Av. Josep Tarradellas, s\/n<\/p><p>08906 L\u2019Hospitalet de Llobregat<\/p>\t\t\t\t\t<\/div>\n\t\t\t\t\t\t<\/div>\n\t\t\t\t<\/div>\n\t\t\t\t\t\t<\/div>\n\t\t\t\t\t<\/div>\n\t\t<\/div>\n\t\t\t\t<div class=\"elementor-column elementor-col-50 elementor-inner-column elementor-element elementor-element-0918b55\" data-id=\"0918b55\" data-element_type=\"column\">\n\t\t\t<div class=\"elementor-column-wrap elementor-element-populated\">\n\t\t\t\t\t\t\t<div class=\"elementor-widget-wrap\">\n\t\t\t\t\t\t<div class=\"elementor-element elementor-element-2643db0 elementor-widget elementor-widget-text-editor\" data-id=\"2643db0\" data-element_type=\"widget\" data-widget_type=\"text-editor.default\">\n\t\t\t\t<div class=\"elementor-widget-container\">\n\t\t\t\t\t\t\t\t<div class=\"elementor-text-editor elementor-clearfix\">\n\t\t\t\t\t<p><a href=\"mailto:pacte@pacteindustrial.org\" target=\"_blank\" rel=\"noopener\">pacte@pacteindustrial.org<\/a><\/p><p>Tel. 93 260 02 22<\/p><p>Fax 93 260 02 24<\/p>\t\t\t\t\t<\/div>\n\t\t\t\t\t\t<\/div>\n\t\t\t\t<\/div>\n\t\t\t\t\t\t<\/div>\n\t\t\t\t\t<\/div>\n\t\t<\/div>\n\t\t\t\t\t\t\t\t<\/div>\n\t\t\t\t\t<\/div>\n\t\t<\/section>\n\t\t\t\t<div class=\"elementor-element elementor-element-543c53d elementor-widget-divider--view-line elementor-widget elementor-widget-divider\" data-id=\"543c53d\" data-element_type=\"widget\" data-widget_type=\"divider.default\">\n\t\t\t\t<div class=\"elementor-widget-container\">\n\t\t\t\t\t<div class=\"elementor-divider\">\n\t\t\t<span class=\"elementor-divider-separator\">\n\t\t\t\t\t\t<\/span>\n\t\t<\/div>\n\t\t\t\t<\/div>\n\t\t\t\t<\/div>\n\t\t\t\t<div class=\"elementor-element elementor-element-2461536a elementor-widget elementor-widget-google_maps\" data-id=\"2461536a\" data-element_type=\"widget\" data-widget_type=\"google_maps.default\">\n\t\t\t\t<div class=\"elementor-widget-container\">\n\t\t\t<div class=\"elementor-custom-embed\"><iframe frameborder=\"0\" scrolling=\"no\" marginheight=\"0\" marginwidth=\"0\" src=\"https:\/\/maps.google.com\/maps?q=Associaci%C3%B3%20Pacte%20Industrial%20de%20la%20Regi%C3%B3%20Metropolitana%20de%20Barcelona%2C%20Av.%20Josep%20Tarradellas%2C%20Hospitalet%20de%20Llobregat%2C%20Barcelona&amp;t=m&amp;z=17&amp;output=embed&amp;iwloc=near\" title=\"Associaci\u00f3 Pacte Industrial de la Regi\u00f3 Metropolitana de Barcelona, Av. Josep Tarradellas, Hospitalet de Llobregat, Barcelona\" aria-label=\"Associaci\u00f3 Pacte Industrial de la Regi\u00f3 Metropolitana de Barcelona, Av. Josep Tarradellas, Hospitalet de Llobregat, Barcelona\"><\/iframe><\/div>\t\t<\/div>\n\t\t\t\t<\/div>\n\t\t\t\t<div class=\"elementor-element elementor-element-3597646 elementor-widget-divider--view-line elementor-widget elementor-widget-divider\" data-id=\"3597646\" data-element_type=\"widget\" data-widget_type=\"divider.default\">\n\t\t\t\t<div class=\"elementor-widget-container\">\n\t\t\t\t\t<div class=\"elementor-divider\">\n\t\t\t<span class=\"elementor-divider-separator\">\n\t\t\t\t\t\t<\/span>\n\t\t<\/div>\n\t\t\t\t<\/div>\n\t\t\t\t<\/div>\n\t\t\t\t<div class=\"elementor-element elementor-element-b1ee48c elementor-widget elementor-widget-text-editor\" data-id=\"b1ee48c\" data-element_type=\"widget\" data-widget_type=\"text-editor.default\">\n\t\t\t\t<div class=\"elementor-widget-container\">\n\t\t\t\t\t\t\t\t<div class=\"elementor-text-editor elementor-clearfix\">\n\t\t\t\t\t<h2 style=\"color: #2d3945; font-family: 'Work Sans', sans-serif;\">C\u00f3mo llegar<\/h2>\t\t\t\t\t<\/div>\n\t\t\t\t\t\t<\/div>\n\t\t\t\t<\/div>\n\t\t\t\t<div class=\"elementor-element elementor-element-c52606c elementor-widget elementor-widget-toggle\" data-id=\"c52606c\" data-element_type=\"widget\" data-widget_type=\"toggle.default\">\n\t\t\t\t<div class=\"elementor-widget-container\">\n\t\t\t\t\t<div class=\"elementor-toggle\" role=\"tablist\">\n\t\t\t\t\t\t\t<div class=\"elementor-toggle-item\">\n\t\t\t\t\t<h3 id=\"elementor-tab-title-2061\" class=\"elementor-tab-title\" data-tab=\"1\" role=\"tab\" aria-controls=\"elementor-tab-content-2061\" aria-expanded=\"false\">\n\t\t\t\t\t\t\t\t\t\t\t\t<span class=\"elementor-toggle-icon elementor-toggle-icon-right\" aria-hidden=\"true\">\n\t\t\t\t\t\t\t\t\t\t\t\t\t\t\t<span class=\"elementor-toggle-icon-closed\"><i class=\"fas fa-plus\"><\/i><\/span>\n\t\t\t\t\t\t\t\t<span class=\"elementor-toggle-icon-opened\"><i class=\"elementor-toggle-icon-opened fas fa-minus\"><\/i><\/span>\n\t\t\t\t\t\t\t\t\t\t\t\t\t<\/span>\n\t\t\t\t\t\t\t\t\t\t\t\t<a href=\"\" class=\"elementor-toggle-title\">Transporte p\u00fablico<\/a>\n\t\t\t\t\t<\/h3>\n\t\t\t\t\t<div id=\"elementor-tab-content-2061\" class=\"elementor-tab-content elementor-clearfix\" data-tab=\"1\" role=\"tabpanel\" aria-labelledby=\"elementor-tab-title-2061\"><p><img loading=\"lazy\" class=\"alignnone wp-image-5554\" src=\"https:\/\/www.pacteindustrial.org\/wp-content\/uploads\/2020\/01\/64px-L1_barcelona.svg_.png\" alt=\"\" width=\"19\" height=\"19\" \/> Metro L\u00ednea 1 (TMB): parada Rambla Just Oliveras<\/p><p><img loading=\"lazy\" class=\"alignnone wp-image-5557\" src=\"https:\/\/www.pacteindustrial.org\/wp-content\/uploads\/2020\/01\/64px-L5_barcelona.svg_.png\" alt=\"\" width=\"19\" height=\"19\" \/> Metro L\u00ednea 5 (TMB): parada Can Boixeres<\/p><p><img loading=\"lazy\" class=\"alignnone wp-image-600\" src=\"http:\/\/www.pacteindustrial.org\/wp-content\/uploads\/2019\/06\/Rodalies_de_Catalunya_s%C3%ADmbol.svg_-300x300.png\" alt=\"\" width=\"19\" height=\"19\" \/><img loading=\"lazy\" class=\"alignnone wp-image-5551\" src=\"https:\/\/www.pacteindustrial.org\/wp-content\/uploads\/2020\/01\/166px-Rodalies_de_Catalunya_s\u00edmbol.svg_.png\" alt=\"\" width=\"19\" height=\"19\" srcset=\"https:\/\/www.pacteindustrial.org\/wp-content\/uploads\/2020\/01\/166px-Rodalies_de_Catalunya_s\u00edmbol.svg_.png 166w, https:\/\/www.pacteindustrial.org\/wp-content\/uploads\/2020\/01\/166px-Rodalies_de_Catalunya_s\u00edmbol.svg_-150x150.png 150w\" sizes=\"(max-width: 19px) 100vw, 19px\" \/>\u00a0Rodalies de Catalunya (operado por Renfe): parada L\u2019Hospitalet de Llobregat<\/p><\/div>\n\t\t\t\t<\/div>\n\t\t\t\t\t\t\t<div class=\"elementor-toggle-item\">\n\t\t\t\t\t<h3 id=\"elementor-tab-title-2062\" class=\"elementor-tab-title\" data-tab=\"2\" role=\"tab\" aria-controls=\"elementor-tab-content-2062\" aria-expanded=\"false\">\n\t\t\t\t\t\t\t\t\t\t\t\t<span class=\"elementor-toggle-icon elementor-toggle-icon-right\" aria-hidden=\"true\">\n\t\t\t\t\t\t\t\t\t\t\t\t\t\t\t<span class=\"elementor-toggle-icon-closed\"><i class=\"fas fa-plus\"><\/i><\/span>\n\t\t\t\t\t\t\t\t<span class=\"elementor-toggle-icon-opened\"><i class=\"elementor-toggle-icon-opened fas fa-minus\"><\/i><\/span>\n\t\t\t\t\t\t\t\t\t\t\t\t\t<\/span>\n\t\t\t\t\t\t\t\t\t\t\t\t<a href=\"\" class=\"elementor-toggle-title\">Transporte privado<\/a>\n\t\t\t\t\t<\/h3>\n\t\t\t\t\t<div id=\"elementor-tab-content-2062\" class=\"elementor-tab-content elementor-clearfix\" data-tab=\"2\" role=\"tabpanel\" aria-labelledby=\"elementor-tab-title-2062\"><p style=\"font-weight: 400;\">Ronda de Dalt, salida 13 (Av. Electricitat).<\/p><p style=\"font-weight: 400;\">Entrada al recinto del Parque de Can Buxeres a la altura de la ctra. Esplugues, 7 de L\u2019Hospitalet de Llobregat, siguiendo la indicaci\u00f3n \u201cPalauet Can Buxeres\u201d.<br \/>Hay parking en el interior del recinto.<\/p><\/div>\n\t\t\t\t<\/div>\n\t\t\t\t\t\t\t<div class=\"elementor-toggle-item\">\n\t\t\t\t\t<h3 id=\"elementor-tab-title-2063\" class=\"elementor-tab-title\" data-tab=\"3\" role=\"tab\" aria-controls=\"elementor-tab-content-2063\" aria-expanded=\"false\">\n\t\t\t\t\t\t\t\t\t\t\t\t<span class=\"elementor-toggle-icon elementor-toggle-icon-right\" aria-hidden=\"true\">\n\t\t\t\t\t\t\t\t\t\t\t\t\t\t\t<span class=\"elementor-toggle-icon-closed\"><i class=\"fas fa-plus\"><\/i><\/span>\n\t\t\t\t\t\t\t\t<span class=\"elementor-toggle-icon-opened\"><i class=\"elementor-toggle-icon-opened fas fa-minus\"><\/i><\/span>\n\t\t\t\t\t\t\t\t\t\t\t\t\t<\/span>\n\t\t\t\t\t\t\t\t\t\t\t\t<a href=\"\" class=\"elementor-toggle-title\">Coordenadas GPS<\/a>\n\t\t\t\t\t<\/h3>\n\t\t\t\t\t<div id=\"elementor-tab-content-2063\" class=\"elementor-tab-content elementor-clearfix\" data-tab=\"3\" role=\"tabpanel\" aria-labelledby=\"elementor-tab-title-2063\"><p>41\u00ba 21 54.89 N, 2\u00ba 5 47.09 E<\/p><\/div>\n\t\t\t\t<\/div>\n\t\t\t\t\t\t\t\t<\/div>\n\t\t\t\t<\/div>\n\t\t\t\t<\/div>\n\t\t\t\t\t\t<\/div>\n\t\t\t\t\t<\/div>\n\t\t<\/div>\n\t\t\t\t\t\t\t\t<\/div>\n\t\t\t\t\t<\/div>\n\t\t<\/section>\n\t\t\t\t<section class=\"elementor-section elementor-top-section elementor-element elementor-element-08cdcec elementor-section-boxed elementor-section-height-default elementor-section-height-default\" data-id=\"08cdcec\" data-element_type=\"section\">\n\t\t\t\t\t\t<div class=\"elementor-container elementor-column-gap-default\">\n\t\t\t\t\t\t\t<div class=\"elementor-row\">\n\t\t\t\t\t<div class=\"elementor-column elementor-col-100 elementor-top-column elementor-element elementor-element-0cb2e0a\" data-id=\"0cb2e0a\" data-element_type=\"column\">\n\t\t\t<div class=\"elementor-column-wrap\">\n\t\t\t\t\t\t\t<div class=\"elementor-widget-wrap\">\n\t\t\t\t\t\t\t\t<\/div>\n\t\t\t\t\t<\/div>\n\t\t<\/div>\n\t\t\t\t\t\t\t\t<\/div>\n\t\t\t\t\t<\/div>\n\t\t<\/section>\n\t\t\t\t\t\t<\/div>\n\t\t\t\t\t\t<\/div>\n\t\t\t\t\t<\/div>\n\t\t","protected":false},"excerpt":{"rendered":"<p>Contacto Can Masover\u00a0&#8211;\u00a0Parc de Can Buxeres\u00a0 (casa dentro del parque) Av. Josep Tarradellas, s\/n 08906 L\u2019Hospitalet de Llobregat pacte@pacteindustrial.org Tel. 93 260 02 22 Fax 93 260 02 24 C\u00f3mo llegar Transporte p\u00fablico Metro L\u00ednea 1 (TMB): parada Rambla Just Oliveras Metro L\u00ednea 5 (TMB): parada Can Boixeres \u00a0Rodalies de Catalunya (operado por Renfe): parada [&#8230;]<\/p>\n","protected":false},"author":1,"featured_media":0,"parent":272,"menu_order":0,"comment_status":"closed","ping_status":"closed","template":"","meta":[],"yoast_head":"<!-- This site is optimized with the Yoast SEO plugin v16.1.1 - https:\/\/yoast.com\/wordpress\/plugins\/seo\/ -->\n<title>Contacto - Pacte Industrial RMB<\/title>\n<link rel=\"canonical\" href=\"https:\/\/www.pacteindustrial.org\/es\/quienes-somos\/contacto\/\" \/>\n<meta property=\"og:locale\" content=\"es_ES\" \/>\n<meta property=\"og:type\" content=\"article\" \/>\n<meta property=\"og:title\" content=\"Contacto - Pacte Industrial RMB\" \/>\n<meta property=\"og:description\" content=\"Contacto Can Masover\u00a0&#8211;\u00a0Parc de Can Buxeres\u00a0 (casa dentro del parque) Av. Josep Tarradellas, s\/n 08906 L\u2019Hospitalet de Llobregat pacte@pacteindustrial.org Tel. 93 260 02 22 Fax 93 260 02 24 C\u00f3mo llegar Transporte p\u00fablico Metro L\u00ednea 1 (TMB): parada Rambla Just Oliveras Metro L\u00ednea 5 (TMB): parada Can Boixeres \u00a0Rodalies de Catalunya (operado por Renfe): parada [...]\" \/>\n<meta property=\"og:url\" content=\"https:\/\/www.pacteindustrial.org\/es\/quienes-somos\/contacto\/\" \/>\n<meta property=\"og:site_name\" content=\"Pacte Industrial RMB\" \/>\n<meta property=\"article:modified_time\" content=\"2020-06-02T12:58:38+00:00\" \/>\n<meta property=\"og:image\" content=\"https:\/\/www.pacteindustrial.org\/wp-content\/uploads\/2020\/01\/64px-L1_barcelona.svg_.png\" \/>\n<meta name=\"twitter:card\" content=\"summary_large_image\" \/>\n<meta name=\"twitter:label1\" content=\"Tiempo de lectura\">\n\t<meta name=\"twitter:data1\" content=\"1 minuto\">\n<script type=\"application\/ld+json\" class=\"yoast-schema-graph\">{\"@context\":\"https:\/\/schema.org\",\"@graph\":[{\"@type\":\"WebSite\",\"@id\":\"https:\/\/www.pacteindustrial.org\/ca\/#website\",\"url\":\"https:\/\/www.pacteindustrial.org\/ca\/\",\"name\":\"Pacte Industrial RMB\",\"description\":\"\",\"potentialAction\":[{\"@type\":\"SearchAction\",\"target\":\"https:\/\/www.pacteindustrial.org\/ca\/?s={search_term_string}\",\"query-input\":\"required name=search_term_string\"}],\"inLanguage\":\"es\"},{\"@type\":\"ImageObject\",\"@id\":\"https:\/\/www.pacteindustrial.org\/es\/quienes-somos\/contacto\/#primaryimage\",\"inLanguage\":\"es\",\"url\":\"https:\/\/www.pacteindustrial.org\/wp-content\/uploads\/2020\/01\/64px-L1_barcelona.svg_.png\",\"contentUrl\":\"https:\/\/www.pacteindustrial.org\/wp-content\/uploads\/2020\/01\/64px-L1_barcelona.svg_.png\",\"width\":64,\"height\":64},{\"@type\":\"WebPage\",\"@id\":\"https:\/\/www.pacteindustrial.org\/es\/quienes-somos\/contacto\/#webpage\",\"url\":\"https:\/\/www.pacteindustrial.org\/es\/quienes-somos\/contacto\/\",\"name\":\"Contacto - Pacte Industrial RMB\",\"isPartOf\":{\"@id\":\"https:\/\/www.pacteindustrial.org\/ca\/#website\"},\"primaryImageOfPage\":{\"@id\":\"https:\/\/www.pacteindustrial.org\/es\/quienes-somos\/contacto\/#primaryimage\"},\"datePublished\":\"2019-06-11T07:53:00+00:00\",\"dateModified\":\"2020-06-02T12:58:38+00:00\",\"breadcrumb\":{\"@id\":\"https:\/\/www.pacteindustrial.org\/es\/quienes-somos\/contacto\/#breadcrumb\"},\"inLanguage\":\"es\",\"potentialAction\":[{\"@type\":\"ReadAction\",\"target\":[\"https:\/\/www.pacteindustrial.org\/es\/quienes-somos\/contacto\/\"]}]},{\"@type\":\"BreadcrumbList\",\"@id\":\"https:\/\/www.pacteindustrial.org\/es\/quienes-somos\/contacto\/#breadcrumb\",\"itemListElement\":[{\"@type\":\"ListItem\",\"position\":1,\"item\":{\"@type\":\"WebPage\",\"@id\":\"https:\/\/www.pacteindustrial.org\/es\/\",\"url\":\"https:\/\/www.pacteindustrial.org\/es\/\",\"name\":\"Home\"}},{\"@type\":\"ListItem\",\"position\":2,\"item\":{\"@type\":\"WebPage\",\"@id\":\"https:\/\/www.pacteindustrial.org\/es\/quienes-somos\/\",\"url\":\"https:\/\/www.pacteindustrial.org\/es\/quienes-somos\/\",\"name\":\"Qui\\u00e9nes somos\"}},{\"@type\":\"ListItem\",\"position\":3,\"item\":{\"@type\":\"WebPage\",\"@id\":\"https:\/\/www.pacteindustrial.org\/es\/quienes-somos\/contacto\/\",\"url\":\"https:\/\/www.pacteindustrial.org\/es\/quienes-somos\/contacto\/\",\"name\":\"Contacto\"}}]}]}<\/script>\n<!-- \/ Yoast SEO plugin. -->","_links":{"self":[{"href":"https:\/\/www.pacteindustrial.org\/es\/wp-json\/wp\/v2\/pages\/269"}],"collection":[{"href":"https:\/\/www.pacteindustrial.org\/es\/wp-json\/wp\/v2\/pages"}],"about":[{"href":"https:\/\/www.pacteindustrial.org\/es\/wp-json\/wp\/v2\/types\/page"}],"author":[{"embeddable":true,"href":"https:\/\/www.pacteindustrial.org\/es\/wp-json\/wp\/v2\/users\/1"}],"replies":[{"embeddable":true,"href":"https:\/\/www.pacteindustrial.org\/es\/wp-json\/wp\/v2\/comments?post=269"}],"version-history":[{"count":16,"href":"https:\/\/www.pacteindustrial.org\/es\/wp-json\/wp\/v2\/pages\/269\/revisions"}],"predecessor-version":[{"id":9136,"href":"https:\/\/www.pacteindustrial.org\/es\/wp-json\/wp\/v2\/pages\/269\/revisions\/9136"}],"up":[{"embeddable":true,"href":"https:\/\/www.pacteindustrial.org\/es\/wp-json\/wp\/v2\/pages\/272"}],"wp:attachment":[{"href":"https:\/\/www.pacteindustrial.org\/es\/wp-json\/wp\/v2\/media?parent=269"}],"curies":[{"name":"wp","href":"https:\/\/api.w.org\/{rel}","templated":true}]}}