{"id":283,"date":"2019-06-11T10:03:43","date_gmt":"2019-06-11T08:03:43","guid":{"rendered":"https:\/\/www.pacteindustrial.org\/movilidad\/"},"modified":"2021-02-16T17:05:33","modified_gmt":"2021-02-16T15:05:33","slug":"movilidad","status":"publish","type":"page","link":"https:\/\/www.pacteindustrial.org\/es\/ambitos-de-actuacion\/movilidad\/","title":{"rendered":"Movilidad"},"content":{"rendered":"\t\t<div data-elementor-type=\"wp-post\" data-elementor-id=\"283\" class=\"elementor elementor-283 elementor-76\" data-elementor-settings=\"[]\">\n\t\t\t\t\t\t<div class=\"elementor-inner\">\n\t\t\t\t\t\t\t<div class=\"elementor-section-wrap\">\n\t\t\t\t\t\t\t<section class=\"elementor-section elementor-top-section elementor-element elementor-element-107a9d3 elementor-section-boxed elementor-section-height-default elementor-section-height-default\" data-id=\"107a9d3\" data-element_type=\"section\">\n\t\t\t\t\t\t<div class=\"elementor-container elementor-column-gap-default\">\n\t\t\t\t\t\t\t<div class=\"elementor-row\">\n\t\t\t\t\t<div class=\"elementor-column elementor-col-33 elementor-top-column elementor-element elementor-element-e4370f6\" data-id=\"e4370f6\" data-element_type=\"column\">\n\t\t\t<div class=\"elementor-column-wrap elementor-element-populated\">\n\t\t\t\t\t\t\t<div class=\"elementor-widget-wrap\">\n\t\t\t\t\t\t<div class=\"elementor-element elementor-element-3c74082 elementor-widget elementor-widget-wp-widget-nav_menu\" data-id=\"3c74082\" data-element_type=\"widget\" data-widget_type=\"wp-widget-nav_menu.default\">\n\t\t\t\t<div class=\"elementor-widget-container\">\n\t\t\t<h5>Qu\u00e9 hacemos<\/h5><div class=\"menu-sidebar2-es-container\"><ul id=\"menu-sidebar2-es\" class=\"menu\"><li id=\"menu-item-1098\" class=\"menu-item menu-item-type-post_type menu-item-object-page menu-item-has-children menu-item-1098\"><a href=\"https:\/\/www.pacteindustrial.org\/es\/ambitos-de-actuacion\/\">\u00c1mbitos de actuaci\u00f3n<\/a>\n<ul class=\"sub-menu\">\n\t<li id=\"menu-item-5567\" class=\"menu-item menu-item-type-post_type menu-item-object-page menu-item-5567\"><a href=\"https:\/\/www.pacteindustrial.org\/es\/ambitos-de-actuacion\/sostenibilidad\/\">Sostenibilidad<\/a><\/li>\n\t<li id=\"menu-item-1100\" class=\"menu-item menu-item-type-post_type menu-item-object-page menu-item-1100\"><a href=\"https:\/\/www.pacteindustrial.org\/es\/ambitos-de-actuacion\/poligonos\/\">Pol\u00edgonos<\/a><\/li>\n\t<li id=\"menu-item-1105\" class=\"menu-item menu-item-type-post_type menu-item-object-page menu-item-1105\"><a href=\"https:\/\/www.pacteindustrial.org\/es\/ambitos-de-actuacion\/innovacion\/\">Innovaci\u00f3n<\/a><\/li>\n\t<li id=\"menu-item-1103\" class=\"menu-item menu-item-type-post_type menu-item-object-page menu-item-1103\"><a href=\"https:\/\/www.pacteindustrial.org\/es\/ambitos-de-actuacion\/movilidad\/\">Movilidad<\/a><\/li>\n\t<li id=\"menu-item-5568\" class=\"menu-item menu-item-type-post_type menu-item-object-page menu-item-5568\"><a href=\"https:\/\/www.pacteindustrial.org\/es\/ambitos-de-actuacion\/formacion\/\">Formaci\u00f3n<\/a><\/li>\n\t<li id=\"menu-item-1102\" class=\"menu-item menu-item-type-post_type menu-item-object-page menu-item-1102\"><a href=\"https:\/\/www.pacteindustrial.org\/es\/ambitos-de-actuacion\/ocupacion\/\">Ocupaci\u00f3n<\/a><\/li>\n\t<li id=\"menu-item-1104\" class=\"menu-item menu-item-type-post_type menu-item-object-page menu-item-1104\"><a href=\"https:\/\/www.pacteindustrial.org\/es\/ambitos-de-actuacion\/internacionalizacion\/\">Internacionalizaci\u00f3n<\/a><\/li>\n\t<li id=\"menu-item-1101\" class=\"menu-item menu-item-type-post_type menu-item-object-page menu-item-1101\"><a href=\"https:\/\/www.pacteindustrial.org\/es\/ambitos-de-actuacion\/datos-y-sig\/\">Datos y SIG<\/a><\/li>\n\t<li id=\"menu-item-1099\" class=\"menu-item menu-item-type-post_type menu-item-object-page menu-item-1099\"><a href=\"https:\/\/www.pacteindustrial.org\/es\/ambitos-de-actuacion\/infraestructuras\/\">Infraestructuras<\/a><\/li>\n<\/ul>\n<\/li>\n<\/ul><\/div>\t\t<\/div>\n\t\t\t\t<\/div>\n\t\t\t\t\t\t<\/div>\n\t\t\t\t\t<\/div>\n\t\t<\/div>\n\t\t\t\t<div class=\"elementor-column elementor-col-66 elementor-top-column elementor-element elementor-element-31d108d\" data-id=\"31d108d\" data-element_type=\"column\">\n\t\t\t<div class=\"elementor-column-wrap elementor-element-populated\">\n\t\t\t\t\t\t\t<div class=\"elementor-widget-wrap\">\n\t\t\t\t\t\t<div class=\"elementor-element elementor-element-a852f81 elementor-widget elementor-widget-heading\" data-id=\"a852f81\" data-element_type=\"widget\" data-widget_type=\"heading.default\">\n\t\t\t\t<div class=\"elementor-widget-container\">\n\t\t\t<h2 class=\"elementor-heading-title elementor-size-default\">Movilidad<\/h2>\t\t<\/div>\n\t\t\t\t<\/div>\n\t\t\t\t<div class=\"elementor-element elementor-element-0819eb2 elementor-widget elementor-widget-text-editor\" data-id=\"0819eb2\" data-element_type=\"widget\" data-widget_type=\"text-editor.default\">\n\t\t\t\t<div class=\"elementor-widget-container\">\n\t\t\t\t\t\t\t\t<div class=\"elementor-text-editor elementor-clearfix\">\n\t\t\t\t\t<p style=\"color: #2d3945;\">Estas son las actividades y publicaciones del Pacto Industrial sobre movilidad.<\/p>\n\t\t\t\t\t<\/div>\n\t\t\t\t\t\t<\/div>\n\t\t\t\t<\/div>\n\t\t\t\t<div class=\"elementor-element elementor-element-fc1cd6b elementor-widget elementor-widget-heading\" data-id=\"fc1cd6b\" data-element_type=\"widget\" data-widget_type=\"heading.default\">\n\t\t\t\t<div class=\"elementor-widget-container\">\n\t\t\t<h2 class=\"elementor-heading-title elementor-size-default\">Actividades<\/h2>\t\t<\/div>\n\t\t\t\t<\/div>\n\t\t\t\t<div class=\"elementor-element elementor-element-dd95f65 elementor-widget elementor-widget-pacteindustrial-addons-news\" data-id=\"dd95f65\" data-element_type=\"widget\" data-widget_type=\"pacteindustrial-addons-news.default\">\n\t\t\t\t<div class=\"elementor-widget-container\">\n\t\t\t<section id=\"actualitat\" class=\"container pacteindustrial-news-block\" data-lang=\"es\"><div class=\"card-deck pacteindustrial-news-wrapper\"><div class=\"load-spinner\"><div class=\"loader\"><\/div><\/div><article id=\"post-25736\" class=\"card news_entry 25736 post-25736 post type-post status-publish format-standard has-post-thumbnail hentry category-movilidad tag-colaboracion tag-colaboracion-publico-privada tag-digitalizacion tag-entorno-sostenible tag-forum-industria-de-la-movilidad-sostenible tag-movilidad tag-smart-es tag-sostenibilidad-es post_scope-innovacion post_scope-movilidad post_scope-sostenibilidad\"><div class=\"image_wrapper\"><a class=\"image_link\" href=\"https:\/\/www.pacteindustrial.org\/es\/blog\/el-pacto-industrial-y-aemes-smart-colaboraran-para-impulsar-la-movilidad-y-el-entorno-sostenible\/\"><img width=\"500\" height=\"315\" src=\"https:\/\/www.pacteindustrial.org\/wp-content\/uploads\/2025\/12\/2025.12.15_Foto-1-500x315.jpg\" class=\"attachment-articlelisting-thumbnail size-articlelisting-thumbnail wp-post-image\" alt=\"\" loading=\"lazy\" \/><\/a><\/div><div class=\"card-body content_wrapper\"><a class=\"title_link\" href=\"https:\/\/www.pacteindustrial.org\/es\/blog\/el-pacto-industrial-y-aemes-smart-colaboraran-para-impulsar-la-movilidad-y-el-entorno-sostenible\/\"><h1 class=\"post_heading\">El Pacto Industrial y AEMES Smart colaborar\u00e1n para impulsar la movilidad y el entorno sostenible<\/h1><\/a><a href=\"https:\/\/www.pacteindustrial.org\/es\/blog\/el-pacto-industrial-y-aemes-smart-colaboraran-para-impulsar-la-movilidad-y-el-entorno-sostenible\/\" class=\"readmore-button\">Leer +<\/a><\/div><\/article><article id=\"post-23061\" class=\"card news_entry 23061 post-23061 post type-post status-publish format-standard has-post-thumbnail hentry category-innovacion post_scope-innovacion post_scope-movilidad post_scope-poligonos post_scope-politica-industrial-es post_scope-sostenibilidad\"><div class=\"image_wrapper\"><a class=\"image_link\" href=\"https:\/\/www.pacteindustrial.org\/es\/blog\/nueva-edicion-del-bnew-para-debatir-los-retos-en-el-desarrollo-de-la-industria-4-0\/\"><img width=\"500\" height=\"315\" src=\"https:\/\/www.pacteindustrial.org\/wp-content\/uploads\/2024\/10\/2024.10.10_Foto-1-500x315.png\" class=\"attachment-articlelisting-thumbnail size-articlelisting-thumbnail wp-post-image\" alt=\"\" loading=\"lazy\" \/><\/a><\/div><div class=\"card-body content_wrapper\"><a class=\"title_link\" href=\"https:\/\/www.pacteindustrial.org\/es\/blog\/nueva-edicion-del-bnew-para-debatir-los-retos-en-el-desarrollo-de-la-industria-4-0\/\"><h1 class=\"post_heading\">Nueva edici\u00f3n del BNEW para debatir los retos en el desarrollo de la industria 4.0<\/h1><\/a><a href=\"https:\/\/www.pacteindustrial.org\/es\/blog\/nueva-edicion-del-bnew-para-debatir-los-retos-en-el-desarrollo-de-la-industria-4-0\/\" class=\"readmore-button\">Leer +<\/a><\/div><\/article><\/div><nav class=\"ajax-news-pagination-wrapper\" aria-label=\"Paginador de puiblicaciones\"><ul class=\"pagination ajax-news-pagination\" data-query-vars=\"{&quot;post_type&quot;:&quot;post&quot;,&quot;post_status&quot;:&quot;publish&quot;,&quot;no_found_rows&quot;:false,&quot;ignore_sticky_posts&quot;:true,&quot;orderby&quot;:&quot;date&quot;,&quot;order&quot;:&quot;DESC&quot;,&quot;posts_per_page&quot;:2,&quot;paged&quot;:1,&quot;tax_query&quot;:[{&quot;taxonomy&quot;:&quot;post_scope&quot;,&quot;field&quot;:&quot;slug&quot;,&quot;terms&quot;:&quot;movilidad&quot;,&quot;include_children&quot;:false,&quot;operator&quot;:&quot;IN&quot;}],&quot;error&quot;:&quot;&quot;,&quot;m&quot;:&quot;&quot;,&quot;p&quot;:0,&quot;post_parent&quot;:&quot;&quot;,&quot;subpost&quot;:&quot;&quot;,&quot;subpost_id&quot;:&quot;&quot;,&quot;attachment&quot;:&quot;&quot;,&quot;attachment_id&quot;:0,&quot;name&quot;:&quot;&quot;,&quot;pagename&quot;:&quot;&quot;,&quot;page_id&quot;:0,&quot;second&quot;:&quot;&quot;,&quot;minute&quot;:&quot;&quot;,&quot;hour&quot;:&quot;&quot;,&quot;day&quot;:0,&quot;monthnum&quot;:0,&quot;year&quot;:0,&quot;w&quot;:0,&quot;category_name&quot;:&quot;&quot;,&quot;tag&quot;:&quot;&quot;,&quot;cat&quot;:&quot;&quot;,&quot;tag_id&quot;:&quot;&quot;,&quot;author&quot;:&quot;&quot;,&quot;author_name&quot;:&quot;&quot;,&quot;feed&quot;:&quot;&quot;,&quot;tb&quot;:&quot;&quot;,&quot;meta_key&quot;:&quot;&quot;,&quot;meta_value&quot;:&quot;&quot;,&quot;preview&quot;:&quot;&quot;,&quot;s&quot;:&quot;&quot;,&quot;sentence&quot;:&quot;&quot;,&quot;title&quot;:&quot;&quot;,&quot;fields&quot;:&quot;&quot;,&quot;menu_order&quot;:&quot;&quot;,&quot;embed&quot;:&quot;&quot;,&quot;category__in&quot;:[],&quot;category__not_in&quot;:[],&quot;category__and&quot;:[],&quot;post__in&quot;:[],&quot;post__not_in&quot;:[],&quot;post_name__in&quot;:[],&quot;tag__in&quot;:[],&quot;tag__not_in&quot;:[],&quot;tag__and&quot;:[],&quot;tag_slug__in&quot;:[],&quot;tag_slug__and&quot;:[],&quot;post_parent__in&quot;:[],&quot;post_parent__not_in&quot;:[],&quot;author__in&quot;:[],&quot;author__not_in&quot;:[],&quot;meta_query&quot;:[],&quot;suppress_filters&quot;:false,&quot;cache_results&quot;:true,&quot;update_post_term_cache&quot;:true,&quot;lazy_load_term_meta&quot;:true,&quot;update_post_meta_cache&quot;:true,&quot;nopaging&quot;:false,&quot;comments_per_page&quot;:&quot;50&quot;,&quot;taxonomy&quot;:&quot;post_scope&quot;,&quot;term&quot;:&quot;movilidad&quot;}\"><li class=\"page-item shadow active\"><span aria-current=\"page\" class=\"page-link current\">1<\/span><\/li><li class=\"page-item shadow\"><a class=\"page-link\" href=\"https:\/\/www.pacteindustrial.org\/es\/wp-json\/wp\/v2\/pages\/283\/?news_page=2\">2<\/a><\/li><li class=\"page-item shadow\"><a class=\"page-link\" href=\"https:\/\/www.pacteindustrial.org\/es\/wp-json\/wp\/v2\/pages\/283\/?news_page=3\">3<\/a><\/li><li class=\"page-item shadow\"><span class=\"page-link dots\">&hellip;<\/span><\/li><li class=\"page-item shadow\"><a class=\"page-link\" href=\"https:\/\/www.pacteindustrial.org\/es\/wp-json\/wp\/v2\/pages\/283\/?news_page=8\">8<\/a><\/li><li class=\"page-item shadow\"><a class=\"next page-link\" href=\"https:\/\/www.pacteindustrial.org\/es\/wp-json\/wp\/v2\/pages\/283\/?news_page=2\">&raquo;<\/a><\/li><\/ul><\/nav><\/section>\t\t<\/div>\n\t\t\t\t<\/div>\n\t\t\t\t<div class=\"elementor-element elementor-element-6b856c9 elementor-align-center elementor-widget elementor-widget-button\" data-id=\"6b856c9\" data-element_type=\"widget\" data-widget_type=\"button.default\">\n\t\t\t\t<div class=\"elementor-widget-container\">\n\t\t\t\t\t<div class=\"elementor-button-wrapper\">\n\t\t\t<a href=\"https:\/\/www.pacteindustrial.org\/es\/noticias\/\" class=\"elementor-button-link elementor-button elementor-size-lg\" role=\"button\">\n\t\t\t\t\t\t<span class=\"elementor-button-content-wrapper\">\n\t\t\t\t\t\t<span class=\"elementor-button-text\">Ver todas las Noticias<\/span>\n\t\t<\/span>\n\t\t\t\t\t<\/a>\n\t\t<\/div>\n\t\t\t\t<\/div>\n\t\t\t\t<\/div>\n\t\t\t\t<div class=\"elementor-element elementor-element-1015e0f9 elementor-widget elementor-widget-heading\" data-id=\"1015e0f9\" data-element_type=\"widget\" data-widget_type=\"heading.default\">\n\t\t\t\t<div class=\"elementor-widget-container\">\n\t\t\t<h2 class=\"elementor-heading-title elementor-size-default\">Publicaciones<\/h2>\t\t<\/div>\n\t\t\t\t<\/div>\n\t\t\t\t<div class=\"elementor-element elementor-element-310b0324 elementor-widget elementor-widget-pacteindustrial-addons-publications-list\" data-id=\"310b0324\" data-element_type=\"widget\" data-widget_type=\"pacteindustrial-addons-publications-list.default\">\n\t\t\t\t<div class=\"elementor-widget-container\">\n\t\t\t<section class=\"container pacteindustrial-publications-block\" data-lang=\"es\"><div class=\"pacteindustrial-publications-wrapper\"><div class=\"load-spinner\"><div class=\"loader\"><\/div><\/div><article id=\"post-16401\" class=\"card publication-entry post-16401 pi_publication type-pi_publication status-publish has-post-thumbnail hentry post_scope-innovacion post_scope-movilidad post_scope-sostenibilidad pi_publication_type-papeles-del-pacto-industrial\"><div class=\"row no-gutters\"><div class=\"image-wrapper col-md-3\"><a class=\"image-link\" href=\"https:\/\/www.pacteindustrial.org\/es\/publicaciones\/la-transformacion-del-sector-de-la-automocion-hacia-la-electromovilidad-impacto-y-oportunidades-en-la-region-metropolitana-de-barcelona\/\"><img class=\"card-img\" src=\"https:\/\/www.pacteindustrial.org\/wp-content\/uploads\/2022\/05\/Portada-Papel-7-del-Pacto-Industrial.png\" alt=\"featured image\"><\/a><\/div><div class=\"body-wrapper col-md-9\"><div class=\"card-body\"><div class=\"card-body-header\"><a class=\"title-link\" href=\"https:\/\/www.pacteindustrial.org\/es\/publicaciones\/la-transformacion-del-sector-de-la-automocion-hacia-la-electromovilidad-impacto-y-oportunidades-en-la-region-metropolitana-de-barcelona\/\"><h1 class=\"post-heading\">La transformaci\u00f3n del sector de la automoci\u00f3n respecto a la electromovilidad: impacto y oportunidades en la Regi\u00f3n Metropolitana de Barcelona<\/h1><\/a><p class=\"publication-authors\"><span class=\"authors-title\">Autor: <\/span><a class=\"author-link\" href=\"https:\/\/www.pacteindustrial.org\/ca\/fem-xarxa\/juan-jose-berbel\/\">Juan Jos\u00e9 Berbel S\u00e1nchez<\/a><\/p><p class=\"publication-collections\"><span class=\"collections-title\">Colecci\u00f3n: <\/span><a class=\"collection-link\" href=\"https:\/\/www.pacteindustrial.org\/es\/publicaciones\/?type=papeles-del-pacto-industrial\">Papeles del Pacto Industrial<\/a><\/p><\/div><div class=\"card-body-footer\"><p><a href=\"https:\/\/www.pacteindustrial.org\/es\/publicaciones\/la-transformacion-del-sector-de-la-automocion-hacia-la-electromovilidad-impacto-y-oportunidades-en-la-region-metropolitana-de-barcelona\/\" class=\"download-button\">Leer +<\/a><\/p><\/div><\/div><\/div><\/div><\/article><article id=\"post-1240\" class=\"card publication-entry post-1240 pi_publication type-pi_publication status-publish has-post-thumbnail hentry post_scope-movilidad post_scope-poligonos pi_publication_type-papeles-del-pacto-industrial\"><div class=\"row no-gutters\"><div class=\"image-wrapper col-md-3\"><a class=\"image-link\" href=\"https:\/\/www.pacteindustrial.org\/es\/publicaciones\/papel-1-reflexiones-en-el-entorno-de-la-movilidad-de-mercancias-en-los-poligonos-industriales-de-la-region-metropolitana-de-barcelona\/\"><img class=\"card-img\" src=\"https:\/\/www.pacteindustrial.org\/wp-content\/uploads\/2019\/07\/ReflexionsMobilitat-3.jpg\" alt=\"featured image\"><\/a><\/div><div class=\"body-wrapper col-md-9\"><div class=\"card-body\"><div class=\"card-body-header\"><a class=\"title-link\" href=\"https:\/\/www.pacteindustrial.org\/es\/publicaciones\/papel-1-reflexiones-en-el-entorno-de-la-movilidad-de-mercancias-en-los-poligonos-industriales-de-la-region-metropolitana-de-barcelona\/\"><h1 class=\"post-heading\">Reflexiones en el entorno de la movilidad de mercanc\u00edas en los pol\u00edgonos industriales de la Regi\u00f3n Metropolitana de Barcelona<\/h1><\/a><p class=\"publication-authors\"><span class=\"authors-title\">Autor: <\/span><a class=\"author-link\" href=\"https:\/\/www.pacteindustrial.org\/ca\/fem-xarxa\/ignasi-ragas-i-prat\/\">Ignasi Rag\u00e0s i Prat<\/a><\/p><p class=\"publication-collections\"><span class=\"collections-title\">Colecci\u00f3n: <\/span><a class=\"collection-link\" href=\"https:\/\/www.pacteindustrial.org\/es\/publicaciones\/?type=papeles-del-pacto-industrial\">Papeles del Pacto Industrial<\/a><\/p><\/div><div class=\"card-body-footer\"><p><a href=\"https:\/\/www.pacteindustrial.org\/es\/publicaciones\/papel-1-reflexiones-en-el-entorno-de-la-movilidad-de-mercancias-en-los-poligonos-industriales-de-la-region-metropolitana-de-barcelona\/\" class=\"download-button\">Leer +<\/a><\/p><\/div><\/div><\/div><\/div><\/article><\/div><nav class=\"ajax-publications-pagination-wrapper\" aria-label=\"Paginador de puiblicaciones\"><ul class=\"pagination ajax-publications-pagination\" data-query-vars=\"{&quot;post_type&quot;:&quot;pi_publication&quot;,&quot;post_status&quot;:&quot;publish&quot;,&quot;no_found_rows&quot;:false,&quot;ignore_sticky_posts&quot;:true,&quot;orderby&quot;:&quot;date&quot;,&quot;order&quot;:&quot;DESC&quot;,&quot;posts_per_page&quot;:2,&quot;paged&quot;:1,&quot;tax_query&quot;:[{&quot;taxonomy&quot;:&quot;post_scope&quot;,&quot;field&quot;:&quot;slug&quot;,&quot;terms&quot;:&quot;movilidad&quot;,&quot;include_children&quot;:false,&quot;operator&quot;:&quot;IN&quot;}],&quot;error&quot;:&quot;&quot;,&quot;m&quot;:&quot;&quot;,&quot;p&quot;:0,&quot;post_parent&quot;:&quot;&quot;,&quot;subpost&quot;:&quot;&quot;,&quot;subpost_id&quot;:&quot;&quot;,&quot;attachment&quot;:&quot;&quot;,&quot;attachment_id&quot;:0,&quot;name&quot;:&quot;&quot;,&quot;pagename&quot;:&quot;&quot;,&quot;page_id&quot;:0,&quot;second&quot;:&quot;&quot;,&quot;minute&quot;:&quot;&quot;,&quot;hour&quot;:&quot;&quot;,&quot;day&quot;:0,&quot;monthnum&quot;:0,&quot;year&quot;:0,&quot;w&quot;:0,&quot;category_name&quot;:&quot;&quot;,&quot;tag&quot;:&quot;&quot;,&quot;cat&quot;:&quot;&quot;,&quot;tag_id&quot;:&quot;&quot;,&quot;author&quot;:&quot;&quot;,&quot;author_name&quot;:&quot;&quot;,&quot;feed&quot;:&quot;&quot;,&quot;tb&quot;:&quot;&quot;,&quot;meta_key&quot;:&quot;&quot;,&quot;meta_value&quot;:&quot;&quot;,&quot;preview&quot;:&quot;&quot;,&quot;s&quot;:&quot;&quot;,&quot;sentence&quot;:&quot;&quot;,&quot;title&quot;:&quot;&quot;,&quot;fields&quot;:&quot;&quot;,&quot;menu_order&quot;:&quot;&quot;,&quot;embed&quot;:&quot;&quot;,&quot;category__in&quot;:[],&quot;category__not_in&quot;:[],&quot;category__and&quot;:[],&quot;post__in&quot;:[],&quot;post__not_in&quot;:[],&quot;post_name__in&quot;:[],&quot;tag__in&quot;:[],&quot;tag__not_in&quot;:[],&quot;tag__and&quot;:[],&quot;tag_slug__in&quot;:[],&quot;tag_slug__and&quot;:[],&quot;post_parent__in&quot;:[],&quot;post_parent__not_in&quot;:[],&quot;author__in&quot;:[],&quot;author__not_in&quot;:[],&quot;meta_query&quot;:[],&quot;suppress_filters&quot;:false,&quot;cache_results&quot;:true,&quot;update_post_term_cache&quot;:true,&quot;lazy_load_term_meta&quot;:true,&quot;update_post_meta_cache&quot;:true,&quot;nopaging&quot;:false,&quot;comments_per_page&quot;:&quot;50&quot;,&quot;taxonomy&quot;:&quot;post_scope&quot;,&quot;term&quot;:&quot;movilidad&quot;}\"><li class=\"page-item shadow active\"><span aria-current=\"page\" class=\"page-link current\">1<\/span><\/li><li class=\"page-item shadow\"><a class=\"page-link\" href=\"https:\/\/www.pacteindustrial.org\/es\/wp-json\/wp\/v2\/pages\/283\/?publications_page=2\">2<\/a><\/li><li class=\"page-item shadow\"><a class=\"page-link\" href=\"https:\/\/www.pacteindustrial.org\/es\/wp-json\/wp\/v2\/pages\/283\/?publications_page=3\">3<\/a><\/li><li class=\"page-item shadow\"><a class=\"next page-link\" href=\"https:\/\/www.pacteindustrial.org\/es\/wp-json\/wp\/v2\/pages\/283\/?publications_page=2\">&raquo;<\/a><\/li><\/ul><\/nav><\/section>\t\t<\/div>\n\t\t\t\t<\/div>\n\t\t\t\t<div class=\"elementor-element elementor-element-1cdfb1e6 elementor-align-center elementor-widget elementor-widget-button\" data-id=\"1cdfb1e6\" data-element_type=\"widget\" data-widget_type=\"button.default\">\n\t\t\t\t<div class=\"elementor-widget-container\">\n\t\t\t\t\t<div class=\"elementor-button-wrapper\">\n\t\t\t<a href=\"https:\/\/www.pacteindustrial.org\/es\/publicaciones\/\" class=\"elementor-button-link elementor-button elementor-size-lg\" role=\"button\">\n\t\t\t\t\t\t<span class=\"elementor-button-content-wrapper\">\n\t\t\t\t\t\t<span class=\"elementor-button-text\">Ver todas las Publicaciones<\/span>\n\t\t<\/span>\n\t\t\t\t\t<\/a>\n\t\t<\/div>\n\t\t\t\t<\/div>\n\t\t\t\t<\/div>\n\t\t\t\t\t\t<\/div>\n\t\t\t\t\t<\/div>\n\t\t<\/div>\n\t\t\t\t\t\t\t\t<\/div>\n\t\t\t\t\t<\/div>\n\t\t<\/section>\n\t\t\t\t\t\t<\/div>\n\t\t\t\t\t\t<\/div>\n\t\t\t\t\t<\/div>\n\t\t","protected":false},"excerpt":{"rendered":"<p>Movilidad Estas son las actividades y publicaciones del Pacto Industrial sobre movilidad. Actividades Mejorar la movilidad de mercanc\u00edas en los pol\u00edgonos es clave para impulsar la competitividad de la industria de la RMB Leer + Sesi\u00f3n de trabajo sobre la movilidad de mercanc\u00edas en los pol\u00edgonos industriales de la RMB Leer + 1 2 &raquo; [&#8230;]<\/p>\n","protected":false},"author":1,"featured_media":0,"parent":302,"menu_order":0,"comment_status":"closed","ping_status":"closed","template":"","meta":[],"yoast_head":"<!-- This site is optimized with the Yoast SEO plugin v16.1.1 - https:\/\/yoast.com\/wordpress\/plugins\/seo\/ -->\n<title>Movilidad - Pacte Industrial RMB<\/title>\n<link rel=\"canonical\" href=\"https:\/\/www.pacteindustrial.org\/es\/ambitos-de-actuacion\/movilidad\/\" \/>\n<meta property=\"og:locale\" content=\"es_ES\" \/>\n<meta property=\"og:type\" content=\"article\" \/>\n<meta property=\"og:title\" content=\"Movilidad - Pacte Industrial RMB\" \/>\n<meta property=\"og:description\" content=\"Movilidad Estas son las actividades y publicaciones del Pacto Industrial sobre movilidad. Actividades Mejorar la movilidad de mercanc\u00edas en los pol\u00edgonos es clave para impulsar la competitividad de la industria de la RMB Leer + Sesi\u00f3n de trabajo sobre la movilidad de mercanc\u00edas en los pol\u00edgonos industriales de la RMB Leer + 1 2 &raquo; [...]\" \/>\n<meta property=\"og:url\" content=\"https:\/\/www.pacteindustrial.org\/es\/ambitos-de-actuacion\/movilidad\/\" \/>\n<meta property=\"og:site_name\" content=\"Pacte Industrial RMB\" \/>\n<meta property=\"article:modified_time\" content=\"2021-02-16T15:05:33+00:00\" \/>\n<meta property=\"og:image\" content=\"https:\/\/www.pacteindustrial.org\/wp-content\/uploads\/2015\/04\/351a2d6e485ffde1a1d6623e147d5fd6-1-500x315.png\" \/>\n<meta name=\"twitter:card\" content=\"summary_large_image\" \/>\n<meta name=\"twitter:label1\" content=\"Tiempo de lectura\">\n\t<meta name=\"twitter:data1\" content=\"1 minuto\">\n<script type=\"application\/ld+json\" class=\"yoast-schema-graph\">{\"@context\":\"https:\/\/schema.org\",\"@graph\":[{\"@type\":\"WebSite\",\"@id\":\"https:\/\/www.pacteindustrial.org\/ca\/#website\",\"url\":\"https:\/\/www.pacteindustrial.org\/ca\/\",\"name\":\"Pacte Industrial RMB\",\"description\":\"\",\"potentialAction\":[{\"@type\":\"SearchAction\",\"target\":\"https:\/\/www.pacteindustrial.org\/ca\/?s={search_term_string}\",\"query-input\":\"required name=search_term_string\"}],\"inLanguage\":\"es\"},{\"@type\":\"ImageObject\",\"@id\":\"https:\/\/www.pacteindustrial.org\/es\/ambitos-de-actuacion\/movilidad\/#primaryimage\",\"inLanguage\":\"es\",\"url\":\"https:\/\/www.pacteindustrial.org\/wp-content\/uploads\/2015\/04\/351a2d6e485ffde1a1d6623e147d5fd6-1.png\",\"contentUrl\":\"https:\/\/www.pacteindustrial.org\/wp-content\/uploads\/2015\/04\/351a2d6e485ffde1a1d6623e147d5fd6-1.png\",\"width\":1300,\"height\":461},{\"@type\":\"WebPage\",\"@id\":\"https:\/\/www.pacteindustrial.org\/es\/ambitos-de-actuacion\/movilidad\/#webpage\",\"url\":\"https:\/\/www.pacteindustrial.org\/es\/ambitos-de-actuacion\/movilidad\/\",\"name\":\"Movilidad - Pacte Industrial RMB\",\"isPartOf\":{\"@id\":\"https:\/\/www.pacteindustrial.org\/ca\/#website\"},\"primaryImageOfPage\":{\"@id\":\"https:\/\/www.pacteindustrial.org\/es\/ambitos-de-actuacion\/movilidad\/#primaryimage\"},\"datePublished\":\"2019-06-11T08:03:43+00:00\",\"dateModified\":\"2021-02-16T15:05:33+00:00\",\"breadcrumb\":{\"@id\":\"https:\/\/www.pacteindustrial.org\/es\/ambitos-de-actuacion\/movilidad\/#breadcrumb\"},\"inLanguage\":\"es\",\"potentialAction\":[{\"@type\":\"ReadAction\",\"target\":[\"https:\/\/www.pacteindustrial.org\/es\/ambitos-de-actuacion\/movilidad\/\"]}]},{\"@type\":\"BreadcrumbList\",\"@id\":\"https:\/\/www.pacteindustrial.org\/es\/ambitos-de-actuacion\/movilidad\/#breadcrumb\",\"itemListElement\":[{\"@type\":\"ListItem\",\"position\":1,\"item\":{\"@type\":\"WebPage\",\"@id\":\"https:\/\/www.pacteindustrial.org\/es\/\",\"url\":\"https:\/\/www.pacteindustrial.org\/es\/\",\"name\":\"Home\"}},{\"@type\":\"ListItem\",\"position\":2,\"item\":{\"@type\":\"WebPage\",\"@id\":\"https:\/\/www.pacteindustrial.org\/es\/ambitos-de-actuacion\/\",\"url\":\"https:\/\/www.pacteindustrial.org\/es\/ambitos-de-actuacion\/\",\"name\":\"\\u00c1mbitos de actuaci\\u00f3n\"}},{\"@type\":\"ListItem\",\"position\":3,\"item\":{\"@type\":\"WebPage\",\"@id\":\"https:\/\/www.pacteindustrial.org\/es\/ambitos-de-actuacion\/movilidad\/\",\"url\":\"https:\/\/www.pacteindustrial.org\/es\/ambitos-de-actuacion\/movilidad\/\",\"name\":\"Movilidad\"}}]}]}<\/script>\n<!-- \/ Yoast SEO plugin. -->","_links":{"self":[{"href":"https:\/\/www.pacteindustrial.org\/es\/wp-json\/wp\/v2\/pages\/283"}],"collection":[{"href":"https:\/\/www.pacteindustrial.org\/es\/wp-json\/wp\/v2\/pages"}],"about":[{"href":"https:\/\/www.pacteindustrial.org\/es\/wp-json\/wp\/v2\/types\/page"}],"author":[{"embeddable":true,"href":"https:\/\/www.pacteindustrial.org\/es\/wp-json\/wp\/v2\/users\/1"}],"replies":[{"embeddable":true,"href":"https:\/\/www.pacteindustrial.org\/es\/wp-json\/wp\/v2\/comments?post=283"}],"version-history":[{"count":7,"href":"https:\/\/www.pacteindustrial.org\/es\/wp-json\/wp\/v2\/pages\/283\/revisions"}],"predecessor-version":[{"id":12938,"href":"https:\/\/www.pacteindustrial.org\/es\/wp-json\/wp\/v2\/pages\/283\/revisions\/12938"}],"up":[{"embeddable":true,"href":"https:\/\/www.pacteindustrial.org\/es\/wp-json\/wp\/v2\/pages\/302"}],"wp:attachment":[{"href":"https:\/\/www.pacteindustrial.org\/es\/wp-json\/wp\/v2\/media?parent=283"}],"curies":[{"name":"wp","href":"https:\/\/api.w.org\/{rel}","templated":true}]}}