{"id":286,"date":"2019-06-11T10:05:48","date_gmt":"2019-06-11T08:05:48","guid":{"rendered":"https:\/\/www.pacteindustrial.org\/politica-industrial\/"},"modified":"2023-12-18T13:01:54","modified_gmt":"2023-12-18T11:01:54","slug":"datos-y-sig","status":"publish","type":"page","link":"https:\/\/www.pacteindustrial.org\/es\/ambitos-de-actuacion\/datos-y-sig\/","title":{"rendered":"Datos y SIG"},"content":{"rendered":"\t\t<div data-elementor-type=\"wp-post\" data-elementor-id=\"286\" class=\"elementor elementor-286 elementor-78\" data-elementor-settings=\"[]\">\n\t\t\t\t\t\t<div class=\"elementor-inner\">\n\t\t\t\t\t\t\t<div class=\"elementor-section-wrap\">\n\t\t\t\t\t\t\t<section class=\"elementor-section elementor-top-section elementor-element elementor-element-7bf6e41 elementor-section-boxed elementor-section-height-default elementor-section-height-default\" data-id=\"7bf6e41\" data-element_type=\"section\">\n\t\t\t\t\t\t<div class=\"elementor-container elementor-column-gap-default\">\n\t\t\t\t\t\t\t<div class=\"elementor-row\">\n\t\t\t\t\t<div class=\"elementor-column elementor-col-33 elementor-top-column elementor-element elementor-element-c209d73\" data-id=\"c209d73\" data-element_type=\"column\">\n\t\t\t<div class=\"elementor-column-wrap elementor-element-populated\">\n\t\t\t\t\t\t\t<div class=\"elementor-widget-wrap\">\n\t\t\t\t\t\t<div class=\"elementor-element elementor-element-bb3d925 elementor-widget elementor-widget-wp-widget-nav_menu\" data-id=\"bb3d925\" data-element_type=\"widget\" data-widget_type=\"wp-widget-nav_menu.default\">\n\t\t\t\t<div class=\"elementor-widget-container\">\n\t\t\t<h5>Qu\u00e9 hacemos<\/h5><div class=\"menu-sidebar2-es-container\"><ul id=\"menu-sidebar2-es\" class=\"menu\"><li id=\"menu-item-1098\" class=\"menu-item menu-item-type-post_type menu-item-object-page menu-item-has-children menu-item-1098\"><a href=\"https:\/\/www.pacteindustrial.org\/es\/ambitos-de-actuacion\/\">\u00c1mbitos de actuaci\u00f3n<\/a>\n<ul class=\"sub-menu\">\n\t<li id=\"menu-item-5567\" class=\"menu-item menu-item-type-post_type menu-item-object-page menu-item-5567\"><a href=\"https:\/\/www.pacteindustrial.org\/es\/ambitos-de-actuacion\/sostenibilidad\/\">Sostenibilidad<\/a><\/li>\n\t<li id=\"menu-item-1100\" class=\"menu-item menu-item-type-post_type menu-item-object-page menu-item-1100\"><a href=\"https:\/\/www.pacteindustrial.org\/es\/ambitos-de-actuacion\/poligonos\/\">Pol\u00edgonos<\/a><\/li>\n\t<li id=\"menu-item-1105\" class=\"menu-item menu-item-type-post_type menu-item-object-page menu-item-1105\"><a href=\"https:\/\/www.pacteindustrial.org\/es\/ambitos-de-actuacion\/innovacion\/\">Innovaci\u00f3n<\/a><\/li>\n\t<li id=\"menu-item-1103\" class=\"menu-item menu-item-type-post_type menu-item-object-page menu-item-1103\"><a href=\"https:\/\/www.pacteindustrial.org\/es\/ambitos-de-actuacion\/movilidad\/\">Movilidad<\/a><\/li>\n\t<li id=\"menu-item-5568\" class=\"menu-item menu-item-type-post_type menu-item-object-page menu-item-5568\"><a href=\"https:\/\/www.pacteindustrial.org\/es\/ambitos-de-actuacion\/formacion\/\">Formaci\u00f3n<\/a><\/li>\n\t<li id=\"menu-item-1102\" class=\"menu-item menu-item-type-post_type menu-item-object-page menu-item-1102\"><a href=\"https:\/\/www.pacteindustrial.org\/es\/ambitos-de-actuacion\/ocupacion\/\">Ocupaci\u00f3n<\/a><\/li>\n\t<li id=\"menu-item-1104\" class=\"menu-item menu-item-type-post_type menu-item-object-page menu-item-1104\"><a href=\"https:\/\/www.pacteindustrial.org\/es\/ambitos-de-actuacion\/internacionalizacion\/\">Internacionalizaci\u00f3n<\/a><\/li>\n\t<li id=\"menu-item-1101\" class=\"menu-item menu-item-type-post_type menu-item-object-page menu-item-1101\"><a href=\"https:\/\/www.pacteindustrial.org\/es\/ambitos-de-actuacion\/datos-y-sig\/\">Datos y SIG<\/a><\/li>\n\t<li id=\"menu-item-1099\" class=\"menu-item menu-item-type-post_type menu-item-object-page menu-item-1099\"><a href=\"https:\/\/www.pacteindustrial.org\/es\/ambitos-de-actuacion\/infraestructuras\/\">Infraestructuras<\/a><\/li>\n<\/ul>\n<\/li>\n<\/ul><\/div>\t\t<\/div>\n\t\t\t\t<\/div>\n\t\t\t\t\t\t<\/div>\n\t\t\t\t\t<\/div>\n\t\t<\/div>\n\t\t\t\t<div class=\"elementor-column elementor-col-66 elementor-top-column elementor-element elementor-element-83fcb92\" data-id=\"83fcb92\" data-element_type=\"column\">\n\t\t\t<div class=\"elementor-column-wrap elementor-element-populated\">\n\t\t\t\t\t\t\t<div class=\"elementor-widget-wrap\">\n\t\t\t\t\t\t<div class=\"elementor-element elementor-element-8e8f5e9 elementor-widget elementor-widget-heading\" data-id=\"8e8f5e9\" data-element_type=\"widget\" data-widget_type=\"heading.default\">\n\t\t\t\t<div class=\"elementor-widget-container\">\n\t\t\t<h2 class=\"elementor-heading-title elementor-size-default\">Datos y SIG<\/h2>\t\t<\/div>\n\t\t\t\t<\/div>\n\t\t\t\t<div class=\"elementor-element elementor-element-13989c3 elementor-widget elementor-widget-text-editor\" data-id=\"13989c3\" data-element_type=\"widget\" data-widget_type=\"text-editor.default\">\n\t\t\t\t<div class=\"elementor-widget-container\">\n\t\t\t\t\t\t\t\t<div class=\"elementor-text-editor elementor-clearfix\">\n\t\t\t\t\t<p style=\"text-align: left;\" align=\"justify\">Tenemos a nuestro alcance algunos sistemas de informaci\u00f3n geogr\u00e1fica que contienen informaci\u00f3n relativa a los pol\u00edgonos de actividad econ\u00f3mica de nuestro territorio, como el <a href=\"https:\/\/empresa.gencat.cat\/ca\/treb_ambits_actuacio\/industria\/inversio-industrial\/sipae\/\" target=\"_blank\" rel=\"noopener\"><span style=\"text-decoration: underline;\">Sistema de Informaci\u00f3n Metropolitano de Actividad Econ\u00f3mica (SIPAE)<\/span><\/a> de la Generalitat de Catalunya y el <span style=\"text-decoration: underline;\"><a href=\"https:\/\/agenciaeconomica.amb.cat\/ca\/projectes\/detall\/-\/projecteADE\/7222133\/7154508\" target=\"_blank\" rel=\"noopener\">Portal web de los PAE metropolitanos (Info PAE)<\/a><\/span> del \u00c1rea Metropolitana de Barcelona, y de los cuales el <span style=\"text-decoration: underline;\"><a href=\"http:\/\/simae.pacteindustrial.org\/SIMAE\/visor.html\" target=\"_blank\" rel=\"noopener\">Sistema de Informaci\u00f3n Metropolitano de Actividad Econ\u00f3mica e Innovaci\u00f3n (SIMAE)<\/a><\/span> del Pacto Industrial de la Regi\u00f3n Metropolitana de Barcelona, puesto en funcionamiento el a\u00f1o 2005, es el precursor.<\/p>\t\t\t\t\t<\/div>\n\t\t\t\t\t\t<\/div>\n\t\t\t\t<\/div>\n\t\t\t\t\t\t<\/div>\n\t\t\t\t\t<\/div>\n\t\t<\/div>\n\t\t\t\t\t\t\t\t<\/div>\n\t\t\t\t\t<\/div>\n\t\t<\/section>\n\t\t\t\t\t\t<\/div>\n\t\t\t\t\t\t<\/div>\n\t\t\t\t\t<\/div>\n\t\t","protected":false},"excerpt":{"rendered":"<p>Datos y SIG Tenemos a nuestro alcance algunos sistemas de informaci\u00f3n geogr\u00e1fica que contienen informaci\u00f3n relativa a los pol\u00edgonos de actividad econ\u00f3mica de nuestro territorio, como el Sistema de Informaci\u00f3n Metropolitano de Actividad Econ\u00f3mica (SIPAE) de la Generalitat de Catalunya y el Portal web de los PAE metropolitanos (Info PAE) del \u00c1rea Metropolitana de Barcelona, [&#8230;]<\/p>\n","protected":false},"author":1,"featured_media":0,"parent":302,"menu_order":0,"comment_status":"closed","ping_status":"closed","template":"","meta":[],"yoast_head":"<!-- This site is optimized with the Yoast SEO plugin v16.1.1 - https:\/\/yoast.com\/wordpress\/plugins\/seo\/ -->\n<title>Datos y SIG - Pacte Industrial RMB<\/title>\n<link rel=\"canonical\" href=\"https:\/\/www.pacteindustrial.org\/es\/ambitos-de-actuacion\/datos-y-sig\/\" \/>\n<meta property=\"og:locale\" content=\"es_ES\" \/>\n<meta property=\"og:type\" content=\"article\" \/>\n<meta property=\"og:title\" content=\"Datos y SIG - Pacte Industrial RMB\" \/>\n<meta property=\"og:description\" content=\"Datos y SIG Tenemos a nuestro alcance algunos sistemas de informaci\u00f3n geogr\u00e1fica que contienen informaci\u00f3n relativa a los pol\u00edgonos de actividad econ\u00f3mica de nuestro territorio, como el Sistema de Informaci\u00f3n Metropolitano de Actividad Econ\u00f3mica (SIPAE) de la Generalitat de Catalunya y el Portal web de los PAE metropolitanos (Info PAE) del \u00c1rea Metropolitana de Barcelona, [...]\" \/>\n<meta property=\"og:url\" content=\"https:\/\/www.pacteindustrial.org\/es\/ambitos-de-actuacion\/datos-y-sig\/\" \/>\n<meta property=\"og:site_name\" content=\"Pacte Industrial RMB\" \/>\n<meta property=\"article:modified_time\" content=\"2023-12-18T11:01:54+00:00\" \/>\n<meta name=\"twitter:card\" content=\"summary_large_image\" \/>\n<script type=\"application\/ld+json\" class=\"yoast-schema-graph\">{\"@context\":\"https:\/\/schema.org\",\"@graph\":[{\"@type\":\"WebSite\",\"@id\":\"https:\/\/www.pacteindustrial.org\/ca\/#website\",\"url\":\"https:\/\/www.pacteindustrial.org\/ca\/\",\"name\":\"Pacte Industrial RMB\",\"description\":\"\",\"potentialAction\":[{\"@type\":\"SearchAction\",\"target\":\"https:\/\/www.pacteindustrial.org\/ca\/?s={search_term_string}\",\"query-input\":\"required name=search_term_string\"}],\"inLanguage\":\"es\"},{\"@type\":\"WebPage\",\"@id\":\"https:\/\/www.pacteindustrial.org\/es\/ambitos-de-actuacion\/datos-y-sig\/#webpage\",\"url\":\"https:\/\/www.pacteindustrial.org\/es\/ambitos-de-actuacion\/datos-y-sig\/\",\"name\":\"Datos y SIG - Pacte Industrial RMB\",\"isPartOf\":{\"@id\":\"https:\/\/www.pacteindustrial.org\/ca\/#website\"},\"datePublished\":\"2019-06-11T08:05:48+00:00\",\"dateModified\":\"2023-12-18T11:01:54+00:00\",\"breadcrumb\":{\"@id\":\"https:\/\/www.pacteindustrial.org\/es\/ambitos-de-actuacion\/datos-y-sig\/#breadcrumb\"},\"inLanguage\":\"es\",\"potentialAction\":[{\"@type\":\"ReadAction\",\"target\":[\"https:\/\/www.pacteindustrial.org\/es\/ambitos-de-actuacion\/datos-y-sig\/\"]}]},{\"@type\":\"BreadcrumbList\",\"@id\":\"https:\/\/www.pacteindustrial.org\/es\/ambitos-de-actuacion\/datos-y-sig\/#breadcrumb\",\"itemListElement\":[{\"@type\":\"ListItem\",\"position\":1,\"item\":{\"@type\":\"WebPage\",\"@id\":\"https:\/\/www.pacteindustrial.org\/es\/\",\"url\":\"https:\/\/www.pacteindustrial.org\/es\/\",\"name\":\"Home\"}},{\"@type\":\"ListItem\",\"position\":2,\"item\":{\"@type\":\"WebPage\",\"@id\":\"https:\/\/www.pacteindustrial.org\/es\/ambitos-de-actuacion\/\",\"url\":\"https:\/\/www.pacteindustrial.org\/es\/ambitos-de-actuacion\/\",\"name\":\"\\u00c1mbitos de actuaci\\u00f3n\"}},{\"@type\":\"ListItem\",\"position\":3,\"item\":{\"@type\":\"WebPage\",\"@id\":\"https:\/\/www.pacteindustrial.org\/es\/ambitos-de-actuacion\/datos-y-sig\/\",\"url\":\"https:\/\/www.pacteindustrial.org\/es\/ambitos-de-actuacion\/datos-y-sig\/\",\"name\":\"Datos y SIG\"}}]}]}<\/script>\n<!-- \/ Yoast SEO plugin. -->","_links":{"self":[{"href":"https:\/\/www.pacteindustrial.org\/es\/wp-json\/wp\/v2\/pages\/286"}],"collection":[{"href":"https:\/\/www.pacteindustrial.org\/es\/wp-json\/wp\/v2\/pages"}],"about":[{"href":"https:\/\/www.pacteindustrial.org\/es\/wp-json\/wp\/v2\/types\/page"}],"author":[{"embeddable":true,"href":"https:\/\/www.pacteindustrial.org\/es\/wp-json\/wp\/v2\/users\/1"}],"replies":[{"embeddable":true,"href":"https:\/\/www.pacteindustrial.org\/es\/wp-json\/wp\/v2\/comments?post=286"}],"version-history":[{"count":19,"href":"https:\/\/www.pacteindustrial.org\/es\/wp-json\/wp\/v2\/pages\/286\/revisions"}],"predecessor-version":[{"id":20230,"href":"https:\/\/www.pacteindustrial.org\/es\/wp-json\/wp\/v2\/pages\/286\/revisions\/20230"}],"up":[{"embeddable":true,"href":"https:\/\/www.pacteindustrial.org\/es\/wp-json\/wp\/v2\/pages\/302"}],"wp:attachment":[{"href":"https:\/\/www.pacteindustrial.org\/es\/wp-json\/wp\/v2\/media?parent=286"}],"curies":[{"name":"wp","href":"https:\/\/api.w.org\/{rel}","templated":true}]}}