{"id":307,"date":"2019-06-11T10:16:35","date_gmt":"2019-06-11T08:16:35","guid":{"rendered":"https:\/\/www.pacteindustrial.org\/organizacion\/"},"modified":"2025-10-09T14:36:24","modified_gmt":"2025-10-09T12:36:24","slug":"organizacion","status":"publish","type":"page","link":"https:\/\/www.pacteindustrial.org\/es\/quienes-somos\/organizacion\/","title":{"rendered":"Organizaci\u00f3n"},"content":{"rendered":"\t\t<div data-elementor-type=\"wp-post\" data-elementor-id=\"307\" class=\"elementor elementor-307 elementor-58\" data-elementor-settings=\"[]\">\n\t\t\t\t\t\t<div class=\"elementor-inner\">\n\t\t\t\t\t\t\t<div class=\"elementor-section-wrap\">\n\t\t\t\t\t\t\t<section class=\"elementor-section elementor-top-section elementor-element elementor-element-28d9d91 elementor-section-boxed elementor-section-height-default elementor-section-height-default\" data-id=\"28d9d91\" data-element_type=\"section\">\n\t\t\t\t\t\t<div class=\"elementor-container elementor-column-gap-default\">\n\t\t\t\t\t\t\t<div class=\"elementor-row\">\n\t\t\t\t\t<div class=\"elementor-column elementor-col-33 elementor-top-column elementor-element elementor-element-a76cae2\" data-id=\"a76cae2\" data-element_type=\"column\">\n\t\t\t<div class=\"elementor-column-wrap elementor-element-populated\">\n\t\t\t\t\t\t\t<div class=\"elementor-widget-wrap\">\n\t\t\t\t\t\t<div class=\"elementor-element elementor-element-ab59505 elementor-hidden-phone sidebar1-ca elementor-widget elementor-widget-wp-widget-nav_menu\" data-id=\"ab59505\" data-element_type=\"widget\" data-settings=\"{&quot;_animation&quot;:&quot;none&quot;}\" data-widget_type=\"wp-widget-nav_menu.default\">\n\t\t\t\t<div class=\"elementor-widget-container\">\n\t\t\t<h5>Qui\u00e9nes somos<\/h5><div class=\"menu-sidebar1-es-container\"><ul id=\"menu-sidebar1-es\" class=\"menu\"><li id=\"menu-item-8866\" class=\"menu-item menu-item-type-post_type menu-item-object-page menu-item-8866\"><a href=\"https:\/\/www.pacteindustrial.org\/es\/quienes-somos\/el-pacto-industrial\/\">El Pacto Industrial<\/a><\/li>\n<li id=\"menu-item-339\" class=\"menu-item menu-item-type-post_type menu-item-object-page menu-item-339\"><a href=\"https:\/\/www.pacteindustrial.org\/es\/quienes-somos\/historia\/\">Historia<\/a><\/li>\n<li id=\"menu-item-2004\" class=\"menu-item menu-item-type-post_type menu-item-object-page menu-item-2004\"><a href=\"https:\/\/www.pacteindustrial.org\/es\/quienes-somos\/conmemoracion-20-anos\/\">Conmemoraci\u00f3n 20 a\u00f1os<\/a><\/li>\n<li id=\"menu-item-337\" class=\"menu-item menu-item-type-post_type menu-item-object-page menu-item-337\"><a href=\"https:\/\/www.pacteindustrial.org\/es\/quienes-somos\/entidades-miembros\/\">Entidades miembros<\/a><\/li>\n<li id=\"menu-item-338\" class=\"menu-item menu-item-type-post_type menu-item-object-page menu-item-338\"><a href=\"https:\/\/www.pacteindustrial.org\/es\/quienes-somos\/organizacion\/\">Organizaci\u00f3n<\/a><\/li>\n<li id=\"menu-item-2003\" class=\"menu-item menu-item-type-post_type menu-item-object-page menu-item-2003\"><a href=\"https:\/\/www.pacteindustrial.org\/es\/quienes-somos\/transparencia\/\">Transparencia<\/a><\/li>\n<li id=\"menu-item-7908\" class=\"menu-item menu-item-type-post_type menu-item-object-page menu-item-7908\"><a href=\"https:\/\/www.pacteindustrial.org\/es\/notas-de-prensa\/\">Sala de prensa<\/a><\/li>\n<li id=\"menu-item-336\" class=\"menu-item menu-item-type-post_type menu-item-object-page menu-item-336\"><a href=\"https:\/\/www.pacteindustrial.org\/es\/quienes-somos\/contacto\/\">Contacto<\/a><\/li>\n<\/ul><\/div>\t\t<\/div>\n\t\t\t\t<\/div>\n\t\t\t\t\t\t<\/div>\n\t\t\t\t\t<\/div>\n\t\t<\/div>\n\t\t\t\t<div class=\"elementor-column elementor-col-66 elementor-top-column elementor-element elementor-element-02af598\" data-id=\"02af598\" data-element_type=\"column\">\n\t\t\t<div class=\"elementor-column-wrap elementor-element-populated\">\n\t\t\t\t\t\t\t<div class=\"elementor-widget-wrap\">\n\t\t\t\t\t\t<div class=\"elementor-element elementor-element-f6f02a9 elementor-widget elementor-widget-text-editor\" data-id=\"f6f02a9\" data-element_type=\"widget\" data-widget_type=\"text-editor.default\">\n\t\t\t\t<div class=\"elementor-widget-container\">\n\t\t\t\t\t\t\t\t<div class=\"elementor-text-editor elementor-clearfix\">\n\t\t\t\t\t<h1>Organizaci\u00f3n<\/h1>\t\t\t\t\t<\/div>\n\t\t\t\t\t\t<\/div>\n\t\t\t\t<\/div>\n\t\t\t\t<div class=\"elementor-element elementor-element-2aac700 elementor-widget elementor-widget-text-editor\" data-id=\"2aac700\" data-element_type=\"widget\" data-widget_type=\"text-editor.default\">\n\t\t\t\t<div class=\"elementor-widget-container\">\n\t\t\t\t\t\t\t\t<div class=\"elementor-text-editor elementor-clearfix\">\n\t\t\t\t\t<p>La asociaci\u00f3n Pacto Industrial de la Regi\u00f3n Metropolitana de Barcelona se estructura\u00a0<span style=\"font-size: 1rem;\">en los \u00f3rganos siguientes. A continuaci\u00f3n se detalla su composici\u00f3n despu\u00e9s de la celebraci\u00f3n del XXX C<\/span><span style=\"font-size: 1rem;\">onsejo General 08\/10\/2025.<\/span><\/p>\t\t\t\t\t<\/div>\n\t\t\t\t\t\t<\/div>\n\t\t\t\t<\/div>\n\t\t\t\t<div class=\"elementor-element elementor-element-a3614f3 elementor-widget elementor-widget-toggle\" data-id=\"a3614f3\" data-element_type=\"widget\" data-widget_type=\"toggle.default\">\n\t\t\t\t<div class=\"elementor-widget-container\">\n\t\t\t\t\t<div class=\"elementor-toggle\" role=\"tablist\">\n\t\t\t\t\t\t\t<div class=\"elementor-toggle-item\">\n\t\t\t\t\t<h2 id=\"elementor-tab-title-1711\" class=\"elementor-tab-title\" data-tab=\"1\" role=\"tab\" aria-controls=\"elementor-tab-content-1711\" aria-expanded=\"false\">\n\t\t\t\t\t\t\t\t\t\t\t\t<span class=\"elementor-toggle-icon elementor-toggle-icon-right\" aria-hidden=\"true\">\n\t\t\t\t\t\t\t\t\t\t\t\t\t\t\t<span class=\"elementor-toggle-icon-closed\"><i class=\"fas fa-plus\"><\/i><\/span>\n\t\t\t\t\t\t\t\t<span class=\"elementor-toggle-icon-opened\"><i class=\"elementor-toggle-icon-opened fas fa-minus\"><\/i><\/span>\n\t\t\t\t\t\t\t\t\t\t\t\t\t<\/span>\n\t\t\t\t\t\t\t\t\t\t\t\t<a href=\"\" class=\"elementor-toggle-title\">Consejo General<\/a>\n\t\t\t\t\t<\/h2>\n\t\t\t\t\t<div id=\"elementor-tab-content-1711\" class=\"elementor-tab-content elementor-clearfix\" data-tab=\"1\" role=\"tabpanel\" aria-labelledby=\"elementor-tab-title-1711\"><p>Es el \u00f3rgano supremo y soberano de la asociaci\u00f3n y obstenta su m\u00e1xima<br \/>representaci\u00f3n. Lo forman los representantes de todas las entidades, las instituciones y las personas jur\u00eddicas asociadas que integran el Pacto Industrial.<\/p><table><tbody><tr><td class=\"titulo_org\" colspan=\"2\">Presidente<\/td><\/tr><tr><td class=\"org_name\">Jordi Valls<\/td><td>Ajuntament de Barcelona<\/td><\/tr><\/tbody><\/table><table><tbody><tr><td class=\"titulo_org\" colspan=\"2\">Vicepresidenta en representaci\u00f3n de las administraciones locals<\/td><\/tr><tr><td class=\"org_name\">Marta Farr\u00e9s<\/td><td>Diputaci\u00f3 de Barcelona<\/td><\/tr><\/tbody><\/table><table><tbody><tr><td class=\"titulo_org\" colspan=\"2\">Vicepresidenta en representaci\u00f3n de las organizaciones empresariales<\/td><\/tr><tr><td class=\"org_name\">M.\u00aa Rosa Fiol<\/td><td>Foment del Treball<\/td><\/tr><\/tbody><\/table><table><tbody><tr><td class=\"titulo_org\" colspan=\"2\">Vicepresidenta en representaci\u00f3n de las organizaciones sindicales<\/td><\/tr><tr><td class=\"org_name\">Liliana Reyes<\/td><td>CCOO de Catalunya<\/td><\/tr><\/tbody><\/table><p><b>Y los representantes de todas las\u00a0<span style=\"text-decoration: underline;\"><a href=\"https:\/\/www.pacteindustrial.org\/es\/quienes-somos\/entidades-miembros\/\">entidades miembros<\/a><\/span>\u00a0del Pacto Industrial.<\/b><\/p><\/div>\n\t\t\t\t<\/div>\n\t\t\t\t\t\t\t<div class=\"elementor-toggle-item\">\n\t\t\t\t\t<h2 id=\"elementor-tab-title-1712\" class=\"elementor-tab-title\" data-tab=\"2\" role=\"tab\" aria-controls=\"elementor-tab-content-1712\" aria-expanded=\"false\">\n\t\t\t\t\t\t\t\t\t\t\t\t<span class=\"elementor-toggle-icon elementor-toggle-icon-right\" aria-hidden=\"true\">\n\t\t\t\t\t\t\t\t\t\t\t\t\t\t\t<span class=\"elementor-toggle-icon-closed\"><i class=\"fas fa-plus\"><\/i><\/span>\n\t\t\t\t\t\t\t\t<span class=\"elementor-toggle-icon-opened\"><i class=\"elementor-toggle-icon-opened fas fa-minus\"><\/i><\/span>\n\t\t\t\t\t\t\t\t\t\t\t\t\t<\/span>\n\t\t\t\t\t\t\t\t\t\t\t\t<a href=\"\" class=\"elementor-toggle-title\">Comit\u00e9 Ejecutivo<\/a>\n\t\t\t\t\t<\/h2>\n\t\t\t\t\t<div id=\"elementor-tab-content-1712\" class=\"elementor-tab-content elementor-clearfix\" data-tab=\"2\" role=\"tabpanel\" aria-labelledby=\"elementor-tab-title-1712\"><p>Es el \u00f3rgano permanente que rige la asociaci\u00f3n y est\u00e1 compuesto por el presidente\/a y por veintisiete miembros que representan paritariamente los bloques institucionales del Pacto Industrial: ocho por parte de las administraciones locales, ocho por parte de las organizaciones empresariales, ocho por parte de los sindicatos, uno por parte del Consorci de la Zona Franca de Barcelona y dos por parte de la Generalitat de Catalunya.<\/p><table><tbody><tr><td class=\"titulo_org\" colspan=\"2\">Presidenta<\/td><\/tr><tr><td class=\"org_name\">Ana Mar\u00eda Mart\u00ednez<\/td><td>Ajuntament de Rub\u00ed<\/td><\/tr><\/tbody><\/table><table><tbody><tr><td class=\"titulo_org\" colspan=\"2\">Representantes de las administraciones locales<\/td><\/tr><tr><td class=\"org_name\">Alba Barnusell<\/td><td>Ajuntament de Granollers<\/td><\/tr><tr><td class=\"org_name\">David Bote<\/td><td>Ajuntament de Matar\u00f3<\/td><\/tr><tr><td class=\"org_name\">Carles Brugarolas<\/td><td>Ajuntament de Sant Cugat del Vall\u00e8s<\/td><\/tr><tr><td class=\"org_name\">Marta Farr\u00e9s<\/td><td>Diputaci\u00f3 de Barcelona<\/td><\/tr><tr><td class=\"org_name\">Olga Morales<\/td><td>Ajuntament de Viladecans<\/td><\/tr><tr><td class=\"org_name\">Juan Carlos Moreno<\/td><td>Ajuntament del Prat de Llobregat<\/td><\/tr><tr><td class=\"org_name\">Ester Pujol<\/td><td>\u00c0rea Metropolitana de Barcelona<\/td><\/tr><tr><td class=\"org_name\">Cristina Sant\u00f3n<\/td><td>Ajuntament de l&#8217;Hospitalet de Llobregat (Secretar\u00eda)<\/td><\/tr><tr><td class=\"org_name\">\u00a0<\/td><td>\u00a0<\/td><\/tr><\/tbody><\/table><table><tbody><tr><td class=\"titulo_org\" colspan=\"2\">Representantes de las organizaciones empresariales<\/td><\/tr><tr><td class=\"org_name\">Mois\u00e8s Bonal<\/td><td>PIMEC<\/td><\/tr><tr><td class=\"org_name\">M. Helena de Felipe<\/td><td>Foment del Treball<\/td><\/tr><tr><td class=\"org_name\">M. Rosa Fiol<\/td><td>AEBALL &#8211; Foment del Treball<\/td><\/tr><tr><td class=\"org_name\">Concha Fuentes<\/td><td>PIMEC<\/td><\/tr><tr><td class=\"org_name\">Sergi Fuster<\/td><td>PIMEC<\/td><\/tr><tr><td class=\"org_name\">S\u00edlvia Mir\u00f3<\/td><td>PIMEC<\/td><\/tr><tr><td class=\"org_name\">Roser Mor\u00e9<\/td><td>FAGEM &#8211; Foment del Treball<\/td><\/tr><tr><td class=\"org_name\">Xavier Pan\u00e9s<\/td><td>CECOT &#8211; Foment del Treball<\/td><\/tr><\/tbody><\/table><table><tbody><tr><td class=\"titulo_org\" colspan=\"2\">Representantes de las organizaciones sindicales<\/td><\/tr><tr><td class=\"org_name\">Salvador Clar\u00f3s<\/td><td>CCOO de Catalunya<\/td><\/tr><tr><td class=\"org_name\">\u00c1ngel de Dios<\/td><td>UGT de Catalunya<\/td><\/tr><tr><td class=\"org_name\">Omar Minguill\u00f3n<\/td><td>UGT de Catalunya<\/td><\/tr><tr><td class=\"org_name\">Ruth Pastor<\/td><td>UGT de Catalunya<\/td><\/tr><tr><td class=\"org_name\">Liliana Reyes<\/td><td>CCOO de Catalunya<\/td><\/tr><tr><td class=\"org_name\">Albert Rodr\u00edguez<\/td><td>CCOO de Catalunya<\/td><\/tr><tr><td class=\"org_name\">Cristina Rodr\u00edguez<\/td><td>CCOO de Catalunya<\/td><\/tr><tr><td class=\"org_name\">Anabel Serrano<\/td><td>UGT de Catalunya<\/td><\/tr><\/tbody><\/table><table><tbody><tr><td class=\"titulo_org\" colspan=\"2\">Otros representantes<\/td><\/tr><tr><td class=\"org_name\">Jaume Bar\u00f3<\/td><td>Generalitat de Catalunya<\/td><\/tr><tr><td class=\"org_name\">Pere Navarro<\/td><td>Consorci de la Zona Franca de Barcelona<\/td><\/tr><tr><td class=\"org_name\">Francesc Trillas<\/td><td>Generalitat de Catalunya<\/td><\/tr><\/tbody><\/table><\/div>\n\t\t\t\t<\/div>\n\t\t\t\t\t\t\t<div class=\"elementor-toggle-item\">\n\t\t\t\t\t<h2 id=\"elementor-tab-title-1713\" class=\"elementor-tab-title\" data-tab=\"3\" role=\"tab\" aria-controls=\"elementor-tab-content-1713\" aria-expanded=\"false\">\n\t\t\t\t\t\t\t\t\t\t\t\t<span class=\"elementor-toggle-icon elementor-toggle-icon-right\" aria-hidden=\"true\">\n\t\t\t\t\t\t\t\t\t\t\t\t\t\t\t<span class=\"elementor-toggle-icon-closed\"><i class=\"fas fa-plus\"><\/i><\/span>\n\t\t\t\t\t\t\t\t<span class=\"elementor-toggle-icon-opened\"><i class=\"elementor-toggle-icon-opened fas fa-minus\"><\/i><\/span>\n\t\t\t\t\t\t\t\t\t\t\t\t\t<\/span>\n\t\t\t\t\t\t\t\t\t\t\t\t<a href=\"\" class=\"elementor-toggle-title\">Coordinaci\u00f3n Gerencia<\/a>\n\t\t\t\t\t<\/h2>\n\t\t\t\t\t<div id=\"elementor-tab-content-1713\" class=\"elementor-tab-content elementor-clearfix\" data-tab=\"3\" role=\"tabpanel\" aria-labelledby=\"elementor-tab-title-1713\"><p class=\"description\">El coordinador gerente es la persona responsable de la realizaci\u00f3n y coordinaci\u00f3n de todo el proceso del Pacto Industrial.<\/p><table><tbody><tr><td class=\"titulo_org\" colspan=\"3\">Coordinador Gerente<\/td><\/tr><tr><td class=\"org_name\">Carles Rivera<\/td><td><span style=\"text-decoration: underline;\"><a href=\"mailto:crivera@pacteindustrial.org\" target=\"_blank\" rel=\"noopener\">crivera@pacteindustrial.org<\/a><\/span><\/td><td><span style=\"text-decoration: underline;\"><a href=\"https:\/\/www.linkedin.com\/in\/carlesrivera\/\" target=\"_blank\" rel=\"noopener\">LinkedIn<\/a><\/span><\/td><\/tr><\/tbody><\/table><table><tbody><tr><td class=\"titulo_org\" colspan=\"3\">Responsable de Recursos y Proyectos<\/td><\/tr><tr><td class=\"org_name\">Albert Valdivia<\/td><td><span style=\"text-decoration: underline;\"><a href=\"mailto:avaldivia@pacteindustrial.org\" target=\"_blank\" rel=\"noopener\">avaldivia@pacteindustrial.org<\/a><\/span><\/td><td>\u00a0<\/td><\/tr><\/tbody><\/table><table><tbody><tr><td class=\"titulo_org\" colspan=\"3\">Proyectos y Socios<\/td><\/tr><tr><td class=\"org_name\">Sandra Jos\u00e9<\/td><td><span style=\"text-decoration: underline;\"><a href=\"mailto:sjose@pacteindustrial.org\" target=\"_blank\" rel=\"noopener\">sjose@pacteindustrial.org<\/a><\/span><\/td><td><span style=\"text-decoration: underline;\"><a href=\"https:\/\/www.linkedin.com\/in\/sandrajoseballesteros\/\" target=\"_blank\" rel=\"noopener\">LinkedIn<\/a><\/span><\/td><\/tr><\/tbody><\/table><table><tbody><tr><td class=\"titulo_org\" colspan=\"3\">Comunicaci\u00f3n<\/td><\/tr><tr><td class=\"org_name\">Carlos Mart\u00ednez<\/td><td><span style=\"text-decoration: underline;\"><a href=\"mailto:cmartinez@pacteindustrial.org\">cmartinez@pacteindustrial.org<\/a><\/span><\/td><td><span style=\"text-decoration: underline;\"><a href=\"https:\/\/www.linkedin.com\/in\/carlosmartinezrodriguez\/ \" target=\"_blank\" rel=\"noopener\">LinkedIn<\/a><\/span><\/td><\/tr><\/tbody><\/table><\/div>\n\t\t\t\t<\/div>\n\t\t\t\t\t\t\t<div class=\"elementor-toggle-item\">\n\t\t\t\t\t<h2 id=\"elementor-tab-title-1714\" class=\"elementor-tab-title\" data-tab=\"4\" role=\"tab\" aria-controls=\"elementor-tab-content-1714\" aria-expanded=\"false\">\n\t\t\t\t\t\t\t\t\t\t\t\t<span class=\"elementor-toggle-icon elementor-toggle-icon-right\" aria-hidden=\"true\">\n\t\t\t\t\t\t\t\t\t\t\t\t\t\t\t<span class=\"elementor-toggle-icon-closed\"><i class=\"fas fa-plus\"><\/i><\/span>\n\t\t\t\t\t\t\t\t<span class=\"elementor-toggle-icon-opened\"><i class=\"elementor-toggle-icon-opened fas fa-minus\"><\/i><\/span>\n\t\t\t\t\t\t\t\t\t\t\t\t\t<\/span>\n\t\t\t\t\t\t\t\t\t\t\t\t<a href=\"\" class=\"elementor-toggle-title\">Comisiones de Trabajo<\/a>\n\t\t\t\t\t<\/h2>\n\t\t\t\t\t<div id=\"elementor-tab-content-1714\" class=\"elementor-tab-content elementor-clearfix\" data-tab=\"4\" role=\"tabpanel\" aria-labelledby=\"elementor-tab-title-1714\"><p class=\"description\">Son los espacios de encuentro y debate de los miembros del Pacto Industrial sobre diferentes \u00e1mbitos. Actualmente est\u00e1n constituidas cuatro comisiones: Movilidad, Formaci\u00f3n, Actividad Econ\u00f3mica e Innovaci\u00f3n.<\/p><table><tbody><tr><td class=\"titulo_org\" colspan=\"2\">Presidente de la Comisi\u00f3n de Movilidad<\/td><\/tr><tr><td class=\"org_name\">Juan Jos\u00e9 Casado<\/td><td>UGT de Catalunya<\/td><\/tr><\/tbody><\/table><table><tbody><tr><td class=\"titulo_org\" colspan=\"2\">Presidenta de la Comisi\u00f3n de Formaci\u00f3n<\/td><\/tr><tr><td class=\"org_name\">M. Rosa Fiol<\/td><td>Foment del Treball<\/td><\/tr><\/tbody><\/table><table><tbody><tr><td class=\"titulo_org\" colspan=\"2\">Presidente de la Comisi\u00f3n de Actividad Econ\u00f3mica<\/td><\/tr><tr><td class=\"org_name\">Salvador Clar\u00f3s<\/td><td>CCOO de Catalunya<\/td><\/tr><\/tbody><\/table><table><tbody><tr><td class=\"titulo_org\" colspan=\"2\">Presidente de la Comisi\u00f3n de Innovaci\u00f3n<\/td><\/tr><tr><td class=\"org_name\">Sergi Fuster<\/td><td>PIMEC<\/td><\/tr><\/tbody><\/table><\/div>\n\t\t\t\t<\/div>\n\t\t\t\t\t\t\t\t<\/div>\n\t\t\t\t<\/div>\n\t\t\t\t<\/div>\n\t\t\t\t\t\t<\/div>\n\t\t\t\t\t<\/div>\n\t\t<\/div>\n\t\t\t\t\t\t\t\t<\/div>\n\t\t\t\t\t<\/div>\n\t\t<\/section>\n\t\t\t\t\t\t<\/div>\n\t\t\t\t\t\t<\/div>\n\t\t\t\t\t<\/div>\n\t\t","protected":false},"excerpt":{"rendered":"<p>Organizaci\u00f3n La asociaci\u00f3n Pacto Industrial de la Regi\u00f3n Metropolitana de Barcelona se estructura\u00a0en los \u00f3rganos siguientes. A continuaci\u00f3n se detalla su composici\u00f3n despu\u00e9s de la celebraci\u00f3n del XXX Consejo General 08\/10\/2025. Consejo General Es el \u00f3rgano supremo y soberano de la asociaci\u00f3n y obstenta su m\u00e1ximarepresentaci\u00f3n. Lo forman los representantes de todas las entidades, las [&#8230;]<\/p>\n","protected":false},"author":1,"featured_media":0,"parent":272,"menu_order":0,"comment_status":"closed","ping_status":"closed","template":"","meta":[],"yoast_head":"<!-- This site is optimized with the Yoast SEO plugin v16.1.1 - https:\/\/yoast.com\/wordpress\/plugins\/seo\/ -->\n<title>Organizaci\u00f3n - Pacte Industrial RMB<\/title>\n<link rel=\"canonical\" href=\"https:\/\/www.pacteindustrial.org\/es\/quienes-somos\/organizacion\/\" \/>\n<meta property=\"og:locale\" content=\"es_ES\" \/>\n<meta property=\"og:type\" content=\"article\" \/>\n<meta property=\"og:title\" content=\"Organizaci\u00f3n - Pacte Industrial RMB\" \/>\n<meta property=\"og:description\" content=\"Organizaci\u00f3n La asociaci\u00f3n Pacto Industrial de la Regi\u00f3n Metropolitana de Barcelona se estructura\u00a0en los \u00f3rganos siguientes. A continuaci\u00f3n se detalla su composici\u00f3n despu\u00e9s de la celebraci\u00f3n del XXX Consejo General 08\/10\/2025. Consejo General Es el \u00f3rgano supremo y soberano de la asociaci\u00f3n y obstenta su m\u00e1ximarepresentaci\u00f3n. Lo forman los representantes de todas las entidades, las [...]\" \/>\n<meta property=\"og:url\" content=\"https:\/\/www.pacteindustrial.org\/es\/quienes-somos\/organizacion\/\" \/>\n<meta property=\"og:site_name\" content=\"Pacte Industrial RMB\" \/>\n<meta property=\"article:modified_time\" content=\"2025-10-09T12:36:24+00:00\" \/>\n<meta name=\"twitter:card\" content=\"summary_large_image\" \/>\n<meta name=\"twitter:label1\" content=\"Tiempo de lectura\">\n\t<meta name=\"twitter:data1\" content=\"3 minutos\">\n<script type=\"application\/ld+json\" class=\"yoast-schema-graph\">{\"@context\":\"https:\/\/schema.org\",\"@graph\":[{\"@type\":\"WebSite\",\"@id\":\"https:\/\/www.pacteindustrial.org\/ca\/#website\",\"url\":\"https:\/\/www.pacteindustrial.org\/ca\/\",\"name\":\"Pacte Industrial RMB\",\"description\":\"\",\"potentialAction\":[{\"@type\":\"SearchAction\",\"target\":\"https:\/\/www.pacteindustrial.org\/ca\/?s={search_term_string}\",\"query-input\":\"required name=search_term_string\"}],\"inLanguage\":\"es\"},{\"@type\":\"WebPage\",\"@id\":\"https:\/\/www.pacteindustrial.org\/es\/quienes-somos\/organizacion\/#webpage\",\"url\":\"https:\/\/www.pacteindustrial.org\/es\/quienes-somos\/organizacion\/\",\"name\":\"Organizaci\\u00f3n - Pacte Industrial RMB\",\"isPartOf\":{\"@id\":\"https:\/\/www.pacteindustrial.org\/ca\/#website\"},\"datePublished\":\"2019-06-11T08:16:35+00:00\",\"dateModified\":\"2025-10-09T12:36:24+00:00\",\"breadcrumb\":{\"@id\":\"https:\/\/www.pacteindustrial.org\/es\/quienes-somos\/organizacion\/#breadcrumb\"},\"inLanguage\":\"es\",\"potentialAction\":[{\"@type\":\"ReadAction\",\"target\":[\"https:\/\/www.pacteindustrial.org\/es\/quienes-somos\/organizacion\/\"]}]},{\"@type\":\"BreadcrumbList\",\"@id\":\"https:\/\/www.pacteindustrial.org\/es\/quienes-somos\/organizacion\/#breadcrumb\",\"itemListElement\":[{\"@type\":\"ListItem\",\"position\":1,\"item\":{\"@type\":\"WebPage\",\"@id\":\"https:\/\/www.pacteindustrial.org\/es\/\",\"url\":\"https:\/\/www.pacteindustrial.org\/es\/\",\"name\":\"Home\"}},{\"@type\":\"ListItem\",\"position\":2,\"item\":{\"@type\":\"WebPage\",\"@id\":\"https:\/\/www.pacteindustrial.org\/es\/quienes-somos\/\",\"url\":\"https:\/\/www.pacteindustrial.org\/es\/quienes-somos\/\",\"name\":\"Qui\\u00e9nes somos\"}},{\"@type\":\"ListItem\",\"position\":3,\"item\":{\"@type\":\"WebPage\",\"@id\":\"https:\/\/www.pacteindustrial.org\/es\/quienes-somos\/organizacion\/\",\"url\":\"https:\/\/www.pacteindustrial.org\/es\/quienes-somos\/organizacion\/\",\"name\":\"Organizaci\\u00f3n\"}}]}]}<\/script>\n<!-- \/ Yoast SEO plugin. -->","_links":{"self":[{"href":"https:\/\/www.pacteindustrial.org\/es\/wp-json\/wp\/v2\/pages\/307"}],"collection":[{"href":"https:\/\/www.pacteindustrial.org\/es\/wp-json\/wp\/v2\/pages"}],"about":[{"href":"https:\/\/www.pacteindustrial.org\/es\/wp-json\/wp\/v2\/types\/page"}],"author":[{"embeddable":true,"href":"https:\/\/www.pacteindustrial.org\/es\/wp-json\/wp\/v2\/users\/1"}],"replies":[{"embeddable":true,"href":"https:\/\/www.pacteindustrial.org\/es\/wp-json\/wp\/v2\/comments?post=307"}],"version-history":[{"count":121,"href":"https:\/\/www.pacteindustrial.org\/es\/wp-json\/wp\/v2\/pages\/307\/revisions"}],"predecessor-version":[{"id":24919,"href":"https:\/\/www.pacteindustrial.org\/es\/wp-json\/wp\/v2\/pages\/307\/revisions\/24919"}],"up":[{"embeddable":true,"href":"https:\/\/www.pacteindustrial.org\/es\/wp-json\/wp\/v2\/pages\/272"}],"wp:attachment":[{"href":"https:\/\/www.pacteindustrial.org\/es\/wp-json\/wp\/v2\/media?parent=307"}],"curies":[{"name":"wp","href":"https:\/\/api.w.org\/{rel}","templated":true}]}}