{"id":309,"date":"2019-06-11T10:17:15","date_gmt":"2019-06-11T08:17:15","guid":{"rendered":"https:\/\/www.pacteindustrial.org\/publicaciones\/"},"modified":"2020-06-02T14:57:10","modified_gmt":"2020-06-02T12:57:10","slug":"publicaciones","status":"publish","type":"page","link":"https:\/\/www.pacteindustrial.org\/es\/publicaciones\/","title":{"rendered":"Publicaciones"},"content":{"rendered":"\t\t<div data-elementor-type=\"wp-post\" data-elementor-id=\"309\" class=\"elementor elementor-309 elementor-19\" data-elementor-settings=\"[]\">\n\t\t\t\t\t\t<div class=\"elementor-inner\">\n\t\t\t\t\t\t\t<div class=\"elementor-section-wrap\">\n\t\t\t\t\t\t\t<section class=\"elementor-section elementor-top-section elementor-element elementor-element-e36dd30 elementor-section-boxed elementor-section-height-default elementor-section-height-default\" data-id=\"e36dd30\" data-element_type=\"section\">\n\t\t\t\t\t\t<div class=\"elementor-container elementor-column-gap-default\">\n\t\t\t\t\t\t\t<div class=\"elementor-row\">\n\t\t\t\t\t<div class=\"elementor-column elementor-col-100 elementor-top-column elementor-element elementor-element-0e24b35\" data-id=\"0e24b35\" data-element_type=\"column\">\n\t\t\t<div class=\"elementor-column-wrap elementor-element-populated\">\n\t\t\t\t\t\t\t<div class=\"elementor-widget-wrap\">\n\t\t\t\t\t\t<div class=\"elementor-element elementor-element-ff06042 elementor-widget elementor-widget-text-editor\" data-id=\"ff06042\" data-element_type=\"widget\" data-widget_type=\"text-editor.default\">\n\t\t\t\t<div class=\"elementor-widget-container\">\n\t\t\t\t\t\t\t\t<div class=\"elementor-text-editor elementor-clearfix\">\n\t\t\t\t\t<h1>Publicaciones<\/h1><div><strong>\u00a0<\/strong><\/div><p>Las publicaciones del Pacte Industrial quieren generar debate y extraer conclusiones y propuestas de utilidad para los agentes socioecon\u00f3micos y pol\u00edticos del territorio metropolitano.<\/p>\t\t\t\t\t<\/div>\n\t\t\t\t\t\t<\/div>\n\t\t\t\t<\/div>\n\t\t\t\t\t\t<\/div>\n\t\t\t\t\t<\/div>\n\t\t<\/div>\n\t\t\t\t\t\t\t\t<\/div>\n\t\t\t\t\t<\/div>\n\t\t<\/section>\n\t\t\t\t<section class=\"elementor-section elementor-top-section elementor-element elementor-element-09fab0b elementor-section-boxed elementor-section-height-default elementor-section-height-default\" data-id=\"09fab0b\" data-element_type=\"section\">\n\t\t\t\t\t\t<div class=\"elementor-container elementor-column-gap-default\">\n\t\t\t\t\t\t\t<div class=\"elementor-row\">\n\t\t\t\t\t<div class=\"elementor-column elementor-col-100 elementor-top-column elementor-element elementor-element-590ebb1\" data-id=\"590ebb1\" data-element_type=\"column\">\n\t\t\t<div class=\"elementor-column-wrap elementor-element-populated\">\n\t\t\t\t\t\t\t<div class=\"elementor-widget-wrap\">\n\t\t\t\t\t\t<div class=\"elementor-element elementor-element-fb695b5 elementor-widget elementor-widget-pacteindustrial-addons-publications-list\" data-id=\"fb695b5\" data-element_type=\"widget\" data-widget_type=\"pacteindustrial-addons-publications-list.default\">\n\t\t\t\t<div class=\"elementor-widget-container\">\n\t\t\t<section class=\"container pacteindustrial-publications-block\" data-lang=\"es\"><div class=\"publication-filters-wrapper shadow\"><ul class=\"publication-types-filter\"><li class=\"publication-type active\"><a href=\"https:\/\/www.pacteindustrial.org\/es\/publicaciones\/\">Todas<\/a><\/li><li class=\"publication-type\"><a href=\"https:\/\/www.pacteindustrial.org\/es\/publicaciones\/?type=cuadernos-del-pacto-industrial\">Cuadernos del Pacto Industrial<\/a><\/li><li class=\"publication-type\"><a href=\"https:\/\/www.pacteindustrial.org\/es\/publicaciones\/?type=papeles-del-pacto-industrial\">Papeles del Pacto Industrial<\/a><\/li><li class=\"publication-type\"><a href=\"https:\/\/www.pacteindustrial.org\/es\/publicaciones\/?type=otras-publicaciones\">Otras publicaciones<\/a><\/li><\/ul><\/div><div class=\"pacteindustrial-publications-wrapper\"><div class=\"load-spinner\"><div class=\"loader\"><\/div><\/div><article id=\"post-26598\" class=\"card publication-entry post-26598 pi_publication type-pi_publication status-publish has-post-thumbnail hentry post_scope-innovacion post_scope-sostenibilidad pi_publication_type-otras-publicaciones\"><div class=\"row no-gutters\"><div class=\"image-wrapper col-md-3\"><a class=\"image-link\" href=\"https:\/\/www.pacteindustrial.org\/es\/publicaciones\/jornada-la-construccion-industrializada-de-vivienda-en-la-region-metropolitana-de-barcelona-factores-clave-y-financiacion\/\"><img class=\"card-img\" src=\"https:\/\/www.pacteindustrial.org\/wp-content\/uploads\/2026\/03\/Portada-Jornada-4-del-Pacte-Industrial.png\" alt=\"featured image\"><\/a><\/div><div class=\"body-wrapper col-md-9\"><div class=\"card-body\"><div class=\"card-body-header\"><a class=\"title-link\" href=\"https:\/\/www.pacteindustrial.org\/es\/publicaciones\/jornada-la-construccion-industrializada-de-vivienda-en-la-region-metropolitana-de-barcelona-factores-clave-y-financiacion\/\"><h1 class=\"post-heading\">Jornada \u00abLa construcci\u00f3n industrializada de vivienda en la regi\u00f3n metropolitana de Barcelona: factores clave y financiaci\u00f3n\u00bb<\/h1><\/a><p class=\"publication-collections\"><span class=\"collections-title\">Colecci\u00f3n: <\/span><a class=\"collection-link\" href=\"https:\/\/www.pacteindustrial.org\/es\/publicaciones\/?type=otras-publicaciones\">Otras publicaciones<\/a><\/p><\/div><div class=\"card-body-footer\"><p><a href=\"https:\/\/www.pacteindustrial.org\/es\/publicaciones\/jornada-la-construccion-industrializada-de-vivienda-en-la-region-metropolitana-de-barcelona-factores-clave-y-financiacion\/\" class=\"download-button\">Leer +<\/a><\/p><\/div><\/div><\/div><\/div><\/article><article id=\"post-25641\" class=\"card publication-entry post-25641 pi_publication type-pi_publication status-publish has-post-thumbnail hentry post_scope-sostenibilidad pi_publication_type-papeles-del-pacto-industrial\"><div class=\"row no-gutters\"><div class=\"image-wrapper col-md-3\"><a class=\"image-link\" href=\"https:\/\/www.pacteindustrial.org\/es\/publicaciones\/iniciativas-locales-para-impulsar-la-gobernanza-de-la-economia-circular\/\"><img class=\"card-img\" src=\"https:\/\/www.pacteindustrial.org\/wp-content\/uploads\/2025\/12\/Portada-Papel-12-del-Pacto-Industrial.png\" alt=\"featured image\"><\/a><\/div><div class=\"body-wrapper col-md-9\"><div class=\"card-body\"><div class=\"card-body-header\"><a class=\"title-link\" href=\"https:\/\/www.pacteindustrial.org\/es\/publicaciones\/iniciativas-locales-para-impulsar-la-gobernanza-de-la-economia-circular\/\"><h1 class=\"post-heading\">Iniciativas locales para impulsar la gobernanza de la econom\u00eda circular<\/h1><\/a><p class=\"publication-authors\"><span class=\"authors-title\">Autores: <\/span><a class=\"author-link\" href=\"https:\/\/www.pacteindustrial.org\/ca\/fem-xarxa\/sonia-llorens-i-cervera\/\">S\u00f2nia Llorens i Cervera<\/a>, <a class=\"author-link\" href=\"https:\/\/www.pacteindustrial.org\/ca\/fem-xarxa\/ariadna-benet-i-monico\/\">Ariadna Benet i M\u00f2nico<\/a>, <a class=\"author-link\" href=\"https:\/\/www.pacteindustrial.org\/ca\/fem-xarxa\/sergi-rovira-i-perez\/\">Sergi Rovira i P\u00e9rez<\/a><\/p><p class=\"publication-collections\"><span class=\"collections-title\">Colecci\u00f3n: <\/span><a class=\"collection-link\" href=\"https:\/\/www.pacteindustrial.org\/es\/publicaciones\/?type=papeles-del-pacto-industrial\">Papeles del Pacto Industrial<\/a><\/p><\/div><div class=\"card-body-footer\"><p><a href=\"https:\/\/www.pacteindustrial.org\/es\/publicaciones\/iniciativas-locales-para-impulsar-la-gobernanza-de-la-economia-circular\/\" class=\"download-button\">Leer +<\/a><\/p><\/div><\/div><\/div><\/div><\/article><article id=\"post-24389\" class=\"card publication-entry post-24389 pi_publication type-pi_publication status-publish has-post-thumbnail hentry post_scope-poligonos pi_publication_type-otras-publicaciones\"><div class=\"row no-gutters\"><div class=\"image-wrapper col-md-3\"><a class=\"image-link\" href=\"https:\/\/www.pacteindustrial.org\/es\/publicaciones\/poligonos-de-actividad-economica-en-catalunya-retos-y-escenarios-reguladores\/\"><img class=\"card-img\" src=\"https:\/\/www.pacteindustrial.org\/wp-content\/uploads\/2025\/06\/Poligons-dactivitat-economica-a-Catalunya-reptes-i-escenaris-reguladors.png\" alt=\"featured image\"><\/a><\/div><div class=\"body-wrapper col-md-9\"><div class=\"card-body\"><div class=\"card-body-header\"><a class=\"title-link\" href=\"https:\/\/www.pacteindustrial.org\/es\/publicaciones\/poligonos-de-actividad-economica-en-catalunya-retos-y-escenarios-reguladores\/\"><h1 class=\"post-heading\">Pol\u00edgonos de actividad econ\u00f3mica en Catalunya: retos y escenarios reguladores<\/h1><\/a><p class=\"publication-authors\"><span class=\"authors-title\">Autores: <\/span><a class=\"author-link\" href=\"https:\/\/www.pacteindustrial.org\/ca\/fem-xarxa\/jaume-amill-miralles\/\">Jaume Amill Miralles<\/a>, <a class=\"author-link\" href=\"https:\/\/www.pacteindustrial.org\/ca\/fem-xarxa\/marti-pol-nuevo\/\">Mart\u00ed Pol Nuevo<\/a>, <a class=\"author-link\" href=\"https:\/\/www.pacteindustrial.org\/ca\/fem-xarxa\/claudia-puig-fernandez\/\">Claudia Puig Fern\u00e1ndez<\/a><\/p><p class=\"publication-collections\"><span class=\"collections-title\">Colecci\u00f3n: <\/span><a class=\"collection-link\" href=\"https:\/\/www.pacteindustrial.org\/es\/publicaciones\/?type=otras-publicaciones\">Otras publicaciones<\/a><\/p><\/div><div class=\"card-body-footer\"><p><a href=\"https:\/\/www.pacteindustrial.org\/es\/publicaciones\/poligonos-de-actividad-economica-en-catalunya-retos-y-escenarios-reguladores\/\" class=\"download-button\">Leer +<\/a><\/p><\/div><\/div><\/div><\/div><\/article><article id=\"post-25169\" class=\"card publication-entry post-25169 pi_publication type-pi_publication status-publish has-post-thumbnail hentry post_scope-innovacion pi_publication_type-otras-publicaciones\"><div class=\"row no-gutters\"><div class=\"image-wrapper col-md-3\"><a class=\"image-link\" href=\"https:\/\/www.pacteindustrial.org\/es\/publicaciones\/jornada-la-construccion-industrializada-de-vivienda-en-la-region-metropolitana-de-barcelona-mas-rapida-mas-asequible-y-mas-sostenible\/\"><img class=\"card-img\" src=\"https:\/\/www.pacteindustrial.org\/wp-content\/uploads\/2025\/10\/Portada-Jornada-3-del-Pacte-Industrial.png\" alt=\"featured image\"><\/a><\/div><div class=\"body-wrapper col-md-9\"><div class=\"card-body\"><div class=\"card-body-header\"><a class=\"title-link\" href=\"https:\/\/www.pacteindustrial.org\/es\/publicaciones\/jornada-la-construccion-industrializada-de-vivienda-en-la-region-metropolitana-de-barcelona-mas-rapida-mas-asequible-y-mas-sostenible\/\"><h1 class=\"post-heading\">Jornada \u00abLa construcci\u00f3n industrializada de vivienda en la regi\u00f3n metropolitana de Barcelona: \u00bfm\u00e1s r\u00e1pida, m\u00e1s asequible y m\u00e1s sostenible?\u00bb<\/h1><\/a><p class=\"publication-collections\"><span class=\"collections-title\">Colecci\u00f3n: <\/span><a class=\"collection-link\" href=\"https:\/\/www.pacteindustrial.org\/es\/publicaciones\/?type=otras-publicaciones\">Otras publicaciones<\/a><\/p><\/div><div class=\"card-body-footer\"><p><a href=\"https:\/\/www.pacteindustrial.org\/es\/publicaciones\/jornada-la-construccion-industrializada-de-vivienda-en-la-region-metropolitana-de-barcelona-mas-rapida-mas-asequible-y-mas-sostenible\/\" class=\"download-button\">Leer +<\/a><\/p><\/div><\/div><\/div><\/div><\/article><article id=\"post-24131\" class=\"card publication-entry post-24131 pi_publication type-pi_publication status-publish has-post-thumbnail hentry post_scope-politica-industrial-es pi_publication_type-papeles-del-pacto-industrial\"><div class=\"row no-gutters\"><div class=\"image-wrapper col-md-3\"><a class=\"image-link\" href=\"https:\/\/www.pacteindustrial.org\/es\/publicaciones\/experiencias-de-concertacion-social-de-interes-para-el-entorno-industrial-una-vision-desde-el-derecho-del-trabajo\/\"><img class=\"card-img\" src=\"https:\/\/www.pacteindustrial.org\/wp-content\/uploads\/2025\/05\/Portada-Papel-11-del-Pacto-Industrial.png\" alt=\"featured image\"><\/a><\/div><div class=\"body-wrapper col-md-9\"><div class=\"card-body\"><div class=\"card-body-header\"><a class=\"title-link\" href=\"https:\/\/www.pacteindustrial.org\/es\/publicaciones\/experiencias-de-concertacion-social-de-interes-para-el-entorno-industrial-una-vision-desde-el-derecho-del-trabajo\/\"><h1 class=\"post-heading\">Experiencias de concertaci\u00f3n social de inter\u00e9s para el entorno industrial: una visi\u00f3n desde el derecho del trabajo<\/h1><\/a><p class=\"publication-authors\"><span class=\"authors-title\">Autor: <\/span><a class=\"author-link\" href=\"https:\/\/www.pacteindustrial.org\/ca\/fem-xarxa\/helena-ysas-molinero\/\">Helena Ys\u00e0s Molinero<\/a><\/p><p class=\"publication-collections\"><span class=\"collections-title\">Colecci\u00f3n: <\/span><a class=\"collection-link\" href=\"https:\/\/www.pacteindustrial.org\/es\/publicaciones\/?type=papeles-del-pacto-industrial\">Papeles del Pacto Industrial<\/a><\/p><\/div><div class=\"card-body-footer\"><p><a href=\"https:\/\/www.pacteindustrial.org\/es\/publicaciones\/experiencias-de-concertacion-social-de-interes-para-el-entorno-industrial-una-vision-desde-el-derecho-del-trabajo\/\" class=\"download-button\">Leer +<\/a><\/p><\/div><\/div><\/div><\/div><\/article><\/div><nav class=\"ajax-publications-pagination-wrapper\" aria-label=\"Paginador de puiblicaciones\"><ul class=\"pagination ajax-publications-pagination\" data-query-vars=\"{&quot;post_type&quot;:&quot;pi_publication&quot;,&quot;post_status&quot;:&quot;publish&quot;,&quot;no_found_rows&quot;:false,&quot;ignore_sticky_posts&quot;:true,&quot;orderby&quot;:&quot;date&quot;,&quot;order&quot;:&quot;DESC&quot;,&quot;posts_per_page&quot;:5,&quot;paged&quot;:1,&quot;error&quot;:&quot;&quot;,&quot;m&quot;:&quot;&quot;,&quot;p&quot;:0,&quot;post_parent&quot;:&quot;&quot;,&quot;subpost&quot;:&quot;&quot;,&quot;subpost_id&quot;:&quot;&quot;,&quot;attachment&quot;:&quot;&quot;,&quot;attachment_id&quot;:0,&quot;name&quot;:&quot;&quot;,&quot;pagename&quot;:&quot;&quot;,&quot;page_id&quot;:0,&quot;second&quot;:&quot;&quot;,&quot;minute&quot;:&quot;&quot;,&quot;hour&quot;:&quot;&quot;,&quot;day&quot;:0,&quot;monthnum&quot;:0,&quot;year&quot;:0,&quot;w&quot;:0,&quot;category_name&quot;:&quot;&quot;,&quot;tag&quot;:&quot;&quot;,&quot;cat&quot;:&quot;&quot;,&quot;tag_id&quot;:&quot;&quot;,&quot;author&quot;:&quot;&quot;,&quot;author_name&quot;:&quot;&quot;,&quot;feed&quot;:&quot;&quot;,&quot;tb&quot;:&quot;&quot;,&quot;meta_key&quot;:&quot;&quot;,&quot;meta_value&quot;:&quot;&quot;,&quot;preview&quot;:&quot;&quot;,&quot;s&quot;:&quot;&quot;,&quot;sentence&quot;:&quot;&quot;,&quot;title&quot;:&quot;&quot;,&quot;fields&quot;:&quot;&quot;,&quot;menu_order&quot;:&quot;&quot;,&quot;embed&quot;:&quot;&quot;,&quot;category__in&quot;:[],&quot;category__not_in&quot;:[],&quot;category__and&quot;:[],&quot;post__in&quot;:[],&quot;post__not_in&quot;:[],&quot;post_name__in&quot;:[],&quot;tag__in&quot;:[],&quot;tag__not_in&quot;:[],&quot;tag__and&quot;:[],&quot;tag_slug__in&quot;:[],&quot;tag_slug__and&quot;:[],&quot;post_parent__in&quot;:[],&quot;post_parent__not_in&quot;:[],&quot;author__in&quot;:[],&quot;author__not_in&quot;:[],&quot;meta_query&quot;:[],&quot;suppress_filters&quot;:false,&quot;cache_results&quot;:true,&quot;update_post_term_cache&quot;:true,&quot;lazy_load_term_meta&quot;:true,&quot;update_post_meta_cache&quot;:true,&quot;nopaging&quot;:false,&quot;comments_per_page&quot;:&quot;50&quot;}\"><li class=\"page-item shadow active\"><span aria-current=\"page\" class=\"page-link current\">1<\/span><\/li><li class=\"page-item shadow\"><a class=\"page-link\" href=\"https:\/\/www.pacteindustrial.org\/es\/wp-json\/wp\/v2\/pages\/309\/?publications_page=2\">2<\/a><\/li><li class=\"page-item shadow\"><a class=\"page-link\" href=\"https:\/\/www.pacteindustrial.org\/es\/wp-json\/wp\/v2\/pages\/309\/?publications_page=3\">3<\/a><\/li><li class=\"page-item shadow\"><span class=\"page-link dots\">&hellip;<\/span><\/li><li class=\"page-item shadow\"><a class=\"page-link\" href=\"https:\/\/www.pacteindustrial.org\/es\/wp-json\/wp\/v2\/pages\/309\/?publications_page=7\">7<\/a><\/li><li class=\"page-item shadow\"><a class=\"next page-link\" href=\"https:\/\/www.pacteindustrial.org\/es\/wp-json\/wp\/v2\/pages\/309\/?publications_page=2\">&raquo;<\/a><\/li><\/ul><\/nav><\/section>\t\t<\/div>\n\t\t\t\t<\/div>\n\t\t\t\t\t\t<\/div>\n\t\t\t\t\t<\/div>\n\t\t<\/div>\n\t\t\t\t\t\t\t\t<\/div>\n\t\t\t\t\t<\/div>\n\t\t<\/section>\n\t\t\t\t\t\t<\/div>\n\t\t\t\t\t\t<\/div>\n\t\t\t\t\t<\/div>\n\t\t","protected":false},"excerpt":{"rendered":"<p>Publicaciones \u00a0 Las publicaciones del Pacte Industrial quieren generar debate y extraer conclusiones y propuestas de utilidad para los agentes socioecon\u00f3micos y pol\u00edticos del territorio metropolitano. Todas Cuadernos del Pacto Industrial Papeles del Pacto Industrial Otras publicaciones Qu\u00e9 es la econom\u00eda circular y por qu\u00e9 es importante para el territorio Autores: Xavier Marcet, Marc Marcet [&#8230;]<\/p>\n","protected":false},"author":1,"featured_media":0,"parent":0,"menu_order":0,"comment_status":"closed","ping_status":"closed","template":"","meta":[],"yoast_head":"<!-- This site is optimized with the Yoast SEO plugin v16.1.1 - https:\/\/yoast.com\/wordpress\/plugins\/seo\/ -->\n<title>Publicaciones - Pacte Industrial RMB<\/title>\n<link rel=\"canonical\" href=\"https:\/\/www.pacteindustrial.org\/es\/publicaciones\/\" \/>\n<meta property=\"og:locale\" content=\"es_ES\" \/>\n<meta property=\"og:type\" content=\"article\" \/>\n<meta property=\"og:title\" content=\"Publicaciones - Pacte Industrial RMB\" \/>\n<meta property=\"og:description\" content=\"Publicaciones \u00a0 Las publicaciones del Pacte Industrial quieren generar debate y extraer conclusiones y propuestas de utilidad para los agentes socioecon\u00f3micos y pol\u00edticos del territorio metropolitano. Todas Cuadernos del Pacto Industrial Papeles del Pacto Industrial Otras publicaciones Qu\u00e9 es la econom\u00eda circular y por qu\u00e9 es importante para el territorio Autores: Xavier Marcet, Marc Marcet [...]\" \/>\n<meta property=\"og:url\" content=\"https:\/\/www.pacteindustrial.org\/es\/publicaciones\/\" \/>\n<meta property=\"og:site_name\" content=\"Pacte Industrial RMB\" \/>\n<meta property=\"article:modified_time\" content=\"2020-06-02T12:57:10+00:00\" \/>\n<meta property=\"og:image\" content=\"https:\/\/www.pacteindustrial.org\/wp-content\/uploads\/2018\/02\/p4-img-es.jpg\" \/>\n<meta name=\"twitter:card\" content=\"summary_large_image\" \/>\n<meta name=\"twitter:label1\" content=\"Tiempo de lectura\">\n\t<meta name=\"twitter:data1\" content=\"1 minuto\">\n<script type=\"application\/ld+json\" class=\"yoast-schema-graph\">{\"@context\":\"https:\/\/schema.org\",\"@graph\":[{\"@type\":\"WebSite\",\"@id\":\"https:\/\/www.pacteindustrial.org\/ca\/#website\",\"url\":\"https:\/\/www.pacteindustrial.org\/ca\/\",\"name\":\"Pacte Industrial RMB\",\"description\":\"\",\"potentialAction\":[{\"@type\":\"SearchAction\",\"target\":\"https:\/\/www.pacteindustrial.org\/ca\/?s={search_term_string}\",\"query-input\":\"required name=search_term_string\"}],\"inLanguage\":\"es\"},{\"@type\":\"ImageObject\",\"@id\":\"https:\/\/www.pacteindustrial.org\/es\/publicaciones\/#primaryimage\",\"inLanguage\":\"es\",\"url\":\"https:\/\/www.pacteindustrial.org\/wp-content\/uploads\/2018\/02\/p4-img-es.jpg\",\"contentUrl\":\"https:\/\/www.pacteindustrial.org\/wp-content\/uploads\/2018\/02\/p4-img-es.jpg\",\"width\":350,\"height\":515},{\"@type\":\"WebPage\",\"@id\":\"https:\/\/www.pacteindustrial.org\/es\/publicaciones\/#webpage\",\"url\":\"https:\/\/www.pacteindustrial.org\/es\/publicaciones\/\",\"name\":\"Publicaciones - Pacte Industrial RMB\",\"isPartOf\":{\"@id\":\"https:\/\/www.pacteindustrial.org\/ca\/#website\"},\"primaryImageOfPage\":{\"@id\":\"https:\/\/www.pacteindustrial.org\/es\/publicaciones\/#primaryimage\"},\"datePublished\":\"2019-06-11T08:17:15+00:00\",\"dateModified\":\"2020-06-02T12:57:10+00:00\",\"breadcrumb\":{\"@id\":\"https:\/\/www.pacteindustrial.org\/es\/publicaciones\/#breadcrumb\"},\"inLanguage\":\"es\",\"potentialAction\":[{\"@type\":\"ReadAction\",\"target\":[\"https:\/\/www.pacteindustrial.org\/es\/publicaciones\/\"]}]},{\"@type\":\"BreadcrumbList\",\"@id\":\"https:\/\/www.pacteindustrial.org\/es\/publicaciones\/#breadcrumb\",\"itemListElement\":[{\"@type\":\"ListItem\",\"position\":1,\"item\":{\"@type\":\"WebPage\",\"@id\":\"https:\/\/www.pacteindustrial.org\/es\/\",\"url\":\"https:\/\/www.pacteindustrial.org\/es\/\",\"name\":\"Home\"}},{\"@type\":\"ListItem\",\"position\":2,\"item\":{\"@type\":\"WebPage\",\"@id\":\"https:\/\/www.pacteindustrial.org\/es\/publicaciones\/\",\"url\":\"https:\/\/www.pacteindustrial.org\/es\/publicaciones\/\",\"name\":\"Publicaciones\"}}]}]}<\/script>\n<!-- \/ Yoast SEO plugin. -->","_links":{"self":[{"href":"https:\/\/www.pacteindustrial.org\/es\/wp-json\/wp\/v2\/pages\/309"}],"collection":[{"href":"https:\/\/www.pacteindustrial.org\/es\/wp-json\/wp\/v2\/pages"}],"about":[{"href":"https:\/\/www.pacteindustrial.org\/es\/wp-json\/wp\/v2\/types\/page"}],"author":[{"embeddable":true,"href":"https:\/\/www.pacteindustrial.org\/es\/wp-json\/wp\/v2\/users\/1"}],"replies":[{"embeddable":true,"href":"https:\/\/www.pacteindustrial.org\/es\/wp-json\/wp\/v2\/comments?post=309"}],"version-history":[{"count":13,"href":"https:\/\/www.pacteindustrial.org\/es\/wp-json\/wp\/v2\/pages\/309\/revisions"}],"predecessor-version":[{"id":14059,"href":"https:\/\/www.pacteindustrial.org\/es\/wp-json\/wp\/v2\/pages\/309\/revisions\/14059"}],"wp:attachment":[{"href":"https:\/\/www.pacteindustrial.org\/es\/wp-json\/wp\/v2\/media?parent=309"}],"curies":[{"name":"wp","href":"https:\/\/api.w.org\/{rel}","templated":true}]}}