{"id":7894,"date":"2020-04-21T11:43:19","date_gmt":"2020-04-21T09:43:19","guid":{"rendered":"https:\/\/www.pacteindustrial.org\/notas-de-prensa\/"},"modified":"2020-11-08T12:14:15","modified_gmt":"2020-11-08T10:14:15","slug":"notas-de-prensa","status":"publish","type":"page","link":"https:\/\/www.pacteindustrial.org\/es\/notas-de-prensa\/","title":{"rendered":"Notas de prensa"},"content":{"rendered":"\t\t<div data-elementor-type=\"wp-page\" data-elementor-id=\"7894\" class=\"elementor elementor-7894 elementor-6910\" data-elementor-settings=\"[]\">\n\t\t\t\t\t\t<div class=\"elementor-inner\">\n\t\t\t\t\t\t\t<div class=\"elementor-section-wrap\">\n\t\t\t\t\t\t\t<section class=\"elementor-section elementor-top-section elementor-element elementor-element-22ca0580 elementor-section-boxed elementor-section-height-default elementor-section-height-default\" data-id=\"22ca0580\" data-element_type=\"section\">\n\t\t\t\t\t\t<div class=\"elementor-container elementor-column-gap-default\">\n\t\t\t\t\t\t\t<div class=\"elementor-row\">\n\t\t\t\t\t<div class=\"elementor-column elementor-col-33 elementor-top-column elementor-element elementor-element-7e794a4c\" data-id=\"7e794a4c\" data-element_type=\"column\">\n\t\t\t<div class=\"elementor-column-wrap elementor-element-populated\">\n\t\t\t\t\t\t\t<div class=\"elementor-widget-wrap\">\n\t\t\t\t\t\t<div class=\"elementor-element elementor-element-5995545a elementor-widget elementor-widget-wp-widget-nav_menu\" data-id=\"5995545a\" data-element_type=\"widget\" data-widget_type=\"wp-widget-nav_menu.default\">\n\t\t\t\t<div class=\"elementor-widget-container\">\n\t\t\t<h5>Sala de prensa<\/h5><div class=\"menu-sala-de-prensa-container\"><ul id=\"menu-sala-de-prensa\" class=\"menu\"><li id=\"menu-item-7906\" class=\"menu-item menu-item-type-post_type menu-item-object-page menu-item-7906\"><a href=\"https:\/\/www.pacteindustrial.org\/es\/notas-de-prensa\/\">Notas de prensa<\/a><\/li>\n<li id=\"menu-item-7907\" class=\"menu-item menu-item-type-post_type menu-item-object-page menu-item-7907\"><a href=\"https:\/\/www.pacteindustrial.org\/es\/convocatorias-de-prensa\/\">Convocatorias de prensa<\/a><\/li>\n<li id=\"menu-item-7928\" class=\"menu-item menu-item-type-post_type menu-item-object-page menu-item-7928\"><a href=\"https:\/\/www.pacteindustrial.org\/es\/materiales-de-recurso\/\">Materiales de recurso<\/a><\/li>\n<\/ul><\/div>\t\t<\/div>\n\t\t\t\t<\/div>\n\t\t\t\t<div class=\"elementor-element elementor-element-c574545 elementor-widget elementor-widget-shortcode\" data-id=\"c574545\" data-element_type=\"widget\" data-widget_type=\"shortcode.default\">\n\t\t\t\t<div class=\"elementor-widget-container\">\n\t\t\t\t\t<div class=\"elementor-shortcode\"><div class=\"contact-info-for-press\"><h5>Contacto:<\/h5>\n<p><strong>Carlos Mart\u00ednez<\/strong><br \/>\n<a href=\"mailto:cmartinez@pacteindustrial.org\">cmartinez@pacteindustrial.org<\/a><br \/>\n93 260 02 22<br \/>\n669 54 09 84<\/p>\n<\/div><\/div>\n\t\t\t\t<\/div>\n\t\t\t\t<\/div>\n\t\t\t\t\t\t<\/div>\n\t\t\t\t\t<\/div>\n\t\t<\/div>\n\t\t\t\t<div class=\"elementor-column elementor-col-66 elementor-top-column elementor-element elementor-element-4e36921e\" data-id=\"4e36921e\" data-element_type=\"column\">\n\t\t\t<div class=\"elementor-column-wrap elementor-element-populated\">\n\t\t\t\t\t\t\t<div class=\"elementor-widget-wrap\">\n\t\t\t\t\t\t<div class=\"elementor-element elementor-element-6206e303 elementor-widget elementor-widget-heading\" data-id=\"6206e303\" data-element_type=\"widget\" data-widget_type=\"heading.default\">\n\t\t\t\t<div class=\"elementor-widget-container\">\n\t\t\t<h2 class=\"elementor-heading-title elementor-size-default\">Notas de prensa<\/h2>\t\t<\/div>\n\t\t\t\t<\/div>\n\t\t\t\t<div class=\"elementor-element elementor-element-776a9ee6 elementor-widget elementor-widget-text-editor\" data-id=\"776a9ee6\" data-element_type=\"widget\" data-widget_type=\"text-editor.default\">\n\t\t\t\t<div class=\"elementor-widget-container\">\n\t\t\t\t\t\t\t\t<div class=\"elementor-text-editor elementor-clearfix\">\n\t\t\t\t\t<p>Este es el espacio de la p\u00e1gina web dirigido a los medios de comunicaci\u00f3n donde encontrar\u00e9is las notas de prensa, convocatorias y diversos materiales que ponemos a vuestra disposici\u00f3n. No dud\u00e9is en poneros en contacto con nosotros para complementar cualquier informaci\u00f3n.<\/p>\t\t\t\t\t<\/div>\n\t\t\t\t\t\t<\/div>\n\t\t\t\t<\/div>\n\t\t\t\t<div class=\"elementor-element elementor-element-66b8ef4 elementor-widget elementor-widget-pacteindustrial-addons-pressrelease-list\" data-id=\"66b8ef4\" data-element_type=\"widget\" data-widget_type=\"pacteindustrial-addons-pressrelease-list.default\">\n\t\t\t\t<div class=\"elementor-widget-container\">\n\t\t\t<section id=\"llista-premsa\" class=\"contanier pacteindustrial-pressreleases-block\" data-listing-type=\"complete\"><div class=\"pacteindustrial-pressreleases-wrapper card-deck\"><article id=\"post-9222\" class=\"pressrelease-item shadow card post-9222 pi_pressrelease type-pi_pressrelease status-publish hentry\"><div class=\"row no-gutters\"><a class=\"entry-link\" href=\"https:\/\/www.pacteindustrial.org\/es\/notas-pensa\/el-pacte-entre-els-actors-socioeconomics-es-fonamental-per-impulsar-una-reindustrialitzacio-sostenible\/\"><div class=\"image-wrapper col-4\"><img class=\"card-img\" src=\"https:\/\/www.pacteindustrial.org\/wp-content\/plugins\/pacteindustrial-elementor-addons\/resources\/images\/default_pacte_event_image.jpg\" alt=\"default image\"><\/div><div class=\"body-wrapper col-8\"><div class=\"card-body\"><div class=\"main-content\"><p class=\"card-date\">05-06-2020<\/p><h1 class=\"post-heading\">El pacte entre els actors socioecon\u00f2mics \u00e9s fonamental per impulsar una reindustrialitzaci\u00f3 sostenible<\/h1><p class=\"card-excerpt\"><p><span class=\"TextRun SCXW206684896 BCX0\" lang=\"CA-ES\" xml:lang=\"CA-ES\" data-contrast=\"auto\"><span class=\"NormalTextRun SCXW206684896 BCX0\">El Palau\u00a0<\/span><\/span><span class=\"TextRun SCXW206684896 BCX0\" lang=\"CA-ES\" xml:lang=\"CA-ES\" data-contrast=\"auto\"><span class=\"SpellingError SCXW206684896 BCX0\">Macaya<\/span><\/span><span class=\"TextRun SCXW206684896 BCX0\" lang=\"CA-ES\" xml:lang=\"CA-ES\" data-contrast=\"auto\"><span class=\"NormalTextRun SCXW206684896 BCX0\">\u00a0de l<\/span><\/span><span class=\"TextRun SCXW206684896 BCX0\" lang=\"CA-ES\" xml:lang=\"CA-ES\" data-contrast=\"auto\"><span class=\"NormalTextRun SCXW206684896 BCX0\">&#8216;<\/span><\/span><span class=\"TextRun SCXW206684896 BCX0\" lang=\"CA-ES\" xml:lang=\"CA-ES\" data-contrast=\"auto\"><span class=\"NormalTextRun SCXW206684896 BCX0\">Obra Social\u00a0<\/span><\/span><span class=\"TextRun SCXW206684896 BCX0\" lang=\"CA-ES\" xml:lang=\"CA-ES\" data-contrast=\"auto\"><span class=\"NormalTextRun SCXW206684896 BCX0\">\u00ab<\/span><\/span><span class=\"TextRun SCXW206684896 BCX0\" lang=\"CA-ES\" xml:lang=\"CA-ES\" data-contrast=\"auto\"><span class=\"NormalTextRun SCXW206684896 BCX0\">la Caixa<\/span><\/span><span class=\"TextRun SCXW206684896 BCX0\" lang=\"CA-ES\" xml:lang=\"CA-ES\" data-contrast=\"auto\"><span class=\"NormalTextRun SCXW206684896 BCX0\">\u00ab<\/span><\/span><span class=\"TextRun SCXW206684896 BCX0\" lang=\"CA-ES\" xml:lang=\"CA-ES\" data-contrast=\"auto\"><span class=\"NormalTextRun SCXW206684896 BCX0\">\u00a0i el Pacte Industrial han presentat<\/span><\/span><span class=\"TextRun SCXW206684896 BCX0\" lang=\"CA-ES\" xml:lang=\"CA-ES\" data-contrast=\"auto\"><span class=\"NormalTextRun SCXW206684896 BCX0\">\u00a0l<\/span><\/span><span class=\"TextRun SCXW206684896 BCX0\" lang=\"CA-ES\" xml:lang=\"CA-ES\" data-contrast=\"auto\"><span class=\"NormalTextRun SCXW206684896 BCX0\">a jornada de clausura del cicle\u00a0<\/span><\/span><span class=\"TextRun SCXW206684896 BCX0\" lang=\"CA-ES\" xml:lang=\"CA-ES\" data-contrast=\"auto\"><span class=\"NormalTextRun SCXW206684896 BCX0\">\u00ab<\/span><\/span><span class=\"TextRun SCXW206684896 BCX0\" lang=\"CA-ES\" xml:lang=\"CA-ES\" data-contrast=\"auto\"><span class=\"SpellingError SCXW206684896 BCX0\">Reindustrialitzaci\u00f3<\/span><\/span><span class=\"TextRun SCXW206684896 BCX0\" lang=\"CA-ES\" xml:lang=\"CA-ES\" data-contrast=\"auto\"><span class=\"NormalTextRun SCXW206684896 BCX0\">\u00a0i sostenibilitat. Horitzons per a nou desenvolupament econ\u00f2mic<\/span><\/span><span class=\"TextRun SCXW206684896 BCX0\" lang=\"CA-ES\" xml:lang=\"CA-ES\" data-contrast=\"auto\"><span class=\"NormalTextRun SCXW206684896 BCX0\">\u00ab<\/span><\/span><span class=\"TextRun SCXW206684896 BCX0\" lang=\"CA-ES\" xml:lang=\"CA-ES\" data-contrast=\"auto\"><span class=\"NormalTextRun SCXW206684896 BCX0\">.<\/span><\/span><span class=\"TextRun SCXW206684896 BCX0\" lang=\"CA-ES\" xml:lang=\"CA-ES\" data-contrast=\"auto\"><span class=\"NormalTextRun SCXW206684896 BCX0\">\u00a0Una de les conclusions del cicle \u00e9s que e<\/span><\/span><span class=\"TextRun SCXW206684896 BCX0\" lang=\"CA-ES\" xml:lang=\"CA-ES\" data-contrast=\"auto\"><span class=\"NormalTextRun SCXW206684896 BCX0\">l pacte per a una\u00a0<\/span><\/span><span class=\"TextRun SCXW206684896 BCX0\" lang=\"CA-ES\" xml:lang=\"CA-ES\" data-contrast=\"auto\"><span class=\"SpellingError SCXW206684896 BCX0\">reindustrialitzaci\u00f3<\/span><\/span><span class=\"TextRun SCXW206684896 BCX0\" lang=\"CA-ES\" xml:lang=\"CA-ES\" data-contrast=\"auto\"><span class=\"NormalTextRun SCXW206684896 BCX0\">\u00a0sostenible s<\/span><\/span><span class=\"TextRun SCXW206684896 BCX0\" lang=\"CA-ES\" xml:lang=\"CA-ES\" data-contrast=\"auto\"><span class=\"NormalTextRun SCXW206684896 BCX0\">&#8216;<\/span><\/span><span class=\"TextRun SCXW206684896 BCX0\" lang=\"CA-ES\" xml:lang=\"CA-ES\" data-contrast=\"auto\"><span class=\"NormalTextRun SCXW206684896 BCX0\">ha d<\/span><\/span><span class=\"TextRun SCXW206684896 BCX0\" lang=\"CA-ES\" xml:lang=\"CA-ES\" data-contrast=\"auto\"><span class=\"NormalTextRun SCXW206684896 BCX0\">e basar en la\u00a0<\/span><\/span><span class=\"TextRun SCXW206684896 BCX0\" lang=\"CA-ES\" xml:lang=\"CA-ES\" data-contrast=\"auto\"><span class=\"SpellingError SCXW206684896 BCX0\">cocreaci\u00f3<\/span><\/span><span class=\"TextRun SCXW206684896 BCX0\" lang=\"CA-ES\" xml:lang=\"CA-ES\" data-contrast=\"auto\"><span class=\"NormalTextRun SCXW206684896 BCX0\">, la col\u00b7<\/span><\/span><span class=\"TextRun SCXW206684896 BCX0\" lang=\"CA-ES\" xml:lang=\"CA-ES\" data-contrast=\"auto\"><span class=\"NormalTextRun SCXW206684896 BCX0\">laboraci\u00f3 i la corresponsabilitat de tots els actors implicats.<\/span><\/span><span class=\"TextRun SCXW206684896 BCX0\" lang=\"CA-ES\" xml:lang=\"CA-ES\" data-contrast=\"auto\"><span class=\"NormalTextRun SCXW206684896 BCX0\">\u00a0U<\/span><\/span><span class=\"TextRun SCXW206684896 BCX0\" lang=\"CA-ES\" xml:lang=\"CA-ES\" data-contrast=\"auto\"><span class=\"NormalTextRun SCXW206684896 BCX0\">na mentalitat industrial, la transici\u00f3 cap a una economia circular, la ind\u00fastria 4.0 i la digitalitzaci\u00f3 i aquest pacte entre els ac<\/span><\/span><span class=\"TextRun SCXW206684896 BCX0\" lang=\"CA-ES\" xml:lang=\"CA-ES\" data-contrast=\"auto\"><span class=\"NormalTextRun SCXW206684896 BCX0\">tors del sistema socioecon\u00f2mic\u00a0<\/span><\/span><span class=\"TextRun SCXW206684896 BCX0\" lang=\"CA-ES\" xml:lang=\"CA-ES\" data-contrast=\"auto\"><span class=\"NormalTextRun SCXW206684896 BCX0\">s\u00f3n els pilars b\u00e0sics per impulsar una\u00a0<\/span><\/span><span class=\"TextRun SCXW206684896 BCX0\" lang=\"CA-ES\" xml:lang=\"CA-ES\" data-contrast=\"auto\"><span class=\"SpellingError SCXW206684896 BCX0\">reindustrialitzaci\u00f3<\/span><\/span><span class=\"TextRun SCXW206684896 BCX0\" lang=\"CA-ES\" xml:lang=\"CA-ES\" data-contrast=\"auto\"><span class=\"NormalTextRun SCXW206684896 BCX0\"> sostenible.<\/span><\/span><\/p>\n<\/p><\/div><p class=\"readmore-button\">Leer +<\/p><\/div><\/div><\/a><\/div><\/article><\/div><\/section>\t\t<\/div>\n\t\t\t\t<\/div>\n\t\t\t\t\t\t<\/div>\n\t\t\t\t\t<\/div>\n\t\t<\/div>\n\t\t\t\t\t\t\t\t<\/div>\n\t\t\t\t\t<\/div>\n\t\t<\/section>\n\t\t\t\t<section class=\"elementor-section elementor-top-section elementor-element elementor-element-2b23008b elementor-section-boxed elementor-section-height-default elementor-section-height-default\" data-id=\"2b23008b\" data-element_type=\"section\">\n\t\t\t\t\t\t<div class=\"elementor-container elementor-column-gap-default\">\n\t\t\t\t\t\t\t<div class=\"elementor-row\">\n\t\t\t\t\t<div class=\"elementor-column elementor-col-100 elementor-top-column elementor-element elementor-element-228712cb\" data-id=\"228712cb\" data-element_type=\"column\">\n\t\t\t<div class=\"elementor-column-wrap\">\n\t\t\t\t\t\t\t<div class=\"elementor-widget-wrap\">\n\t\t\t\t\t\t\t\t<\/div>\n\t\t\t\t\t<\/div>\n\t\t<\/div>\n\t\t\t\t\t\t\t\t<\/div>\n\t\t\t\t\t<\/div>\n\t\t<\/section>\n\t\t\t\t\t\t<\/div>\n\t\t\t\t\t\t<\/div>\n\t\t\t\t\t<\/div>\n\t\t","protected":false},"excerpt":{"rendered":"<p>Notas de prensa Este es el espacio de la p\u00e1gina web dirigido a los medios de comunicaci\u00f3n donde encontrar\u00e9is las notas de prensa, convocatorias y diversos materiales que ponemos a vuestra disposici\u00f3n. No dud\u00e9is en poneros en contacto con nosotros para complementar cualquier informaci\u00f3n. 05-06-2020 El pacte entre els actors socioecon\u00f2mics \u00e9s fonamental per impulsar [&#8230;]<\/p>\n","protected":false},"author":3,"featured_media":0,"parent":0,"menu_order":0,"comment_status":"closed","ping_status":"closed","template":"","meta":[],"yoast_head":"<!-- This site is optimized with the Yoast SEO plugin v16.1.1 - https:\/\/yoast.com\/wordpress\/plugins\/seo\/ -->\n<title>Notas de prensa - Pacte Industrial RMB<\/title>\n<link rel=\"canonical\" href=\"https:\/\/www.pacteindustrial.org\/es\/notas-de-prensa\/\" \/>\n<meta property=\"og:locale\" content=\"es_ES\" \/>\n<meta property=\"og:type\" content=\"article\" \/>\n<meta property=\"og:title\" content=\"Notas de prensa - Pacte Industrial RMB\" \/>\n<meta property=\"og:description\" content=\"Notas de prensa Este es el espacio de la p\u00e1gina web dirigido a los medios de comunicaci\u00f3n donde encontrar\u00e9is las notas de prensa, convocatorias y diversos materiales que ponemos a vuestra disposici\u00f3n. No dud\u00e9is en poneros en contacto con nosotros para complementar cualquier informaci\u00f3n. 05-06-2020 El pacte entre els actors socioecon\u00f2mics \u00e9s fonamental per impulsar [...]\" \/>\n<meta property=\"og:url\" content=\"https:\/\/www.pacteindustrial.org\/es\/notas-de-prensa\/\" \/>\n<meta property=\"og:site_name\" content=\"Pacte Industrial RMB\" \/>\n<meta property=\"article:modified_time\" content=\"2020-11-08T10:14:15+00:00\" \/>\n<meta property=\"og:image\" content=\"https:\/\/www.pacteindustrial.org\/wp-content\/plugins\/pacteindustrial-elementor-addons\/resources\/images\/default_pacte_event_image.jpg\" \/>\n<meta name=\"twitter:card\" content=\"summary_large_image\" \/>\n<meta name=\"twitter:label1\" content=\"Tiempo de lectura\">\n\t<meta name=\"twitter:data1\" content=\"1 minuto\">\n<script type=\"application\/ld+json\" class=\"yoast-schema-graph\">{\"@context\":\"https:\/\/schema.org\",\"@graph\":[{\"@type\":\"WebSite\",\"@id\":\"https:\/\/www.pacteindustrial.org\/ca\/#website\",\"url\":\"https:\/\/www.pacteindustrial.org\/ca\/\",\"name\":\"Pacte Industrial RMB\",\"description\":\"\",\"potentialAction\":[{\"@type\":\"SearchAction\",\"target\":\"https:\/\/www.pacteindustrial.org\/ca\/?s={search_term_string}\",\"query-input\":\"required name=search_term_string\"}],\"inLanguage\":\"es\"},{\"@type\":\"ImageObject\",\"@id\":\"https:\/\/www.pacteindustrial.org\/es\/notas-de-prensa\/#primaryimage\",\"inLanguage\":\"es\",\"url\":\"https:\/\/www.pacteindustrial.org\/wp-content\/plugins\/pacteindustrial-elementor-addons\/resources\/images\/default_pacte_event_image.jpg\",\"contentUrl\":\"https:\/\/www.pacteindustrial.org\/wp-content\/plugins\/pacteindustrial-elementor-addons\/resources\/images\/default_pacte_event_image.jpg\"},{\"@type\":\"WebPage\",\"@id\":\"https:\/\/www.pacteindustrial.org\/es\/notas-de-prensa\/#webpage\",\"url\":\"https:\/\/www.pacteindustrial.org\/es\/notas-de-prensa\/\",\"name\":\"Notas de prensa - Pacte Industrial RMB\",\"isPartOf\":{\"@id\":\"https:\/\/www.pacteindustrial.org\/ca\/#website\"},\"primaryImageOfPage\":{\"@id\":\"https:\/\/www.pacteindustrial.org\/es\/notas-de-prensa\/#primaryimage\"},\"datePublished\":\"2020-04-21T09:43:19+00:00\",\"dateModified\":\"2020-11-08T10:14:15+00:00\",\"breadcrumb\":{\"@id\":\"https:\/\/www.pacteindustrial.org\/es\/notas-de-prensa\/#breadcrumb\"},\"inLanguage\":\"es\",\"potentialAction\":[{\"@type\":\"ReadAction\",\"target\":[\"https:\/\/www.pacteindustrial.org\/es\/notas-de-prensa\/\"]}]},{\"@type\":\"BreadcrumbList\",\"@id\":\"https:\/\/www.pacteindustrial.org\/es\/notas-de-prensa\/#breadcrumb\",\"itemListElement\":[{\"@type\":\"ListItem\",\"position\":1,\"item\":{\"@type\":\"WebPage\",\"@id\":\"https:\/\/www.pacteindustrial.org\/es\/\",\"url\":\"https:\/\/www.pacteindustrial.org\/es\/\",\"name\":\"Home\"}},{\"@type\":\"ListItem\",\"position\":2,\"item\":{\"@type\":\"WebPage\",\"@id\":\"https:\/\/www.pacteindustrial.org\/es\/notas-de-prensa\/\",\"url\":\"https:\/\/www.pacteindustrial.org\/es\/notas-de-prensa\/\",\"name\":\"Notas de prensa\"}}]}]}<\/script>\n<!-- \/ Yoast SEO plugin. -->","_links":{"self":[{"href":"https:\/\/www.pacteindustrial.org\/es\/wp-json\/wp\/v2\/pages\/7894"}],"collection":[{"href":"https:\/\/www.pacteindustrial.org\/es\/wp-json\/wp\/v2\/pages"}],"about":[{"href":"https:\/\/www.pacteindustrial.org\/es\/wp-json\/wp\/v2\/types\/page"}],"author":[{"embeddable":true,"href":"https:\/\/www.pacteindustrial.org\/es\/wp-json\/wp\/v2\/users\/3"}],"replies":[{"embeddable":true,"href":"https:\/\/www.pacteindustrial.org\/es\/wp-json\/wp\/v2\/comments?post=7894"}],"version-history":[{"count":10,"href":"https:\/\/www.pacteindustrial.org\/es\/wp-json\/wp\/v2\/pages\/7894\/revisions"}],"predecessor-version":[{"id":12265,"href":"https:\/\/www.pacteindustrial.org\/es\/wp-json\/wp\/v2\/pages\/7894\/revisions\/12265"}],"wp:attachment":[{"href":"https:\/\/www.pacteindustrial.org\/es\/wp-json\/wp\/v2\/media?parent=7894"}],"curies":[{"name":"wp","href":"https:\/\/api.w.org\/{rel}","templated":true}]}}