{"id":7926,"date":"2020-04-21T12:48:12","date_gmt":"2020-04-21T10:48:12","guid":{"rendered":"https:\/\/www.pacteindustrial.org\/materiales-de-recurso\/"},"modified":"2021-02-17T10:16:36","modified_gmt":"2021-02-17T08:16:36","slug":"materiales-de-recurso","status":"publish","type":"page","link":"https:\/\/www.pacteindustrial.org\/es\/materiales-de-recurso\/","title":{"rendered":"Materiales de recurso"},"content":{"rendered":"\t\t<div data-elementor-type=\"wp-page\" data-elementor-id=\"7926\" class=\"elementor elementor-7926 elementor-6914\" data-elementor-settings=\"[]\">\n\t\t\t\t\t\t<div class=\"elementor-inner\">\n\t\t\t\t\t\t\t<div class=\"elementor-section-wrap\">\n\t\t\t\t\t\t\t<section class=\"elementor-section elementor-top-section elementor-element elementor-element-4d89a2b9 elementor-section-boxed elementor-section-height-default elementor-section-height-default\" data-id=\"4d89a2b9\" data-element_type=\"section\">\n\t\t\t\t\t\t<div class=\"elementor-container elementor-column-gap-default\">\n\t\t\t\t\t\t\t<div class=\"elementor-row\">\n\t\t\t\t\t<div class=\"elementor-column elementor-col-33 elementor-top-column elementor-element elementor-element-19fb3f48\" data-id=\"19fb3f48\" data-element_type=\"column\">\n\t\t\t<div class=\"elementor-column-wrap elementor-element-populated\">\n\t\t\t\t\t\t\t<div class=\"elementor-widget-wrap\">\n\t\t\t\t\t\t<div class=\"elementor-element elementor-element-7cda1b96 elementor-widget elementor-widget-wp-widget-nav_menu\" data-id=\"7cda1b96\" data-element_type=\"widget\" data-widget_type=\"wp-widget-nav_menu.default\">\n\t\t\t\t<div class=\"elementor-widget-container\">\n\t\t\t<h5>Sala de prensa<\/h5><div class=\"menu-sala-de-prensa-container\"><ul id=\"menu-sala-de-prensa\" class=\"menu\"><li id=\"menu-item-7906\" class=\"menu-item menu-item-type-post_type menu-item-object-page menu-item-7906\"><a href=\"https:\/\/www.pacteindustrial.org\/es\/notas-de-prensa\/\">Notas de prensa<\/a><\/li>\n<li id=\"menu-item-7907\" class=\"menu-item menu-item-type-post_type menu-item-object-page menu-item-7907\"><a href=\"https:\/\/www.pacteindustrial.org\/es\/convocatorias-de-prensa\/\">Convocatorias de prensa<\/a><\/li>\n<li id=\"menu-item-7928\" class=\"menu-item menu-item-type-post_type menu-item-object-page menu-item-7928\"><a href=\"https:\/\/www.pacteindustrial.org\/es\/materiales-de-recurso\/\">Materiales de recurso<\/a><\/li>\n<\/ul><\/div>\t\t<\/div>\n\t\t\t\t<\/div>\n\t\t\t\t<div class=\"elementor-element elementor-element-cea95b1 elementor-widget elementor-widget-shortcode\" data-id=\"cea95b1\" data-element_type=\"widget\" data-widget_type=\"shortcode.default\">\n\t\t\t\t<div class=\"elementor-widget-container\">\n\t\t\t\t\t<div class=\"elementor-shortcode\"><div class=\"contact-info-for-press\"><h5>Contacto:<\/h5>\n<p><strong>Carlos Mart\u00ednez<\/strong><br \/>\n<a href=\"mailto:cmartinez@pacteindustrial.org\">cmartinez@pacteindustrial.org<\/a><br \/>\n93 260 02 22<br \/>\n669 54 09 84<\/p>\n<\/div><\/div>\n\t\t\t\t<\/div>\n\t\t\t\t<\/div>\n\t\t\t\t\t\t<\/div>\n\t\t\t\t\t<\/div>\n\t\t<\/div>\n\t\t\t\t<div class=\"elementor-column elementor-col-66 elementor-top-column elementor-element elementor-element-583781d5\" data-id=\"583781d5\" data-element_type=\"column\">\n\t\t\t<div class=\"elementor-column-wrap elementor-element-populated\">\n\t\t\t\t\t\t\t<div class=\"elementor-widget-wrap\">\n\t\t\t\t\t\t<div class=\"elementor-element elementor-element-25ad53ad elementor-widget elementor-widget-heading\" data-id=\"25ad53ad\" data-element_type=\"widget\" data-widget_type=\"heading.default\">\n\t\t\t\t<div class=\"elementor-widget-container\">\n\t\t\t<h2 class=\"elementor-heading-title elementor-size-default\">Materiales de recurso<\/h2>\t\t<\/div>\n\t\t\t\t<\/div>\n\t\t\t\t<div class=\"elementor-element elementor-element-468d30cd elementor-widget elementor-widget-text-editor\" data-id=\"468d30cd\" data-element_type=\"widget\" data-widget_type=\"text-editor.default\">\n\t\t\t\t<div class=\"elementor-widget-container\">\n\t\t\t\t\t\t\t\t<div class=\"elementor-text-editor elementor-clearfix\">\n\t\t\t\t\t<p style=\"color: #2d3945;\">Este es el espacio de la p\u00e1gina web dirigido a los medios de comunicaci\u00f3n donde encontrar\u00e9is las notas de prensa, convocatorias y diversos materiales que ponemos a vuestra disposici\u00f3n. No dud\u00e9is en poneros en contacto con nosotros para complementar cualquier informaci\u00f3n.<\/p>\t\t\t\t\t<\/div>\n\t\t\t\t\t\t<\/div>\n\t\t\t\t<\/div>\n\t\t\t\t<div class=\"elementor-element elementor-element-5891835 elementor-widget elementor-widget-spacer\" data-id=\"5891835\" data-element_type=\"widget\" data-widget_type=\"spacer.default\">\n\t\t\t\t<div class=\"elementor-widget-container\">\n\t\t\t\t\t<div class=\"elementor-spacer\">\n\t\t\t<div class=\"elementor-spacer-inner\"><\/div>\n\t\t<\/div>\n\t\t\t\t<\/div>\n\t\t\t\t<\/div>\n\t\t\t\t\t\t<\/div>\n\t\t\t\t\t<\/div>\n\t\t<\/div>\n\t\t\t\t\t\t\t\t<\/div>\n\t\t\t\t\t<\/div>\n\t\t<\/section>\n\t\t\t\t<section class=\"elementor-section elementor-top-section elementor-element elementor-element-366c8afb elementor-section-boxed elementor-section-height-default elementor-section-height-default\" data-id=\"366c8afb\" data-element_type=\"section\">\n\t\t\t\t\t\t<div class=\"elementor-container elementor-column-gap-default\">\n\t\t\t\t\t\t\t<div class=\"elementor-row\">\n\t\t\t\t\t<div class=\"elementor-column elementor-col-100 elementor-top-column elementor-element elementor-element-23114ca\" data-id=\"23114ca\" data-element_type=\"column\">\n\t\t\t<div class=\"elementor-column-wrap\">\n\t\t\t\t\t\t\t<div class=\"elementor-widget-wrap\">\n\t\t\t\t\t\t\t\t<\/div>\n\t\t\t\t\t<\/div>\n\t\t<\/div>\n\t\t\t\t\t\t\t\t<\/div>\n\t\t\t\t\t<\/div>\n\t\t<\/section>\n\t\t\t\t\t\t<\/div>\n\t\t\t\t\t\t<\/div>\n\t\t\t\t\t<\/div>\n\t\t","protected":false},"excerpt":{"rendered":"<p>Materiales de recurso Este es el espacio de la p\u00e1gina web dirigido a los medios de comunicaci\u00f3n donde encontrar\u00e9is las notas de prensa, convocatorias y diversos materiales que ponemos a vuestra disposici\u00f3n. No dud\u00e9is en poneros en contacto con nosotros para complementar cualquier informaci\u00f3n. [&#8230;]<\/p>\n","protected":false},"author":3,"featured_media":0,"parent":0,"menu_order":0,"comment_status":"closed","ping_status":"closed","template":"","meta":[],"yoast_head":"<!-- This site is optimized with the Yoast SEO plugin v16.1.1 - https:\/\/yoast.com\/wordpress\/plugins\/seo\/ -->\n<title>Materiales de recurso - Pacte Industrial RMB<\/title>\n<link rel=\"canonical\" href=\"https:\/\/www.pacteindustrial.org\/es\/materiales-de-recurso\/\" \/>\n<meta property=\"og:locale\" content=\"es_ES\" \/>\n<meta property=\"og:type\" content=\"article\" \/>\n<meta property=\"og:title\" content=\"Materiales de recurso - Pacte Industrial RMB\" \/>\n<meta property=\"og:description\" content=\"Materiales de recurso Este es el espacio de la p\u00e1gina web dirigido a los medios de comunicaci\u00f3n donde encontrar\u00e9is las notas de prensa, convocatorias y diversos materiales que ponemos a vuestra disposici\u00f3n. No dud\u00e9is en poneros en contacto con nosotros para complementar cualquier informaci\u00f3n. [...]\" \/>\n<meta property=\"og:url\" content=\"https:\/\/www.pacteindustrial.org\/es\/materiales-de-recurso\/\" \/>\n<meta property=\"og:site_name\" content=\"Pacte Industrial RMB\" \/>\n<meta property=\"article:modified_time\" content=\"2021-02-17T08:16:36+00:00\" \/>\n<meta name=\"twitter:card\" content=\"summary_large_image\" \/>\n<script type=\"application\/ld+json\" class=\"yoast-schema-graph\">{\"@context\":\"https:\/\/schema.org\",\"@graph\":[{\"@type\":\"WebSite\",\"@id\":\"https:\/\/www.pacteindustrial.org\/ca\/#website\",\"url\":\"https:\/\/www.pacteindustrial.org\/ca\/\",\"name\":\"Pacte Industrial RMB\",\"description\":\"\",\"potentialAction\":[{\"@type\":\"SearchAction\",\"target\":\"https:\/\/www.pacteindustrial.org\/ca\/?s={search_term_string}\",\"query-input\":\"required name=search_term_string\"}],\"inLanguage\":\"es\"},{\"@type\":\"WebPage\",\"@id\":\"https:\/\/www.pacteindustrial.org\/es\/materiales-de-recurso\/#webpage\",\"url\":\"https:\/\/www.pacteindustrial.org\/es\/materiales-de-recurso\/\",\"name\":\"Materiales de recurso - Pacte Industrial RMB\",\"isPartOf\":{\"@id\":\"https:\/\/www.pacteindustrial.org\/ca\/#website\"},\"datePublished\":\"2020-04-21T10:48:12+00:00\",\"dateModified\":\"2021-02-17T08:16:36+00:00\",\"breadcrumb\":{\"@id\":\"https:\/\/www.pacteindustrial.org\/es\/materiales-de-recurso\/#breadcrumb\"},\"inLanguage\":\"es\",\"potentialAction\":[{\"@type\":\"ReadAction\",\"target\":[\"https:\/\/www.pacteindustrial.org\/es\/materiales-de-recurso\/\"]}]},{\"@type\":\"BreadcrumbList\",\"@id\":\"https:\/\/www.pacteindustrial.org\/es\/materiales-de-recurso\/#breadcrumb\",\"itemListElement\":[{\"@type\":\"ListItem\",\"position\":1,\"item\":{\"@type\":\"WebPage\",\"@id\":\"https:\/\/www.pacteindustrial.org\/es\/\",\"url\":\"https:\/\/www.pacteindustrial.org\/es\/\",\"name\":\"Home\"}},{\"@type\":\"ListItem\",\"position\":2,\"item\":{\"@type\":\"WebPage\",\"@id\":\"https:\/\/www.pacteindustrial.org\/es\/materiales-de-recurso\/\",\"url\":\"https:\/\/www.pacteindustrial.org\/es\/materiales-de-recurso\/\",\"name\":\"Materiales de recurso\"}}]}]}<\/script>\n<!-- \/ Yoast SEO plugin. -->","_links":{"self":[{"href":"https:\/\/www.pacteindustrial.org\/es\/wp-json\/wp\/v2\/pages\/7926"}],"collection":[{"href":"https:\/\/www.pacteindustrial.org\/es\/wp-json\/wp\/v2\/pages"}],"about":[{"href":"https:\/\/www.pacteindustrial.org\/es\/wp-json\/wp\/v2\/types\/page"}],"author":[{"embeddable":true,"href":"https:\/\/www.pacteindustrial.org\/es\/wp-json\/wp\/v2\/users\/3"}],"replies":[{"embeddable":true,"href":"https:\/\/www.pacteindustrial.org\/es\/wp-json\/wp\/v2\/comments?post=7926"}],"version-history":[{"count":8,"href":"https:\/\/www.pacteindustrial.org\/es\/wp-json\/wp\/v2\/pages\/7926\/revisions"}],"predecessor-version":[{"id":13020,"href":"https:\/\/www.pacteindustrial.org\/es\/wp-json\/wp\/v2\/pages\/7926\/revisions\/13020"}],"wp:attachment":[{"href":"https:\/\/www.pacteindustrial.org\/es\/wp-json\/wp\/v2\/media?parent=7926"}],"curies":[{"name":"wp","href":"https:\/\/api.w.org\/{rel}","templated":true}]}}