{"id":8861,"date":"2020-05-26T19:00:02","date_gmt":"2020-05-26T17:00:02","guid":{"rendered":"https:\/\/www.pacteindustrial.org\/quien-somos\/el-pacto-industrial\/"},"modified":"2022-05-18T13:45:51","modified_gmt":"2022-05-18T11:45:51","slug":"el-pacto-industrial","status":"publish","type":"page","link":"https:\/\/www.pacteindustrial.org\/es\/quienes-somos\/el-pacto-industrial\/","title":{"rendered":"El Pacto Industrial"},"content":{"rendered":"\t\t<div data-elementor-type=\"wp-page\" data-elementor-id=\"8861\" class=\"elementor elementor-8861 elementor-8858\" data-elementor-settings=\"[]\">\n\t\t\t\t\t\t<div class=\"elementor-inner\">\n\t\t\t\t\t\t\t<div class=\"elementor-section-wrap\">\n\t\t\t\t\t\t\t<section class=\"elementor-section elementor-top-section elementor-element elementor-element-e4a20ea elementor-section-boxed elementor-section-height-default elementor-section-height-default\" data-id=\"e4a20ea\" data-element_type=\"section\">\n\t\t\t\t\t\t<div class=\"elementor-container elementor-column-gap-default\">\n\t\t\t\t\t\t\t<div class=\"elementor-row\">\n\t\t\t\t\t<nav class=\"elementor-column elementor-col-50 elementor-top-column elementor-element elementor-element-12a6524\" data-id=\"12a6524\" data-element_type=\"column\">\n\t\t\t<div class=\"elementor-column-wrap elementor-element-populated\">\n\t\t\t\t\t\t\t<div class=\"elementor-widget-wrap\">\n\t\t\t\t\t\t<div class=\"elementor-element elementor-element-4bef477 elementor-hidden-phone sidebar1-ca elementor-widget elementor-widget-wp-widget-nav_menu\" data-id=\"4bef477\" data-element_type=\"widget\" data-settings=\"{&quot;_animation&quot;:&quot;none&quot;}\" data-widget_type=\"wp-widget-nav_menu.default\">\n\t\t\t\t<div class=\"elementor-widget-container\">\n\t\t\t<h5>Qui\u00e9nes somos<\/h5><div class=\"menu-sidebar1-es-container\"><ul id=\"menu-sidebar1-es\" class=\"menu\"><li id=\"menu-item-8866\" class=\"menu-item menu-item-type-post_type menu-item-object-page menu-item-8866\"><a href=\"https:\/\/www.pacteindustrial.org\/es\/quienes-somos\/el-pacto-industrial\/\">El Pacto Industrial<\/a><\/li>\n<li id=\"menu-item-339\" class=\"menu-item menu-item-type-post_type menu-item-object-page menu-item-339\"><a href=\"https:\/\/www.pacteindustrial.org\/es\/quienes-somos\/historia\/\">Historia<\/a><\/li>\n<li id=\"menu-item-2004\" class=\"menu-item menu-item-type-post_type menu-item-object-page menu-item-2004\"><a href=\"https:\/\/www.pacteindustrial.org\/es\/quienes-somos\/conmemoracion-20-anos\/\">Conmemoraci\u00f3n 20 a\u00f1os<\/a><\/li>\n<li id=\"menu-item-337\" class=\"menu-item menu-item-type-post_type menu-item-object-page menu-item-337\"><a href=\"https:\/\/www.pacteindustrial.org\/es\/quienes-somos\/entidades-miembros\/\">Entidades miembros<\/a><\/li>\n<li id=\"menu-item-338\" class=\"menu-item menu-item-type-post_type menu-item-object-page menu-item-338\"><a href=\"https:\/\/www.pacteindustrial.org\/es\/quienes-somos\/organizacion\/\">Organizaci\u00f3n<\/a><\/li>\n<li id=\"menu-item-2003\" class=\"menu-item menu-item-type-post_type menu-item-object-page menu-item-2003\"><a href=\"https:\/\/www.pacteindustrial.org\/es\/quienes-somos\/transparencia\/\">Transparencia<\/a><\/li>\n<li id=\"menu-item-7908\" class=\"menu-item menu-item-type-post_type menu-item-object-page menu-item-7908\"><a href=\"https:\/\/www.pacteindustrial.org\/es\/notas-de-prensa\/\">Sala de prensa<\/a><\/li>\n<li id=\"menu-item-336\" class=\"menu-item menu-item-type-post_type menu-item-object-page menu-item-336\"><a href=\"https:\/\/www.pacteindustrial.org\/es\/quienes-somos\/contacto\/\">Contacto<\/a><\/li>\n<\/ul><\/div>\t\t<\/div>\n\t\t\t\t<\/div>\n\t\t\t\t\t\t<\/div>\n\t\t\t\t\t<\/div>\n\t\t<\/nav>\n\t\t\t\t<div class=\"elementor-column elementor-col-50 elementor-top-column elementor-element elementor-element-b78bf9d\" data-id=\"b78bf9d\" data-element_type=\"column\">\n\t\t\t<div class=\"elementor-column-wrap elementor-element-populated\">\n\t\t\t\t\t\t\t<div class=\"elementor-widget-wrap\">\n\t\t\t\t\t\t<div class=\"elementor-element elementor-element-67c9713 elementor-widget elementor-widget-text-editor\" data-id=\"67c9713\" data-element_type=\"widget\" data-widget_type=\"text-editor.default\">\n\t\t\t\t<div class=\"elementor-widget-container\">\n\t\t\t\t\t\t\t\t<div class=\"elementor-text-editor elementor-clearfix\">\n\t\t\t\t\t<h1>El Pacto Industrial<\/h1><div><b>\u00a0<\/b><\/div><p><strong>El Pacto Industrial de la Regi\u00f3n Metropolitana de Barcelona es una asociaci\u00f3n constituida en el a\u00f1o 1997 con la misi\u00f3n de configurar una alianza estrat\u00e9gica entre administraciones p\u00fablicas, organizaciones empresariales y sindicatos para impulsar la competitividad de la industria, fomentar la creaci\u00f3n de ocupaci\u00f3n y mejorar la cohesi\u00f3n social y la sostenibilidad en el territorio metropolitano.<\/strong><\/p><p><strong>\u00a0<\/strong><\/p><p>En el marco de esta alianza, el Pacto Industrial ha conseguido sumar las voluntades de 50 ayuntamientos, 11 organizaciones empresariales, los dos sindicatos mayoritarios, la Generalitat de Catalunya, la Diputaci\u00f3n de Barcelona, el \u00c1rea Metropolitana de Barcelona, 6 consejos comarcales, 6 universidades y diversas instituciones vinculadas al desarrollo econ\u00f3mico.<\/p><p>\u00a0<\/p><p><span style=\"white-space: pre-wrap;\">La Regi\u00f3n Metropolitana de Barcelona est\u00e1 integrada por el territorio de las comarcas del Alt Pened\u00e8s, Barcelon\u00e8s, Baix Llobregat, Garraf, Maresme, Vall\u00e8s Occidental y Vall\u00e8s Oriental. Se traga de una de las zonas industriales m\u00e1s importantes de Europa que adem\u00e1s concentra la mayor parte de la poblaci\u00f3n residente en Catalunya.<\/span><\/p>\t\t\t\t\t<\/div>\n\t\t\t\t\t\t<\/div>\n\t\t\t\t<\/div>\n\t\t\t\t\t\t<\/div>\n\t\t\t\t\t<\/div>\n\t\t<\/div>\n\t\t\t\t\t\t\t\t<\/div>\n\t\t\t\t\t<\/div>\n\t\t<\/section>\n\t\t\t\t<section class=\"elementor-section elementor-top-section elementor-element elementor-element-02c7c2d elementor-section-boxed elementor-section-height-default elementor-section-height-default\" data-id=\"02c7c2d\" data-element_type=\"section\">\n\t\t\t\t\t\t<div class=\"elementor-container elementor-column-gap-default\">\n\t\t\t\t\t\t\t<div class=\"elementor-row\">\n\t\t\t\t\t<div class=\"elementor-column elementor-col-33 elementor-top-column elementor-element elementor-element-7a8dc6e\" data-id=\"7a8dc6e\" data-element_type=\"column\">\n\t\t\t<div class=\"elementor-column-wrap\">\n\t\t\t\t\t\t\t<div class=\"elementor-widget-wrap\">\n\t\t\t\t\t\t\t\t<\/div>\n\t\t\t\t\t<\/div>\n\t\t<\/div>\n\t\t\t\t<div class=\"elementor-column elementor-col-66 elementor-top-column elementor-element elementor-element-9fa8c5c\" data-id=\"9fa8c5c\" data-element_type=\"column\">\n\t\t\t<div class=\"elementor-column-wrap elementor-element-populated\">\n\t\t\t\t\t\t\t<div class=\"elementor-widget-wrap\">\n\t\t\t\t\t\t<div class=\"elementor-element elementor-element-a76e788 elementor-arrows-position-inside elementor-widget elementor-widget-image-carousel\" data-id=\"a76e788\" data-element_type=\"widget\" data-settings=\"{&quot;slides_to_show&quot;:&quot;1&quot;,&quot;navigation&quot;:&quot;arrows&quot;,&quot;autoplay&quot;:&quot;yes&quot;,&quot;pause_on_hover&quot;:&quot;yes&quot;,&quot;pause_on_interaction&quot;:&quot;yes&quot;,&quot;autoplay_speed&quot;:5000,&quot;infinite&quot;:&quot;yes&quot;,&quot;effect&quot;:&quot;slide&quot;,&quot;speed&quot;:500}\" data-widget_type=\"image-carousel.default\">\n\t\t\t\t<div class=\"elementor-widget-container\">\n\t\t\t\t\t<div class=\"elementor-image-carousel-wrapper swiper-container\" dir=\"ltr\">\n\t\t\t<div class=\"elementor-image-carousel swiper-wrapper\">\n\t\t\t\t<div class=\"swiper-slide\"><figure class=\"swiper-slide-inner\"><img class=\"swiper-slide-image\" src=\"https:\/\/www.pacteindustrial.org\/wp-content\/uploads\/2020\/07\/F01-1.jpg\" alt=\"Dror Etzion, profesor de Sostenibilidad y Estrategia en la McGill University (Canad\u00e1), durante su intervenci\u00f3n en el ciclo #2030circular (23-01-2020)\" \/><figcaption class=\"elementor-image-carousel-caption\">Dror Etzion, profesor de Sostenibilidad y Estrategia en la McGill University (Canad\u00e1), durante su intervenci\u00f3n en el ciclo #2030circular (23-01-2020)<\/figcaption><\/figure><\/div><div class=\"swiper-slide\"><figure class=\"swiper-slide-inner\"><img class=\"swiper-slide-image\" src=\"https:\/\/www.pacteindustrial.org\/wp-content\/uploads\/2020\/07\/F02-1.jpg\" alt=\"Jornada \u201cLa econom\u00eda circular en juego: cambio sist\u00e9mico y comprensi\u00f3n mutua\u201d del ciclo #2030circular (17-10-2019)\" \/><figcaption class=\"elementor-image-carousel-caption\">Jornada \u201cLa econom\u00eda circular en juego: cambio sist\u00e9mico y comprensi\u00f3n mutua\u201d del ciclo #2030circular (17-10-2019)<\/figcaption><\/figure><\/div><div class=\"swiper-slide\"><figure class=\"swiper-slide-inner\"><img class=\"swiper-slide-image\" src=\"https:\/\/www.pacteindustrial.org\/wp-content\/uploads\/2020\/07\/F03-1.jpg\" alt=\"Adhesi\u00f3n del Puerto de Barcelona al Pacto Industrial aprobada por N\u00faria Mar\u00edn y Merc\u00e8 Conesa (11-12-2018)\" \/><figcaption class=\"elementor-image-carousel-caption\">Adhesi\u00f3n del Puerto de Barcelona al Pacto Industrial aprobada por N\u00faria Mar\u00edn y Merc\u00e8 Conesa (11-12-2018)<\/figcaption><\/figure><\/div><div class=\"swiper-slide\"><figure class=\"swiper-slide-inner\"><img class=\"swiper-slide-image\" src=\"https:\/\/www.pacteindustrial.org\/wp-content\/uploads\/2020\/07\/F04-1.jpg\" alt=\"Conmemoraci\u00f3n de los 20 a\u00f1os del Pacto Industrial (13-06-2018)\" \/><figcaption class=\"elementor-image-carousel-caption\">Conmemoraci\u00f3n de los 20 a\u00f1os del Pacto Industrial (13-06-2018)<\/figcaption><\/figure><\/div><div class=\"swiper-slide\"><figure class=\"swiper-slide-inner\"><img class=\"swiper-slide-image\" src=\"https:\/\/www.pacteindustrial.org\/wp-content\/uploads\/2020\/07\/F05-1.jpg\" alt=\"Entrega de los Premios IND+I Science 2018 (08-02-2018)\" \/><figcaption class=\"elementor-image-carousel-caption\">Entrega de los Premios IND+I Science 2018 (08-02-2018)<\/figcaption><\/figure><\/div><div class=\"swiper-slide\"><figure class=\"swiper-slide-inner\"><img class=\"swiper-slide-image\" src=\"https:\/\/www.pacteindustrial.org\/wp-content\/uploads\/2020\/07\/F06-1.jpg\" alt=\"Joanna Drake, directora general adjunta de Medio Ambiente de la Comisi\u00f3n Europea, durante su intervenci\u00f3n en el ciclo #Horitz\u00f3Ind\u00fastria (17-01-2018)\" \/><figcaption class=\"elementor-image-carousel-caption\">Joanna Drake, directora general adjunta de Medio Ambiente de la Comisi\u00f3n Europea, durante su intervenci\u00f3n en el ciclo #Horitz\u00f3Ind\u00fastria (17-01-2018)<\/figcaption><\/figure><\/div><div class=\"swiper-slide\"><figure class=\"swiper-slide-inner\"><img class=\"swiper-slide-image\" src=\"https:\/\/www.pacteindustrial.org\/wp-content\/uploads\/2020\/07\/F07-1.jpg\" alt=\"Jornada \u201cLa industria del autom\u00f3vil. El porqu\u00e9 de un \u00e9xito&quot; (05-03-2015)\" \/><figcaption class=\"elementor-image-carousel-caption\">Jornada \u201cLa industria del autom\u00f3vil. El porqu\u00e9 de un \u00e9xito\" (05-03-2015)<\/figcaption><\/figure><\/div>\t\t\t<\/div>\n\t\t\t\t\t\t\t\t\t\t\t\t\t\t\t\t<div class=\"elementor-swiper-button elementor-swiper-button-prev\">\n\t\t\t\t\t\t<i class=\"eicon-chevron-left\" aria-hidden=\"true\"><\/i>\n\t\t\t\t\t\t<span class=\"elementor-screen-only\">Anterior<\/span>\n\t\t\t\t\t<\/div>\n\t\t\t\t\t<div class=\"elementor-swiper-button elementor-swiper-button-next\">\n\t\t\t\t\t\t<i class=\"eicon-chevron-right\" aria-hidden=\"true\"><\/i>\n\t\t\t\t\t\t<span class=\"elementor-screen-only\">Siguiente<\/span>\n\t\t\t\t\t<\/div>\n\t\t\t\t\t\t\t\t\t<\/div>\n\t\t\t\t<\/div>\n\t\t\t\t<\/div>\n\t\t\t\t\t\t<\/div>\n\t\t\t\t\t<\/div>\n\t\t<\/div>\n\t\t\t\t\t\t\t\t<\/div>\n\t\t\t\t\t<\/div>\n\t\t<\/section>\n\t\t\t\t\t\t<\/div>\n\t\t\t\t\t\t<\/div>\n\t\t\t\t\t<\/div>\n\t\t","protected":false},"excerpt":{"rendered":"<p>El Pacto Industrial \u00a0 El Pacto Industrial de la Regi\u00f3n Metropolitana de Barcelona es una asociaci\u00f3n constituida en el a\u00f1o 1997 con la misi\u00f3n de configurar una alianza estrat\u00e9gica entre administraciones p\u00fablicas, organizaciones empresariales y sindicatos para impulsar la competitividad de la industria, fomentar la creaci\u00f3n de ocupaci\u00f3n y mejorar la cohesi\u00f3n social y la [&#8230;]<\/p>\n","protected":false},"author":1,"featured_media":0,"parent":272,"menu_order":0,"comment_status":"closed","ping_status":"closed","template":"","meta":[],"yoast_head":"<!-- This site is optimized with the Yoast SEO plugin v16.1.1 - https:\/\/yoast.com\/wordpress\/plugins\/seo\/ -->\n<title>El Pacto Industrial - Pacte Industrial RMB<\/title>\n<link rel=\"canonical\" href=\"https:\/\/www.pacteindustrial.org\/es\/quienes-somos\/el-pacto-industrial\/\" \/>\n<meta property=\"og:locale\" content=\"es_ES\" \/>\n<meta property=\"og:type\" content=\"article\" \/>\n<meta property=\"og:title\" content=\"El Pacto Industrial - Pacte Industrial RMB\" \/>\n<meta property=\"og:description\" content=\"El Pacto Industrial \u00a0 El Pacto Industrial de la Regi\u00f3n Metropolitana de Barcelona es una asociaci\u00f3n constituida en el a\u00f1o 1997 con la misi\u00f3n de configurar una alianza estrat\u00e9gica entre administraciones p\u00fablicas, organizaciones empresariales y sindicatos para impulsar la competitividad de la industria, fomentar la creaci\u00f3n de ocupaci\u00f3n y mejorar la cohesi\u00f3n social y la [...]\" \/>\n<meta property=\"og:url\" content=\"https:\/\/www.pacteindustrial.org\/es\/quienes-somos\/el-pacto-industrial\/\" \/>\n<meta property=\"og:site_name\" content=\"Pacte Industrial RMB\" \/>\n<meta property=\"article:modified_time\" content=\"2022-05-18T11:45:51+00:00\" \/>\n<meta property=\"og:image\" content=\"https:\/\/www.pacteindustrial.org\/wp-content\/uploads\/2020\/07\/F01-1.jpg\" \/>\n<meta name=\"twitter:card\" content=\"summary_large_image\" \/>\n<meta name=\"twitter:label1\" content=\"Tiempo de lectura\">\n\t<meta name=\"twitter:data1\" content=\"1 minuto\">\n<script type=\"application\/ld+json\" class=\"yoast-schema-graph\">{\"@context\":\"https:\/\/schema.org\",\"@graph\":[{\"@type\":\"WebSite\",\"@id\":\"https:\/\/www.pacteindustrial.org\/ca\/#website\",\"url\":\"https:\/\/www.pacteindustrial.org\/ca\/\",\"name\":\"Pacte Industrial RMB\",\"description\":\"\",\"potentialAction\":[{\"@type\":\"SearchAction\",\"target\":\"https:\/\/www.pacteindustrial.org\/ca\/?s={search_term_string}\",\"query-input\":\"required name=search_term_string\"}],\"inLanguage\":\"es\"},{\"@type\":\"ImageObject\",\"@id\":\"https:\/\/www.pacteindustrial.org\/es\/quienes-somos\/el-pacto-industrial\/#primaryimage\",\"inLanguage\":\"es\",\"url\":\"https:\/\/www.pacteindustrial.org\/wp-content\/uploads\/2020\/07\/F01-1.jpg\",\"contentUrl\":\"https:\/\/www.pacteindustrial.org\/wp-content\/uploads\/2020\/07\/F01-1.jpg\",\"width\":2048,\"height\":1365,\"caption\":\"Dror Etzion, profesor de Sostenibilidad y Estrategia en la McGill University (Canad\\u00e1), durante su intervenci\\u00f3n en el ciclo #2030circular (23-01-2020)\"},{\"@type\":\"WebPage\",\"@id\":\"https:\/\/www.pacteindustrial.org\/es\/quienes-somos\/el-pacto-industrial\/#webpage\",\"url\":\"https:\/\/www.pacteindustrial.org\/es\/quienes-somos\/el-pacto-industrial\/\",\"name\":\"El Pacto Industrial - Pacte Industrial RMB\",\"isPartOf\":{\"@id\":\"https:\/\/www.pacteindustrial.org\/ca\/#website\"},\"primaryImageOfPage\":{\"@id\":\"https:\/\/www.pacteindustrial.org\/es\/quienes-somos\/el-pacto-industrial\/#primaryimage\"},\"datePublished\":\"2020-05-26T17:00:02+00:00\",\"dateModified\":\"2022-05-18T11:45:51+00:00\",\"breadcrumb\":{\"@id\":\"https:\/\/www.pacteindustrial.org\/es\/quienes-somos\/el-pacto-industrial\/#breadcrumb\"},\"inLanguage\":\"es\",\"potentialAction\":[{\"@type\":\"ReadAction\",\"target\":[\"https:\/\/www.pacteindustrial.org\/es\/quienes-somos\/el-pacto-industrial\/\"]}]},{\"@type\":\"BreadcrumbList\",\"@id\":\"https:\/\/www.pacteindustrial.org\/es\/quienes-somos\/el-pacto-industrial\/#breadcrumb\",\"itemListElement\":[{\"@type\":\"ListItem\",\"position\":1,\"item\":{\"@type\":\"WebPage\",\"@id\":\"https:\/\/www.pacteindustrial.org\/es\/\",\"url\":\"https:\/\/www.pacteindustrial.org\/es\/\",\"name\":\"Home\"}},{\"@type\":\"ListItem\",\"position\":2,\"item\":{\"@type\":\"WebPage\",\"@id\":\"https:\/\/www.pacteindustrial.org\/es\/quienes-somos\/\",\"url\":\"https:\/\/www.pacteindustrial.org\/es\/quienes-somos\/\",\"name\":\"Qui\\u00e9nes somos\"}},{\"@type\":\"ListItem\",\"position\":3,\"item\":{\"@type\":\"WebPage\",\"@id\":\"https:\/\/www.pacteindustrial.org\/es\/quienes-somos\/el-pacto-industrial\/\",\"url\":\"https:\/\/www.pacteindustrial.org\/es\/quienes-somos\/el-pacto-industrial\/\",\"name\":\"El Pacto Industrial\"}}]}]}<\/script>\n<!-- \/ Yoast SEO plugin. -->","_links":{"self":[{"href":"https:\/\/www.pacteindustrial.org\/es\/wp-json\/wp\/v2\/pages\/8861"}],"collection":[{"href":"https:\/\/www.pacteindustrial.org\/es\/wp-json\/wp\/v2\/pages"}],"about":[{"href":"https:\/\/www.pacteindustrial.org\/es\/wp-json\/wp\/v2\/types\/page"}],"author":[{"embeddable":true,"href":"https:\/\/www.pacteindustrial.org\/es\/wp-json\/wp\/v2\/users\/1"}],"replies":[{"embeddable":true,"href":"https:\/\/www.pacteindustrial.org\/es\/wp-json\/wp\/v2\/comments?post=8861"}],"version-history":[{"count":21,"href":"https:\/\/www.pacteindustrial.org\/es\/wp-json\/wp\/v2\/pages\/8861\/revisions"}],"predecessor-version":[{"id":16625,"href":"https:\/\/www.pacteindustrial.org\/es\/wp-json\/wp\/v2\/pages\/8861\/revisions\/16625"}],"up":[{"embeddable":true,"href":"https:\/\/www.pacteindustrial.org\/es\/wp-json\/wp\/v2\/pages\/272"}],"wp:attachment":[{"href":"https:\/\/www.pacteindustrial.org\/es\/wp-json\/wp\/v2\/media?parent=8861"}],"curies":[{"name":"wp","href":"https:\/\/api.w.org\/{rel}","templated":true}]}}